{"id":10444,"date":"2019-12-03T21:57:46","date_gmt":"2019-12-04T02:57:46","guid":{"rendered":"https:\/\/cpa.ca\/adhesion\/renewalfr\/step-by-step\/"},"modified":"2024-12-03T08:59:40","modified_gmt":"2024-12-03T13:59:40","slug":"step-by-step","status":"publish","type":"page","link":"https:\/\/cpa.ca\/fr\/adhesion\/renewalfr\/step-by-step\/","title":{"rendered":"Processus de renouvellement \u00e9tape par \u00e9tape"},"content":{"rendered":"<p>Renouvelez votre adh\u00e9sion et continuez de <strong>b\u00e9n\u00e9ficier des services et des avantages<\/strong> auxquels vous avez droit en tant que membre de la plus grande et la plus importante organisation du Canada vou\u00e9e aux psychologues et \u00e0 la psychologie.<\/p>\n<p>Peu importe ce que vous choisirez parmi les avantages et les possibilit\u00e9s que nous vous offrons, nous sommes l\u00e0 pour vous soutenir et vous servir.<\/p>\n<p>Vous pouvez renouveler votre adh\u00e9sion en suivant les \u00e9tapes suivantes\u00a0:<\/p>\n<ol>\n<li style=\"list-style-type: none;\">\n<ol>\n<li>Connectez-vous \u00e0 votre profil de membre en cliquant sur le lien suivant\u00a0: <a href=\"https:\/\/secure.cpa.ca\/apps\/Membership?returnUrl=\/apps\/Pages\/my-profile\">Page de connexion<\/a><\/li>\n<li>\u00c0 partir du menu <strong>Accueil<\/strong>, s\u00e9lectionnez <strong>Demande d\u2019adh\u00e9sion et renouvellement.<\/strong><\/li>\n<\/ol>\n<\/li>\n<\/ol>\n<p><img decoding=\"async\" style=\"padding-left: 100px;\" src=\"\/docs\/File\/Renewal\/etape-2.png\" \/><\/p>\n<ol>\n<li style=\"list-style-type: none;\">\n<ol>\n<li>\u00c0 la deuxi\u00e8me section de la page \u00ab\u00a0<strong>Notre processus de renouvellement comporte les \u00e9tapes suivantes<\/strong>\u00bb, cliquez sur le lien <strong><u>facturation en ligne<\/u><\/strong>.<\/li>\n<\/ol>\n<\/li>\n<\/ol>\n<p><img decoding=\"async\" style=\"padding-left: 100px;\" src=\"\/docs\/File\/Renewal\/etape-3.png\" \/><\/p>\n<ol>\n<li>Vous pouvez passer au formulaire en anglais en s\u00e9lectionnant \u00ab\u00a0English\u00a0\u00bb dans le coin sup\u00e9rieur droit.<\/li>\n<\/ol>\n<p><img decoding=\"async\" style=\"padding-left: 100px;\" src=\"\/docs\/File\/Renewal\/etape-4.png\" \/><\/p>\n<ol start=\"5\">\n<li>V\u00e9rifiez l\u2019exactitude des renseignements suivants\u00a0:\n<ol>\n<li>Votre <strong>cat\u00e9gorie de membre<\/strong><\/li>\n<li>Vos <strong>coordonn\u00e9es<\/strong><\/li>\n<li>Votre <strong>langue de pr\u00e9f\u00e9rence<\/strong><\/li>\n<\/ol>\n<\/li>\n<li>Passez chacune des pages du formulaire de renouvellement jusqu\u2019\u00e0 la <strong>page r\u00e9capitulative<\/strong>, o\u00f9 seront indiqu\u00e9s tous les \u00e9l\u00e9ments que vous avez s\u00e9lectionn\u00e9s et les prix correspondants.<\/li>\n<li>Continuez jusqu\u2019au processus de paiement; lorsque cela sera fait, vous recevrez un <strong>courriel de confirmation, <\/strong>qui comprend votre re\u00e7u.<\/li>\n<\/ol>\n<p><strong>Options de paiement en ligne<\/strong><br \/>\nVous pouvez payer votre cotisation avec votre carte VISA ou MasterCard, ou nous envoyer un ch\u00e8que accompagn\u00e9 d\u2019une copie imprim\u00e9e du formulaire en ligne d\u00fbment rempli. Veuillez libeller votre ch\u00e8que \u00e0 l\u2019ordre de la <strong>Soci\u00e9t\u00e9 canadienne de psychologie<\/strong>. Les ch\u00e8ques peuvent \u00eatre envoy\u00e9s \u00e0\u00a0:<\/p>\n<p>Soci\u00e9t\u00e9 canadienne de psychologie<br \/>\n1101 promenade Prince of Wales, bureau #230<br \/>\nOttawa, ON\u00a0 K2C 3W7<br \/>\n\u00c0 l\u2019attention de\u00a0: Renouvellement de l\u2019adh\u00e9sion \u00e0 la SCP<\/p>\n<p>Si vous payez par ch\u00e8que, l\u2019adh\u00e9sion n\u2019est pas active tant que le ch\u00e8que et le paiement ne sont pas re\u00e7us.<\/p>\n<p>Si vous avez des difficult\u00e9s \u00e0 vous connecter \u00e0 votre profil ou \u00e0 renouveler votre adh\u00e9sion, veuillez communiquer avec les Services aux membres de la SCP au 613-237-2144, poste 1324 (sans frais 1-888-472-0657) ou par courriel \u00e0 <a href=\"mailto:membership@cpa.ca\">membership@cpa.ca<\/a><u>.<\/u><\/p>\n<p><strong>Vous n\u2019\u00eates pas membre de la SCP et souhaitez le devenir? Veuillez <\/strong><a href=\"https:\/\/cpa.ca\/fr\/adhesion\/devenezmembre\/\"><strong>cliquer ici<\/strong><\/a><strong>.<\/strong><\/p>\n","protected":false},"excerpt":{"rendered":"<p><!--more--><\/p>\n","protected":false},"author":2,"featured_media":0,"parent":878,"menu_order":0,"comment_status":"closed","ping_status":"closed","template":"templates\/no-sidebar.php","meta":{"_acf_changed":false,"_monsterinsights_skip_tracking":false,"_monsterinsights_sitenote_active":false,"_monsterinsights_sitenote_note":"","_monsterinsights_sitenote_category":0,"footnotes":""},"class_list":["post-10444","page","type-page","status-publish","hentry"],"acf":[],"aioseo_notices":[],"publishpress_future_workflow_manual_trigger":{"enabledWorkflows":[]},"_links":{"self":[{"href":"https:\/\/cpa.ca\/fr\/wp-json\/wp\/v2\/pages\/10444","targetHints":{"allow":["GET"]}}],"collection":[{"href":"https:\/\/cpa.ca\/fr\/wp-json\/wp\/v2\/pages"}],"about":[{"href":"https:\/\/cpa.ca\/fr\/wp-json\/wp\/v2\/types\/page"}],"author":[{"embeddable":true,"href":"https:\/\/cpa.ca\/fr\/wp-json\/wp\/v2\/users\/2"}],"replies":[{"embeddable":true,"href":"https:\/\/cpa.ca\/fr\/wp-json\/wp\/v2\/comments?post=10444"}],"version-history":[{"count":6,"href":"https:\/\/cpa.ca\/fr\/wp-json\/wp\/v2\/pages\/10444\/revisions"}],"predecessor-version":[{"id":40998,"href":"https:\/\/cpa.ca\/fr\/wp-json\/wp\/v2\/pages\/10444\/revisions\/40998"}],"up":[{"embeddable":true,"href":"https:\/\/cpa.ca\/fr\/wp-json\/wp\/v2\/pages\/878"}],"wp:attachment":[{"href":"https:\/\/cpa.ca\/fr\/wp-json\/wp\/v2\/media?parent=10444"}],"curies":[{"name":"wp","href":"https:\/\/api.w.org\/{rel}","templated":true}]}}