{"id":11911,"date":"2020-03-06T14:54:01","date_gmt":"2020-03-06T19:54:01","guid":{"rendered":"https:\/\/cpa.ca\/corona-virus-awareness\/"},"modified":"2021-11-03T15:43:27","modified_gmt":"2021-11-03T19:43:27","slug":"corona-virus","status":"publish","type":"page","link":"https:\/\/cpa.ca\/fr\/corona-virus\/","title":{"rendered":"Virus Corona &#8211; Ressources COVID-19 et Messages aux membres"},"content":{"rendered":"\r\n<p>\u00c0 mesure que l\u2019impact de la COVID-19 se fait sentir dans le monde entier, nous reconnaissons la pression que met la crise actuelle, et en constante \u00e9volution, sur les \u00e9ducateurs, les enseignants, les superviseurs et les praticiens du domaine de la psychologie de partout au Canada. Au nom de la SCP, nous exprimons notre gratitude au grand nombre d\u2019entre vous, qui jouez un r\u00f4le de leadership dans leurs collectivit\u00e9s, et qui s\u2019efforcent de r\u00e9pondre aux besoins de leurs coll\u00e8gues, leurs \u00e9tudiants, leurs patients, le gouvernement et le public. Pour appuyer vos efforts et informer le public, nous avons compil\u00e9 et cr\u00e9\u00e9 diverses ressources.<\/p>\r\n<div style=\"padding:17px; text-align:center;\">\r\n\r\n  <div style=\"line-height: 30px;vertical-align:middle;display:inline-block;width:400px; height:250px;max-width:400px; max-height:250px; padding:20px; margin: 8px 8px 8px 8px ; background-image: url('https:\/\/cpa.ca\/docs\/Image\/COVID-19_blue.png'); background-repeat: no-repeat; background-size: 100% 100%;\">\r\n\t<h1><br><br><a href=\"https:\/\/cpa.ca\/fr\/corona-virus\/cpa-covid-19-resources\/\"><span style=\"color:white;text-shadow: -1px 0 4px black, 0 1px 4px black, 1px 0 4px black, 0 -1px 4px black;font-weight:bolder;padding-top:10px;padding-left:0px;padding-bottom:10px;padding-right:0px;\">Fiches d\u2019information de<br>la SCP et ressources sur<br>la COVID-19<\/span><\/a><br><\/h1> \r\n  <\/div>\r\n\r\n  <div style=\"line-height: 30px;vertical-align:middle;display:inline-block;width:400px; height:250px;max-width:400px; max-height:250px; padding:20px; margin: 8px 8px 8px 8px ; background-image: url('https:\/\/cpa.ca\/docs\/Image\/Telepsych-1.png'); background-repeat: no-repeat; background-size: 100% 100%;\">\r\n\t<h1><br><br><a href=\"https:\/\/cpa.ca\/fr\/corona-virus\/covid-19-member-messages\/\"><span style=\"color:white;text-shadow: -1px 0 4px black, 0 1px 4px black, 1px 0 4px black, 0 -1px 4px black;font-weight:bolder;padding-top:10px;padding-left:0px;padding-bottom:10px;padding-right:0px;\">Messages aux membres<br>sur la COVID-19<\/span><\/a><br><\/h1> \r\n  <\/div>\r\n\r\n  <div style=\"line-height: 30px;vertical-align:middle;display:inline-block;width:400px; height:250px;max-width:400px; max-height:250px; padding:20px; margin: 8px 8px 8px 8px ; background-image: url('https:\/\/cpa.ca\/docs\/Image\/coronavirus-mono.png'); background-repeat: no-repeat; background-size: 100% 100%;\">\r\n\t<h1><br><br><a href=\"https:\/\/cpa.ca\/fr\/corona-virus\/covid-19-news\/\"><span style=\"color:white;text-shadow: -1px 0 4px black, 0 1px 4px black, 1px 0 4px black, 0 -1px 4px black;font-weight:bolder;padding-top:10px;padding-left:0px;padding-bottom:10px;padding-right:0px;\">Actualit\u00e9s sur la<br>COVID-19<\/span><\/a><br><\/h1> \r\n  <\/div>\r\n\r\n  <div style=\"line-height: 30px;vertical-align:middle;display:inline-block;width:400px; height:250px;max-width:400px; max-height:250px; padding:20px; margin: 8px 8px 8px 8px ; background-image: url('https:\/\/cpa.ca\/docs\/Image\/FlattenCurve.png'); background-repeat: no-repeat; background-size: 100% 100%;\">\r\n\t<h1><br><br><a href=\"https:\/\/cpa.ca\/fr\/corona-virus\/external-covid-19-resources\/\"><span style=\"color:white;text-shadow: -1px 0 4px black, 0 1px 4px black, 1px 0 4px black, 0 -1px 4px black;font-weight:bolder;padding-top:10px;padding-left:0px;padding-bottom:10px;padding-right:0px;\">Ressources externes<br>sur la COVID-19<\/span><\/a><br><\/h1> \r\n  <\/div>\r\n\r\n\r\n  <div style=\"vertical-align:middle;display:inline-block;width:840px; height:325px;max-width:840px; max-height:325px; padding:15px; margin: 8px 8px 8px 8px ; border: thin silver solid;\">\r\n\t<h3 style=\"margin-top:0px;\"> <a href=\"https:\/\/cpa.ca\/fr\/corona-virus\/psychservices\/\">La psychologie peut aider \u00e0 faire face \u00e0 la COVID 19. Les psychologues redonnent aux fournisseurs de services de premi\u00e8re ligne.<\/a><\/h3> \r\n\t\t<img decoding=\"async\" class=\"textwrapright\" alt=\"COVID-19 Front Line Workers\" src=\"https:\/\/cpa.ca\/docs\/Image\/frontlinecovid.png\" style=\"max-width:200px;\">\r\n\t<div style=\"text-align:left;\">Des centaines de psychologues ont accept\u00e9 de participer \u00e0 une initiative lanc\u00e9e par la SCP dans le but d\u2019offrir des services psychologiques, via la t\u00e9l\u00e9sant\u00e9, aux fournisseurs de soins de sant\u00e9 qui travaillent sur la ligne de front de la lutte contre la COVID-19. <a href=\"https:\/\/cpa.ca\/fr\/corona-virus\/psychservices\/\" style=\"font-weight:bolder\">Cliquez ici<\/a> pour en savoir plus sur cette initiative et pour trouver un psychologue de votre r\u00e9gion qui s\u2019est port\u00e9 volontaire pour fournir des services psychologiques gratuitement.<\/div>\r\n\t<div style=\"margin-top:5px;\"><a href=\"https:\/\/cpa.ca\/fr\/corona-virus\/psychservices\/faq-psychology-works-for-covid-19-psychologists-giving-back-to-front-line-service-providers\/\">Foire aux questions<\/a><\/div>\r\n  <\/div>\r\n  \r\n    <!--\r\n  <div style=\"vertical-align:middle;display:inline-block;width:400px; height:525px;max-width:400px; max-height:525px; padding:15px; margin: 8px 8px 8px 8px ; border: thin silver solid;\">\r\n\t<h2 style=\"margin-top:0px;\"> <a href=\"https:\/\/cpa.ca\/fr\/audio-update-archive\/\"><\/a>Mises \u00e0 jour audio<\/h2> \r\n\t<div style=\"text-align:left;\">[cptui cptui_posttype=\"post\" cptui_shortcode=\"default_shortcode\" cptui_shortcode_id=\"378\" title=\"\" order_by=\"date\" order=\"DESC\" taxonomy-category=\"dailyaudiofr\"][\/cptui]<\/div>\r\n\t<div style=\"margin-top:-75px;\"><a href=\"https:\/\/cpa.ca\/fr\/audio-update-archives\/\">Mises \u00e0 jour audio archiv\u00e9es<\/a><\/div>\r\n  <\/div>--->\r\n \r\n<\/div>\r\n","protected":false},"excerpt":{"rendered":"<p>\u00c0 mesure que l\u2019impact de la COVID-19 se fait sentir dans le monde entier, nous reconnaissons la pression que met la crise actuelle, et en constante \u00e9volution, sur les \u00e9ducateurs, les enseignants, les superviseurs et les praticiens du domaine de la psychologie de partout au Canada. Au nom de la SCP, nous exprimons notre gratitude [&hellip;]<\/p>\n","protected":false},"author":2,"featured_media":0,"parent":0,"menu_order":0,"comment_status":"closed","ping_status":"closed","template":"templates\/no-sidebar.php","meta":{"_acf_changed":false,"_monsterinsights_skip_tracking":false,"_monsterinsights_sitenote_active":false,"_monsterinsights_sitenote_note":"","_monsterinsights_sitenote_category":0,"footnotes":""},"class_list":["post-11911","page","type-page","status-publish","hentry"],"acf":[],"aioseo_notices":[],"publishpress_future_workflow_manual_trigger":{"enabledWorkflows":[]},"_links":{"self":[{"href":"https:\/\/cpa.ca\/fr\/wp-json\/wp\/v2\/pages\/11911","targetHints":{"allow":["GET"]}}],"collection":[{"href":"https:\/\/cpa.ca\/fr\/wp-json\/wp\/v2\/pages"}],"about":[{"href":"https:\/\/cpa.ca\/fr\/wp-json\/wp\/v2\/types\/page"}],"author":[{"embeddable":true,"href":"https:\/\/cpa.ca\/fr\/wp-json\/wp\/v2\/users\/2"}],"replies":[{"embeddable":true,"href":"https:\/\/cpa.ca\/fr\/wp-json\/wp\/v2\/comments?post=11911"}],"version-history":[{"count":6,"href":"https:\/\/cpa.ca\/fr\/wp-json\/wp\/v2\/pages\/11911\/revisions"}],"predecessor-version":[{"id":25480,"href":"https:\/\/cpa.ca\/fr\/wp-json\/wp\/v2\/pages\/11911\/revisions\/25480"}],"wp:attachment":[{"href":"https:\/\/cpa.ca\/fr\/wp-json\/wp\/v2\/media?parent=11911"}],"curies":[{"name":"wp","href":"https:\/\/api.w.org\/{rel}","templated":true}]}}