{"id":1225,"date":"2017-11-03T14:27:31","date_gmt":"2017-11-03T18:27:31","guid":{"rendered":"https:\/\/cpa.ca\/aproposdelascp\/presidentsmessage\/"},"modified":"2024-10-22T11:33:07","modified_gmt":"2024-10-22T15:33:07","slug":"presidentsmessage","status":"publish","type":"page","link":"https:\/\/cpa.ca\/fr\/aproposdelascp\/presidentsmessage\/","title":{"rendered":"Message de la Pr\u00e9sidente"},"content":{"rendered":"<h4>Le pr\u00e9sident de la SCP,<br \/>\n2024-2025 : D<sup>re<\/sup> Anita Gupta<\/h4>\n<p><img decoding=\"async\" class=\"textwrapleft\" style=\"max-height: 400px;\" src=\"https:\/\/cpa.ca\/docs\/File\/Board%20of%20Directors\/Anita_Gupta.jpg\" alt=\"Dre Anita Gupta, President\" height=\"400\" border=\"0\" \/>Introduction du message de la pr\u00e9sidente, Anita Gupta :<\/p>\n<p>Le congr\u00e8s annuel de la Soci\u00e9t\u00e9 canadienne de psychologie est l\u2019une des p\u00e9riodes les plus stimulantes de l\u2019ann\u00e9e. C\u2019est l\u2019occasion pour les acteurs de la psychologie au Canada de se r\u00e9unir, d\u2019apprendre les uns des autres, d\u2019envisager des projets futurs, de tisser des liens, et d\u2019approfondir ceux qui existent d\u00e9j\u00e0, avec d\u2019autres personnes qui \u0153uvrent dans le domaine de la psychologie au Canada. La fin du congr\u00e8s est aussi synonyme de changement \u00e0 la composition de la pr\u00e9sidence de la SCP. J\u2019aimerais partager avec vous une vid\u00e9o des observations que j\u2019ai faites apr\u00e8s que le marteau de la pr\u00e9sidence m\u2019a \u00e9t\u00e9 remis lors de l\u2019assembl\u00e9e g\u00e9n\u00e9rale annuelle du 85e congr\u00e8s national annuel de la SCP, qui s\u2019est tenue le 22 juin 2024. En tant que pr\u00e9sidente de la SCP pour l\u2019ann\u00e9e 2024-2025, je me r\u00e9jouis de l\u2019ann\u00e9e \u00e0 venir, une ann\u00e9e qui sera centr\u00e9e sur les liens, la mobilisation et le dialogue, m\u00eame lorsque, et surtout lorsque, les choses paraissent difficiles. Par le dialogue et la mobilisation, fond\u00e9s sur les principes de la psychologie et l\u2019apprentissage, nous continuerons de nous efforcer de donner corps \u00e0 la vision de la SCP, \u00e0 savoir une soci\u00e9t\u00e9 o\u00f9 la compr\u00e9hension des divers besoins, comportements et aspirations de l\u2019\u00eatre humain est le moteur de la l\u00e9gislation, des politiques et des programmes destin\u00e9s aux personnes, aux organisations et aux collectivit\u00e9s. Cela nous aidera \u00e9galement \u00e0 remplir la mission de la SCP, qui consiste \u00e0 faire progresser la recherche, les connaissances et l\u2019application de la psychologie au service de la soci\u00e9t\u00e9 au moyen de la d\u00e9fense des int\u00e9r\u00eats, du soutien et de la collaboration, et \u00e0 \u00e9laborer notre prochain plan strat\u00e9gique.<\/p>\n<div style=\"text-align: center;\">\n<iframe loading=\"lazy\" title=\"YouTube video player\" src=\"https:\/\/www.youtube.com\/embed\/Nww6Mb-7J78\" width=\"747\" height=\"420\" frameborder=\"0\" allowfullscreen=\"allowfullscreen\"><\/iframe><\/p>\n<\/div>\n","protected":false},"excerpt":{"rendered":"<p>Le pr\u00e9sident de la SCP,<br \/>\n202-2025 : D<sup>re<\/sup> Anita Gupta<\/p>\n","protected":false},"author":2,"featured_media":0,"parent":907,"menu_order":0,"comment_status":"closed","ping_status":"closed","template":"templates\/no-sidebar.php","meta":{"_acf_changed":false,"_monsterinsights_skip_tracking":false,"_monsterinsights_sitenote_active":false,"_monsterinsights_sitenote_note":"","_monsterinsights_sitenote_category":0,"footnotes":""},"class_list":["post-1225","page","type-page","status-publish","hentry"],"acf":[],"aioseo_notices":[],"publishpress_future_workflow_manual_trigger":{"enabledWorkflows":[]},"_links":{"self":[{"href":"https:\/\/cpa.ca\/fr\/wp-json\/wp\/v2\/pages\/1225","targetHints":{"allow":["GET"]}}],"collection":[{"href":"https:\/\/cpa.ca\/fr\/wp-json\/wp\/v2\/pages"}],"about":[{"href":"https:\/\/cpa.ca\/fr\/wp-json\/wp\/v2\/types\/page"}],"author":[{"embeddable":true,"href":"https:\/\/cpa.ca\/fr\/wp-json\/wp\/v2\/users\/2"}],"replies":[{"embeddable":true,"href":"https:\/\/cpa.ca\/fr\/wp-json\/wp\/v2\/comments?post=1225"}],"version-history":[{"count":6,"href":"https:\/\/cpa.ca\/fr\/wp-json\/wp\/v2\/pages\/1225\/revisions"}],"predecessor-version":[{"id":40184,"href":"https:\/\/cpa.ca\/fr\/wp-json\/wp\/v2\/pages\/1225\/revisions\/40184"}],"up":[{"embeddable":true,"href":"https:\/\/cpa.ca\/fr\/wp-json\/wp\/v2\/pages\/907"}],"wp:attachment":[{"href":"https:\/\/cpa.ca\/fr\/wp-json\/wp\/v2\/media?parent=1225"}],"curies":[{"name":"wp","href":"https:\/\/api.w.org\/{rel}","templated":true}]}}