{"id":1247,"date":"2018-07-31T19:06:25","date_gmt":"2018-07-31T23:06:25","guid":{"rendered":"https:\/\/cpa.ca\/aproposdelascp\/annualgeneralmeetingsandreports\/"},"modified":"2026-05-06T19:39:41","modified_gmt":"2026-05-06T23:39:41","slug":"assemblegnraleannuelleetrapports","status":"publish","type":"page","link":"https:\/\/cpa.ca\/fr\/aproposdelascp\/assemblegnraleannuelleetrapports\/","title":{"rendered":"Assembl\u00e9e g\u00e9n\u00e9rale annuelle et rapports"},"content":{"rendered":"<h2>Avis de convocation \u00e0 l\u2019assembl\u00e9e g\u00e9n\u00e9rale annuelle de 2026<\/h2>\n<p>La quatre-vingt-septi\u00e8me assembl\u00e9e g\u00e9n\u00e9rale annuelle des membres de la Soci\u00e9t\u00e9 canadienne de psychologie aura lieu le vendredi 5\u00a0juin\u00a02026 \u00e0 8\u00a0h (HAE), a Le Westin Montreal, aux fins de\u00a0:<\/p>\n<ol>\n<li>recevoir et examiner le rapport annuel de la pr\u00e9sidente et des comit\u00e9s de la Soci\u00e9t\u00e9, et approuver le proc\u00e8s-verbal de l\u2019assembl\u00e9e g\u00e9n\u00e9rale annuelle pr\u00e9c\u00e9dente;<\/li>\n<li>recevoir et examiner le bilan financier, le rapport du v\u00e9rificateur et tout changement apport\u00e9 aux frais d\u2019adh\u00e9sion et d\u2019affiliation;<\/li>\n<li>nommer un v\u00e9rificateur;<\/li>\n<li>\u00e9lire les membres du conseil d\u2019administration.<\/li>\n<\/ol>\n<p>PAR D\u00c9CRET DU CONSEIL D\u2019ADMINISTRATION, le sixi\u00e8me jour mai\u00a02026.<\/p>\n<p>Lisa Votta-Bleeker, Ph.\u00a0D.<br \/>\nChef de la direction<\/p>\n<hr \/>\n<h2>Assembl\u00e9e g\u00e9n\u00e9rale annuelle de\u00a02026<\/h2>\n<ul style=\"font-weight: bolder;\">\n<li style=\"list-style-type: none;\">\n<ul style=\"font-weight: bolder;\">\n<li><a href=\"https:\/\/cpa.ca\/docs\/File\/Governance\/2026 AGM Agenda FR.pdf\" target=\"_blank\" rel=\"noopener noreferrer\">Ordre du jour de\u00a0l&#8217;AGA 2026<\/a><\/li>\n<li><a href=\"https:\/\/cpa.ca\/docs\/File\/Governance\/AGMMINUTES2025-FR.pdf\" target=\"_blank\" rel=\"noopener noreferrer\">Proc\u00e8s-verbal de\u00a0l&#8217;AGA 2025<\/a><\/li>\n<li><a href=\"https:\/\/cpa.ca\/docs\/File\/Governance\/Annual Report 2025-2026-FR-Final.pdf\" target=\"_blank\" rel=\"noopener noreferrer\">Rapport annuel 2025-2026<\/a><\/li>\n<li><a href=\"https:\/\/cpa.ca\/docs\/File\/Governance\/Canadian Psychological Association - 2025 - wFS FRE.pdf\" target=\"_blank\" rel=\"noopener noreferrer\">\u00c9tats financiers 2025<\/a><\/li>\n<li><a href=\"https:\/\/cpa.ca\/docs\/File\/Governance\/Key Highlights of the 2025 Audit Report 2025-2026-FR Final.pdf\" target=\"_blank\" rel=\"noopener noreferrer\">Principaux points saillants du rapport d&#8217;audit 2025-2026<\/a><\/li>\n<\/ul>\n<\/li>\n<\/ul>\n<p><!-------------\n\n\n<ul style=\"font-weight: bolder;\">\n \t\n\n<li><a href=\"https:\/\/cpa.ca\/docs\/File\/Governance\/AGM Agenda 2025 FR.pdf\" target=\"_blank\" rel=\"noopener noreferrer\">Ordre du jour de\u00a0l'AGA 2025<\/a><\/li>\n\n\n \t\n\n<li><a href=\"https:\/\/cpa.ca\/docs\/File\/Governance\/AGMMINUTES2024-FR.pdf\" target=\"_blank\" rel=\"noopener noreferrer\">Proc\u00e8s-verbal de\u00a0l'AGA 2024<\/a><\/li>\n\n\n \t\n\n<li><a href=\"https:\/\/cpa.ca\/docs\/File\/Governance\/CPA Annual Report 2025-FR-FInal.pdf\" target=\"_blank\" rel=\"noopener noreferrer\">Rapport annuel 2024-2025<\/a><\/li>\n\n\n-----------><\/p>\n<p><!----------\n \t\n\n<li><a href=\"https:\/\/cpa.ca\/docs\/File\/Governance\/KEY HIGHLIGHTS OF THE AUDIT REPORT 2024-2025-FR-Final.pdf\" target=\"_blank\" rel=\"noopener noreferrer\">Rapport \u00e9tats financier 2024 <\/a><\/li>\n\n\n \t\n\n<li><a href=\"https:\/\/cpa.ca\/docs\/File\/Governance\/2024-12-31 Canadian Psychological Association wFS FRE.pdf\" target=\"_blank\" rel=\"noopener noreferrer\"><strong>\u00c9tats financiers 2024, v\u00e9rifi\u00e9<\/strong><\/a><\/li>\n\n\n---------------><\/p>\n<p><!---- \u2022 (Nancy to send EN to you \u2013 FR to come when available)(Post EN version until we have the FR)-------><\/p>\n<hr \/>\n<p><!-------------------------------------\n\n\n<h2><strong>Avis de convocation \u00e0 une assembl\u00e9e extraordinaire de la SCP<\/strong><\/h2>\n\n\nUne assembl\u00e9e extraordinaire de la Soci\u00e9t\u00e9 canadienne de psychologie se tiendra de mani\u00e8re virtuelle, le jeudi 11\u00a0d\u00e9cembre\u00a02025, \u00e0 13\u00a0h HNE, aux fins de voter les r\u00e9visions propos\u00e9es aux r\u00e8glements administratifs de la SCP qui ont \u00e9t\u00e9 approuv\u00e9es par le conseil d\u2019administration de la SCP. Tous les membres de SCP pourront voter par anticipation par voie \u00e9lectronique avant la r\u00e9union.\n\nLes modifications propos\u00e9es aux r\u00e8glements administratifs sont indiqu\u00e9es dans la version annot\u00e9e, accessible en cliquant ici : <a href=\"https:\/\/cpa.ca\/docs\/File\/Governance\/CPA - Draft By-laws_2025-66445218-v4 - November 2025.pdf\" target=\"_blank\" rel=\"noopener\">https:\/\/cpa.ca\/docs\/File\/Governance\/CPA - Draft By-laws_2025-66445218-v4 - November 2025.pdf<\/a>.\n\nNous encourageons tous les membres de la SCP \u00e0 examiner les r\u00e9visions propos\u00e9es. Les modifications propos\u00e9es aux r\u00e8glements administratifs sont de nature administrative et visent \u00e0 aider la SCP \u00e0 mieux r\u00e9pondre aux besoins de ses membres et \u00e0 mettre en \u0153uvre les meilleures pratiques en mati\u00e8re de gouvernance, conform\u00e9ment \u00e0 la Loi canadienne sur les organisations \u00e0 but non lucratif (Loi BNL).\n\nLe jeudi 13\u00a0novembre \u00e0 13\u00a0h (HNE), nous tiendrons une s\u00e9ance de discussion ouverte virtuelle au cours de laquelle les membres pourront poser leurs questions sur les r\u00e9visions propos\u00e9es au pr\u00e9sident de la SCP, le Dr\u00a0Steven Smith, et \u00e0 la chef de la direction de la SCP, la Dre\u00a0Lisa Votta-Bleeker.\n\nLes modifications propos\u00e9es aux r\u00e8glements administratifs de la SCP seront soumises \u00e0 l\u2019approbation des membres conform\u00e9ment \u00e0 la r\u00e9solution extraordinaire suivante\u00a0: IL EST R\u00c9SOLU que les r\u00e9visions propos\u00e9es aux r\u00e8glements administratifs de la SCP, tel qu\u2019elles figurent dans l\u2019avis de convocation, soient approuv\u00e9es.\n\nUne r\u00e9solution extraordinaire doit \u00eatre approuv\u00e9e par les deux tiers des voix. Le quorum minimum est de 25\u00a0membres et, aux fins de la pr\u00e9sente assembl\u00e9e, il inclut tous les membres qui auront vot\u00e9 par anticipation par voie \u00e9lectronique. Le vote \u00e9lectronique sera ouvert \u00e0 tous les membres de la SCP une semaine avant la r\u00e9union du 11\u00a0d\u00e9cembre\u00a02025.\n\nIl s\u2019agit d\u2019une occasion importante pour les membres de participer \u00e0 un processus qui garantit les meilleures pratiques en mati\u00e8re de gouvernance au sein de la Soci\u00e9t\u00e9. Il est important que vous compreniez les r\u00e9visions propos\u00e9es et que vous participiez au processus de changement.\n\nLa proc\u00e9dure \u00e0 suivre pour participer \u00e0 cette assembl\u00e9e extraordinaire virtuelle par webinaire et pour voter par voie \u00e9lectronique vous sera communiqu\u00e9e dans un autre courriel.\n\nSi vous avez des questions au sujet de l\u2019assembl\u00e9e ou de la s\u00e9ance de discussion ouverte, veuillez communiquer avec nous \u00e0 <u>governance@cpa.ca<\/u>.\n\nPAR D\u00c9CISION DU CONSEIL D\u2019ADMINISTRATION, le 29\u00a0octobre\u00a02025 (mis \u00e0 jour le 13\u00a0novembre\u00a02025).\n\nLisa Votta-Bleeker, Ph.\u00a0D.\nChef de la direction\nSoci\u00e9t\u00e9 canadienne de psychologie\n\n\n\n<hr \/>\n\n\n\n------------------------------------------><\/p>\n<p><!---------- ------------><\/p>\n<h4>Les rapports de l&#8217;assembl\u00e9e g\u00e9n\u00e9rale annuelle sont disponibles sur le <a href=\"https:\/\/secure.cpa.ca\/apps\/frPages\/agm-rapports\" target=\"_blank\" rel=\"noopener\">Portail des membres<\/a><\/h4>\n","protected":false},"excerpt":{"rendered":"<p><!--La quatre-vingt-deuxi\u00e8me assembl\u00e9e g\u00e9n\u00e9rale annuelle des membres de la Soci\u00e9t\u00e9 canadienne de psychologie aura lieu virtuellement le mercredi 9\u00a0juin\u00a02021 \u00e0 13\u00a0h--><\/p>\n","protected":false},"author":2,"featured_media":0,"parent":907,"menu_order":0,"comment_status":"closed","ping_status":"closed","template":"","meta":{"_acf_changed":false,"_monsterinsights_skip_tracking":false,"_monsterinsights_sitenote_active":false,"_monsterinsights_sitenote_note":"","_monsterinsights_sitenote_category":0,"footnotes":""},"class_list":["post-1247","page","type-page","status-publish","hentry"],"acf":[],"aioseo_notices":[],"publishpress_future_workflow_manual_trigger":{"enabledWorkflows":[]},"_links":{"self":[{"href":"https:\/\/cpa.ca\/fr\/wp-json\/wp\/v2\/pages\/1247","targetHints":{"allow":["GET"]}}],"collection":[{"href":"https:\/\/cpa.ca\/fr\/wp-json\/wp\/v2\/pages"}],"about":[{"href":"https:\/\/cpa.ca\/fr\/wp-json\/wp\/v2\/types\/page"}],"author":[{"embeddable":true,"href":"https:\/\/cpa.ca\/fr\/wp-json\/wp\/v2\/users\/2"}],"replies":[{"embeddable":true,"href":"https:\/\/cpa.ca\/fr\/wp-json\/wp\/v2\/comments?post=1247"}],"version-history":[{"count":6,"href":"https:\/\/cpa.ca\/fr\/wp-json\/wp\/v2\/pages\/1247\/revisions"}],"predecessor-version":[{"id":47267,"href":"https:\/\/cpa.ca\/fr\/wp-json\/wp\/v2\/pages\/1247\/revisions\/47267"}],"up":[{"embeddable":true,"href":"https:\/\/cpa.ca\/fr\/wp-json\/wp\/v2\/pages\/907"}],"wp:attachment":[{"href":"https:\/\/cpa.ca\/fr\/wp-json\/wp\/v2\/media?parent=1247"}],"curies":[{"name":"wp","href":"https:\/\/api.w.org\/{rel}","templated":true}]}}