{"id":1260,"date":"2018-03-09T20:04:55","date_gmt":"2018-03-10T01:04:55","guid":{"rendered":"https:\/\/cpa.ca\/aproposdelascp\/boardofdirectors\/"},"modified":"2026-04-08T10:47:35","modified_gmt":"2026-04-08T14:47:35","slug":"conseildadministration","status":"publish","type":"page","link":"https:\/\/cpa.ca\/fr\/aproposdelascp\/conseildadministration\/","title":{"rendered":"Conseil d&#8217;administration"},"content":{"rendered":"<p>La SCP s\u2019en rapporte \u00e0 son conseil d\u2019administration pour \u00e9tablir les politiques qui orientent l\u2019organisation.<\/p>\n<p>Avec des membres de partout au pays, le conseil d\u2019administration repr\u00e9sente tous les aspects de la psychologie.<\/p>\n<p>Nous sommes heureux de vous pr\u00e9senter les membres actuels du conseil d\u2019administration de la SCP.<\/p>\n<h3>Pr\u00e9sidents du conseil d\u2019administration<\/h3>\n<article style=\"-webkit-column-width: 400px; -moz-column-width: 400px; column-width: 400px;\">\n<div class=\"exec\" style=\"display: inline-block; margin: 10px; padding: 0 0 1.0rem; border: thin gray solid; border-radius: 5px; width: 400px; -webkit-column-break-inside: avoid; page-break-inside: avoid; break-inside: avoid;\">\n<div class=\"imgcontainer\" style=\"text-align: center; padding: 5px;\">\n<h4 style=\"display: inline-block;\"><strong>Pr\u00e9sident<\/strong><br \/>\nD<sup>r<\/sup> Steven M. Smith<\/h4>\n<p><img decoding=\"async\" style=\"max-height: 250px; border-radius: 30px;\" src=\"https:\/\/cpa.ca\/docs\/File\/Board of Directors\/StevenSmith.jpg\" alt=\"Dr Steven Smith\" height=\"250\" \/><\/p>\n<div class=\"textcontainer\">Halifax, NS<br \/>\nmandat prenant fin en juin 2027<\/div>\n<p><!---[accordions_pplugins id='37966']---><\/p>\n<\/div>\n<\/div>\n<div class=\"exec\" style=\"display: inline-block; margin: 10px; padding: 0 0 1.0rem; border: thin gray solid; border-radius: 5px; width: 400px; -webkit-column-break-inside: avoid; page-break-inside: avoid; break-inside: avoid;\">\n<div class=\"imgcontainer\" style=\"text-align: center; padding: 5px;\">\n<h4 style=\"display: inline-block;\"><strong>Pr\u00e9sident d\u00e9sign\u00e9<\/strong><br \/>\nD<sup>re<\/sup> Janine Hubbard<\/h4>\n<p><img decoding=\"async\" style=\"max-height: 250px; border-radius: 30px;\" src=\"https:\/\/cpa.ca\/docs\/File\/Board of Directors\/Janine_HiRes_2025.jpg\" alt=\"Dre Janine Hubbard\" height=\"250\" \/><\/p>\n<div class=\"textcontainer\">St. John&#8217;s,  T-N-L<br \/>\nmandat prenant fin en juin 2028<\/div>\n<p><!---[accordions_pplugins id='37973']--><\/p>\n<\/div>\n<\/div>\n<div class=\"exec\" style=\"display: inline-block; margin: 10px; padding: 0 0 1.0rem; border: thin gray solid; border-radius: 5px; width: 400px; -webkit-column-break-inside: avoid; page-break-inside: avoid; break-inside: avoid;\">\n<div class=\"imgcontainer\" style=\"text-align: center; padding: 5px;\">\n<h4 style=\"display: inline-block;\"><strong>Pr\u00e9sidente sortant<\/strong><br \/>\nD<sup>re<\/sup> Anita Gupta<\/h4>\n<p><img decoding=\"async\" style=\"max-height: 250px; border-radius: 30px;\" src=\"https:\/\/cpa.ca\/docs\/File\/Board of Directors\/Anita_Gupta.jpg\" alt=\"Dr. Anita Gupta\" height=\"250\" \/><\/p>\n<div class=\"textcontainer\">Halifax, NS<br \/>\nmandat prenant fin en juin 2026<\/div>\n<p><!---[accordions_pplugins id='37970']---><\/p>\n<\/div>\n<\/div>\n<p><!--------\n\n\n<div class=\"exec\" style=\"display: inline-block; margin: 10px; padding: 0 0 1.0rem; border: thin gray solid; border-radius: 5px; width: 400px; -webkit-column-break-inside: avoid; page-break-inside: avoid; break-inside: avoid;\">\n\n\n<div class=\"imgcontainer\" style=\"text-align: center; padding: 5px;\">\n\n\n<h4 style=\"display: inline-block;\"><strong>Pr\u00e9sident d'honneur<\/strong>\n<em>Vacante<\/em><\/h4>\n\n\n<img decoding=\"async\" style=\"max-height: 250px; border-radius: 30px;\" src=\"https:\/\/cpa.ca\/images\/AnonUser.jpg\" alt=\"Vacant\" height=\"250\" \/>\n\n\n<div class=\"textcontainer\"> Toronto, ON mandat prenant fin en juin 2025<\/div>\n\n\n---><br \/>\n<!----[accordions_pplugins id='37976']---><\/p>\n<\/article>\n<h3>Administrateurs<\/h3>\n<article style=\"-webkit-column-width: 400px; -moz-column-width: 400px; column-width: 400px;\">\n<div class=\"exec\" style=\"display: inline-block; margin: 10px; padding: 0 0 1.0rem; border: thin gray solid; border-radius: 5px; width: 400px; -webkit-column-break-inside: avoid; page-break-inside: avoid; break-inside: avoid;\">\n<div class=\"imgcontainer\" style=\"text-align: center; padding: 5px;\">\n<h4 style=\"display: inline-block;\"><strong>Administrateur repr\u00e9sentant la science<\/strong><br \/>\nD<sup>r<\/sup> Adam Sandford<\/h4>\n<p><img decoding=\"async\" style=\"max-height: 250px; border-radius: 30px;\" src=\"https:\/\/cpa.ca\/docs\/File\/Board of Directors\/Adam_Sandford.jpg\" alt=\"Dr. Adam Sandford\" height=\"250\" \/><\/p>\n<div class=\"textcontainer\">Toronto, ON<br \/>\nmandat prenant fin en juin 2026<\/div>\n<p><!---[accordions_pplugins id='379xxxx']---><\/p>\n<\/div>\n<\/div>\n<div class=\"exec\" style=\"display: inline-block; margin: 10px; padding: 0 0 1.0rem; border: thin gray solid; border-radius: 5px; width: 400px; -webkit-column-break-inside: avoid; page-break-inside: avoid; break-inside: avoid;\">\n<div class=\"imgcontainer\" style=\"text-align: center; padding: 5px;\">\n<h4 style=\"display: inline-block;\"><strong>Administratrice repr\u00e9sentant la pratique<\/strong><br \/>\nD<sup>re<\/sup> Janine Hubbard<\/h4>\n<p><img decoding=\"async\" style=\"max-height: 250px; border-radius: 30px;\" src=\"https:\/\/cpa.ca\/docs\/File\/Board of Directors\/Janine_HiRes_2025.jpg\" alt=\"Dre Janine Hubbard\" height=\"250\" \/><\/p>\n<div class=\"textcontainer\">St. John&#8217;s, T-N-L<br \/>\nmandat prenant fin en juin 2028<\/div>\n<p><!---[accordions_pplugins id='379xxxx']---><\/p>\n<\/div>\n<\/div>\n<div class=\"exec\" style=\"display: inline-block; margin: 10px; padding: 0 0 1.0rem; border: thin gray solid; border-radius: 5px; width: 400px; -webkit-column-break-inside: avoid; page-break-inside: avoid; break-inside: avoid;\">\n<div class=\"imgcontainer\" style=\"text-align: center; padding: 5px;\">\n<h4 style=\"display: inline-block;\"><strong>Administratrice repr\u00e9sentant l\u2019\u00e9ducation<\/strong><br \/>\nD<sup>re<\/sup> Meghan Norris<\/h4>\n<p><img decoding=\"async\" style=\"max-height: 250px; border-radius: 30px;\" src=\"https:\/\/cpa.ca\/docs\/File\/Board of Directors\/Meghan_Norris.jpg\" alt=\"Dr. Meghan Norris\" height=\"250\" \/><\/p>\n<div class=\"textcontainer\">Kingston, ON<br \/>\nmandat prenant fin en juin 2026<\/div>\n<p><!---[accordions_pplugins id='37xxxx']---><\/p>\n<\/div>\n<p><!---<\/div>\n\n\n\n\n<div class=\"exec\" style=\"display: inline-block; margin: 10px; padding: 0 0 1.0rem; border: thin gray solid; border-radius: 5px; width: 400px; -webkit-column-break-inside: avoid; page-break-inside: avoid; break-inside: avoid;\">\n\n\n<div class=\"imgcontainer\" style=\"text-align: center; padding: 5px;\">\n\n\n<h4 style=\"display: inline-block;\"><strong>Administrateur\u00a0non d\u00e9sign\u00e9e<\/strong>\nDr. Anita Gupta<\/h4>\n\n\n<img decoding=\"async\" style=\"max-height: 250px; border-radius: 30px;\" src=\"https:\/\/cpa.ca\/docs\/File\/Board of Directors\/Anita_Gupta.jpg\" alt=\"Dr. Anita Gupta\" height=\"250\" \/>\n\n\n<div class=\"textcontainer\">Toronto, ON\nmandat prenant fin en juin 2026<\/div>\n\n\n[accordions_pplugins id='379xxxx']\n\n<\/div>\n\n\n---><\/p>\n<\/div>\n<div class=\"exec\" style=\"display: inline-block; margin: 10px; padding: 0 0 1.0rem; border: thin gray solid; border-radius: 5px; width: 400px; -webkit-column-break-inside: avoid; page-break-inside: avoid; break-inside: avoid;\">\n<div class=\"imgcontainer\" style=\"text-align: center; padding: 5px;\">\n<h4 style=\"display: inline-block;\"><strong>Administratrice non d\u00e9sign\u00e9e<\/strong><br \/>\nD<sup>re<\/sup> Claire Sira<\/h4>\n<p><img decoding=\"async\" style=\"max-height: 250px; border-radius: 30px;\" src=\"https:\/\/cpa.ca\/docs\/File\/Board of Directors\/Claire_Sira.jpg\" alt=\"Dr. Claire Sira\" height=\"250\" \/><\/p>\n<div class=\"textcontainer\">Victoria, BC<br \/>\nmandat prenant fin en juin 2026<\/div>\n<p><!---[accordions_pplugins id='379xxxx']---><\/p>\n<\/div>\n<\/div>\n<div class=\"exec\" style=\"display: inline-block; margin: 10px; padding: 0 0 1.0rem; border: thin gray solid; border-radius: 5px; width: 400px; -webkit-column-break-inside: avoid; page-break-inside: avoid; break-inside: avoid;\">\n<div class=\"imgcontainer\" style=\"text-align: center; padding: 5px;\">\n<h4 style=\"display: inline-block;\"><strong>Administratrice non d\u00e9sign\u00e9e<\/strong><br \/>\nD<sup>re<\/sup> M\u00e9lanie Joanisse<\/h4>\n<p><img decoding=\"async\" style=\"max-height: 250px; border-radius: 30px;\" src=\"https:\/\/cpa.ca\/docs\/File\/Board of Directors\/MelanieJoanisse.jpg\" alt=\"Dr. M\u00e9lanie Joanisse\" height=\"250\" \/><\/p>\n<div class=\"textcontainer\">Ottawa, ON<br \/>\nmandat prenant fin en juin 2028<\/div>\n<p><!---[accordions_pplugins id='379xxxx']---><\/p>\n<\/div>\n<\/div>\n<div class=\"exec\" style=\"display: inline-block; margin: 10px; padding: 0 0 1.0rem; border: thin gray solid; border-radius: 5px; width: 400px; -webkit-column-break-inside: avoid; page-break-inside: avoid; break-inside: avoid;\">\n<div class=\"imgcontainer\" style=\"text-align: center; padding: 5px;\">\n<h4 style=\"display: inline-block;\"><strong>Administrateur\u00a0non d\u00e9sign\u00e9e<\/strong><br \/>\nD<sup>r<\/sup> Saeid Chavoshi<\/h4>\n<p><img decoding=\"async\" style=\"max-height: 250px; border-radius: 30px;\" src=\"https:\/\/cpa.ca\/docs\/File\/Board of Directors\/SaeidChavoshi.jpg\" alt=\"Dr. Saeid Chavoshi\" height=\"250\" \/><\/p>\n<div class=\"textcontainer\">Toronto, ON<br \/>\nterm ending in June 2028<\/div>\n<\/div>\n<\/div>\n<div class=\"exec\" style=\"display: inline-block; margin: 10px; padding: 0 0 1.0rem; border: thin gray solid; border-radius: 5px; width: 400px; -webkit-column-break-inside: avoid; page-break-inside: avoid; break-inside: avoid;\">\n<div class=\"imgcontainer\" style=\"text-align: center; padding: 5px;\">\n<h4 style=\"display: inline-block;\"><strong>Administratrice repr\u00e9sentant le Conseil des sections<br \/>\n(nomm\u00e9s par les pr\u00e9sidents des sections)<\/strong><br \/>\nD<sup>re<\/sup> Kirby Huminuik<\/h4>\n<p><img decoding=\"async\" style=\"max-height: 250px; border-radius: 30px;\" src=\"https:\/\/cpa.ca\/docs\/File\/Board of Directors\/Kirby Huminuik.jpg\" alt=\"Dr. Kirby Huminuik\" height=\"250\" \/><\/p>\n<div class=\"textcontainer\">Vancouver, BC<br \/>\nmandat prenant fin en juin 2028<\/div>\n<p><!---[accordions_pplugins id='379xxxx']---><\/p>\n<\/div>\n<\/div>\n<div class=\"exec\" style=\"display: inline-block; margin: 10px; padding: 0 0 1.0rem; border: thin gray solid; border-radius: 5px; width: 400px; -webkit-column-break-inside: avoid; page-break-inside: avoid; break-inside: avoid;\">\n<div class=\"imgcontainer\" style=\"text-align: center; padding: 5px;\">\n<h4 style=\"display: inline-block;\"><strong>Repr\u00e9sentante\u00a0de\u00a0la Section des\u00a0\u00e9tudiants<\/strong><br \/>\nMme Anisa Nasseri<\/h4>\n<p><img decoding=\"async\" style=\"max-height: 250px; border-radius: 30px;\" src=\"https:\/\/cpa.ca\/docs\/File\/Board of Directors\/Anisa_Nasseri.jpg\" alt=\"Ms. Anisa Nasseri\" height=\"250\" \/><\/p>\n<div class=\"textcontainer\">Vancouver, BC<br \/>\nmandat prenant fin en juin 2026<\/div>\n<p><!---[accordions_pplugins id='379xxxx']---><\/p>\n<\/div>\n<\/div>\n<\/article>\n<h3>Organisations partenaires<\/h3>\n<article style=\"-webkit-column-width: 400px; -moz-column-width: 400px; column-width: 400px;\">\n<div class=\"exec\" style=\"display: inline-block; margin: 10px; padding: 0 0 1.0rem; border: thin gray solid; border-radius: 5px; width: 400px; -webkit-column-break-inside: avoid; page-break-inside: avoid; break-inside: avoid;\">\n<div class=\"imgcontainer\" style=\"text-align: center; padding: 5px;\">\n<h4 style=\"display: inline-block;\"><strong>Repr\u00e9sentante du <a href=\"http:\/\/ccdop.ca\/\" target=\"_blank\" rel=\"noopener noreferrer\">Conseil canadien des d\u00e9partements de psychologie (CCDP)<\/a><\/strong><br \/>\nD<sup>r<\/sup> Mel Rutherford<\/h4>\n<p><img decoding=\"async\" style=\"max-height: 250px; border-radius: 30px;\" src=\"https:\/\/cpa.ca\/docs\/File\/Board of Directors\/Mel_Rutherford.jpg\" alt=\"Dr. Mel Rutherford\" height=\"250\" \/><\/p>\n<div class=\"textcontainer\">Hamilton, ON<\/div>\n<p><!---[accordions_pplugins id='379xxxx']---><\/p>\n<\/div>\n<\/div>\n<div class=\"exec\" style=\"display: inline-block; margin: 10px; padding: 0 0 1.0rem; border: thin gray solid; border-radius: 5px; width: 400px; -webkit-column-break-inside: avoid; page-break-inside: avoid; break-inside: avoid;\">\n<div class=\"imgcontainer\" style=\"text-align: center; padding: 5px;\">\n<h4 style=\"display: inline-block;\"><strong>Repr\u00e9sentante du <a href=\"https:\/\/ccppp.wildapricot.org\/\" target=\"_blank\" rel=\"noopener noreferrer\">Conseil canadien des programmes de psychologie professionnelle (CCPPP)<\/a><\/strong><br \/>\nD<sup>re<\/sup> Amanda Maranzan<\/h4>\n<p><img decoding=\"async\" style=\"max-height: 250px; border-radius: 30px;\" src=\"https:\/\/cpa.ca\/docs\/File\/Board of Directors\/AmandaMaranzan.jpg\" alt=\"Dr. Amanda Maranzan\" height=\"250\" \/><\/p>\n<div class=\"textcontainer\">Thunder Bay, ON<\/div>\n<p><!---[accordions_pplugins id='379xxxx']---><\/p>\n<\/div>\n<\/div>\n<div class=\"exec\" style=\"display: inline-block; margin: 10px; padding: 0 0 1.0rem; border: thin gray solid; border-radius: 5px; width: 400px; -webkit-column-break-inside: avoid; page-break-inside: avoid; break-inside: avoid;\">\n<div class=\"imgcontainer\" style=\"text-align: center; padding: 5px;\">\n<h4 style=\"display: inline-block;\"><strong>Repr\u00e9sentante du <a href=\"https:\/\/www.csbbcs.org\/\" target=\"_blank\" rel=\"noopener noreferrer\">Soci\u00e9t\u00e9 canadienne des sciences du cerveau, du comportement et de la cognition (SCSCCC)<\/a><\/strong><br \/>\nD<sup>re<\/sup> Natalie Phillips<\/h4>\n<p><img decoding=\"async\" style=\"max-height: 250px; border-radius: 30px;\" src=\"https:\/\/cpa.ca\/docs\/File\/Board of Directors\/Natalie_Phillips-2019.jpg\" alt=\"Dre Natalie Phillips\" height=\"250\" \/><\/p>\n<div class=\"textcontainer\">Montreal, QC<\/div>\n<p><!---[accordions_pplugins id='379xxxx']---><\/p>\n<\/div>\n<\/div>\n<div class=\"exec\" style=\"display: inline-block; margin: 10px; padding: 0 0 1.0rem; border: thin gray solid; border-radius: 5px; width: 400px; -webkit-column-break-inside: avoid; page-break-inside: avoid; break-inside: avoid;\">\n<div class=\"imgcontainer\" style=\"text-align: center; padding: 5px;\">\n<h4 style=\"display: inline-block;\"><strong>Repr\u00e9sentante du <a href=\"https:\/\/cpap-cspp.ca\/\" target=\"_blank\" rel=\"noopener noreferrer\">Conseil des soci\u00e9t\u00e9s professionnelles de psychologues (CSPP)<\/a><\/strong><br \/>\nD<sup>re<\/sup> Jo Ann Unger<\/h4>\n<p><img decoding=\"async\" style=\"max-height: 250px; border-radius: 30px;\" src=\"https:\/\/cpa.ca\/docs\/File\/Board of Directors\/Jo_Ann_Unger.jpg\" alt=\"Dr. Jo Ann Unger\" height=\"250\" \/><\/p>\n<div class=\"textcontainer\">Winnipeg, MB<\/div>\n<p><!---[accordions_pplugins id='379xxxx']---><\/p>\n<\/div>\n<\/div>\n<\/article>\n<h3>Cadres de direction de la SCP<\/h3>\n<div class=\"exec\" style=\"display: inline-block; margin: 10px; padding: 0 0 1.0rem; border: thin gray solid; border-radius: 5px; width: 400px; -webkit-column-break-inside: avoid; page-break-inside: avoid; break-inside: avoid;\">\n<div class=\"imgcontainer\" style=\"text-align: center; padding: 5px;\">\n<h4 style=\"display: inline-block;\"><strong>Chef de la direction<\/strong><br \/>\nD<sup>re<\/sup> Lisa Votta-Bleeker<\/h4>\n<p><img decoding=\"async\" style=\"max-height: 250px; border-radius: 30px;\" src=\"https:\/\/cpa.ca\/images\/LisaVotta-Bleeker-2023-close.jpg\" alt=\"Dr. Lisa Votta-Bleeker\" height=\"250\" \/><\/p>\n<div class=\"textcontainer\">Ottawa, ON<br \/>\n<a href=\"mailto:executiveoffice@cpa.ca\">executiveoffice@cpa.ca<\/a><\/div>\n<p><!---[accordions_pplugins id='379xxxx']---><\/p>\n<\/div>\n<\/div>\n<p>Si vous d\u00e9sirez communiquer avec un des membres du conseil d\u2019administration, veuillez communiquer avec la SCP \u00e0 l\u2019adresse suivante : \u00a0<a href=\"mailto:governance@cpa.ca\">governance@cpa.ca<\/a>.<\/p>\n<h3>Devenez un membre du conseil d\u2019administration<\/h3>\n<p>En tant qu\u2019association, la SCP compte sur ses membres et sur la multitude d\u2019expertises, de comp\u00e9tences et de connaissances qu\u2019ils poss\u00e8dent et transmettent. Envisagez de donner de votre temps et de mettre vos comp\u00e9tences au service de la SCP en prenant part \u00e0 ses activit\u00e9s. Pr\u00e9sentez-vous aux \u00e9lections du conseil d\u2019administration, rejoignez le comit\u00e9 ex\u00e9cutif d\u2019une section de la SCP ou portez-vous volontaire pour faire partie d\u2019un groupe de travail ou d\u2019un comit\u00e9 du conseil d\u2019administration. Ce travail offre une occasion unique de contribuer \u00e0 la psychologie au Canada au sein d\u2019une organisation forte et \u00e0 l\u2019impact de la psychologie scientifique et de la pratique de la psychologie sur les politiques publiques. Pour obtenir des renseignements suppl\u00e9mentaires sur les nombreuses possibilit\u00e9s offertes par la SCP, communiquez avec la direction g\u00e9n\u00e9rale \u00e0 <a title=\"blocked::mailto:executiveoffice@cpa.ca\" href=\"mailto:executiveoffice@cpa.ca\">executiveoffice@cpa.ca<\/a>.<\/p>\n<p>***Remarque*** Le conseil d&#8217;administration de la SCP est b\u00e9n\u00e9vole. Les membres du conseil d\u2019administration ne re\u00e7oivent pas d\u2019honoraires pour leurs services rendus \u00e0 l\u2019association. La SCP rembourse les frais de d\u00e9placement et d&#8217;h\u00e9bergement des membres du Conseil pour assister aux r\u00e9unions du Conseil selon les tarifs du Conseil du Tr\u00e9sor du gouvernement du Canada.<\/p>\n","protected":false},"excerpt":{"rendered":"<p>  <!--more--><\/p>\n","protected":false},"author":2,"featured_media":0,"parent":907,"menu_order":0,"comment_status":"closed","ping_status":"closed","template":"","meta":{"_acf_changed":false,"_monsterinsights_skip_tracking":false,"_monsterinsights_sitenote_active":false,"_monsterinsights_sitenote_note":"","_monsterinsights_sitenote_category":0,"footnotes":""},"class_list":["post-1260","page","type-page","status-publish","hentry"],"acf":[],"aioseo_notices":[],"publishpress_future_workflow_manual_trigger":{"enabledWorkflows":[]},"_links":{"self":[{"href":"https:\/\/cpa.ca\/fr\/wp-json\/wp\/v2\/pages\/1260","targetHints":{"allow":["GET"]}}],"collection":[{"href":"https:\/\/cpa.ca\/fr\/wp-json\/wp\/v2\/pages"}],"about":[{"href":"https:\/\/cpa.ca\/fr\/wp-json\/wp\/v2\/types\/page"}],"author":[{"embeddable":true,"href":"https:\/\/cpa.ca\/fr\/wp-json\/wp\/v2\/users\/2"}],"replies":[{"embeddable":true,"href":"https:\/\/cpa.ca\/fr\/wp-json\/wp\/v2\/comments?post=1260"}],"version-history":[{"count":6,"href":"https:\/\/cpa.ca\/fr\/wp-json\/wp\/v2\/pages\/1260\/revisions"}],"predecessor-version":[{"id":46904,"href":"https:\/\/cpa.ca\/fr\/wp-json\/wp\/v2\/pages\/1260\/revisions\/46904"}],"up":[{"embeddable":true,"href":"https:\/\/cpa.ca\/fr\/wp-json\/wp\/v2\/pages\/907"}],"wp:attachment":[{"href":"https:\/\/cpa.ca\/fr\/wp-json\/wp\/v2\/media?parent=1260"}],"curies":[{"name":"wp","href":"https:\/\/api.w.org\/{rel}","templated":true}]}}