{"id":1278,"date":"2017-11-03T14:30:41","date_gmt":"2017-11-03T18:30:41","guid":{"rendered":"https:\/\/cpa.ca\/aproposdelascp\/ceomessage\/"},"modified":"2024-02-15T13:53:26","modified_gmt":"2024-02-15T18:53:26","slug":"ceomessage","status":"publish","type":"page","link":"https:\/\/cpa.ca\/fr\/aproposdelascp\/ceomessage\/","title":{"rendered":"Message de la chef de direction de le SCP"},"content":{"rendered":"<p><img decoding=\"async\" style=\"float: left; max-width: 300px; padding: 8px;\" src=\"https:\/\/cpa.ca\/images\/LisaVotta-Bleeker-2023-close.jpg\" alt=\"Dre Lisa Votta-Bleeker, CEO\" border=\"0\" \/><\/p>\n<p>C\u2019est avec beaucoup de fiert\u00e9 et d\u2019enthousiasme que je saisis l\u2019occasion qui m\u2019est offerte de devenir chef de la direction de la Soci\u00e9t\u00e9 canadienne de psychologie.<\/p>\n<p>Comme beaucoup d\u2019entre vous, j\u2019ai entrepris une carri\u00e8re en psychologie car j\u2019en reconnaissais l\u2019\u00e9tendue et la profondeur, et je voulais changer la vie des gens de mani\u00e8re positive. En travaillant dans des h\u00f4pitaux, des instituts de recherche et des refuges, et en participant \u00e0 des recherches sur la sant\u00e9 mentale, la sant\u00e9 de la population, la prise de d\u00e9cision en fin de vie, les maladies chroniques, l\u2019itin\u00e9rance et la pr\u00e9vention des blessures, pour n\u2019en citer que quelques-unes, j\u2019ai pris conscience du r\u00f4le important que la recherche en psychologie peut jouer dans la mise en \u0153uvre des politiques, des programmes et des services. Je me suis donc engag\u00e9e dans un parcours professionnel qui me permettait de conjuguer la recherche, les politiques et la pratique, \u00e0 travers et au sein de multiples secteurs.<\/p>\n<p>La psychologie est au c\u0153ur des grandes questions soci\u00e9tales et des avanc\u00e9es majeures. Je comprends les d\u00e9fis et les possibilit\u00e9s auxquels fait face la psychologie en tant que profession et discipline \u2013 du point de vue de la pratique, de la science et de l\u2019\u00e9ducation \u2013 ainsi que ceux auxquels la Soci\u00e9t\u00e9 est confront\u00e9e, et nos divers types de membres et d\u2019affili\u00e9s, y compris ceux qui choisissent de ne pas adh\u00e9rer \u00e0 la SCP.<\/p>\n<p>La SCP, qui est la plus grande association nationale vou\u00e9e \u00e0 la d\u00e9fense de la science, de la pratique et de l\u2019enseignement de la psychologie, est bien plac\u00e9e pour jouer un r\u00f4le de premier plan face aux d\u00e9fis et aux possibilit\u00e9s d\u2019aujourd\u2019hui et de demain, qui sont notamment les suivants\u00a0:<\/p>\n<ul>\n<li>Un travail de sensibilisation qui aide le public, les m\u00e9dias et les d\u00e9cideurs \u00e0 comprendre les vastes contributions de la psychologie.<\/li>\n<li>Plaider pour un financement accru de la recherche et des moyens efficaces de mobilisation des connaissances.<\/li>\n<li>Renforcer le soutien aux \u00e9tudes sup\u00e9rieures, et diversifier et accro\u00eetre l\u2019acc\u00e8s \u00e0 la psychologie.<\/li>\n<li>Aborder diff\u00e9rentes questions li\u00e9es au permis d\u2019exercice pancanadien, au titre de psychologue, aux normes professionnelles, \u00e0 la main-d\u2019\u0153uvre en sant\u00e9 et \u00e0 l\u2019acc\u00e8s aux services psychologiques.<\/li>\n<li>Se faire le porte-parole de la v\u00e9rit\u00e9 et de la r\u00e9conciliation, ainsi que de l\u2019\u00e9quit\u00e9, de la diversit\u00e9, de l\u2019inclusion et du sentiment d\u2019appartenance.<\/li>\n<li>Valeur et implication des membres.<\/li>\n<\/ul>\n<p>J\u2019ai l\u2019honneur et le privil\u00e8ge de travailler avec et pour les membres afin de construire une psychologie forte, diversifi\u00e9e et unifi\u00e9e. Je pense qu\u2019il existe de nombreuses possibilit\u00e9s de renforcer les relations existantes, d\u2019\u00e9tablir de nouvelles relations et de nouveaux partenariats, et de d\u00e9velopper la profession et l\u2019association, tout cela dans le but de susciter le changement et de continuer \u00e0 montrer la contribution importante que la psychologie et la recherche en psychologie peuvent apporter \u00e0 la fois \u00e0 la sant\u00e9 et au bien-\u00eatre g\u00e9n\u00e9ral des Canadiens et \u00e0 la soci\u00e9t\u00e9 dans son ensemble.<\/p>\n<p>Lisa Votta-Bleeker, Ph.D.<br \/>\nChef de la direction<br \/>\nSoci\u00e9t\u00e9 canadienne de psychologie<\/p>\n","protected":false},"excerpt":{"rendered":"<p>Meet Dr. Lisa Votta-Bleeker, CPA&#8217;s Chief Executive Officer.<\/p>\n","protected":false},"author":2,"featured_media":0,"parent":907,"menu_order":0,"comment_status":"closed","ping_status":"closed","template":"","meta":{"_acf_changed":false,"_monsterinsights_skip_tracking":false,"_monsterinsights_sitenote_active":false,"_monsterinsights_sitenote_note":"","_monsterinsights_sitenote_category":0,"footnotes":""},"class_list":["post-1278","page","type-page","status-publish","hentry"],"acf":[],"aioseo_notices":[],"publishpress_future_workflow_manual_trigger":{"enabledWorkflows":[]},"_links":{"self":[{"href":"https:\/\/cpa.ca\/fr\/wp-json\/wp\/v2\/pages\/1278","targetHints":{"allow":["GET"]}}],"collection":[{"href":"https:\/\/cpa.ca\/fr\/wp-json\/wp\/v2\/pages"}],"about":[{"href":"https:\/\/cpa.ca\/fr\/wp-json\/wp\/v2\/types\/page"}],"author":[{"embeddable":true,"href":"https:\/\/cpa.ca\/fr\/wp-json\/wp\/v2\/users\/2"}],"replies":[{"embeddable":true,"href":"https:\/\/cpa.ca\/fr\/wp-json\/wp\/v2\/comments?post=1278"}],"version-history":[{"count":6,"href":"https:\/\/cpa.ca\/fr\/wp-json\/wp\/v2\/pages\/1278\/revisions"}],"predecessor-version":[{"id":37190,"href":"https:\/\/cpa.ca\/fr\/wp-json\/wp\/v2\/pages\/1278\/revisions\/37190"}],"up":[{"embeddable":true,"href":"https:\/\/cpa.ca\/fr\/wp-json\/wp\/v2\/pages\/907"}],"wp:attachment":[{"href":"https:\/\/cpa.ca\/fr\/wp-json\/wp\/v2\/media?parent=1278"}],"curies":[{"name":"wp","href":"https:\/\/api.w.org\/{rel}","templated":true}]}}