{"id":1281,"date":"2018-03-09T20:20:48","date_gmt":"2018-03-10T01:20:48","guid":{"rendered":"https:\/\/cpa.ca\/aproposdelascp\/committees\/"},"modified":"2025-09-23T15:59:03","modified_gmt":"2025-09-23T19:59:03","slug":"comites","status":"publish","type":"page","link":"https:\/\/cpa.ca\/fr\/aproposdelascp\/comites\/","title":{"rendered":"Comit\u00e9s et groupes de travail de la SCP"},"content":{"rendered":"<p>La SCP d\u00e9pend en grande partie de l\u2019important travail qu\u2019accomplissent ses comit\u00e9s.<\/p>\n<p>Maintenant, nous avons dix-huit comit\u00e9s, deux groupes de travail et deux\u00a0repr\u00e9sentants d&#8217;organismes externes sur le Conseil<\/p>\n<p>Vous trouverez\u00a0sur cette page de l&#8217;information sur\u00a0chacun\u00a0des comit\u00e9s.\u00a0Cette information\u00a0n&#8217;est malheureusement\u00a0pas disponible en fran\u00e7ais pour le moment. Si vous d\u00e9sirez communiquer avec un comit\u00e9,\u00a0vous pouvez communiquer en tout temps \u00e0 l\u2019adresse <a href=\"mailto:executiveoffice@cpa.ca\">executiveoffice@cpa.ca<\/a>.<\/p>\n<article style=\"-webkit-column-width: 450px; -moz-column-width: 450px; column-width: 450px;\">\n<div style=\"margin-top: -15px;\">\n<div style=\"-webkit-column-break-inside: avoid; page-break-inside: avoid; break-inside: avoid;\">\n<h4>Comit\u00e9s du Conseil :<\/h4>\n<ul>\n<li style=\"list-style-type: none;\">\n<ul>\n<li><a href=\"\/fr\/aproposdelascp\/comites\/governance\/\">Comit\u00e9 de gouvernance<\/a><\/li>\n<li><a href=\"\/fr\/aproposdelascp\/comites\/finance\/\">Comit\u00e9 des finances, de l&#8217;administration et de l&#8217;audit<\/a><\/li>\n<li><a href=\"\/fr\/aproposdelascp\/comites\/ethics\/\">D\u00e9ontologie<\/a><\/li>\n<li><a href=\"https:\/\/cpa.ca\/fr\/agrement\/contactus\/\">Comit\u00e9 d&#8217;agrement<\/a><\/li>\n<li><a href=\"\/fr\/aproposdelascp\/comites\/fellowsandawards\/\">Fellows et prix<\/a><\/li>\n<\/ul>\n<\/li>\n<\/ul>\n<\/div>\n<div style=\"-webkit-column-break-inside: avoid; page-break-inside: avoid; break-inside: avoid;\">\n<h4>Comit\u00e9s de gestion :<\/h4>\n<ul>\n<li><a href=\"\/fr\/aproposdelascp\/comites\/educationandtraining\/\">\u00c9ducation et formation<\/a><\/li>\n<li><a href=\"\/fr\/aproposdelascp\/comites\/professionalaffairs\/\">Affaires professionnelles<\/a><\/li>\n<li><a href=\"\/fr\/aproposdelascp\/comites\/scientificaffairs\/\">Affaires scientifiques<\/a><\/li>\n<li><a href=\"\/fr\/aproposdelascp\/comites\/convention\/\">Congr\u00e8s<\/a><\/li>\n<li><a href=\"\/fr\/aproposdelascp\/comites\/membership\/\">Membres<\/a><\/li>\n<li><a href=\"\/fr\/aproposdelascp\/comites\/internationalrelations\/\">Relations Internationales<\/a><\/li>\n<li><a href=\"https:\/\/cpa.ca\/fr\/aproposdelascp\/comites\/humanrights\/\">Comit\u00e9 des droits de la personne et de l&#8217;\u00e9quit\u00e9<\/a><\/li>\n<li><a href=\"\/fr\/aproposdelascp\/comites\/reconciliation\/\">Groupe de partage des connaissances\/Comit\u00e9 sur la r\u00e9conciliation avec les peuples autochtones<\/a><\/li>\n<li><a href=\"\/fr\/aproposdelascp\/comites\/sections\/\">Conseil des Sections<\/a><\/li>\n<li><a href=\"\/fr\/aproposdelascp\/comites\/pastpresidents\/\">Anciens\u00a0pr\u00e9sidents<\/a><\/li>\n<\/ul>\n<\/div>\n<\/div>\n<\/article>\n<div style=\"-webkit-column-break-inside: avoid; page-break-inside: avoid; break-inside: avoid;\">\n<h4><a style=\"color: black;\" href=\"\/fr\/aproposdelascp\/comites\/cpataskforces\/\">Groupe de Travail :<\/a><\/h4>\n<ul>\n<li>Groupe de travail sur l\u2019IA<\/li>\n<li>Groupe de travail sur la pratique fond\u00e9e sur des donn\u00e9es probantes en psychologie<\/li>\n<li>Groupe de travail sur le recrutement et le maintien en poste dans le secteur public<\/li>\n<li>Pre-employment Clinical Assessment of Police Candidates Principles and Guidelines for Canadian Psychologists Working Group<\/li>\n<li>Professional Practice Guidelines for School Psychologists in Canada Working Group<\/li>\n<li>Equitable Access to Internet and Digital Health Services Working Group<\/li>\n<li>Loneliness in Canada Working Group<\/li>\n<\/ul>\n<\/div>\n<p><!--\n\n\n<div style=\"-webkit-column-break-inside: avoid; page-break-inside: avoid; break-inside: avoid;\">\n\n\n<h4>Repr\u00e9sentation des partenaires externes :<\/h4>\n\n\n\n\n<ul>\n \t\n\n<li><a href=\"http:\/\/ccdop.ca\/CCDP\/Welcome.html\" target=\"_blank\" rel=\"noopener noreferrer\">Conseil canadien des d\u00e9partements de psychologie (CCDP)<\/a><\/li>\n\n\n \t\n\n<li><a href=\"https:\/\/ccppp.wildapricot.org\/\" target=\"_blank\" rel=\"noopener noreferrer\">Canadian Council of Professional Psychology Programs (CCPPP)<\/a><\/li>\n\n\n \t\n\n<li><a href=\"https:\/\/www.csbbcs.org\/\" target=\"_blank\" rel=\"noopener noreferrer\">Canadian Society for Brain, Behaviour and Cognitive Science (CSBBCS)<\/a><\/li>\n\n\n \t\n\n<li><a href=\"https:\/\/cpap-cspp.ca\/\" target=\"_blank\" rel=\"noopener noreferrer\">Council of Professional Associations of Psychologists (CPAP)<\/a><\/li>\n\n\n<\/ul>\n\n\n<\/div>\n\n\n--><\/p>\n<h4><a style=\"color: black;\" href=\"\/docs\/File\/Governance\/TERMS OF REFERENCE FOR WORKING GROUPS FINAL - October 2018-FR.pdf\" target=\"_blank\" rel=\"noopener noreferrer\">Mandat des groupes de travail de la SCP et directives relatives \u00e0 l\u2019\u00e9laboration de politiques publiques<\/a><\/h4>\n<h4><a style=\"color: black;\" href=\"https:\/\/cpa.ca\/fr\/aproposdelascp\/comites\/cpataskforces\/\">Rapports des groupes de travail de la SCP<\/a><\/h4>\n<p><!--\n\n\n\n<hr \/>\n\n\n\n\n\n<h3>Participez \u00e0 un comit\u00e9 ou un groupe de travail de la SCP<\/h3>\n\n\nLa SCP en tant qu\u2019association est repr\u00e9sent\u00e9e par l\u2019ensemble de ses membres et de la richesse de l\u2019expertise, des habilet\u00e9s et des connaissances qu\u2019ils poss\u00e8dent et partagent.\n\nVous pourriez songer \u00e0 donner de votre temps et de votre expertise \u00e0 une activit\u00e9 de la SCP\u00a0: pr\u00e9sentez\u2011vous \u00e0 une \u00e9lection au conseil d\u2019administration, joignez\u2011vous \u00e0 l\u2019ex\u00e9cutif d\u2019une section de la SCP ou si\u00e9gez b\u00e9n\u00e9volement \u00e0 un groupe de travail ou un comit\u00e9 du conseil d\u2019administration. Ce travail donne une excellente occasion de faire une contribution \u00e0 la psychologie organis\u00e9e au Canada et d\u2019influencer l\u2019incidence que la science et la pratique de la psychologie a sur la politique publique.\n\nPour plus d\u2019information sur ces possibilit\u00e9s et le grand nombre d\u2019autres occasions au sein de la SCP, vous pouvez communiquer avec le si\u00e8ge social de la SCP \u00e0 <a title=\"blocked::mailto:executiveoffice@cpa.ca\" href=\"mailto:executiveoffice@cpa.ca\">executiveoffice@cpa.ca<\/a>.----><\/p>\n","protected":false},"excerpt":{"rendered":"<p><!--more--><\/p>\n","protected":false},"author":2,"featured_media":0,"parent":907,"menu_order":0,"comment_status":"closed","ping_status":"closed","template":"templates\/no-sidebar.php","meta":{"_acf_changed":false,"_monsterinsights_skip_tracking":false,"_monsterinsights_sitenote_active":false,"_monsterinsights_sitenote_note":"","_monsterinsights_sitenote_category":0,"footnotes":""},"class_list":["post-1281","page","type-page","status-publish","hentry"],"acf":[],"aioseo_notices":[],"publishpress_future_workflow_manual_trigger":{"enabledWorkflows":[]},"_links":{"self":[{"href":"https:\/\/cpa.ca\/fr\/wp-json\/wp\/v2\/pages\/1281","targetHints":{"allow":["GET"]}}],"collection":[{"href":"https:\/\/cpa.ca\/fr\/wp-json\/wp\/v2\/pages"}],"about":[{"href":"https:\/\/cpa.ca\/fr\/wp-json\/wp\/v2\/types\/page"}],"author":[{"embeddable":true,"href":"https:\/\/cpa.ca\/fr\/wp-json\/wp\/v2\/users\/2"}],"replies":[{"embeddable":true,"href":"https:\/\/cpa.ca\/fr\/wp-json\/wp\/v2\/comments?post=1281"}],"version-history":[{"count":6,"href":"https:\/\/cpa.ca\/fr\/wp-json\/wp\/v2\/pages\/1281\/revisions"}],"predecessor-version":[{"id":44437,"href":"https:\/\/cpa.ca\/fr\/wp-json\/wp\/v2\/pages\/1281\/revisions\/44437"}],"up":[{"embeddable":true,"href":"https:\/\/cpa.ca\/fr\/wp-json\/wp\/v2\/pages\/907"}],"wp:attachment":[{"href":"https:\/\/cpa.ca\/fr\/wp-json\/wp\/v2\/media?parent=1281"}],"curies":[{"name":"wp","href":"https:\/\/api.w.org\/{rel}","templated":true}]}}