{"id":1286,"date":"2017-09-18T14:03:45","date_gmt":"2017-09-18T18:03:45","guid":{"rendered":"https:\/\/cpa.ca\/contact\/"},"modified":"2025-09-04T13:34:17","modified_gmt":"2025-09-04T17:34:17","slug":"contacteznous","status":"publish","type":"page","link":"https:\/\/cpa.ca\/fr\/contacteznous\/","title":{"rendered":"Pour nous joindre"},"content":{"rendered":"<p>La Soci\u00e9t\u00e9 canadienne de psychologie (SCP) est une association nationale b\u00e9n\u00e9vole de psychologie. La SCP ne supervise, ne r\u00e9glemente ni n&#8217;accepte les plaintes concernant les psychologues ou leur pratique. Au Canada, la pratique de la psychologie est r\u00e9glement\u00e9e par des organismes de r\u00e9glementation provinciaux\/territoriaux. Pour toute pr\u00e9occupation concernant le comportement d&#8217;un psychologue ou la r\u00e9glementation de la psychologie, contactez l&#8217;organisme de r\u00e9glementation provincial\/territorial concern\u00e9. Leurs noms et coordonn\u00e9es se trouvent ici: <a href=\"https:\/\/cpa.ca\/fr\/public\/unpsychologue\/organismesreglementation\/\" target=\"_blank\" rel=\"noopener\">https:\/\/cpa.ca\/fr\/public\/unpsychologue\/organismesreglementation <\/a><\/p>\n<p><!-- contactez nous --><\/p>\n<h2 class=\"title\">O\u00f9 est situ\u00e9 le si\u00e8ge social de la SCP?<\/h2>\n<table class=\"tablenoborder\" border=\"0\" summary=\"\" width=\"850\" cellspacing=\"5\" cellpadding=\"7\">\n<tbody>\n<tr>\n<td valign=\"top\" width=\"46%\">\n<h4 style=\"text-align: right; margin-block-start: 0;\">Nos bureaux sont situ\u00e9s au :<\/h4>\n<\/td>\n<td valign=\"top\" width=\"48%\">Soci\u00e9t\u00e9 canadienne de psychologie<!----141, avenue\u00a0Laurier\u00a0ouest, bureau 702 Ottawa, Ontario \u00a0 K1P 5J3 ----><br \/>\n1101 promenade Prince of Wales, bureau #230<br \/>\nOttawa, ON\u00a0 K2C 3W7<\/td>\n<\/tr>\n<tr>\n<td valign=\"top\" width=\"46%\">\n<h4 style=\"text-align: right; margin-block-start: 0;\">Vous pouvez nous joindre par<br \/>\nt\u00e9l\u00e9phone ou par\u00a0courriel :<\/h4>\n<\/td>\n<td valign=\"top\" width=\"48%\">T\u00e9l : 613-237-2144<br \/>\nNum\u00e9ro sans frais: 1-888-472-0657<br \/>\n<a href=\"mailto:cpa@cpa.ca\">Courriel<\/a><\/td>\n<\/tr>\n<tr>\n<td colspan=\"2\" valign=\"top\"><strong>Note:<\/strong>\u00a0Le bo\u00eete de courriel de la chef de direction n\u2019est pas confidentielles. Si vous d\u00e9sirez communiquer avec elle ou avec d\u2019autres membres du personnel pour des questions confidentielles, nous vous sugg\u00e9rons de vous adresser directement \u00e0 ces personnes par t\u00e9l\u00e9phone.<\/td>\n<\/tr>\n<\/tbody>\n<\/table>\n<p><center><img decoding=\"async\" style=\"max-width: 800px;\" src=\"\/images\/CPA-Email-Signature-2025-Final.png\" alt=\"CPA new offices\" \/><\/center><\/p>\n<div style=\"border: thin gray solid; padding: 10px;\">La Soci\u00e9t\u00e9 canadienne de psychologie (SCP) reconna\u00eet respectueusement que son si\u00e8ge social et son personnel sont situ\u00e9s sur le territoire traditionnel non c\u00e9d\u00e9 du peuple anishinab\u00e9 algonquin. La SCP est une association qui s\u2019est engag\u00e9e \u00e0 \u00eatre responsable vis-\u00e0-vis des peuples autochtones par l\u2019interm\u00e9diaire de sa r\u00e9ponse au <a href=\"https:\/\/cpa.ca\/docs\/File\/Task_Forces\/TRC_TaskForceReport_FINAL_FR.pdf\" target=\"_blank\" rel=\"noopener\">rapport de la Commission de v\u00e9rit\u00e9 et r\u00e9conciliation du Canada (CVR)<\/a>.<\/div>\n<p>&nbsp;<\/p>\n<div style=\"display: XNONE;\">\n<h2 class=\"title\">Employ\u00e9s<\/h2>\n<h3>Bureau de la direction<\/h3>\n<table class=\"tablenoborder\" style=\"padding-left: 50px;\" border=\"0\" summary=\"\" width=\"850\" cellspacing=\"5\" cellpadding=\"7\">\n<tbody>\n<tr>\n<td valign=\"top\" width=\"31%\">\n<h4>Chef de la direction<\/h4>\n<p><a href=\"mailto:executiveoffice@cpa.ca\">Courriel<\/a>\u00a0|\u00a0T\u00e9l. poste 1323<\/td>\n<td valign=\"top\" width=\"31%\">\n<h4>Directrice de la science<\/h4>\n<p><a href=\"mailto:science@cpa.ca\">Courriel<\/a> | T\u00e9l. poste 1344<\/td>\n<td valign=\"top\" width=\"31%\">\n<h4>Adjointe au bureau de la direction<\/h4>\n<p><a href=\"mailto:executiveoffice@cpa.ca\">Courriel<\/a>\u00a0|\u00a0T\u00e9l. poste 1323<\/td>\n<\/tr>\n<tr>\n<td valign=\"top\" width=\"31%\">\n<h4>Gestionnaire, Gouvernance<\/h4>\n<p><a href=\"mailto:governance@cpa.ca\">Courriel<\/a>\u00a0|\u00a0T\u00e9l. poste 1339<\/td>\n<td valign=\"top\" width=\"31%\">\n<h4>Agent d&#8217;\u00e9thique<\/h4>\n<p><a href=\"mailto:ethics@cpa.ca\">Courriel<\/a>\u00a0|\u00a0T\u00e9l. poste 1260<\/td>\n<td valign=\"top\" width=\"31%\">\n<h4>Directeur, Affaires professionelles<\/h4>\n<p><a href=\"mailto:ethics@cpa.ca\">Courriel<\/a>\u00a0|\u00a0T\u00e9l. poste 1333<\/td>\n<\/tr>\n<tr>\n<td valign=\"top\" width=\"31%\">\n<h4>Directeur des finances<\/h4>\n<p><a href=\"mailto:Finance@cpa.ca\">Courriel<\/a>\u00a0|\u00a0T\u00e9l. poste 1329<\/td>\n<td valign=\"top\" width=\"31%\">\n<h4>Coordonnatrice des finances<\/h4>\n<p><a href=\"mailto:finance@cpa.ca\">Courriel<\/a>\u00a0|\u00a0T\u00e9l. poste 1327<\/td>\n<td valign=\"top\" width=\"31%\"><\/td>\n<\/tr>\n<\/tbody>\n<\/table>\n<h3>Agr\u00e9ment et perfectionnement professionnel<\/h3>\n<table class=\"tablenoborder\" style=\"padding-left: 50px;\" border=\"0\" summary=\"\" width=\"850\" cellspacing=\"5\" cellpadding=\"7\">\n<tbody>\n<tr>\n<td valign=\"top\" width=\"31%\">\n<h4>Registraire de l&#8217;agr\u00e9ment<\/h4>\n<p><a href=\"mailto:accreditation@cpa.ca\">Courriel<\/a>\u00a0|\u00a0T\u00e9l. poste 1333<\/td>\n<td valign=\"top\" width=\"31%\">\n<h4>Adjointe de l&#8217;agr\u00e9ment<\/h4>\n<p><a href=\"mailto:accreditationoffice@cpa.ca\">Courriel<\/a>\u00a0|\u00a0T\u00e9l. poste 1334<\/td>\n<td valign=\"top\" width=\"31%\"><\/td>\n<\/tr>\n<tr>\n<td valign=\"top\" width=\"31%\">\n<h4>Directeur, formation et en perfectionnement professionnel<\/h4>\n<p><a href=\"mailto:education@cpa.ca\">Email<\/a>\u00a0|\u00a0Tel. poste 1328<\/td>\n<td valign=\"top\" width=\"31%\"><\/td>\n<td valign=\"top\" width=\"31%\"><\/td>\n<\/tr>\n<\/tbody>\n<\/table>\n<h3>Services aux membres et Congr\u00e8s<\/h3>\n<table class=\"tablenoborder\" style=\"padding-left: 50px;\" border=\"0\" summary=\"\" width=\"850\" cellspacing=\"5\" cellpadding=\"7\">\n<tbody>\n<tr>\n<td valign=\"top\" width=\"31%\">\n<h4>Directrice de marketing, d\u2019adh\u00e9sion et communications<\/h4>\n<p><a href=\"mailto:MembershipDirector@cpa.ca\">Email<\/a>\u00a0|\u00a0Tel. poste 1335<\/td>\n<td valign=\"top\" width=\"31%\">\n<h4>Responsable des partenaires, des sections et de l\u2019adh\u00e9sion<\/h4>\n<p><a href=\"mailto:assocdev@cpa.ca\">Courriel<\/a>\u00a0|\u00a0T\u00e9l. poste 1325<\/td>\n<td valign=\"top\" width=\"31%\">\n<h4>Coordinatrice des donn\u00e9es et des services d\u2019adhesion<\/h4>\n<p><a href=\"mailto:membership@cpa.ca\">Email<\/a>\u00a0|\u00a0Tel. poste 1324<\/td>\n<\/tr>\n<tr>\n<td valign=\"top\" width=\"31%\">\n<h4>Directrice, \u00c9v\u00e9nements<\/h4>\n<p><a href=\"mailto:conventionmanager@cpa.ca\">Email<\/a>\u00a0|\u00a0T\u00e9l. poste 1331<\/td>\n<td valign=\"top\">\n<h4>Sp\u00e9cialiste en \u00e9v\u00e9nements<\/h4>\n<p><a href=\"mailto:convention@cpa.ca\">Courriel <\/a>| T\u00e9l. poste 1338<\/td>\n<td valign=\"top\"><\/td>\n<\/tr>\n<\/tbody>\n<\/table>\n<h3>Sections<\/h3>\n<table class=\"tablenoborder\" style=\"padding-left: 50px;\" border=\"0\" summary=\"\" width=\"850\" cellspacing=\"5\" cellpadding=\"7\">\n<tbody>\n<tr>\n<td valign=\"top\" width=\"31%\">\n<h4>Administration des sections<\/h4>\n<p><a href=\"mailto:sections@cpa.ca\">Email<\/a> | Tel. poste 1325<\/td>\n<td><\/td>\n<td><\/td>\n<\/tr>\n<\/tbody>\n<\/table>\n<h3>Publications et publicit\u00e9<\/h3>\n<table class=\"tablenoborder\" style=\"padding-left: 50px;\" border=\"0\" summary=\"\" width=\"850\" cellspacing=\"5\" cellpadding=\"7\">\n<tbody>\n<tr>\n<td valign=\"top\" width=\"31%\">\n<h4>Publicit\u00e9<\/h4>\n<p><a href=\"mailto:advertising@cpa.ca\">Courriel<\/a>\u00a0|\u00a0T\u00e9l. poste 1325<\/td>\n<td valign=\"top\" width=\"31%\">\n<h4>Directrice des services de r\u00e9daction, Revues de la SCP<!--Managing Editor, CPA Journals--><\/h4>\n<p><a href=\"mailto:CPAjournals@cpa.ca\">Courriel<\/a>\u00a0|\u00a0T\u00e9l. poste 1323<\/td>\n<td valign=\"top\" width=\"31%\">\n<h4>Directrice des services de r\u00e9vision, Psynopsis<\/h4>\n<p><a href=\"mailto:psynopsis@cpa.ca\">Courriel<\/a>\u00a0|\u00a0T\u00e9l. poste 1323<\/td>\n<\/tr>\n<\/tbody>\n<\/table>\n<h3>M\u00e9dias et Relations gouvernementales<\/h3>\n<table class=\"tablenoborder\" style=\"padding-left: 50px;\" border=\"0\" summary=\"\" width=\"850\" cellspacing=\"5\" cellpadding=\"7\">\n<tbody>\n<tr>\n<td valign=\"top\" width=\"31%\">\n<h4>Conseiller principal en politique et affaires publiques<\/h4>\n<p><a href=\"mailto:publicaffairs@cpa.ca\">Courriel<\/a>\u00a0|\u00a0T\u00e9l. poste 1323<\/td>\n<td valign=\"top\" width=\"31%\">\n<h4>Contact pour les m\u00e9dias<\/h4>\n<p><a href=\"mailto:media@cpa.ca\">Courriel<\/a>\u00a0|\u00a0T\u00e9l. poste 1337<\/td>\n<td valign=\"top\" width=\"31%\">\n<h4>Communications Specialist<\/h4>\n<p><a href=\"mailto:media@cpa.ca\">Email<\/a>\u00a0|\u00a0Tel. poste 1337<\/td>\n<\/tr>\n<\/tbody>\n<\/table>\n<h3>Informatique et site web<\/h3>\n<table class=\"tablenoborder\" style=\"padding-left: 50px;\" border=\"0\" summary=\"\" width=\"850\" cellspacing=\"5\" cellpadding=\"7\">\n<tbody>\n<tr>\n<td valign=\"top\" width=\"62%\">\n<h4>Webmestre et Gouvernance des services informatiques<\/h4>\n<p><a href=\"mailto:webmaster@cpa.ca\">Courriel<\/a><\/td>\n<td valign=\"top\" width=\"31%\"><\/td>\n<\/tr>\n<\/tbody>\n<\/table>\n<p><!------------------- CONTACT FORM ------------\n\n\n<div id=\"mf_placeholder\" data-formurl=\"\/\/cpa.ca\/machform\/embed.php?id=151954\" data-formheight=\"767\" data-formtitle=\"Contactez la SCP\" data-paddingbottom=\"10\"><\/div>\n\n\n<script>\n\t(function(f,o,r,m){\n\t\tr=f.createElement('script');r.async=1;r.src=o+'js\/mf.js';\n\t\tm=f.getElementById('mf_placeholder'); m.parentNode.insertBefore(r, m);\n\t})(document,'\/\/cpa.ca\/machform\/');\n<\/script><\/div>\n\n\n------------------ CONTACT FORM --------------><\/p>\n<p><!---------\n\n\n<h2 class=\"title\">Visitez le si\u00e8ge social de la SCP<\/h2>\n\n\n\n\n<div style=\"text-align: center;\">\n\n\n<div style=\"display: inline-block; padding: 10px; text-align: center; max-width: 800px;\"><img decoding=\"async\" style=\"padding: 10px;\" src=\"https:\/\/cpa.ca\/docs\/Image\/Photos\/cpa_office_1_entrance_thumb.jpg\" alt=\"CPA Office Entrance\" border=\"0\" \/><img decoding=\"async\" style=\"padding: 10px;\" src=\"\/\/cpa.ca\/docs\/Image\/Photos\/cpa_office_2_entrance_thumb.jpg\" alt=\"CPA Office Entrance\" border=\"0\" \/><img decoding=\"async\" style=\"padding: 10px;\" src=\"\/\/cpa.ca\/docs\/Image\/Photos\/cpa_office_3_boardroom_thumb.jpg\" alt=\"CPA Office Boardroom\" border=\"0\" \/><img decoding=\"async\" style=\"padding: 10px;\" src=\"\/\/cpa.ca\/docs\/Image\/Photos\/cpa_office_4_hallway_thumb.jpg\" alt=\"CPA Office Hallway\" border=\"0\" \/><img decoding=\"async\" style=\"padding: 10px;\" src=\"\/\/cpa.ca\/docs\/Image\/Photos\/cpa_office_5_office_thumb.jpg\" alt=\"CPA Office\" border=\"0\" \/><img decoding=\"async\" style=\"padding: 10px;\" src=\"\/\/cpa.ca\/docs\/Image\/Photos\/cpa_office_6_ceo_thumb.jpg\" alt=\"CPA CEO Office\" border=\"0\" \/><img decoding=\"async\" style=\"padding: 10px;\" src=\"\/\/cpa.ca\/docs\/Image\/Photos\/cpa_office_7_boardroom_thumb.jpg\" alt=\"CPA Office Boardroom\" border=\"0\" \/><\/div>\n\n\n<\/div>\n\n\n--------><\/p>\n<h2 class=\"title\">Des probl\u00e8mes?<\/h2>\n<p>Pour tout probl\u00e8me technique (p.ex. liens rompus, pages web qui ne s&#8217;affichent pas), communiquez avec le <a href=\"mailto:webmaster@cpa.ca\">Webmestre<\/a>.<\/p>\n<p>&nbsp;<\/p>\n<\/div>\n","protected":false},"excerpt":{"rendered":"<p><!--more--><\/p>\n","protected":false},"author":1,"featured_media":0,"parent":0,"menu_order":0,"comment_status":"closed","ping_status":"closed","template":"templates\/no-sidebar.php","meta":{"_acf_changed":false,"_monsterinsights_skip_tracking":false,"_monsterinsights_sitenote_active":false,"_monsterinsights_sitenote_note":"","_monsterinsights_sitenote_category":0,"footnotes":""},"class_list":["post-1286","page","type-page","status-publish","hentry"],"acf":[],"aioseo_notices":[],"publishpress_future_workflow_manual_trigger":{"enabledWorkflows":[]},"_links":{"self":[{"href":"https:\/\/cpa.ca\/fr\/wp-json\/wp\/v2\/pages\/1286","targetHints":{"allow":["GET"]}}],"collection":[{"href":"https:\/\/cpa.ca\/fr\/wp-json\/wp\/v2\/pages"}],"about":[{"href":"https:\/\/cpa.ca\/fr\/wp-json\/wp\/v2\/types\/page"}],"author":[{"embeddable":true,"href":"https:\/\/cpa.ca\/fr\/wp-json\/wp\/v2\/users\/1"}],"replies":[{"embeddable":true,"href":"https:\/\/cpa.ca\/fr\/wp-json\/wp\/v2\/comments?post=1286"}],"version-history":[{"count":6,"href":"https:\/\/cpa.ca\/fr\/wp-json\/wp\/v2\/pages\/1286\/revisions"}],"predecessor-version":[{"id":44175,"href":"https:\/\/cpa.ca\/fr\/wp-json\/wp\/v2\/pages\/1286\/revisions\/44175"}],"wp:attachment":[{"href":"https:\/\/cpa.ca\/fr\/wp-json\/wp\/v2\/media?parent=1286"}],"curies":[{"name":"wp","href":"https:\/\/api.w.org\/{rel}","templated":true}]}}