{"id":1302,"date":"2018-03-19T20:00:10","date_gmt":"2018-03-20T00:00:10","guid":{"rendered":"https:\/\/cpa.ca\/aproposdelascp\/cpaawards\/"},"modified":"2026-03-25T09:10:14","modified_gmt":"2026-03-25T13:10:14","slug":"prixdelascp","status":"publish","type":"page","link":"https:\/\/cpa.ca\/fr\/aproposdelascp\/prixdelascp\/","title":{"rendered":"Prix de la SCP"},"content":{"rendered":"<p><!--------<img decoding=\"async\" class=\"aligncenter\" style=\"max-width: 90%; border: thin gray solid;\" src=\"https:\/\/cpa.ca\/docs\/File\/Awards\/Fellow-and-Awards-Banner-2025-FR.png\" alt=\"Prix de la SCP 2025\" \/><span data-mce-type=\"bookmark\" style=\"display: inline-block; width: 0px; overflow: hidden; line-height: 0;\" class=\"mce_SELRES_start\"><\/span><span data-mce-type=\"bookmark\" style=\"display: inline-block; width: 0px; overflow: hidden; line-height: 0;\" class=\"mce_SELRES_start\"><\/span>-----><!--------<a href=\"https:\/\/cpa.ca\/docs\/File\/Awards\/CPA Awards One Pager-FR-2026-Final.pdf\" target=\"_blank\" rel=\"noopener\"><img decoding=\"async\" class=\"aligncenter\" style=\"max-width: 90%; border: thin gray solid;\" src=\"https:\/\/cpa.ca\/docs\/File\/Awards\/2026-AWARDS-SM-Web-Banner-FR.jpg\" alt=\"Prix de la SCP 2026\" \/><\/a>\n\n<a href=\"https:\/\/cpa.ca\/docs\/File\/Awards\/CPA Awards One Pager-FR-2026-Final.pdf\" target=\"_blank\" rel=\"noopener\">CPA Awards One Pager-FR-2026-Final.pdf<\/a>-----><!--------\nDescription du prix et crit\u00e8res d\u2019\u00e9ligibilit\u00e9: <a href=\"https:\/\/cpa.ca\/fr\/aproposdelascp\/prixdelascp\/descriptiondesprixdelascp\/\">cpa.ca\/fr\/aproposdelascp\/prixdelascp\/descriptiondesprixdelascp<\/a>\nProc\u00e9dures de nomination: <a href=\"https:\/\/cpa.ca\/fr\/aproposdelascp\/prixdelascp\/modalitsdemiseencandidature\/\">cpa.ca\/fr\/aproposdelascp\/prixdelascp\/modalitsdemiseencandidature\/<\/a>\n-----><!--------\nPrix du nouveau chercheur d\u00e9cern\u00e9 par le president : <a href=\"https:\/\/cpa.ca\/fr\/aproposdelascp\/prixdelascp\/prixdupresident\/\"><span data-mce-type=\"bookmark\" style=\"display: inline-block; width: 0px; overflow: hidden; line-height: 0;\" class=\"mce_SELRES_start\"><\/span>https:\/\/cpa.ca\/fr\/aproposdelascp\/prixdelascp\/prixdupresident\/<\/a>\nToutes les autres prix : <a href=\"https:\/\/cpa.ca\/fr\/aproposdelascp\/prixdelascp\/descriptiondesprixdelascp\/\">https:\/\/cpa.ca\/fr\/aproposdelascp\/prixdelascp\/descriptiondesprixdelascp\/<\/a>\n\n<strong>Ouverture des candidatures : 2 janvier 2026<\/strong>\n<strong>Date limite de pr\u00e9sentation des candidatures : 31 janvier 2026<\/strong>\n--><!---------\n[cptui cptui_posttype=\"post\" cptui_shortcode=\"default_shortcode\" cptui_shortcode_id=\"378\" title=\"\" order_by=\"date\" order=\"DESC\" taxonomy-category=\"awards-fr\"][\/cptui]\n\n\n\n<hr \/>\n\n\n----><\/p>\n<h3>2026 CPA Fellows and Award Recipients \/<br \/>\nLes r\u00e9cipiendaires des Prix et Fellows de la SCP 2026<\/h3>\n<h4>CPA Gold Medal Award for Distinguished Lifetime Contributions to Canadian Psychology\/ Prix de la m\u00e9daille d\u2019or pour contributions remarquables \u00e0 la psychologie canadienne au cours de l\u2019ensemble de la carri\u00e8re:<\/h4>\n<ul>\n<li>Dr. Janel Gauthier<\/li>\n<\/ul>\n<h4>CPA John C. Service Member of the Year Award \/ Prix John C. Service pour le membre de l\u2019ann\u00e9e:<\/h4>\n<ul>\n<li>Dr. Lesley Graff and Dr. Sean Kidd<\/li>\n<\/ul>\n<h4>CPA Donald O. Hebb Award for Distinguished Contributions to Psychology as a Science\/ Prix Donald O. Hebb pour contributions remarquables \u00e0 la psychologie en tant que science:<\/h4>\n<ul>\n<li>Dr. Penny Pexman<\/li>\n<\/ul>\n<h4>CPA Award for Distinguished Contributions to Psychology as a Profession\/ Prix professionnel pour contributions remarquables \u00e0 la psychologie en tant que profession:<\/h4>\n<ul>\n<li>Dr. Heather Hadjistavropoulos<\/li>\n<\/ul>\n<h4>CPA Award for Distinguished Contributions to Education and Training in Psychology in Canada\/ Prix pour contributions remarquables \u00e0 l\u2019\u00e9ducation et la formation de la psychologie au Canada:<\/h4>\n<ul>\n<li>Dr. Jeffrey Ansloos<\/li>\n<\/ul>\n<h4>CPA Award for Distinguished Contributions to the International Advancement of Psychology \/ Prix pour contributions remarquables \u00e0 l\u2019avancement international de la psychologie\u00a0:<\/h4>\n<ul>\n<li>Dr. David Dozois<\/li>\n<\/ul>\n<h4>CPA Award for Public, Community Service and Human Rights and Social Justice in Psychology\/ Prix pour contributions remarquables au service public ou communautaire, \u00e0 la justice sociale et aux droits de la personne en psychologie:<\/h4>\n<ul>\n<li>Dr.\u00a0Katherine Starzyk<\/li>\n<\/ul>\n<h4>CPA President\u2019s New Researcher Award\/ Prix du nouveau chercheur d\u00e9cern\u00e9 par le pr\u00e9sident de la SCP:<\/h4>\n<ul>\n<li>Dr.\u00a0Audrey-Ann Deneault<\/li>\n<li>Dr.\u00a0Sharon\u00a0Hou<\/li>\n<li>Dr.\u00a0Sabrina Syan<\/li>\n<\/ul>\n<h4>The 2026 Elected Fellows\/ Fellows \u00e9lus en 2026:<\/h4>\n<ul>\n<li>Dr.\u00a0Christopher Bowie<\/li>\n<li>Dr.\u00a0Mary Ann Campbell<\/li>\n<li>Dr.\u00a0Jacqueline Cohen<\/li>\n<li>Dr.\u00a0Kim Corace<\/li>\n<li>Dr.\u00a0Penny Corkum<\/li>\n<li>Dr.\u00a0Karen Dyck<\/li>\n<li>Dr.\u00a0Sheila Garland<\/li>\n<li>Dr.\u00a0Ivona Hideg<\/li>\n<li>Dr.\u00a0Lindsay McCunn<\/li>\n<li>Dr.\u00a0Martin Provencher<\/li>\n<li>Dr.\u00a0Christine Purdon<\/li>\n<li>Dr.\u00a0Christina Rinaldi<\/li>\n<li>Dr.\u00a0Elisa Romano<\/li>\n<li>Dr.\u00a0Saba Safdar<\/li>\n<li>Dr.\u00a0Katherine Starzyk<\/li>\n<\/ul>\n<hr \/>\n<p><!--------\n\n\n<h3>2025 CPA Fellows and Award Recipients \/ Les r\u00e9cipiendaires des Prix et Fellows de la SCP 2025<\/h3>\n\n\n\n\n<h4>CPA Gold Medal Award for Distinguished Lifetime Contributions to Canadian Psychology\/ Prix de la m\u00e9daille d\u2019or pour contributions remarquables \u00e0 la psychologie canadienne au cours de l\u2019ensemble de la carri\u00e8re:<\/h4>\n\n\n\n\n<ul>\n \t\n\n<li>Dr. Sandra Byers<\/li>\n\n\n<\/ul>\n\n\n\n\n<h4>CPA John C. Service Member the Year Award \/ Prix John C. Service pour le membre de l\u2019ann\u00e9e:<\/h4>\n\n\n\n\n<ul>\n \t\n\n<li>Dr. Sam Mikail<\/li>\n\n\n<\/ul>\n\n\n\n\n<h4>CPA Donald O. Hebb Award for Distinguished Contributions to Psychology as a Science\/ Prix Donald O. Hebb pour contributions remarquables \u00e0 la psychologie en tant que science:<\/h4>\n\n\n\n\n<ul>\n \t\n\n<li>Dr. Candice Monson<\/li>\n\n\n<\/ul>\n\n\n\n\n<h4>CPA Award for Distinguished Contributions to Psychology as a Profession\/ Prix professionnel pour contributions remarquables \u00e0 la psychologie en tant que profession:<\/h4>\n\n\n\n\n<ul>\n \t\n\n<li>Dr. Nicholas Carleton<\/li>\n\n\n<\/ul>\n\n\n\n\n<h4>CPA Award for Distinguished Contributions to Education and Training in Psychology in Canada\/ Prix pour contributions remarquables \u00e0 l\u2019\u00e9ducation et la formation de la psychologie au Canada:<\/h4>\n\n\n\n\n<ul>\n \t\n\n<li>Dr. Sara Hagstrom<\/li>\n\n\n<\/ul>\n\n\n\n\n<h4>CPA Award for Distinguished Contributions to the International Advancement of Psychology \/ Prix pour contributions remarquables \u00e0 l\u2019avancement international de la psychologie\u00a0:<\/h4>\n\n\n\n\n<ul>\n \t\n\n<li>Dr. Patrick McGrath<\/li>\n\n\n<\/ul>\n\n\n\n\n<h4>CPA Award for Public, Community Service and Human Rights and Social Justice in Psychology\/ Prix pour contributions remarquables au service public ou communautaire, \u00e0 la justice sociale et aux droits de la personne en psychologie:<\/h4>\n\n\n\n\n<ul>\n \t\n\n<li>Dr. Anusha Kassan<\/li>\n\n\n<\/ul>\n\n\n\n\n<h4>CPA Humanitarian Award\/ Prix pour r\u00e9alisation humanitaire:<\/h4>\n\n\n\n\n<ul>\n \t\n\n<li>Gemma Hickey<\/li>\n\n\n<\/ul>\n\n\n\n\n<h4>CPA President\u2019s New Researcher Award\/ Prix du nouveau chercheur d\u00e9cern\u00e9 par le pr\u00e9sident de la SCP:<\/h4>\n\n\n\n\n<ul>\n \t\n\n<li>Dr. Zhanna Lyubykh<\/li>\n\n\n \t\n\n<li>Dr. Ryan Persram<\/li>\n\n\n<\/ul>\n\n\n\n\n<h4>The 2025 Elected Fellows\/ Fellows \u00e9lus en 2025:<\/h4>\n\n\n\n\n<ul>\n \t\n\n<li>Dr. Stephanie Cassin<\/li>\n\n\n \t\n\n<li>Dr. Alexandra Fiocco<\/li>\n\n\n \t\n\n<li>Dr. Shelley Goodwin<\/li>\n\n\n \t\n\n<li>Dr. Sheryl Green<\/li>\n\n\n \t\n\n<li>Dr. Andrea Piotrowski<\/li>\n\n\n \t\n\n<li>Dr. Deborah Powell<\/li>\n\n\n \t\n\n<li>Dr. Kerri Ritchie<\/li>\n\n\n \t\n\n<li>Dr. Anthony Ruocco<\/li>\n\n\n \t\n\n<li>Dr. Winny Shen<\/li>\n\n\n \t\n\n<li>Dr. Maggie Toplak<\/li>\n\n\n<\/ul>\n\n\n----------------------------------><\/p>\n<h3>CONGRATULATIONS TO ALL!\u00a0F\u00c9LICITATIONS \u00c0 TOUS ET \u00c0 TOUTES!<\/h3>\n","protected":false},"excerpt":{"rendered":"<p><!--more--><\/p>\n","protected":false},"author":2,"featured_media":0,"parent":907,"menu_order":0,"comment_status":"closed","ping_status":"closed","template":"","meta":{"_acf_changed":false,"_monsterinsights_skip_tracking":false,"_monsterinsights_sitenote_active":false,"_monsterinsights_sitenote_note":"","_monsterinsights_sitenote_category":0,"footnotes":""},"class_list":["post-1302","page","type-page","status-publish","hentry"],"acf":[],"aioseo_notices":[],"publishpress_future_workflow_manual_trigger":{"enabledWorkflows":[]},"_links":{"self":[{"href":"https:\/\/cpa.ca\/fr\/wp-json\/wp\/v2\/pages\/1302","targetHints":{"allow":["GET"]}}],"collection":[{"href":"https:\/\/cpa.ca\/fr\/wp-json\/wp\/v2\/pages"}],"about":[{"href":"https:\/\/cpa.ca\/fr\/wp-json\/wp\/v2\/types\/page"}],"author":[{"embeddable":true,"href":"https:\/\/cpa.ca\/fr\/wp-json\/wp\/v2\/users\/2"}],"replies":[{"embeddable":true,"href":"https:\/\/cpa.ca\/fr\/wp-json\/wp\/v2\/comments?post=1302"}],"version-history":[{"count":6,"href":"https:\/\/cpa.ca\/fr\/wp-json\/wp\/v2\/pages\/1302\/revisions"}],"predecessor-version":[{"id":46750,"href":"https:\/\/cpa.ca\/fr\/wp-json\/wp\/v2\/pages\/1302\/revisions\/46750"}],"up":[{"embeddable":true,"href":"https:\/\/cpa.ca\/fr\/wp-json\/wp\/v2\/pages\/907"}],"wp:attachment":[{"href":"https:\/\/cpa.ca\/fr\/wp-json\/wp\/v2\/media?parent=1302"}],"curies":[{"name":"wp","href":"https:\/\/api.w.org\/{rel}","templated":true}]}}