{"id":1305,"date":"2018-03-20T00:31:23","date_gmt":"2018-03-20T04:31:23","guid":{"rendered":"https:\/\/cpa.ca\/?page_id=1305"},"modified":"2026-01-15T15:22:49","modified_gmt":"2026-01-15T20:22:49","slug":"reglementsgeneraux","status":"publish","type":"page","link":"https:\/\/cpa.ca\/fr\/aproposdelascp\/reglementsgeneraux\/","title":{"rendered":"R\u00e8glements administratifs"},"content":{"rendered":"<p>Il est recommand\u00e9 de r\u00e9viser les r\u00e8glements administratifs tous les deux \u00e0 cinq ans afin de s\u2019assurer qu\u2019ils sont \u00e0 jour, qu\u2019ils rendent compte fid\u00e8lement des activit\u00e9s de l\u2019organisation et qu\u2019ils sont conformes aux lois et r\u00e8glements applicables. La derni\u00e8re r\u00e9vision des r\u00e8glements administratifs de la SCP remonte \u00e0 2018. En 2023, la SCP a entrepris un examen de ses politiques de gouvernance et de ses r\u00e8gles de fonctionnement; ceux-ci ont \u00e9t\u00e9 mis \u00e0 jour et approuv\u00e9s par le conseil d\u2019administration de la SCP en juin 2024. Par la suite, le conseiller juridique de la SCP a examin\u00e9 les r\u00e8glements administratifs de la SCP pour veiller \u00e0 ce que tous les documents soient harmonis\u00e9s et conformes. <\/p>\n<p>Ci-dessous, les r\u00e8glements administratifs de la SCP, approuv\u00e9s par le conseil d\u2019administration et les membres de la SCP en d\u00e9cembre 2025.<\/p>\n<h4><a href=\"\/docs\/File\/Governance\/CPA By-laws - December 2025 FINAL_FR.pdf\" target=\"_blank\" rel=\"noopener noreferrer\">R\u00e8glements administratifs de la SCP (PDF)<\/a> &#8211; decembre 2025<\/h4>\n<p>&nbsp;<\/p>\n<hr \/>\n<p>&nbsp;<\/p>\n","protected":false},"excerpt":{"rendered":"<p><!--more--><\/p>\n","protected":false},"author":2,"featured_media":0,"parent":907,"menu_order":0,"comment_status":"closed","ping_status":"closed","template":"","meta":{"_acf_changed":false,"_monsterinsights_skip_tracking":false,"_monsterinsights_sitenote_active":false,"_monsterinsights_sitenote_note":"","_monsterinsights_sitenote_category":0,"footnotes":""},"class_list":["post-1305","page","type-page","status-publish","hentry"],"acf":[],"aioseo_notices":[],"publishpress_future_workflow_manual_trigger":{"enabledWorkflows":[]},"_links":{"self":[{"href":"https:\/\/cpa.ca\/fr\/wp-json\/wp\/v2\/pages\/1305","targetHints":{"allow":["GET"]}}],"collection":[{"href":"https:\/\/cpa.ca\/fr\/wp-json\/wp\/v2\/pages"}],"about":[{"href":"https:\/\/cpa.ca\/fr\/wp-json\/wp\/v2\/types\/page"}],"author":[{"embeddable":true,"href":"https:\/\/cpa.ca\/fr\/wp-json\/wp\/v2\/users\/2"}],"replies":[{"embeddable":true,"href":"https:\/\/cpa.ca\/fr\/wp-json\/wp\/v2\/comments?post=1305"}],"version-history":[{"count":6,"href":"https:\/\/cpa.ca\/fr\/wp-json\/wp\/v2\/pages\/1305\/revisions"}],"predecessor-version":[{"id":45807,"href":"https:\/\/cpa.ca\/fr\/wp-json\/wp\/v2\/pages\/1305\/revisions\/45807"}],"up":[{"embeddable":true,"href":"https:\/\/cpa.ca\/fr\/wp-json\/wp\/v2\/pages\/907"}],"wp:attachment":[{"href":"https:\/\/cpa.ca\/fr\/wp-json\/wp\/v2\/media?parent=1305"}],"curies":[{"name":"wp","href":"https:\/\/api.w.org\/{rel}","templated":true}]}}