{"id":13083,"date":"2020-04-16T14:31:05","date_gmt":"2020-04-16T18:31:05","guid":{"rendered":"https:\/\/cpa.ca\/corona-virus\/cpa-covid-19-resources\/"},"modified":"2021-03-24T09:38:59","modified_gmt":"2021-03-24T13:38:59","slug":"cpa-covid-19-resources","status":"publish","type":"page","link":"https:\/\/cpa.ca\/fr\/corona-virus\/cpa-covid-19-resources\/","title":{"rendered":"Fiches d\u2019information de la SCP et ressources sur la COVID-19"},"content":{"rendered":"<style type=\"text\/css\" scoped=\"\">\t\n.cptui-entry { \t\n\twidth: 100%; border-width: 2px; border-style: solid; border-color: #a82f2a; border-radius: 5px; display:inline-block; margin: 0 0 2.0rem; padding: 0 0 2.0rem;\n\t}\n.cptui-entry {\t\n\tmargin: 0 0 2.0rem;\n\t}\ndiv.cptui-entry-header {\t\n\tbackground-color: #a82f2a  !important; background-image: none; color: white; font-family:'OpenSans-Bold',Calibri,Arial,Helvetica,Verdana,sans-serif; border-top-left-radius: 5px;   border-top-right-radius: 5px; padding-left:5px; padding-right:5px;\n\t}\n.cptui-entry-header a {\t\n\tcolor:white;\n\t}\n.cptui-entry-summary{\t\n\tpadding-left:5px; padding-right:5px;\n\t}\n.cptui-shortcode {\t\n\tpadding: 10px;\n\t}\nh4 {\t\n\tdisplay:inline-block;\n\t}\n<\/style>\n<div id=\"cptui\" class=\"cptui-shortcode default-shortcode cptui-shortcode-378\">\n\t\n\t\t<div id=\"cptui-18742\" class=\"cptui-entry post-18742 post type-post status-publish format-standard hentry category-advocacyfr category-advocacy3fr category-covid19cpafr\">\n\n\t\t\t\n\t\t\t<div class=\"cptui-entry-header\">\n\n\t\t\t\t\n\t\t\t\t<h4 class=\"cptui-entry-title\"><a class=\"cptui-link\" href=\"https:\/\/cpa.ca\/fr\/strong-majority-of-canadians-want-improved-access-to-psychologists\/\">La forte majorit\u00e9 des Canadiens veulent avoir un meilleur acc\u00e8s aux psychologues (janvier 2021)<\/a><\/h4>\n\n\t\t\t\t\n\t\t\t<\/div><!-- .cptui-entry-header -->\n\n\t\t\t<div class=\"cptui-entry-summary\">\n\n\t\t\t\t\n\t\t\t\t<p>La SCP, en collaboration avec le <a target=\"_blank\" href=\"https:\/\/cpap-cspp.ca\/\" rel=\"noopener noreferrer\">Conseil des soci\u00e9t\u00e9s professionnelles de psychologues<\/a> (CSPP), a demand\u00e9 \u00e0 Nanos Research d\u2019effectuer un sondage aupr\u00e8s de plus de<br \/>\n3 000 Canadiens afin de mieux comprendre comment ceux-ci per\u00e7oivent le r\u00f4le de la psychologie, les obstacles et les solutions \u00e0 l\u2019acc\u00e8s aux soins et la qualit\u00e9 des soins qu\u2019ils re\u00e7oivent. Voir le <a href=\"https:\/\/cpa.ca\/fr\/strong-majority-of-canadians-want-improved-access-to-psychologists\">communiqu\u00e9 de presse<br \/>\net les r\u00e9sultats du sondage<\/a>.<\/p>\n<hr>\n\n\t\t\t\t\n\t\t\t<\/div><!-- .cptui-entry-summary -->\n\n\t\t<\/div><!-- #cptui-xxxxx .cptui-entry -->\n\n\t\t\n\t\t<div id=\"cptui-19099\" class=\"cptui-entry post-19099 post type-post status-publish format-standard hentry category-covid19cpafr category-covid19fr\">\n\n\t\t\t\n\t\t\t<div class=\"cptui-entry-header\">\n\n\t\t\t\t\n\t\t\t\t<h4 class=\"cptui-entry-title\"><a class=\"cptui-link\" href=\"https:\/\/cpa.ca\/fr\/4-pandemic-december-how-to-stay-connected-and-resilient-in-a-covid-19-holiday-season\/\">Pandemic December: How to stay connected and resilient in a COVID-19 holiday season<\/a><\/h4>\n\n\t\t\t\t\n\t\t\t<\/div><!-- .cptui-entry-header -->\n\n\t\t\t<div class=\"cptui-entry-summary\">\n\n\t\t\t\t\n\t\t\t\t<div style=\"padding-left:20px;\"><em>This year\u2019s holiday season will no doubt be different. The holidays are already a time of increased mental health risks because of anxiety, depression, seasonal affective disorder, alcohol\/substance use and other factors. Now, the COVID-19 pandemic will add a major pressure to the festive season.<\/p>\n<p>Whether you mark holidays in December or not, typical winter customs are being disrupted. The pandemic has had a significant impact on society\u2019s ability to connect and has also reduced individuals\u2019 access to wellness-maintaining strategies and activities. &#8230;<\/em><\/div>\n<p>Read the full article by Kerri Ritchie and Caroline Gerin-Lajoie here: <a target=\"_blank\" rel=\"noopener noreferrer\" href=\"https:\/\/theconversation.com\/pandemic-december-how-to-stay-connected-and-resilient-in-a-covid-19-holiday-season-150678\">(https:\/\/theconversation.com\/pandemic-december-how-to-stay-connected-and-resilient-in-a-covid-19-holiday-season-150678<\/a><\/p>\n<hr \/>\n\n\t\t\t\t\n\t\t\t<\/div><!-- .cptui-entry-summary -->\n\n\t\t<\/div><!-- #cptui-xxxxx .cptui-entry -->\n\n\t\t\n\t\t<div id=\"cptui-18725\" class=\"cptui-entry post-18725 post type-post status-publish format-standard hentry category-covid19cpafr\">\n\n\t\t\t\n\t\t\t<div class=\"cptui-entry-header\">\n\n\t\t\t\t\n\t\t\t\t<h4 class=\"cptui-entry-title\"><a class=\"cptui-link\" href=\"https:\/\/cpa.ca\/fr\/cpa-webinar-covid-and-the-canadian-winter-now-available-on-youtube\/\">CPA webinar &#8216;COVID and the Canadian Winter&#8217; now available on YouTube<\/a><\/h4>\n\n\t\t\t\t\n\t\t\t<\/div><!-- .cptui-entry-header -->\n\n\t\t\t<div class=\"cptui-entry-summary\">\n\n\t\t\t\t\n\t\t\t\t<p>The CPA webinar &#8216;<em>COVID and the Canadian Winter<\/em>&#8216; recorded on Thursday is now up on our YouTube channel. Featuring presenters Dr. Ben C.H. Kuo, Dr. Heather Hadjistavropoulos, Dr. Janine Hubbard, and Dr. Yael Goldberg speaking on racism, teletherapy, children, isolation &amp; anxiety.<\/p>\n<p><a target=\"_blank\" href=\"https:\/\/www.youtube.com\/watch?v=wYYB8zkt39k&#038;feature=youtu.be\" rel=\"noopener noreferrer\">https:\/\/www.youtube.com\/watch?v=wYYB8zkt39k&#038;feature=youtu.be<\/a><\/p>\n<hr>\n\n\t\t\t\t\n\t\t\t<\/div><!-- .cptui-entry-summary -->\n\n\t\t<\/div><!-- #cptui-xxxxx .cptui-entry -->\n\n\t\t\n\t\t<div id=\"cptui-17869\" class=\"cptui-entry post-17869 post type-post status-publish format-standard hentry category-advocacyfr category-advocacy3fr category-covid19cpafr\">\n\n\t\t\t\n\t\t\t<div class=\"cptui-entry-header\">\n\n\t\t\t\t\n\t\t\t\t<h4 class=\"cptui-entry-title\"><a class=\"cptui-link\" href=\"https:\/\/cpa.ca\/fr\/covid-19-worsening-canadians-access-to-psychologists\/\">La COVID-19 aggrave l\u2019acc\u00e8s des Canadiens aux psychologues (d\u00e9cembre 2020)<\/a><\/h4>\n\n\t\t\t\t\n\t\t\t<\/div><!-- .cptui-entry-header -->\n\n\t\t\t<div class=\"cptui-entry-summary\">\n\n\t\t\t\t\n\t\t\t\t<p>La SCP, en collaboration avec le <a target=\"_blank\" href=\"https:\/\/cpap-cspp.ca\/\" rel=\"noopener noreferrer\">Conseil des soci\u00e9t\u00e9s professionnelles de psychologues<\/a> (CSPP)  a demand\u00e9 \u00e0 Nanos Research d\u2019effectuer un sondage aupr\u00e8s de plus de 3 000 Canadiens afin de mieux comprendre comment ceux-ci prennent soin de leur sant\u00e9 mentale et acc\u00e8dent aux soins fournis par les psychologues dans le contexte de la pand\u00e9mie de COVID-19. Voir le <a href=\"https:\/\/cpa.ca\/fr\/covid-19-worsening-canadians-access-to-psychologists\/\">communiqu\u00e9 de presse et les r\u00e9sultats du sondage<\/a>.<\/p>\n<hr>\n\n\t\t\t\t\n\t\t\t<\/div><!-- .cptui-entry-summary -->\n\n\t\t<\/div><!-- #cptui-xxxxx .cptui-entry -->\n\n\t\t\n\t\t<div id=\"cptui-15849\" class=\"cptui-entry post-15849 post type-post status-publish format-standard hentry category-covid19cpafr\">\n\n\t\t\t\n\t\t\t<div class=\"cptui-entry-header\">\n\n\t\t\t\t\n\t\t\t\t<h4 class=\"cptui-entry-title\"><a class=\"cptui-link\" href=\"https:\/\/cpa.ca\/fr\/educational-and-school-psychology-section-covid-resources-and-information\/\">Sondage de la section de la psychologie \u00e9ducationnelle et scolaire sur la COVID-19<\/a><\/h4>\n\n\t\t\t\t\n\t\t\t<\/div><!-- .cptui-entry-header -->\n\n\t\t\t<div class=\"cptui-entry-summary\">\n\n\t\t\t\t\n\t\t\t\t<h4><strong>Faits saillants de l&#8217;enqu\u00eate ESP 2020 COVID<\/strong><\/h4>\n<p><strong>Section de la psychologie \u00e9ducationnelle et scolaire de la SCP &#8211; <a href=\"\/docs\/File\/Sections\/EDsection\/CPA ESP Covid-19 Infographic-FR.pdf\" target=\"_blank\" rel=\"noopener noreferrer\">Enqu\u00eate COVID-19<\/a><\/strong> (PDF)<\/p>\n<p>&nbsp;<\/p>\n<p><center><a href=\"\/docs\/File\/Sections\/EDsection\/CPA-ESP-Covid-19-Infographic-FR.png\" target=\"_blank\" rel=\"noopener noreferrer\"><img decoding=\"async\" style=\"max-width: 200px;\" src=\"\/docs\/File\/Sections\/EDsection\/CPA-ESP-Covid-19-Infographic-FR.png\" alt=\"Section de la psychologie \u00e9ducationnelle et scolaire de la SCP - Enqu\u00eate COVID-19\"><\/a><\/center><\/p>\n<hr>\n\n\t\t\t\t\n\t\t\t<\/div><!-- .cptui-entry-summary -->\n\n\t\t<\/div><!-- #cptui-xxxxx .cptui-entry -->\n\n\t\t\n\t\t<div id=\"cptui-15463\" class=\"cptui-entry post-15463 post type-post status-publish format-standard hentry category-covid19cpa category-covid19cpafr\">\n\n\t\t\t\n\t\t\t<div class=\"cptui-entry-header\">\n\n\t\t\t\t\n\t\t\t\t<h4 class=\"cptui-entry-title\"><a class=\"cptui-link\" href=\"https:\/\/cpa.ca\/fr\/making-the-transition-to-online-teaching-and-learning-a-guide-for-instructors\/\">Making the Transition to Online Teaching and Learning: A Guide for Instructors<\/a><\/h4>\n\n\t\t\t\t\n\t\t\t<\/div><!-- .cptui-entry-header -->\n\n\t\t\t<div class=\"cptui-entry-summary\">\n\n\t\t\t\t\n\t\t\t\t<p>In response to requests from psychology educators, The CPA\u2019s Education Directorate has developed a brief guide to taking university instruction in psychology online. The guide has a brief overview of the processes involved in student learning, as well as helpful tips to increase student engagement, and provides a framework for course planning and development along with templates for course and lesson planning. It contains extensive links to other sources of practical help in making the transition from in-person to online environments. The guide is intended to be a living document, and will be updated as new links and information become available.<\/p>\n<p style=\"font-weight: bolder;\"><a href=\"https:\/\/cpa.ca\/docs\/File\/Publications\/CPA - Transition to Online Teaching and Learning August 2020.pdf\" target=\"_blank\" rel=\"noopener noreferrer\">Making the Transition to Online Teaching and Learning: A Guide for Instructors<\/a><\/p>\n<hr \/>\n\n\t\t\t\t\n\t\t\t<\/div><!-- .cptui-entry-summary -->\n\n\t\t<\/div><!-- #cptui-xxxxx .cptui-entry -->\n\n\t\t\n\t\t<div id=\"cptui-13619\" class=\"cptui-entry post-13619 post type-post status-publish format-standard hentry category-covid19cpa category-covid19cpafr category-spotlight\">\n\n\t\t\t\n\t\t\t<div class=\"cptui-entry-header\">\n\n\t\t\t\t\n\t\t\t\t<h4 class=\"cptui-entry-title\"><a class=\"cptui-link\" href=\"https:\/\/cpa.ca\/fr\/psychology-works-fact-sheet-covid-19\/\">La psychologie peut vous aider &#8211; COVID-19<\/a><\/h4>\n\n\t\t\t\t\n\t\t\t<\/div><!-- .cptui-entry-header -->\n\n\t\t\t<div class=\"cptui-entry-summary\">\n\n\t\t\t\t\n\t\t\t\t<p><iframe loading=\"lazy\" width=\"560\" height=\"315\" src=\"https:\/\/www.youtube.com\/embed\/nxUjRJL2HNI\" frameborder=\"0\" allow=\"accelerometer; autoplay; encrypted-media; gyroscope; picture-in-picture\" allowfullscreen=\"\"><\/iframe><\/p>\n<p>Comment prendre soin de vous pendant COVID-19. Voir plus \u2018La psychologie peut vous aider\u2019 \u00e0 <a href=\"https:\/\/cpa.ca\/fr\/lapsychologiepeutvousaider\/\">https:\/\/cpa.ca\/fr\/lapsychologiepeutvousaider\/<\/a>.<\/p>\n<hr>\n\n\t\t\t\t\n\t\t\t<\/div><!-- .cptui-entry-summary -->\n\n\t\t<\/div><!-- #cptui-xxxxx .cptui-entry -->\n\n\t\t\n\t\t<div id=\"cptui-13163\" class=\"cptui-entry post-13163 post type-post status-publish format-standard hentry category-covid19cpafr category-covid19fr\">\n\n\t\t\t\n\t\t\t<div class=\"cptui-entry-header\">\n\n\t\t\t\t\n\t\t\t\t<h4 class=\"cptui-entry-title\"><a class=\"cptui-link\" href=\"https:\/\/cpa.ca\/fr\/faq-psychology-works-for-covid-19-psychologists-giving-back-to-front-line-service-providers\/\">FAQ \u2013 La psychologie peut aider \u00e0 faire face \u00e0 la COVID-19 : les psychologues redonnent aux fournisseurs de services de premi\u00e8re ligne<\/a><\/h4>\n\n\t\t\t\t\n\t\t\t<\/div><!-- .cptui-entry-header -->\n\n\t\t\t<div class=\"cptui-entry-summary\">\n\n\t\t\t\t\n\t\t\t\t<p>R\u00e9ponses \u00e0 vos questions sur l\u2019initiative de services gratuits de la SCP pour redonner aux fournisseurs de services de premi\u00e8re ligne pendant la pand\u00e9mie de COVID-19<\/p>\n<p><a href=\"https:\/\/cpa.ca\/fr\/corona-virus\/psychservices\/faq-psychology-works-for-covid-19-psychologists-giving-back-to-front-line-service-providers\/\">Foire aux questions <\/a><\/p>\n<hr \/>\n\n\t\t\t\t\n\t\t\t<\/div><!-- .cptui-entry-summary -->\n\n\t\t<\/div><!-- #cptui-xxxxx .cptui-entry -->\n\n\t\t\n\t\t<div id=\"cptui-13093\" class=\"cptui-entry post-13093 post type-post status-publish format-standard hentry category-covid19cpafr\">\n\n\t\t\t\n\t\t\t<div class=\"cptui-entry-header\">\n\n\t\t\t\t\n\t\t\t\t<h4 class=\"cptui-entry-title\"><a class=\"cptui-link\" href=\"https:\/\/cpa.ca\/fr\/fact-sheets-covid-19-government-support-for-employers-and-employees\/\">Fiche d&#8217;information sur les mesures de soutien f\u00e9d\u00e9rales pour les employeurs et les employ\u00e9s touch\u00e9s par COVID-19<\/a><\/h4>\n\n\t\t\t\t\n\t\t\t<\/div><!-- .cptui-entry-header -->\n\n\t\t\t<div class=\"cptui-entry-summary\">\n\n\t\t\t\t\n\t\t\t\t<p>La SCP a produit des fiches d&#8217;information pour aider les employeurs et les employ\u00e9s \u00e0 obtenir l&#8217;aide gouvernementale li\u00e9e \u00e0 COVID-19 :<\/p>\n<li><strong>Les mesures de soutien f\u00e9d\u00e9ral pour les employeurs touch\u00e9s par la COVID-19 &#8211; <a href=\"https:\/\/cpa.ca\/docs\/File\/Publications\/FactSheets\/COVID-19 FactSheet for Employers-FR.pdf\" target=\"_blank\" rel=\"noopener noreferrer\">PDF<\/a> | <a href=\"https:\/\/cpa.ca\/fr\/covid-19-government-support-for-employers\/\">HTML<\/a><\/strong> <span class=\"revised\">04\/15\/2020<\/span><\/li>\n<li><strong>Les mesures de soutien f\u00e9d\u00e9ral pour les employ\u00e9s touch\u00e9s par la COVID-19 &#8211; <a href=\"https:\/\/cpa.ca\/docs\/File\/Publications\/FactSheets\/COVID-19 FactSheet for Employees-FR.pdf\" target=\"_blank\" rel=\"noopener noreferrer\">PDF<\/a> | <a href=\"https:\/\/cpa.ca\/fr\/covid-19-government-support-for-employees\/\">HTML<\/a><\/strong> <span class=\"revised\">04\/15\/2020<\/span><\/li>\n<hr \/>\n\n\t\t\t\t\n\t\t\t<\/div><!-- .cptui-entry-summary -->\n\n\t\t<\/div><!-- #cptui-xxxxx .cptui-entry -->\n\n\t\t<\/div>\n","protected":false},"excerpt":{"rendered":"","protected":false},"author":2,"featured_media":0,"parent":11911,"menu_order":0,"comment_status":"closed","ping_status":"closed","template":"","meta":{"_acf_changed":false,"_monsterinsights_skip_tracking":false,"_monsterinsights_sitenote_active":false,"_monsterinsights_sitenote_note":"","_monsterinsights_sitenote_category":0,"footnotes":""},"class_list":["post-13083","page","type-page","status-publish","hentry"],"acf":[],"aioseo_notices":[],"publishpress_future_workflow_manual_trigger":{"enabledWorkflows":[]},"_links":{"self":[{"href":"https:\/\/cpa.ca\/fr\/wp-json\/wp\/v2\/pages\/13083","targetHints":{"allow":["GET"]}}],"collection":[{"href":"https:\/\/cpa.ca\/fr\/wp-json\/wp\/v2\/pages"}],"about":[{"href":"https:\/\/cpa.ca\/fr\/wp-json\/wp\/v2\/types\/page"}],"author":[{"embeddable":true,"href":"https:\/\/cpa.ca\/fr\/wp-json\/wp\/v2\/users\/2"}],"replies":[{"embeddable":true,"href":"https:\/\/cpa.ca\/fr\/wp-json\/wp\/v2\/comments?post=13083"}],"version-history":[{"count":4,"href":"https:\/\/cpa.ca\/fr\/wp-json\/wp\/v2\/pages\/13083\/revisions"}],"predecessor-version":[{"id":21093,"href":"https:\/\/cpa.ca\/fr\/wp-json\/wp\/v2\/pages\/13083\/revisions\/21093"}],"up":[{"embeddable":true,"href":"https:\/\/cpa.ca\/fr\/wp-json\/wp\/v2\/pages\/11911"}],"wp:attachment":[{"href":"https:\/\/cpa.ca\/fr\/wp-json\/wp\/v2\/media?parent=13083"}],"curies":[{"name":"wp","href":"https:\/\/api.w.org\/{rel}","templated":true}]}}