{"id":1330,"date":"2018-03-22T01:56:44","date_gmt":"2018-03-22T05:56:44","guid":{"rendered":"https:\/\/cpa.ca\/accreditation\/"},"modified":"2024-12-02T16:42:50","modified_gmt":"2024-12-02T21:42:50","slug":"agrement","status":"publish","type":"page","link":"https:\/\/cpa.ca\/fr\/agrement\/","title":{"rendered":"Agr\u00e9ment"},"content":{"rendered":"<h3>Approbation de la sixi\u00e8me r\u00e9vision des normes d&#8217;agr\u00e9ment de la SCP<\/h3>\n<p>La sixi\u00e8me r\u00e9vision des normes d&#8217;agr\u00e9ment de la SCP pour les programmes de doctorat et de r\u00e9sidence en psychologie professionnelle (les normes) a \u00e9t\u00e9 approuv\u00e9e par le conseil d&#8217;administration de la SCP et a \u00e9t\u00e9 pr\u00e9sent\u00e9e au 84e congr\u00e8s annuel de la SCP en juin.<\/p>\n<p>Cette r\u00e9vision est le r\u00e9sultat d&#8217;un processus de six ans men\u00e9 par le Jury d&#8217;agr\u00e9ment et le Comit\u00e9 d&#8217;examen des normes de la SCP, y compris des sondages, une consultation publique et des consultations cibl\u00e9es avec les sections de la SCP et des groupes externes \u00e0 la SCP.<\/p>\n<p>Les principaux changements apport\u00e9s aux normes visent principalement \u00e0 accro\u00eetre l&#8217;acc\u00e8s \u00e0 la psychologie professionnelle, en particulier pour les personnes et les peuples qui n&#8217;ont pas \u00e9t\u00e9 bien repr\u00e9sent\u00e9s dans le pass\u00e9. Pour ce faire, les normes ont \u00e9t\u00e9 renforc\u00e9es en ce qui concerne le soutien aux \u00e9tudiants et la r\u00e9mun\u00e9ration des r\u00e9sidents (y compris l&#8217;indexation de la r\u00e9mun\u00e9ration des r\u00e9sidents sur les salaires de subsistance locaux), l&#8217;int\u00e9gration de l&#8217;\u00e9quit\u00e9, de la diversit\u00e9, de l&#8217;inclusion, de la justice sociale, des droits de la personne et de la r\u00e9conciliation dans les normes relatives \u00e0 la formation, au corps professoral et aux programmes, l&#8217;\u00e9largissement des conditions d&#8217;admissibilit\u00e9 des programmes pour qu&#8217;ils puissent demander l&#8217;agr\u00e9ment (r\u00e9duisant ainsi les obstacles \u00e0 l&#8217;acc\u00e8s de certains \u00e9tudiants de ces programmes \u00e0 des placements en r\u00e9sidence agr\u00e9\u00e9s) et l&#8217;octroi d&#8217;une plus grande souplesse aux programmes pour qu&#8217;ils offrent une certaine proportion de leur formation par le biais de la technologie \u00e9lectronique ou \u00e0 distance.<\/p>\n<p>Cette r\u00e9vision apporte \u00e9galement un certain nombre de modifications mineures aux normes, notamment l&#8217;utilisation d&#8217;un langage tenant compte du genre, l&#8217;autorisation d&#8217;une certaine proportion de supervision asynchrone, l&#8217;inclusion de la psychopharmacologie en tant que domaine de base de la psychologie g\u00e9n\u00e9rale, et l&#8217;ajout de documents d&#8217;appui (par exemple, un glossaire de termes, des documents de r\u00e9f\u00e9rence).<\/p>\n<p><a href=\"https:\/\/cpa.ca\/fr\/agrement\/procedurederevision\/\">Pour en savoir plus sur le processus de r\u00e9vision des normes, cliquez ici<\/a>.<\/p>\n<p><a href=\"https:\/\/cpa.ca\/fr\/agrement\/ressources\/\">Pour lire les nouvelles normes d&#8217;accr\u00e9ditation, cliquez ici<\/a>.<\/p>\n<p><!-----La SCP soutient et encourage l\u2019excellence et l\u2019innovation en mati\u00e8re d\u2019enseignement de la psychologie au moyen de ses normes et proc\u00e9dures d\u2019agr\u00e9ment des programmes de doctorat et d\u2019internat en psychologie professionnelle.\n\nSi, d\u2019une part, les psychologues praticiens d\u00e9tiennent un permis d\u2019exercer, d\u2019autre part, les programmes de formation en psychologie professionnelle peuvent \u00eatre agr\u00e9\u00e9s. La SCP accorde l\u2019agr\u00e9ment \u00e0 ces programmes de formation, mais ce n\u2019est pas la SCP qui donne aux psychologues l\u2019autorisation ou le permis d\u2019exercer au Canada, l\u2019agr\u00e9ment ou l\u2019inscription \u00e0 l\u2019ordre professionnel concern\u00e9. Les organismes de r\u00e9glementation provinciaux se chargent de cela. <a href=\"\/fr\/public\/psychologieaucanada\/\">Cliquez ici<\/a> pour obtenir de plus amples renseignements sur les associations, les organismes de r\u00e9glementation et les exigences relatives au permis d\u2019exercice des provinces et des territoires.\n\n\n<h2><a href=\"https:\/\/cpa.ca\/fr\/agrement\/procedurederevision\/\">Progression vers les r\u00e9visions<\/a><\/h2>\n\n\n<!--<img decoding=\"async\" style=\"max-width: 800px; text-align: center;\" src=\"\/docs\/File\/Accreditation\/ProgressToRevisions-FR.png\" \/>\n\n\n<div style=\"text-align: center;\">\n\n\n<div style=\"padding: 10px; text-align: center; display: inline-block; max-width: 800px;\">\n\n\n<div style=\"display: inline-block;\"><a href=\"https:\/\/cpa.ca\/fr\/agrement\/procedurederevision\/#1\"><img decoding=\"async\" style=\"width: 150px; height: 157px; max-width: 150px; max-height: 157px; padding: 10px;\" src=\"\/docs\/File\/Accreditation\/1-Revisions-FR.png\" alt=\"Les r\u00e9visions ont commenc\u00e9s en 2017 \" \/><\/a><\/div>\n\n\n\n\n<div style=\"display: inline-block;\"><a href=\"https:\/\/cpa.ca\/fr\/agrement\/procedurederevision\/#2\"><img decoding=\"async\" style=\"width: 150px; height: 157px; max-width: 150px; max-height: 157px; padding: 10px;\" src=\"\/docs\/File\/Accreditation\/2-Survey-FR.png\" alt=\"Enqu\u00eate de consultation initiale aupr\u00e8s des directeurs de formation et des visiteurs de \" \/><\/a><\/div>\n\n\n\n\n<div style=\"display: inline-block;\"><a href=\"https:\/\/cpa.ca\/fr\/agrement\/procedurederevision\/#3\"><img decoding=\"async\" style=\"width: 150px; height: 157px; max-width: 150px; max-height: 157px; padding: 10px;\" src=\"\/docs\/File\/Accreditation\/3-SurveyStakeholders-FR.png\" alt=\"Enqu\u00eate aupr\u00e8s des parties prenantes de la formation \" \/><\/a><\/div>\n\n\n\n\n<div style=\"display: inline-block;\"><a href=\"https:\/\/cpa.ca\/fr\/agrement\/procedurederevision\/#4\"><img decoding=\"async\" style=\"width: 150px; height: 157px; max-width: 150px; max-height: 157px; padding: 10px;\" src=\"\/docs\/File\/Accreditation\/4-Formation-FR.png\" alt=\"Formation du Comit\u00e9 de r\u00e9vision des normes \" \/><\/a><\/div>\n\n\n\n\n<div style=\"display: inline-block;\"><a href=\"https:\/\/cpa.ca\/fr\/agrement\/procedurederevision\/#5\"><img decoding=\"async\" style=\"width: 150px; height: 157px; max-width: 150px; max-height: 157px; padding: 10px;\" src=\"\/docs\/File\/Accreditation\/5-Draft-FR.png\" alt=\"Projet de r\u00e9visions \" \/><\/a><\/div>\n\n\n\n\n<div style=\"display: inline-block;\"><a href=\"https:\/\/cpa.ca\/fr\/agrement\/procedurederevision\/#6\"><img decoding=\"async\" style=\"width: 150px; height: 157px; max-width: 150px; max-height: 157px; padding: 10px;\" src=\"\/docs\/File\/Accreditation\/6-FocusedConsultations-FR-1.png\" alt=\"Consultations cibl\u00e9es\" \/><\/a><\/div>\n\n\n\n\n<div style=\"display: inline-block;\"><a href=\"https:\/\/cpa.ca\/fr\/agrement\/procedurederevision\/#7\"><img decoding=\"async\" style=\"width: 150px; height: 157px; max-width: 150px; max-height: 157px; padding: 10px;\" src=\"\/docs\/File\/Accreditation\/7-ExternalConsult-FR.png\" alt=\"P\u00e9riode de consultation de parties prenantes externes et du publique\" \/><\/a><\/div>\n\n\n\n\n<div style=\"display: inline-block;\"><a href=\"https:\/\/cpa.ca\/fr\/agrement\/procedurederevision\/#8\"><img decoding=\"async\" style=\"width: 150px; height: 157px; max-width: 150px; max-height: 157px; padding: 10px;\" src=\"\/docs\/File\/Accreditation\/8-Submission-FR.png\" alt=\"Soumission au conseil d'administration de la SCP\" \/><\/a><\/div>\n\n\n\n\n<div style=\"display: inline-block;\"><a href=\"https:\/\/cpa.ca\/fr\/agrement\/procedurederevision\/#9\"><img decoding=\"async\" style=\"width: 150px; height: 157px; max-width: 150px; max-height: 157px; padding: 10px;\" src=\"\/docs\/File\/Accreditation\/9-Approval-FR_here.png\" alt=\"Approbation et mise en \u0153uvre\" \/><\/a><\/div>\n\n\n<\/div>\n\n\n<\/div>\n\n\nP\u00e9riode de commentaire publique sur les r\u00e9visions propos\u00e9es des normes d\u2019agr\u00e9ment est maintenant ouverte.  Le jury d'agr\u00e9ment de la SCP a le plaisir d'ouvrir la p\u00e9riode de commentaire publique pour la 6e r\u00e9vision propos\u00e9e des <em>normes d'agr\u00e9ment pour les programmes de doctorat et d'internat en psychologie professionnelle<\/em>.  Vous pouvez t\u00e9l\u00e9charger une copie de l'\u00e9bauche du document ici : <a target=\"_blank\" href=\"\/docs\/File\/Accreditation\/Modifications_proposees_en_vue_de_la_6ieme_revision_des_Normes-FR.pdf\" rel=\"noopener noreferrer\">Modifications_proposees_en_vue_de_la_6ieme_revision_des_Normes-FR.pdf<\/a>.  N'h\u00e9sitez pas \u00e0 transmettre vos commentaires ou vos questions au Dr Stewart Madon, registraire, Agr\u00e9ment, \u00e0 <a href=\"mailto:accreditation@cpa.ca\">accreditation@cpa.ca<\/a>.\n\nPour obtenir des renseignements sur les activit\u00e9s d'agr\u00e9ment de la SCP, cliquez sur l'une des cases ci-dessous ou communiquez avec le bureau d'agr\u00e9ment de la SCP, par courriel (<a href=\"mailto:accreditationoffice@cpa.ca\">accreditationoffice@cpa.ca<\/a>) ou par t\u00e9l\u00e9phone (613-237-2144, poste 1334 ou sans frais : 1-888-472-0657, poste 1334). Vous pouvez \u00e9galement consulter notre page FAQ sur l'agr\u00e9ment pour toute question concernant l'agr\u00e9ment, les \u00e9tudes \u00e0 l'\u00e9tranger, le travail au Canada en tant que psychologue, et plus encore.\n-----><\/p>\n<hr \/>\n<div style=\"padding: 17px; text-align: center;\">\n<div style=\"line-height: 30px; vertical-align: middle; display: inline-block; width: 220px; height: 200px; max-width: 220px; max-height: 200px; padding: 12px; margin: 8px 8px 8px 8px; background-image: url('https:\/\/cpa.ca\/wp-content\/uploads\/2017\/10\/ProdAd200_OnlineCourses.png'); background-repeat: no-repeat; background-size: 100% 100%;\">\n<p style=\"font-size: 24pt;\"><a style=\"text-decoration: none;\" href=\"https:\/\/cpa.ca\/fr\/agrement\/programmesagrees\/\"><span style=\"color: white; text-shadow: -1px 0 4px black, 0 1px 4px black, 1px 0 4px black, 0 -1px 4px black; font-weight: bolder; padding: 10px 0px 10px 0px;\">Programmes agr\u00e9\u00e9s de la SCP<\/span><\/a><\/p>\n<\/div>\n<div style=\"line-height: 30px; vertical-align: middle; display: inline-block; width: 220px; height: 200px; max-width: 220px; max-height: 200px; padding: 12px; margin: 8px 8px 8px 8px; background-image: url('https:\/\/cpa.ca\/wp-content\/uploads\/2017\/10\/ProdAd200_OnlineCourses.png'); background-repeat: no-repeat; background-size: 100% 100%;\">\n<p style=\"font-size: 20pt;\"><a style=\"text-decoration: none;\" href=\"https:\/\/cpa.ca\/fr\/agrement\/covid-and-psychology-training\/\"><span style=\"color: white; text-shadow: -1px 0 4px black, 0 1px 4px black, 1px 0 4px black, 0 -1px 4px black; font-weight: bolder; padding: 10px 0px 10px 0px;\">COVID and Psychology Training<\/span><\/a><\/p>\n<\/div>\n<div style=\"line-height: 30px; vertical-align: middle; display: inline-block; width: 220px; height: 200px; max-width: 220px; max-height: 200px; padding: 12px; margin: 8px 8px 8px 8px; background-image: url('https:\/\/cpa.ca\/wp-content\/uploads\/2017\/10\/ProdAd200_OnlineCourses.png'); background-repeat: no-repeat; background-size: 100% 100%;\">\n<p style=\"font-size: 20pt;\"><a style=\"text-decoration: none;\" href=\"https:\/\/cpa.ca\/fr\/agrement\/procedurederevision\/\"><span style=\"color: white; text-shadow: -1px 0 4px black, 0 1px 4px black, 1px 0 4px black, 0 -1px 4px black; font-weight: bolder; padding: 10px 0px 10px 0px;\">Procedure de revision des normes<\/span><\/a><\/p>\n<\/div>\n<div style=\"line-height: 30px; vertical-align: middle; display: inline-block; width: 220px; height: 200px; max-width: 220px; max-height: 200px; padding: 12px; margin: 8px 8px 8px 8px; background-image: url('https:\/\/cpa.ca\/wp-content\/uploads\/2017\/10\/ProdAd200_OnlineCourses.png'); background-repeat: no-repeat; background-size: 100% 100%;\">\n<p style=\"font-size: 20pt;\"><a style=\"text-decoration: none;\" href=\"https:\/\/cpa.ca\/fr\/agrement\/ressources\/\"><span style=\"color: white; text-shadow: -1px 0 4px black, 0 1px 4px black, 1px 0 4px black, 0 -1px 4px black; font-weight: bolder; padding: 10px 0px 10px 0px;\">Formulaires et ressources d\u2019agr\u00e9ment<\/span><\/a><\/p>\n<\/div>\n<div style=\"line-height: 30px; vertical-align: middle; display: inline-block; width: 220px; height: 200px; max-width: 220px; max-height: 200px; padding: 12px; margin: 8px 8px 8px 8px; background-image: url('https:\/\/cpa.ca\/wp-content\/uploads\/2017\/10\/ProdAd200_OnlineCourses.png'); background-repeat: no-repeat; background-size: 100% 100%;\">\n<p style=\"font-size: 24pt;\"><a style=\"text-decoration: none;\" href=\"https:\/\/cpa.ca\/fr\/agrement\/sitevisits\/\"><span style=\"color: white; text-shadow: -1px 0 4px black, 0 1px 4px black, 1px 0 4px black, 0 -1px 4px black; font-weight: bolder; padding: 10px 0px 10px 0px;\">Site Visits<\/span><\/a><\/p>\n<\/div>\n<div style=\"line-height: 30px; vertical-align: middle; display: inline-block; width: 220px; height: 200px; max-width: 220px; max-height: 200px; padding: 12px; margin: 8px 8px 8px 8px; background-image: url('https:\/\/cpa.ca\/wp-content\/uploads\/2017\/10\/ProdAd200_OnlineCourses.png'); background-repeat: no-repeat; background-size: 100% 100%;\">\n<p style=\"font-size: 24pt;\"><a style=\"text-decoration: none;\" href=\"https:\/\/cpa.ca\/fr\/agrement\/ptlicensingrequirements\/\"><span style=\"color: white; text-shadow: -1px 0 4px black, 0 1px 4px black, 1px 0 4px black, 0 -1px 4px black; font-weight: bolder; padding: 10px 0px 10px 0px;\">Provincial and Territorial Licensing<\/span><\/a><\/p>\n<\/div>\n<div style=\"line-height: 30px; vertical-align: middle; display: inline-block; width: 220px; height: 200px; max-width: 220px; max-height: 200px; padding: 12px; margin: 8px 8px 8px 8px; background-image: url('https:\/\/cpa.ca\/wp-content\/uploads\/2017\/10\/ProdAd200_OnlineCourses.png'); background-repeat: no-repeat; background-size: 100% 100%;\">\n<p style=\"font-size: 24pt;\"><a style=\"text-decoration: none;\" href=\"https:\/\/cpa.ca\/fr\/agrement\/agrementenameriquedunord\/\"><span style=\"color: white; text-shadow: -1px 0 4px black, 0 1px 4px black, 1px 0 4px black, 0 -1px 4px black; font-weight: bolder; padding: 10px 0px 10px 0px;\">Agr\u00e9ment en Am\u00e9rique du Nord<\/span><\/a><\/p>\n<\/div>\n<div style=\"line-height: 30px; vertical-align: middle; display: inline-block; width: 220px; height: 200px; max-width: 220px; max-height: 200px; padding: 12px; margin: 8px 8px 8px 8px; background-image: url('https:\/\/cpa.ca\/wp-content\/uploads\/2017\/10\/ProdAd200_OnlineCourses.png'); background-repeat: no-repeat; background-size: 100% 100%;\">\n<p style=\"font-size: 24pt;\"><a style=\"text-decoration: none;\" href=\"https:\/\/cpa.ca\/fr\/agrement\/FAQ\"><span style=\"color: white; text-shadow: -1px 0 4px black, 0 1px 4px black, 1px 0 4px black, 0 -1px 4px black; font-weight: bolder; padding: 10px 0px 10px 0px;\">Accreditation FAQs<\/span><\/a><\/p>\n<\/div>\n<div style=\"line-height: 30px; vertical-align: middle; display: inline-block; width: 220px; height: 200px; max-width: 220px; max-height: 200px; padding: 12px; margin: 8px 8px 8px 8px; background-image: url('https:\/\/cpa.ca\/wp-content\/uploads\/2017\/10\/ProdAd200_OnlineCourses.png'); background-repeat: no-repeat; background-size: 100% 100%;\">\n<p style=\"font-size: 24pt;\"><a style=\"text-decoration: none;\" href=\"https:\/\/cpa.ca\/fr\/agrement\/contactus\/\"><span style=\"color: white; text-shadow: -1px 0 4px black, 0 1px 4px black, 1px 0 4px black, 0 -1px 4px black; font-weight: bolder; padding: 10px 0px 10px 0px;\">Comit\u00e9 et le d\u00e9partement d\u2019agr\u00e9ment<\/span><\/a><\/p>\n<\/div>\n<\/div>\n<p><!-- -----------------><\/p>\n<hr \/>\n<h2>Nouvelles d\u2019agr\u00e9ment<\/h2>\n<div style=\"margin-left: 50px;\"><div id=\"cptui\" class=\"cptui-shortcode default-shortcode cptui-shortcode-378\">\n\t<\/div><\/div>\n<h4>Bulletin d&#8217;information \u00abNouvelles de l&#8217;agr\u00e9ment\u00bb <a href=\"\/docs\/File\/Accreditation\/Bulletin dagrement Ete 2021 FR.pdf\" target=\"_blank\" rel=\"noopener noreferrer\">\u00c9t\u00e9\/Automne 2021<\/a><\/h4>\n<p><!--\n\nC\u2019est au programme de stage ou de doctorat lui-m\u00eame (et non \u00e0 ses \u00e9tudiants) de faire volontairement une demande d\u2019agr\u00e9ment en vue d\u2019obtenir l\u2019agr\u00e9ment. Un \u00e9tudiant peut d\u00e9clarer avoir obtenu son dipl\u00f4me d\u2019un programme agr\u00e9\u00e9, si le programme a \u00e9t\u00e9 agr\u00e9\u00e9 au moment de l\u2019obtention du dipl\u00f4me.\n\nL\u2019agr\u00e9ment est un processus volontaire, mais, en obtenant l\u2019agr\u00e9ment, les programmes de stage et de doctorat d\u00e9montrent qu\u2019ils r\u00e9pondent \u00e0 une norme de formation reconnue dans le milieu de la psychologie.\nBien que, pour s\u2019inscrire \u00e0 son ordre professionnel ou pour \u00eatre embauch\u00e9, le psychologue n\u2019ait pas \u00e0 avoir obtenu son dipl\u00f4me d\u2019un programme de doctorat agr\u00e9\u00e9, cela peut \u00eatre utile.\nLes candidats \u00e0 l\u2019inscription ou au permis d\u2019exercice qui ont obtenu leur dipl\u00f4me d\u2019un programme agr\u00e9\u00e9 b\u00e9n\u00e9ficient souvent du traitement acc\u00e9l\u00e9r\u00e9 de leur candidature par les organismes de r\u00e9glementation. En outre, les programmes agr\u00e9\u00e9s sont encourag\u00e9s \u00e0 embaucher des professeurs et du personnel qui ont eux-m\u00eames obtenu leur dipl\u00f4me d\u2019un programme agr\u00e9\u00e9 par la SCP ou l\u2019APA.\n\nLa SCP accorde l\u2019agr\u00e9ment des programmes de doctorat et d\u2019internat dans les domaines professionnels de la psychologie. Vous <a href=\"\/fr\/agrement\/programmesagrees\/\">trouverez ici<\/a> une liste \u00e0 jour de tous les programmes agr\u00e9\u00e9s par la SCP. La version PDF du Manuel d\u2019agr\u00e9ment de la SCP est <a href=\"\/docs\/File\/Accreditation\/Accreditation_2011.pdf\" target=\"_blank\" rel=\"noopener noreferrer\">accessible ici<\/a>.\n\nLe Jury d\u2019agr\u00e9ment de la SCP est membre de l\u2019<a href=\"https:\/\/aaac.ca\/?lang=fr\" target=\"_blank\" rel=\"noopener noreferrer\">Association des agences d\u2019agr\u00e9ment du Canada (AAAC)<\/a> :\nLa SCP et l\u2019APA ont \u00e9galement un accord mutuel sur l\u2019agr\u00e9ment, connu sous le nom de \u00ab First Street Accord \u00bb. <a href=\"\/fr\/agrement\/agrementenameriquedunord\/\">Veuillez cliquer ici<\/a> pour en savoir plus.\n\n\n<h4>Des questions sur l\u2019agr\u00e9ment?<\/h4>\n\n\nSi vous avez des questions sur l\u2019agr\u00e9ment, les \u00e9tudes \u00e0 l\u2019\u00e9tranger, le travail au Canada \u00e0 titre de psychologue, etc., veuillez consulter notre <a href=\"\/fr\/agrement\/faq\/\">foire aux questions<\/a>.\n\nSi votre question n\u2019est pas abord\u00e9e dans la foire aux questions, veuillez communiquer avec le Dr Stewart Madon, registraire, \u00e0 <a href=\"mailto:accreditation@cpa.ca\">accreditation@cpa.ca<\/a>, ou avec Mme Madeleine Sheppard-Perkins, adjointe \u00e0 l\u2019agr\u00e9ment, \u00e0 <a href=\"mailto:accreditationoffice@cpa.ca.\">accreditationoffice@cpa.ca.<\/a>.\n\n-----------------><\/p>\n","protected":false},"excerpt":{"rendered":"<p><!--more--><\/p>\n","protected":false},"author":2,"featured_media":0,"parent":0,"menu_order":0,"comment_status":"closed","ping_status":"closed","template":"templates\/no-sidebar.php","meta":{"_acf_changed":false,"_monsterinsights_skip_tracking":false,"_monsterinsights_sitenote_active":false,"_monsterinsights_sitenote_note":"","_monsterinsights_sitenote_category":0,"footnotes":""},"class_list":["post-1330","page","type-page","status-publish","hentry"],"acf":[],"aioseo_notices":[],"publishpress_future_workflow_manual_trigger":{"enabledWorkflows":[]},"_links":{"self":[{"href":"https:\/\/cpa.ca\/fr\/wp-json\/wp\/v2\/pages\/1330","targetHints":{"allow":["GET"]}}],"collection":[{"href":"https:\/\/cpa.ca\/fr\/wp-json\/wp\/v2\/pages"}],"about":[{"href":"https:\/\/cpa.ca\/fr\/wp-json\/wp\/v2\/types\/page"}],"author":[{"embeddable":true,"href":"https:\/\/cpa.ca\/fr\/wp-json\/wp\/v2\/users\/2"}],"replies":[{"embeddable":true,"href":"https:\/\/cpa.ca\/fr\/wp-json\/wp\/v2\/comments?post=1330"}],"version-history":[{"count":6,"href":"https:\/\/cpa.ca\/fr\/wp-json\/wp\/v2\/pages\/1330\/revisions"}],"predecessor-version":[{"id":40986,"href":"https:\/\/cpa.ca\/fr\/wp-json\/wp\/v2\/pages\/1330\/revisions\/40986"}],"wp:attachment":[{"href":"https:\/\/cpa.ca\/fr\/wp-json\/wp\/v2\/media?parent=1330"}],"curies":[{"name":"wp","href":"https:\/\/api.w.org\/{rel}","templated":true}]}}