{"id":1351,"date":"2018-07-24T15:58:23","date_gmt":"2018-07-24T19:58:23","guid":{"rendered":"https:\/\/cpa.ca\/agrement\/provincial-and-territorial-licensing-requirements\/"},"modified":"2025-06-23T09:40:15","modified_gmt":"2025-06-23T13:40:15","slug":"ptlicensingrequirements","status":"publish","type":"page","link":"https:\/\/cpa.ca\/fr\/agrement\/ptlicensingrequirements\/","title":{"rendered":"Exigences provinciales et territoriales en mati\u00e8re de permis d\u2019exercice"},"content":{"rendered":"<div style=\"display: table;\">\n<table border=\"1\" width=\"100%\" cellspacing=\"0\" cellpadding=\"4\" align=\"left\">\n<tbody>\n<tr>\n<td valign=\"top\"><strong>Province\/territoire<\/strong><\/td>\n<td width=\"200\"><strong>Scolarit\u00e9 exig\u00e9e<\/strong><\/td>\n<td valign=\"top\"><strong>Exp\u00e9rience supervis\u00e9e<\/strong><\/td>\n<td width=\"180\"><strong>Examens<\/strong><strong><sup>1<\/sup><\/strong><\/td>\n<td width=\"180\"><strong>Exemptions<\/strong><\/td>\n<\/tr>\n<tr>\n<td valign=\"top\">\n<h3><a href=\"http:\/\/www.collegeofpsychologists.bc.ca\/\" target=\"_blank\" rel=\"noopener\">Colombie-Britannique<\/a><\/h3>\n<p><a href=\"http:\/\/www.collegeofpsychologists.bc.ca\/\" target=\"_blank\" rel=\"noopener\">http:\/\/www.collegeofpsychologists.bc.ca\/<\/a><\/td>\n<td valign=\"top\"><strong>Doctorat<\/strong><\/p>\n<p><em>Titre\u00a0:<\/em> psychologue<\/p>\n<p><em>Champ d\u2019exercice :<\/em> pratique ind\u00e9pendante<\/td>\n<td valign=\"top\"><strong>Doctorat<\/strong><\/p>\n<p>600 heures de stage<\/p>\n<p>1\u00a0600 heures d\u2019internat de doctorat<\/td>\n<td valign=\"top\">Score \u00e0 l\u2019EPPP de 140\/200 OU 500\/800<\/p>\n<p>Examen \u00e9crit sur la jurisprudence, score de 40\/50<\/p>\n<p>Examen oral<\/td>\n<td valign=\"top\">Universit\u00e9<\/p>\n<p>Gouvernement<\/p>\n<p>\u00c9coles<\/p>\n<p>H\u00f4pitaux<\/td>\n<\/tr>\n<tr>\n<td valign=\"top\">\n<h3><a href=\"http:\/\/www.cap.ab.ca\/\" target=\"_blank\" rel=\"noopener\">Alberta<\/a><\/h3>\n<p><a href=\"http:\/\/www.cap.ab.ca\/\" target=\"_blank\" rel=\"noopener\">http:\/\/www.cap.ab.ca\/<\/a><\/td>\n<td valign=\"top\"><strong>Doctorat<\/strong><\/p>\n<p><em>Titre\u00a0:<\/em> psychologue<\/p>\n<p><em>Champ d\u2019exercice :<\/em> pratique ind\u00e9pendante<\/p>\n<p><strong>Ma\u00eetrise<\/strong><\/p>\n<p><em>Titre\u00a0:<\/em> psychologue<\/p>\n<p><em>Champ d\u2019exercice :<\/em> pratique ind\u00e9pendante<\/td>\n<td valign=\"top\"><strong>Ma\u00eetrise<\/strong><\/p>\n<p>Un an (1\u00a0600 heures) apr\u00e8s la ma\u00eetrise<\/td>\n<td valign=\"top\">Score gradu\u00e9 \u00e0 l\u2019EPPP de 500<\/p>\n<p>Examen oral<\/td>\n<td valign=\"top\">Aucune<\/td>\n<\/tr>\n<tr>\n<td valign=\"top\">\n<h3><a href=\"http:\/\/www.skcp.ca\/\" target=\"_blank\" rel=\"noopener\">Saskatchewan<\/a><\/h3>\n<p><a href=\"http:\/\/www.skcp.ca\/\" target=\"_blank\" rel=\"noopener\">http:\/\/www.skcp.ca\/<\/a><\/td>\n<td valign=\"top\"><strong>Doctorat<\/strong><\/p>\n<p><em>Titre<\/em>\u00a0: psychologue agr\u00e9\u00e9 titulaire d\u2019un doctorat<\/p>\n<p>Champ d\u2019exercice\u00a0: pratique ind\u00e9pendante<\/p>\n<p><strong>Ma\u00eetrise<\/strong><\/p>\n<p><em>Titre\u00a0:<\/em> psychologue agr\u00e9\u00e9<\/p>\n<p><em>Champ d\u2019exercice\u00a0:<\/em> pratique ind\u00e9pendante<\/td>\n<td valign=\"top\"><strong>Doctorat\u00a0:<\/strong><\/p>\n<p>En tant que membre provisoire (pas encore titulaire d\u2019une autorisation d\u2019exercer la psychologie de mani\u00e8re ind\u00e9pendante) Un an (1\u00a0500 heures) de pratique supervis\u00e9e post-doctorat conform\u00e9ment \u00e0 un plan de supervision et une entente de supervision approuv\u00e9s, ou d\u2019un internat de doctorat agr\u00e9\u00e9 par la SCP ou l\u2019APA<\/p>\n<p><em>Titre\u00a0:<\/em> psychologue agr\u00e9\u00e9 titulaire d\u2019un doctorat (provisoire)<\/p>\n<p><em>Champ d\u2019exercice\u00a0: <\/em>pratique supervis\u00e9e<\/p>\n<p><strong>Ma\u00eetrise<\/strong><\/p>\n<p>En tant que membre provisoire (pas encore titulaire d\u2019une autorisation d\u2019exercer la psychologie de mani\u00e8re ind\u00e9pendante) Un an (1\u00a0500 heures) de pratique supervis\u00e9e apr\u00e8s la ma\u00eetrise conform\u00e9ment \u00e0 un plan de supervision et une entente de supervision approuv\u00e9s<em>Titre\u00a0:<\/em> psychologue agr\u00e9\u00e9 (provisoire)<em>Champ d\u2019exercice\u00a0:<\/em> pratique supervis\u00e9e<\/td>\n<td valign=\"top\">70\u00a0% \u00e0 l\u2019EPPP, score gradu\u00e9 de 500<\/p>\n<p>Examen oral<\/td>\n<td valign=\"top\">Aucune en ce qui concerne le counseling et la psychologie clinique ou l\u2019\u00e9valuation psychologique.<\/p>\n<p>Dispense d\u2019\u00e9tudes pour les personnes qui enseignent dans les universit\u00e9s ou les coll\u00e8ges de la province, mais cette dispense ne s\u2019applique pas si l\u2019on supervise la pratique d\u2019\u00e9tudiants ou d\u2019autres professionnels<\/td>\n<\/tr>\n<tr>\n<td valign=\"top\">\n<h3><a href=\"https:\/\/yukon.ca\/en\/doing-business\/professional-licensing\/psychologists-are-now-regulated-yukon\" target=\"_blank\" rel=\"noopener noreferrer\">Yukon Territory<\/a><\/h3>\n<p><a href=\"https:\/\/yukon.ca\/en\/doing-business\/professional-licensing\/psychologists-are-now-regulated-yukon\" target=\"_blank\" rel=\"noopener noreferrer\">https:\/\/yukon.ca\/en\/doing-business\/professional-licensing\/psychologists-are-now-regulated-yukon<\/a><\/td>\n<td><strong>Doctoral<\/strong><\/p>\n<p><em>Titre\u00a0:<\/em>\u00a0psychologue<\/p>\n<p><em>Champ d\u2019exercice :<\/em>\u00a0pratique ind\u00e9pendante<\/p>\n<p><strong>Masters<\/strong><\/p>\n<p><em>Titre\u00a0:<\/em>\u00a0psychologue<\/p>\n<p><em>Champ d\u2019exercice :<\/em>\u00a0pratique ind\u00e9pendante<\/p>\n<p><strong>*Formation comprenant des cours de psychologie de niveau sup\u00e9rieur en \u00e9valuation formelle ainsi que des heures de supervision clinique avant et apr\u00e8s l&#8217;obtention du dipl\u00f4me en \u00e9valuation formelle.<\/strong><\/td>\n<td valign=\"top\">1600 heures, comprenant de l&#8217;exp\u00e9rience supervis\u00e9e en \u00e9valuation formelle<\/td>\n<td valign=\"top\">EPPP<\/p>\n<p>Examen de jurisprudence et d&#8217;\u00e9thique pour la pratique de la psychologie au Yukon<\/p>\n<p>Cours 101 sur les Premi\u00e8res nations du Yukon (Universit\u00e9 du Yukon)<\/td>\n<td valign=\"top\">Aucune.<\/td>\n<\/tr>\n<tr>\n<td valign=\"top\">\n<h3><a href=\"http:\/\/www.cpmb.ca\/\" target=\"_blank\" rel=\"noopener\">Manitoba<\/a><\/h3>\n<p><a href=\"http:\/\/www.cpmb.ca\/\" target=\"_blank\" rel=\"noopener\">http:\/\/www.cpmb.ca\/<\/a><\/td>\n<td valign=\"top\"><strong>Doctorat<\/strong><\/p>\n<p><em>Titre\u00a0:<\/em> psychologue<\/p>\n<p><em>Champ d\u2019exercice :<\/em> pratique ind\u00e9pendante<\/p>\n<p><strong>Ma\u00eetrise<\/strong><\/p>\n<p><em>Titre\u00a0:<\/em> associ\u00e9 en psychologie<\/p>\n<p><em>Champ d\u2019exercice :<\/em> pratique supervis\u00e9e par un psychologue<\/td>\n<td valign=\"top\"><strong>Doctorat<\/strong><\/p>\n<p>Un an au pr\u00e9- doctorat et un an au post-doctorat<\/p>\n<p><strong>Ma\u00eetrise (2 ann\u00e9es d\u2019\u00e9tudes)<\/strong><\/p>\n<p>Associ\u00e9 en psychologie (pratique supervis\u00e9e)\u00a0: deux ans de supervision apr\u00e8s l\u2019obtention du dipl\u00f4me exig\u00e9s<\/p>\n<p>Associ\u00e9 en psychologie (pratique ind\u00e9pendante)\u00a0: quatre ans de supervision apr\u00e8s l\u2019obtention du dipl\u00f4me exig\u00e9s<\/td>\n<td valign=\"top\">EPPP<\/p>\n<p>Note de passage de 70\u00a0% \u00e0 l\u2019EPPP (score gradu\u00e9 de 500) POUR TOUTES les cat\u00e9gories d\u2019autorisation d\u2019exercer la psychologieExamen sur la jurisprudence en plus de l\u2019examen oral (doctorat et ma\u00eetrise)<\/td>\n<td valign=\"top\">Universit\u00e9<\/p>\n<p>Gouvernement<\/p>\n<p>\u00c9coles<\/p>\n<p>H\u00f4pitaux<\/td>\n<\/tr>\n<tr>\n<td valign=\"top\">\n<h3><a href=\"https:\/\/cpo.on.ca\/fr\/\" target=\"_blank\" rel=\"noopener\">Ontario<\/a><\/h3>\n<p><a href=\"https:\/\/cpo.on.ca\/fr\/\" target=\"_blank\" rel=\"noopener\">https:\/\/cpo.on.ca\/fr\/<\/a><\/td>\n<td valign=\"top\"><strong>Doctorat<\/strong><\/p>\n<p><em>Titre\u00a0:<\/em> psychologue<\/p>\n<p><em>Champ d\u2019exercice :<\/em> pratique ind\u00e9pendante<\/p>\n<p><strong>Ma\u00eetrise<\/strong><\/p>\n<p><em>Titre\u00a0:<\/em> associ\u00e9 en psychologie<\/p>\n<p><em>Champ d\u2019exercice :<\/em> pratique ind\u00e9pendante<\/td>\n<td valign=\"top\"><strong>Doctorat<\/strong><\/p>\n<p>Un an au pr\u00e9-doctorat et un an au post-doctorat sur le registre de pratique supervis\u00e9e<\/p>\n<p><strong>Ma\u00eetrise<\/strong><\/p>\n<p>Quatre ans apr\u00e8s la ma\u00eetrise plus un an sur le registre de pratique supervis\u00e9e<\/td>\n<td valign=\"top\">EPPP (score gradu\u00e9 de 500); examen sur la jurisprudence et l\u2019\u00e9thique et examen oral pour le doctoral et la ma\u00eetrise<\/td>\n<td valign=\"top\">Universit\u00e9, \u00e0 moins de fournir des services psychologiques ou de superviser la prestation de services psychologiques<\/td>\n<\/tr>\n<tr>\n<td valign=\"top\">\n<h3><a href=\"http:\/\/www.ordrepsy.qc.ca\/\" target=\"_blank\" rel=\"noopener\">Qu\u00e9bec<\/a><\/h3>\n<p><a href=\"http:\/\/www.ordrepsy.qc.ca\/\" target=\"_blank\" rel=\"noopener\">http:\/\/www.ordrepsy.qc.ca\/<\/a><\/td>\n<td valign=\"top\"><strong>Doctorat<\/strong><\/p>\n<p><em>Titre\u00a0:<\/em> psychologue<\/p>\n<p><em>Champ d\u2019exercice :<\/em> pratique ind\u00e9pendante<\/p>\n<p>Depuis juillet 2006<\/td>\n<td valign=\"top\">2\u00a0300 heures de pratique supervis\u00e9e au pr\u00e9-doctorat<\/td>\n<td valign=\"top\">Pas d\u2019EPPP<\/p>\n<p>Pas d\u2019examen oral<\/p>\n<p>Cours sur l\u2019\u00e9thique<\/td>\n<td valign=\"top\">Aucune<\/td>\n<\/tr>\n<tr>\n<td valign=\"top\">\n<h3>Territoires du Nord-Ouest<\/h3>\n<\/td>\n<td valign=\"top\"><strong>Doctorat<\/strong><\/p>\n<p><em>Titre\u00a0:<\/em> psychologue<\/p>\n<p><em>Champ d\u2019exercice :<\/em> pratique ind\u00e9pendante<\/p>\n<p><strong>Ma\u00eetrise<\/strong><\/p>\n<p><em>Titre\u00a0:<\/em> psychologue<\/p>\n<p><em>Champ d\u2019exercice :<\/em> pratique ind\u00e9pendante<\/td>\n<td valign=\"top\">1 an (1\u00a0600 heures) sur le registre des internes<\/td>\n<td valign=\"top\">Un examen peut \u00eatre requis.<\/td>\n<td valign=\"top\">Aucune<\/td>\n<\/tr>\n<tr>\n<td valign=\"top\">\n<h3>Nunavut<\/h3>\n<\/td>\n<td valign=\"top\"><strong>Doctorat<\/strong><\/p>\n<p><em>Titre\u00a0:<\/em> psychologue<\/p>\n<p><em>Champ d\u2019exercice :<\/em> pratique ind\u00e9pendante<\/p>\n<p><strong>Ma\u00eetrise<\/strong><\/p>\n<p><em>Titre\u00a0:<\/em> psychologue<\/p>\n<p><em>Champ d\u2019exercice :<\/em> pratique ind\u00e9pendante<\/td>\n<td valign=\"top\">Une ann\u00e9e (1\u00a0600 heures) pendant laquelle le requ\u00e9rant est inscrit au registre des internes<\/td>\n<td valign=\"top\">Un examen peut \u00eatre requis.<\/td>\n<td valign=\"top\">Aucune<\/td>\n<\/tr>\n<tr>\n<td valign=\"top\">\n<h3><a href=\"https:\/\/cpnb.ca\/fr\/\" target=\"_blank\" rel=\"noopener\">Nouveau-Brunswick<\/a><\/h3>\n<p><a href=\"https:\/\/cpnb.ca\/fr\/\" target=\"_blank\" rel=\"noopener\">https:\/\/cpnb.ca\/fr\/<\/a><\/td>\n<td valign=\"top\"><strong>Doctorat<\/strong><\/p>\n<p><em>Titre\u00a0:<\/em> psychologue<\/p>\n<p><em>Champ d\u2019exercice :<\/em> pratique ind\u00e9pendante<\/td>\n<td valign=\"top\"><strong>Doctorat<\/strong><\/p>\n<p>Un an au pr\u00e9-doctorat et un an au post-doctorat<\/td>\n<td valign=\"top\">Score gradu\u00e9 \u00e0 l\u2019EPPP de 500<\/p>\n<p>Examen ou entretien oraux<\/td>\n<td valign=\"top\">Universit\u00e9<\/td>\n<\/tr>\n<tr>\n<td valign=\"top\">\n<h3><a href=\"http:\/\/www.nsbep.org\/\" target=\"_blank\" rel=\"noopener\">Nouvelle-\u00c9cosse<\/a><\/h3>\n<p><a href=\"http:\/\/www.nsbep.org\/\" target=\"_blank\" rel=\"noopener\">http:\/\/www.nsbep.org\/<\/a><\/td>\n<td valign=\"top\"><strong>Doctorat<\/strong><\/p>\n<p><em>Titre\u00a0:<\/em> psychologue<\/p>\n<p><em>Champ d\u2019exercice :<\/em> pratique ind\u00e9pendante<\/p>\n<p><strong>Ma\u00eetrise<\/strong><\/p>\n<p><em>Titre\u00a0:<\/em> psychologue<\/p>\n<p><em>Champ d\u2019exercice :<\/em> pratique ind\u00e9pendante<\/td>\n<td valign=\"top\"><strong>Doctorat<\/strong><\/p>\n<p>Un an au pr\u00e9-doctorat et un an au post-doctorat<\/p>\n<p><strong>Ma\u00eetrise<\/strong><\/p>\n<p>Quatre ans apr\u00e8s la ma\u00eetrise<\/td>\n<td valign=\"top\">Note \u00e0 l\u2019EPPP de 70\u00a0%<\/p>\n<p>Examen oral<\/td>\n<td valign=\"top\">Conform\u00e9ment \u00e0 l\u2019ACI, le NSBEP est tenu de renoncer \u00e0 toute exigence non satisfaite (si tel est le cas) et d\u2019inscrire une personne si celle-ci d\u00e9tient un agr\u00e9ment \u00e9quivalent en r\u00e8gle dans une autre province ou un autre territoire canadien.<\/td>\n<\/tr>\n<tr>\n<td valign=\"top\">\n<h3><a href=\"https:\/\/nlpsychboard.ca\/\" target=\"_blank\" rel=\"noopener\">Terre-Neuve-et-Labrador<\/a><\/h3>\n<p><a href=\"https:\/\/nlpsychboard.ca\/\" target=\"_blank\" rel=\"noopener\">https:\/\/nlpsychboard.ca\/<\/a><\/td>\n<td valign=\"top\"><strong>Doctorat<\/strong><br \/>\n<em>Titre\u00a0:<\/em> psychologue<br \/>\n<em>Champ d\u2019exercice :<\/em> pratique ind\u00e9pendante<br \/>\n<strong>Ma\u00eetrise<\/strong><br \/>\n<em>Titre\u00a0:<\/em> psychologue<br \/>\n<em>Champ d\u2019exercice :<\/em> pratique ind\u00e9pendante<\/td>\n<td valign=\"top\"><strong>Doctorat<\/strong><br \/>\nUn an au pr\u00e9-doctorat et un an au post-doctorat<br \/>\n<strong>Ma\u00eetrise<\/strong><br \/>\nDeux ans apr\u00e8s la ma\u00eetrise<\/td>\n<td valign=\"top\">70\u00a0% \u00e0 l\u2019EPPP, score gradu\u00e9 de 500<\/p>\n<p>Pas d\u2019examen oral<\/td>\n<td valign=\"top\">Universit\u00e9<\/td>\n<\/tr>\n<tr>\n<td valign=\"top\">\n<h3><a href=\"http:\/\/www.peipsychology.org\/peiprb\/\" target=\"_blank\" rel=\"noopener\">\u00cele-du-Prince-\u00c9douard<\/a><\/h3>\n<p><a href=\"http:\/\/www.peipsychology.org\/peiprb\/\" target=\"_blank\" rel=\"noopener\">http:\/\/www.peipsychology.org\/peiprb\/<\/a><\/td>\n<td valign=\"top\"><strong>Doctorat<\/strong><br \/>\n<em>Titre\u00a0:<\/em> psychologue<br \/>\n<em>Champ d\u2019exercice :<\/em> pratique ind\u00e9pendante<br \/>\n<strong>Ma\u00eetrise<\/strong><br \/>\n<em>Titre\u00a0:<\/em> associ\u00e9 en psychologie<br \/>\n<em>Champ d\u2019exercice :<\/em> pratique ind\u00e9pendante<\/td>\n<td valign=\"top\"><strong>Doctorat<\/strong><br \/>\nUn an au pr\u00e9-doctorat et un an au post-doctorat<br \/>\n<strong>Ma\u00eetrise<\/strong><br \/>\nDeux ans apr\u00e8s la ma\u00eetrise<\/td>\n<td valign=\"top\">Score gradu\u00e9 \u00e0 l\u2019EPPP de 500<\/p>\n<p>Examen oral<\/td>\n<td valign=\"top\">Universit\u00e9<\/td>\n<\/tr>\n<tr>\n<td colspan=\"5\">\n<h4>\u00c9valuations des dipl\u00f4mes \u00e9trangers<\/h4>\n<p><a href=\"https:\/\/www.canada.ca\/fr\/immigration-refugies-citoyennete\/services\/immigrer-canada\/entree-express\/documents\/evaluer-diplomes-etudes.html\" target=\"_blank\" rel=\"noopener\">Douanes et Immigration Canada<\/a><br \/>\nSur le site Web de CIC, veuillez cliquer sur les organismes d\u00e9sign\u00e9s pour effectuer les \u00e9valuations des dipl\u00f4mes d\u2019\u00e9tudes pour obtenir une liste des fournisseurs d\u2019\u00e9valuation.<\/td>\n<\/tr>\n<\/tbody>\n<\/table>\n<\/div>\n","protected":false},"excerpt":{"rendered":"<p><!--more--><\/p>\n","protected":false},"author":2,"featured_media":0,"parent":1330,"menu_order":0,"comment_status":"closed","ping_status":"closed","template":"templates\/no-sidebar.php","meta":{"_acf_changed":false,"_monsterinsights_skip_tracking":false,"_monsterinsights_sitenote_active":false,"_monsterinsights_sitenote_note":"","_monsterinsights_sitenote_category":0,"footnotes":""},"class_list":["post-1351","page","type-page","status-publish","hentry"],"acf":[],"aioseo_notices":[],"publishpress_future_workflow_manual_trigger":{"enabledWorkflows":[]},"_links":{"self":[{"href":"https:\/\/cpa.ca\/fr\/wp-json\/wp\/v2\/pages\/1351","targetHints":{"allow":["GET"]}}],"collection":[{"href":"https:\/\/cpa.ca\/fr\/wp-json\/wp\/v2\/pages"}],"about":[{"href":"https:\/\/cpa.ca\/fr\/wp-json\/wp\/v2\/types\/page"}],"author":[{"embeddable":true,"href":"https:\/\/cpa.ca\/fr\/wp-json\/wp\/v2\/users\/2"}],"replies":[{"embeddable":true,"href":"https:\/\/cpa.ca\/fr\/wp-json\/wp\/v2\/comments?post=1351"}],"version-history":[{"count":6,"href":"https:\/\/cpa.ca\/fr\/wp-json\/wp\/v2\/pages\/1351\/revisions"}],"predecessor-version":[{"id":43340,"href":"https:\/\/cpa.ca\/fr\/wp-json\/wp\/v2\/pages\/1351\/revisions\/43340"}],"up":[{"embeddable":true,"href":"https:\/\/cpa.ca\/fr\/wp-json\/wp\/v2\/pages\/1330"}],"wp:attachment":[{"href":"https:\/\/cpa.ca\/fr\/wp-json\/wp\/v2\/media?parent=1351"}],"curies":[{"name":"wp","href":"https:\/\/api.w.org\/{rel}","templated":true}]}}