{"id":1386,"date":"2018-07-27T14:23:00","date_gmt":"2018-07-27T18:23:00","guid":{"rendered":"https:\/\/cpa.ca\/student-news\/"},"modified":"2026-03-23T16:54:57","modified_gmt":"2026-03-23T20:54:57","slug":"news","status":"publish","type":"page","link":"https:\/\/cpa.ca\/fr\/etudiants\/news\/","title":{"rendered":"Student News &#038; Newsletters | Nouvelles et bulletins d&#8217;information"},"content":{"rendered":"<style type=\"text\/css\" scoped=\"\">\n\t.cptui-entry\n\t\t{ width: 100%;\tborder-width: 2px; border-style: solid; border-color: #a82f2a; border-radius: 5px; display:inline-block; margin: 0 0 2.0rem; padding: 0 0 2.0rem;\n\t\t}\n\t.cptui-entry \/* post type-post entry category-student *\/\n\t\t{\n\t\t\tmargin: 0 0 2.0rem;\n\t\t}\n\tdiv.cptui-entry-header\n\t\t{background-color: #a82f2a  !important; background-image: none; color: white; font-family:'OpenSans-Bold',Calibri,Arial,Helvetica,Verdana,sans-serif; border-top-left-radius: 5px;   border-top-right-radius: 5px; padding-left:5px; padding-right:5px;\n\t\t}\n\t.cptui-entry-header a {\n\t\t color:white;\n\t\t }\n\t.cptui-entry-summary{\n\t\t padding-left:5px; padding-right:5px;\n\t\t}\n    .cptui-shortcode {\n    \tpadding: 10px;\n    \t}\n\th4\n\t\t{display:inline-block;\n\t\t}\n<\/style>\n<article style=\"-webkit-column-width: 350px; -moz-column-width: 350px; column-width: 350px;\">\n<div style=\"margin-top: -10px;\"><div id=\"cptui\" class=\"cptui-shortcode default-shortcode cptui-shortcode-378\">\n\t\n\t\t<div id=\"cptui-46989\" class=\"cptui-entry post-46989 post type-post status-publish format-standard hentry category-spotlight-fr category-etudiants\">\n\n\t\t\t\n\t\t\t<div class=\"cptui-entry-header\">\n\n\t\t\t\t\n\t\t\t\t<h4 class=\"cptui-entry-title\"><a class=\"cptui-link\" href=\"https:\/\/cpa.ca\/fr\/2026-bms-student-leadership-grant-call-for-applications-is-now-open\/\">Bourse BMS de leadership \u00e9tudiant 2026 \u2013 L\u2019appel de demandes est LANC\u00c9<\/a><\/h4>\n\n\t\t\t\t\n\t\t\t<\/div><!-- .cptui-entry-header -->\n\n\t\t\t<div class=\"cptui-entry-summary\">\n\n\t\t\t\t\n\t\t\t\t<p>Cette bourse, d\u2019une valeur de 500\u00a0$, soutient la formation, la pratique et\/ou le perfectionnement ax\u00e9 sur le leadership dans tous les domaines de la psychologie.<\/p>\n<p>Voici quelques exemples d\u2019activit\u00e9s qui pourraient \u00eatre s\u00e9lectionn\u00e9es\u00a0:<\/p>\n<ul>\n<li>Cours\/atelier (en personne ou virtuel) dispens\u00e9 par un institut de formation en leadership existant ou un programme reconnu<\/li>\n<li>Participation \u00e0 une conf\u00e9rence portant sur le d\u00e9veloppement du leadership<\/li>\n<li>Cours\/atelier (en personne ou virtuel) sur le perfectionnement du leadership<\/li>\n<\/ul>\n<p>Pour en savoir plus sur la bourse de d\u00e9veloppement du leadership, ainsi que sur les exigences relatives aux demandes, les crit\u00e8res d\u2019admissibilit\u00e9 et la fa\u00e7on de pr\u00e9senter sa candidature, <a href=\"https:\/\/cpa.ca\/fr\/student-leadership-grants\/\"><strong>cliquez ici<\/strong><\/a>.<\/p>\n<p>La date limite pour pr\u00e9senter une demande est <strong>le dimanche 5 juillet 2026<\/strong><\/p>\n\n\t\t\t\t\n\t\t\t<\/div><!-- .cptui-entry-summary -->\n\n\t\t<\/div><!-- #cptui-xxxxx .cptui-entry -->\n\n\t\t\n\t\t<div id=\"cptui-46975\" class=\"cptui-entry post-46975 post type-post status-publish format-standard hentry category-journaux category-spotlight-fr category-etudiants\">\n\n\t\t\t\n\t\t\t<div class=\"cptui-entry-header\">\n\n\t\t\t\t\n\t\t\t\t<h4 class=\"cptui-entry-title\"><a class=\"cptui-link\" href=\"https:\/\/cpa.ca\/fr\/psynopsis-vol-48-issue-1-now-available-online\/\"><em>Psynopsis<\/em> Vol.48, Num\u00e9ro 1 maintenant disponible en ligne<\/a><\/h4>\n\n\t\t\t\t\n\t\t\t<\/div><!-- .cptui-entry-header -->\n\n\t\t\t<div class=\"cptui-entry-summary\">\n\n\t\t\t\t\n\t\t\t\t<div style=\"min-height: 150px;\">\n<p><a href=\"https:\/\/cpa.ca\/fr\/psynopsis\/\"><img decoding=\"async\" class=\"textwrapleft\" style=\"max-height: 140px;\" src=\"\/docs\/File\/Psynopsis\/2026-Vol48-1_FR\/files\/shot.jpg\" \/><\/a><br \/>\n<em>Psynopsis<\/em> Volume 48, Num\u00e9ro 1 sur <em><strong>La r\u00e9ussite des \u00e9tudiants de premier cycle<\/strong><\/em> est maintenant disponible.<\/p>\n<p><a href=\"https:\/\/cpa.ca\/fr\/psynopsis\/\">Retrouvez tous nos num\u00e9ros de <em>Psynopsis<\/em> ici<\/a>.<\/p>\n<\/div>\n<hr \/>\n\n\t\t\t\t\n\t\t\t<\/div><!-- .cptui-entry-summary -->\n\n\t\t<\/div><!-- #cptui-xxxxx .cptui-entry -->\n\n\t\t\n\t\t<div id=\"cptui-46712\" class=\"cptui-entry post-46712 post type-post status-publish format-standard hentry category-etudiants\">\n\n\t\t\t\n\t\t\t<div class=\"cptui-entry-header\">\n\n\t\t\t\t\n\t\t\t\t<h4 class=\"cptui-entry-title\"><a class=\"cptui-link\" href=\"https:\/\/cpa.ca\/fr\/loan-forgiveness-for-psychology-students\/\">Loan Forgiveness for Psychology Students<\/a><\/h4>\n\n\t\t\t\t\n\t\t\t<\/div><!-- .cptui-entry-header -->\n\n\t\t\t<div class=\"cptui-entry-summary\">\n\n\t\t\t\t\n\t\t\t\t<p>Le gouvernement du Canada offre <a href=\"https:\/\/www.canada.ca\/fr\/services\/prestations\/education\/aide-etudiants\/bourses-prets\/rembourser\/aide-remboursement\/exoneration-pret-etudes.html\" target=\"_blank\" rel=\"noopener\" data-auth=\"NotApplicable\">la remise de pr\u00eat d\u2019\u00e9tudes canadien<\/a>\u00a0(pour la portion impay\u00e9e d\u2019un pr\u00eat d\u2019\u00e9tudes f\u00e9d\u00e9ral) aux emprunteurs et emprunteuses qui travaillent dans des professions admissibles, au sein de collectivit\u00e9s admissibles. Cela contribue \u00e0 faire en sorte que davantage de Canadiens et Canadiennes aient acc\u00e8s aux services auxquels ils ont droit.<\/p>\n<p>\u00c0 compter du 31 d\u00e9cembre 2025, <em>les psychologues font partie des professions admissibles<\/em>.<\/p>\n\n\t\t\t\t\n\t\t\t<\/div><!-- .cptui-entry-summary -->\n\n\t\t<\/div><!-- #cptui-xxxxx .cptui-entry -->\n\n\t\t\n\t\t<div id=\"cptui-46700\" class=\"cptui-entry post-46700 post type-post status-publish format-standard hentry category-etudiants\">\n\n\t\t\t\n\t\t\t<div class=\"cptui-entry-header\">\n\n\t\t\t\t\n\t\t\t\t<h4 class=\"cptui-entry-title\"><a class=\"cptui-link\" href=\"https:\/\/cpa.ca\/fr\/fall-2025-newsletter-of-the-cpa-section-for-students\/\">Bulletin de nouvelle de le automne 2025 de la section \u00e9tudiante de la SCP : Les voix francophones en psychologie<\/a><\/h4>\n\n\t\t\t\t\n\t\t\t<\/div><!-- .cptui-entry-header -->\n\n\t\t\t<div class=\"cptui-entry-summary\">\n\n\t\t\t\t\n\t\t\t\t<p>Nous sommes ravis de vous pr\u00e9senter <a href=\"https:\/\/cpa.ca\/docs\/File\/Students\/CPA Fall Newsletter 2025-FR.pdf\" target=\"_blank\" rel=\"noopener noreferrer\">l&#8217;\u00e9dition automne 2025 de l\u2019infolettre de la section \u00e9tudiante de la SCP<\/a> !<\/p>\n<p>Ce num\u00e9ro met l&#8217;accent sur les voix francophones en psychologie, en soulignant les contributions r\u00e9fl\u00e9chies de personnes \u00e9tudiantes, cliniciennes (un merci tout sp\u00e9cial \u00e0 MindSession psychologie interculturelle !) et professeures de tout le pays. Trois des membres de la direction de notre section \u00e9tudiante \u00e9tant francophones, ce th\u00e8me rev\u00eat une importance particuli\u00e8re et constitue \u00e9galement une pr\u00e9paration significative au congr\u00e8s SCP2026 qui se tiendra \u00e0 Montr\u00e9al.<\/p>\n<p>Nous esp\u00e9rons que vous appr\u00e9cierez autant que nous avons pris plaisir \u00e0 rassembler ces perspectives et ces r\u00e9cits. Nous remercions chaleureusement toutes les personnes qui ont contribu\u00e9 \u00e0 ce num\u00e9ro, ainsi que l&#8217;ensemble de la communaut\u00e9 \u00e9tudiante pour son soutien, ses id\u00e9es et sa camaraderie.<\/p>\n<p>Bien cordialement,<br \/>\nLe conseil ex\u00e9cutif de la section \u00e9tudiante de la SCP<\/p>\n<hr \/>\n\n\t\t\t\t\n\t\t\t<\/div><!-- .cptui-entry-summary -->\n\n\t\t<\/div><!-- #cptui-xxxxx .cptui-entry -->\n\n\t\t\n\t\t<div id=\"cptui-46065\" class=\"cptui-entry post-46065 post type-post status-publish format-standard hentry category-spotlight-fr category-etudiants\">\n\n\t\t\t\n\t\t\t<div class=\"cptui-entry-header\">\n\n\t\t\t\t\n\t\t\t\t<h4 class=\"cptui-entry-title\"><a class=\"cptui-link\" href=\"https:\/\/cpa.ca\/fr\/registration-is-now-open-for-cpa2026-87th-annual-national-convention\/\">La p\u00e9riode d\u2019inscription au congr\u00e8s national de la SCP de 2026 est maintenant ouvert : 87e congr\u00e8s national annuel<\/a><\/h4>\n\n\t\t\t\t\n\t\t\t<\/div><!-- .cptui-entry-header -->\n\n\t\t\t<div class=\"cptui-entry-summary\">\n\n\t\t\t\t\n\t\t\t\t<p><img class=\"textwrapright\" style=\"max-width:30%\"src=\"https:\/\/convention.cpa.ca\/wp-content\/uploads\/2025\/08\/CPA-2026-logo-Colour-wide.png\" alt=\"CPA 2026\" \/>La SCP est heureuse d&#8217;annoncer que la p\u00e9riode d&#8217;inscription pour son 86e congr\u00e8s national annuel est maintenant ouverte. La conf\u00e9rence se tiendra du 4 au 6 juin 2026 au Le Westin Montr\u00e9al, \u00e0 Montr\u00e9al, Qu\u00e9bec. Elle sera pr\u00e9c\u00e9d\u00e9e des ateliers de d\u00e9veloppement professionnel pr\u00e9-conf\u00e9rence, qui auront lieu le 3 juin 2026 ; C&#8217;est un \u00e9v\u00e9nement \u00e0 ne pas manquer !<\/p>\n<p>Les \u00e9tudiants affili\u00e9s de la SCP qui s\u2019identifient comme autochtones peuvent obtenir une dispense des frais d\u2019inscription s\u2019ils s\u2019inscrivent <strong>avant le 26 mai<\/strong>.<\/p>\n<p>(<a href=\"https:\/\/convention.cpa.ca\/fr\/inscription\/\">https:\/\/convention.cpa.ca\/fr\/inscription\/<\/a>)<\/p>\n<hr \/>\n\n\t\t\t\t\n\t\t\t<\/div><!-- .cptui-entry-summary -->\n\n\t\t<\/div><!-- #cptui-xxxxx .cptui-entry -->\n\n\t\t\n\t\t<div id=\"cptui-40378\" class=\"cptui-entry post-40378 post type-post status-publish format-standard hentry category-studentfundingfr category-etudiants\">\n\n\t\t\t\n\t\t\t<div class=\"cptui-entry-header\">\n\n\t\t\t\t\n\t\t\t\t<h4 class=\"cptui-entry-title\"><a class=\"cptui-link\" href=\"https:\/\/cpa.ca\/fr\/cpas-indigenous-psychology-student-award-program-2\/\">Programme de bourses de la SCP pour les \u00e9tudiants autochtones : bourse d\u2019\u00e9tudes en psychologie<\/a><\/h4>\n\n\t\t\t\t\n\t\t\t<\/div><!-- .cptui-entry-header -->\n\n\t\t\t<div class=\"cptui-entry-summary\">\n\n\t\t\t\t\n\t\t\t\t<p><a id=\"indigenousaward\" class=\"anchor\"><\/a>L\u2019objectif de ce programme est d\u2019encourager et de soutenir les \u00e9tudiants autochtones (Inuits, Premi\u00e8res nations ou M\u00e9tis) qui entament un programme de premier cycle ou un programme d\u2019\u00e9tudes sup\u00e9rieures en psychologie dans les universit\u00e9s canadiennes. Il s\u2019agit d\u2019une bourse fond\u00e9e sur les r\u00e9sultats scolaires qui prend \u00e9galement en consid\u00e9ration les circonstances personnelles du candidat, comme la volont\u00e9 d\u2019exceller dans le domaine de la psychologie et ce dont il a besoin pour surmonter les obstacles \u00e0 la poursuite d\u2019\u00e9tudes universitaires.\u00a0 Pour remplir le formulaire de candidature, vous aurez besoin des \u00e9l\u00e9ments suivants : relev\u00e9 de notes officiel, curriculum vitae, d\u00e9claration personnelle et une lettre de soutien.<\/p>\n<p><strong>FERM\u00c9 pour 2025 &#8211; La date limite de candidature est le 10 mai.<\/strong><br \/>\n<!-----\nCliquez ici pour obtenir des instructions compl\u00e8tes\u00a0: <a target=\"_blank\" href=\"https:\/\/cpa.ca\/docs\/File\/Funding\/Instructions_Indigenous Bursary Application_April2025-FR.pdf\" rel=\"noopener\">https:\/\/cpa.ca\/docs\/File\/Funding\/Indigenous_Student_Award_Instructions-FR-NOV2024.pdf<\/a>\n\nCliquez ici pour postuler : <a href=\"https:\/\/cpa.ca\/machform\/view.php?id=96559\" target=\"_blank\" rel=\"noopener\">https:\/\/cpa.ca\/machform\/view.php?id=96559<\/a>\n---><\/p>\n<hr \/>\n\n\t\t\t\t\n\t\t\t<\/div><!-- .cptui-entry-summary -->\n\n\t\t<\/div><!-- #cptui-xxxxx .cptui-entry -->\n\n\t\t\n\t\t<div id=\"cptui-42471\" class=\"cptui-entry post-42471 post type-post status-publish format-standard hentry category-etudiants\">\n\n\t\t\t\n\t\t\t<div class=\"cptui-entry-header\">\n\n\t\t\t\t\n\t\t\t\t<h4 class=\"cptui-entry-title\"><a class=\"cptui-link\" href=\"https:\/\/cpa.ca\/fr\/2025-cpa-student-research-grant-winners-announced\/\">Annonce des laur\u00e9ats des bourses de recherche pour \u00e9tudiants de la SCP 2025<\/a><\/h4>\n\n\t\t\t\t\n\t\t\t<\/div><!-- .cptui-entry-header -->\n\n\t\t\t<div class=\"cptui-entry-summary\">\n\n\t\t\t\t\n\t\t\t\t<p>La SCP a le plaisir de d\u00e9voiler les noms  <a href=\"https:\/\/cpa.ca\/fr\/science\/grants\/\">des laur\u00e9ats des subventions de recherche pour les \u00e9tudiants de cette ann\u00e9e<\/a>. Ces subventions reconnaissent des travaux de recherche r\u00e9alis\u00e9s par des \u00e9tudiants dans tous les domaines de la psychologie. Cette ann\u00e9e, les subventions ont \u00e9t\u00e9 accord\u00e9es par la SCP, conjointement avec la SCSCCC, et par BMS Canada.<\/p>\n<p>F\u00e9licitations \u00e0 tous!<\/p>\n<hr \/>\n\n\t\t\t\t\n\t\t\t<\/div><!-- .cptui-entry-summary -->\n\n\t\t<\/div><!-- #cptui-xxxxx .cptui-entry -->\n\n\t\t\n\t\t<div id=\"cptui-38720\" class=\"cptui-entry post-38720 post type-post status-publish format-standard hentry category-etudiants\">\n\n\t\t\t\n\t\t\t<div class=\"cptui-entry-header\">\n\n\t\t\t\t\n\t\t\t\t<h4 class=\"cptui-entry-title\"><a class=\"cptui-link\" href=\"https:\/\/cpa.ca\/fr\/spring-2024-newsletter-of-the-cpa-section-for-students\/\">Bulletin de nouvelle de le printemps 2024 de la section \u00e9tudiante de la SCP<\/a><\/h4>\n\n\t\t\t\t\n\t\t\t<\/div><!-- .cptui-entry-header -->\n\n\t\t\t<div class=\"cptui-entry-summary\">\n\n\t\t\t\t\n\t\t\t\t<p>Chers \u00e9tudiants,<\/p>\n<p>Nous sommes heureux de vous distribuer le bulletin de nouvelle de le printemps de la section \u00e9tudiante de la SCP.  <a href=\"https:\/\/cpa.ca\/docs\/File\/Students\/Spring 2024 Newsletter_FR.pdf\" target=\"_blank\" rel=\"noopener noreferrer\">Bulletin de la Section \u00e9tudiante de la SCP,<br \/>\nPrintemps 2024<\/a><\/p>\n<p>Cordialement,<br \/>\nLe conseil ex\u00e9cutif\u00a0de la section \u00e9tudiante de la SCP.<\/p>\n<hr \/>\n\n\t\t\t\t\n\t\t\t<\/div><!-- .cptui-entry-summary -->\n\n\t\t<\/div><!-- #cptui-xxxxx .cptui-entry -->\n\n\t\t\n\t\t<div id=\"cptui-26257\" class=\"cptui-entry post-26257 post type-post status-publish format-standard hentry category-etudiants\">\n\n\t\t\t\n\t\t\t<div class=\"cptui-entry-header\">\n\n\t\t\t\t\n\t\t\t\t<h4 class=\"cptui-entry-title\"><a class=\"cptui-link\" href=\"https:\/\/cpa.ca\/fr\/new-issue-of-mind-pad-now-available-2\/\">Nouveau num\u00e9ro de <em>Notes d&#8217;id\u00e9es<\/em> maintenant disponible\u00a0!<\/a><\/h4>\n\n\t\t\t\t\n\t\t\t<\/div><!-- .cptui-entry-header -->\n\n\t\t\t<div class=\"cptui-entry-summary\">\n\n\t\t\t\t\n\t\t\t\t<h4>L&#8217;\u00e9dition hiver 2023 de <strong><em>Notes d\u2019id\u00e9es<\/em><\/strong>, premiere num\u00e9ro du volume 11, est maintenant disponible:<\/h4>\n<p><a href=\"\/docs\/File\/Students\/MindPad\/mindpadwinter2023\/\" target=\"_blank\" rel=\"noopener noreferrer\"><img decoding=\"async\" class=\"imagelink\" style=\"max-height: 250px;\" src=\"\/docs\/File\/Students\/MindPad\/mindpadwinter2023\/files\/large\/1.jpg\" alt=\"Notes d\u2019id\u00e9es - hiver 2023\" height=\"250\" border=\"1\" \/><\/a> ou <a href=\"\/docs\/File\/Students\/MindPad\/MindPad_Winter2023.pdf\" target=\"_blank\" rel=\"noopener noreferrer\"><strong>(PDF)<\/strong><\/a><\/p>\n<hr>\n\n\t\t\t\t\n\t\t\t<\/div><!-- .cptui-entry-summary -->\n\n\t\t<\/div><!-- #cptui-xxxxx .cptui-entry -->\n\n\t\t<\/div><\/div>\n<\/article>\n<h4><\/h4>\n<hr style=\"margin-top: -50px;\" \/>\n<h3 style=\"display: block;\">CPA Student Newsletter Archive | Archive du bulletin de la section des \u00e9tudiants de la SCP<\/h3>\n<article style=\"-webkit-column-width: 250px; -moz-column-width: 250px; column-width: 250px;\">\n<div style=\"margin-top: -10px;\">\n<p><a href=\"https:\/\/cpa.ca\/docs\/File\/Students\/CPA Fall Newsletter 2025-EN.pdf\" target=\"_blank\" rel=\"noopener noreferrer\">Fall 2025<\/a>\u00a0| <a href=\"https:\/\/cpa.ca\/docs\/File\/Students\/CPA Fall Newsletter 2025-FR.pdf\" target=\"_blank\" rel=\"noopener noreferrer\">version fran\u00e7ais ici<\/a><\/p>\n<p><a href=\"https:\/\/cpa.ca\/docs\/File\/Students\/CPA Fall Newsletter 2024-EN.pdf\" target=\"_blank\" rel=\"noopener noreferrer\">Fall 2024<\/a>\u00a0| <a href=\"https:\/\/cpa.ca\/docs\/File\/Students\/CPA Fall Newsletter 2024-FR.pdf\" target=\"_blank\" rel=\"noopener noreferrer\">version fran\u00e7ais ici<\/a><\/p>\n<p><a href=\"https:\/\/cpa.ca\/docs\/File\/Students\/Spring 2024 Newsletter_EN.pdf\" target=\"_blank\" rel=\"noopener noreferrer\">Spring 2024<\/a>\u00a0| <a href=\"https:\/\/cpa.ca\/docs\/File\/Students\/Spring 2024 Newsletter_FR.pdf\" target=\"_blank\" rel=\"noopener noreferrer\">version fran\u00e7ais ici<\/a><\/p>\n<p><a href=\"https:\/\/cpa.ca\/docs\/File\/Students\/Fall2023 Newsletter_EN.pdf\" target=\"_blank\" rel=\"noopener noreferrer\">Fall 2023<\/a>\u00a0| <a href=\"https:\/\/cpa.ca\/docs\/File\/Students\/Fall2023 Newsletter_FR.pdf\" target=\"_blank\" rel=\"noopener noreferrer\">version fran\u00e7ais ici<\/a><\/p>\n<p><a href=\"https:\/\/cpa.ca\/docs\/File\/Students\/Spring Newsletter_EN.pdf\" target=\"_blank\" rel=\"noopener noreferrer\">Spring 2023<\/a>\u00a0| <a href=\"https:\/\/cpa.ca\/docs\/File\/Students\/Spring Newsletter_FR.pdf\" target=\"_blank\" rel=\"noopener noreferrer\">version fran\u00e7ais ici<\/a><\/p>\n<p><a href=\"https:\/\/cpa.ca\/docs\/File\/Students\/Fall Newsletter 2022_EN.pdf\" target=\"_blank\" rel=\"noopener noreferrer\">Fall 2022<\/a>\u00a0| <a href=\"https:\/\/cpa.ca\/docs\/File\/Students\/Fall Newsletter 2022_FR.pdf\" target=\"_blank\" rel=\"noopener noreferrer\">version fran\u00e7ais ici<\/a><\/p>\n<p><a href=\"https:\/\/cpa.ca\/docs\/File\/Students\/2022_CPANewsletter_EN.pdf\" target=\"_blank\" rel=\"noopener noreferrer\">Spring 2022<\/a>\u00a0| <a href=\"https:\/\/cpa.ca\/docs\/File\/Students\/2022_CPANewsletter_FR.pdf\" target=\"_blank\" rel=\"noopener noreferrer\">version fran\u00e7ais ici<\/a><\/p>\n<p><a href=\"https:\/\/cpa.ca\/docs\/File\/Students\/CPA Student Newsletter Fall 2021_EN.pdf\" target=\"_blank\" rel=\"noopener noreferrer\">Fall 2021<\/a>\u00a0| <a href=\"https:\/\/cpa.ca\/docs\/File\/Students\/CPA Student Newsletter Fall 2021_FR.pdf\" target=\"_blank\" rel=\"noopener noreferrer\">version fran\u00e7ais ici<\/a><\/p>\n<p><a href=\"https:\/\/cpa.ca\/docs\/File\/Students\/CPA Student Newsletter Spring_2021.pdf\" target=\"_blank\" rel=\"noopener noreferrer\">Spring 2021<\/a>\u00a0| <a href=\"https:\/\/cpa.ca\/docs\/File\/Students\/CPA Student Newsletter Spring_2021_FR.pdf\" target=\"_blank\" rel=\"noopener noreferrer\">version fran\u00e7ais ici<\/a><\/p>\n<p><a href=\"https:\/\/cpa.ca\/docs\/File\/Students\/CPA Student Newsletter Fall 2020_EN-compressed.pdf\" target=\"_blank\" rel=\"noopener noreferrer\">Fall 2020<\/a>\u00a0| <a href=\"https:\/\/cpa.ca\/docs\/File\/Students\/CPA Student Newsletter Fall 2020_FR-compressed.pdf\" target=\"_blank\" rel=\"noopener noreferrer\">version fran\u00e7ais ici<\/a><\/p>\n<p><a href=\"https:\/\/cpa.ca\/docs\/File\/Students\/Spring%202020.EN_FINAL.pdf\" target=\"_blank\" rel=\"noopener noreferrer\">Spring 2020<\/a>\u00a0| <a href=\"https:\/\/cpa.ca\/docs\/File\/Students\/Spring%202020.FR_FINAL.pdf\" target=\"_blank\" rel=\"noopener noreferrer\">version fran\u00e7ais ici<\/a><\/p>\n<p><a href=\"https:\/\/cpa.ca\/docs\/File\/Students\/Fall%202019.EN.pdf\" target=\"_blank\" rel=\"noopener noreferrer\">Fall 2019<\/a> |\u00a0<a href=\"https:\/\/cpa.ca\/docs\/File\/Students\/Fall%202019.FR.pdf\" target=\"_blank\" rel=\"noopener noreferrer\">version fran\u00e7ais ici<\/a><\/p>\n<p><a href=\"https:\/\/cpa.ca\/docs\/File\/Students\/Spring%202019.EN.pdf\" target=\"_blank\" rel=\"noopener noreferrer\">Spring 2019<\/a> | <a href=\"https:\/\/cpa.ca\/docs\/File\/Students\/Spring%202019.FR.pdf\" target=\"_blank\" rel=\"noopener noreferrer\">version fran\u00e7ais ici<\/a><\/p>\n<p><a href=\"https:\/\/cpa.ca\/docs\/File\/Students\/Fall%202018.EN.pdf\" target=\"_blank\" rel=\"noopener noreferrer\">Fall 2018<\/a> | <a href=\"https:\/\/cpa.ca\/docs\/File\/Students\/Fall%202018.FR.pdf\" target=\"_blank\" rel=\"noopener noreferrer\">version fran\u00e7ais ici<\/a><\/p>\n<p><a href=\"https:\/\/cpa.ca\/docs\/File\/Students\/newsletter\/Spring%202018%20Newsletter.pdf\" target=\"_blank\" rel=\"noopener noreferrer\">Spring 2018<\/a> | <a href=\"https:\/\/cpa.ca\/docs\/File\/Students\/newsletter\/Spring%202018%20Newsletter.FR.pdf\" target=\"_blank\" rel=\"noopener noreferrer\">version fran\u00e7ais ici<\/a><\/p>\n<p><a href=\"https:\/\/cpa.ca\/docs\/File\/Students\/newsletter\/Final%20Fall%20Newsletter%202017.EN.pdf\" target=\"_blank\" rel=\"noopener noreferrer\">Fall 2017<\/a> | <a href=\"https:\/\/cpa.ca\/docs\/File\/Students\/newsletter\/Final%20Fall%20Newsletter%202017.FR.pdf\" target=\"_blank\" rel=\"noopener noreferrer\">version fran\u00e7ais ici<\/a><\/p>\n<p><a href=\"https:\/\/cpa.ca\/docs\/File\/Students\/newsletter\/Spring%202017%20Newsletter.pdf\" target=\"_blank\" rel=\"noopener noreferrer\">Spring 2017<\/a> | <a href=\"https:\/\/cpa.ca\/docs\/File\/Students\/newsletter\/Spring%202017%20Newsletter.FR.pdf\" target=\"_blank\" rel=\"noopener noreferrer\">version fran\u00e7ais ici<\/a><\/p>\n<p><a href=\"https:\/\/cpa.ca\/docs\/File\/Students\/newsletter\/Final%20Fall%20Newsletter%202016.pdf\" target=\"_blank\" rel=\"noopener noreferrer\">Fall 2016, Issue 5<\/a><\/p>\n<p>Spring 2016, Issue 4<\/p>\n<p><a href=\"https:\/\/cpa.ca\/docs\/File\/Students\/newsletter\/Fall_2015_Student_Newsletter.pdf\" target=\"_blank\" rel=\"noopener noreferrer\">Fall 2015, Issue 3<\/a><\/p>\n<p><a href=\"https:\/\/cpa.ca\/docs\/File\/Students\/newsletter\/cpa_student_newsletter_spring2015.pdf\" target=\"_blank\" rel=\"noopener noreferrer\">Spring 2015, Issue 2<\/a><\/p>\n<p><a href=\"https:\/\/cpa.ca\/docs\/File\/Students\/newsletter\/cpa_student_newsletter-fall2014_issue1.pdf\" target=\"_blank\" rel=\"noopener noreferrer\">Fall 2014, Issue 1<\/a><\/p>\n<\/div>\n<\/article>\n","protected":false},"excerpt":{"rendered":"<p><strong>CPA Student Section Newsletter.<\/strong>  The Spring 2022 Student Newsletter is now available.<a href=\"https:\/\/cpa.ca\/docs\/File\/Students\/2022_CPANewsletter_EN.pdf\" target=\"_blank\" rel=\"noopener noreferrer\">Click here to download<\/a>&nbsp;(<a href=\"https:\/\/cpa.ca\/docs\/File\/Students\/2022_CPANewsletter_FR.pdf\" target=\"_blank\" rel=\"noopener noreferrer\">version fran\u00e7ais ici<\/a>).<\/p>\n","protected":false},"author":2,"featured_media":0,"parent":1382,"menu_order":0,"comment_status":"closed","ping_status":"closed","template":"","meta":{"_acf_changed":false,"_monsterinsights_skip_tracking":false,"_monsterinsights_sitenote_active":false,"_monsterinsights_sitenote_note":"","_monsterinsights_sitenote_category":0,"footnotes":""},"class_list":["post-1386","page","type-page","status-publish","hentry"],"acf":[],"aioseo_notices":[],"publishpress_future_workflow_manual_trigger":{"enabledWorkflows":[]},"_links":{"self":[{"href":"https:\/\/cpa.ca\/fr\/wp-json\/wp\/v2\/pages\/1386","targetHints":{"allow":["GET"]}}],"collection":[{"href":"https:\/\/cpa.ca\/fr\/wp-json\/wp\/v2\/pages"}],"about":[{"href":"https:\/\/cpa.ca\/fr\/wp-json\/wp\/v2\/types\/page"}],"author":[{"embeddable":true,"href":"https:\/\/cpa.ca\/fr\/wp-json\/wp\/v2\/users\/2"}],"replies":[{"embeddable":true,"href":"https:\/\/cpa.ca\/fr\/wp-json\/wp\/v2\/comments?post=1386"}],"version-history":[{"count":7,"href":"https:\/\/cpa.ca\/fr\/wp-json\/wp\/v2\/pages\/1386\/revisions"}],"predecessor-version":[{"id":46704,"href":"https:\/\/cpa.ca\/fr\/wp-json\/wp\/v2\/pages\/1386\/revisions\/46704"}],"up":[{"embeddable":true,"href":"https:\/\/cpa.ca\/fr\/wp-json\/wp\/v2\/pages\/1382"}],"wp:attachment":[{"href":"https:\/\/cpa.ca\/fr\/wp-json\/wp\/v2\/media?parent=1386"}],"curies":[{"name":"wp","href":"https:\/\/api.w.org\/{rel}","templated":true}]}}