{"id":1389,"date":"2017-10-21T15:19:49","date_gmt":"2017-10-21T19:19:49","guid":{"rendered":"https:\/\/cpa.ca\/etudiants\/mentorship\/"},"modified":"2025-09-08T14:30:38","modified_gmt":"2025-09-08T18:30:38","slug":"mentorship","status":"publish","type":"page","link":"https:\/\/cpa.ca\/fr\/etudiants\/mentorship\/","title":{"rendered":"Le programme de mentorat \u00e9tudiant de la SCP"},"content":{"rendered":"<h3>Le programme de mentorat \u00e9tudiant de la SCP<br \/>\nUne initiative de la Section des \u00e9tudiants en psychologie de la SCP<\/h3>\n<p>Le programme de mentorat \u00e9tudiant de la SCP offre aux \u00e9tudiants affili\u00e9s la possibilit\u00e9 de d\u00e9velopper une relation de mentorat par les pairs avec d\u2019autres \u00e9tudiants. L\u2019objectif principal de ce programme est de faciliter l\u2019\u00e9change d\u2019information et d\u2019exp\u00e9riences personnelles et professionnelles entre les membres \u00e9tudiants affili\u00e9s de la SCP de partout au Canada, et de divers niveaux de scolarit\u00e9. Gr\u00e2ce \u00e0 ce programme, les mentors \u00e9tudiants ont la possibilit\u00e9 de d\u00e9velopper et de perfectionner leurs comp\u00e9tences en mati\u00e8re de mentorat, lesquelles peuvent \u00eatre \u00e9tendues \u00e0 divers domaines professionnels, tandis que les mentor\u00e9s ont la chance de vivre une exp\u00e9rience unique leur permettant d\u2019\u00e9largir leurs connaissances dans les diff\u00e9rents domaines de la psychologie, de d\u00e9velopper leurs comp\u00e9tences en communication et d\u2019\u00eatre guid\u00e9s lorsque vient le temps de prendre des d\u00e9cisions personnelles et professionnelles.<\/p>\n<p>Voici quelques exemples des <strong>avantages <\/strong>du mentorat par les pairs :<\/p>\n<ul>\n<li>Vous renseigner sur le domaine de la psychologie qui vous int\u00e9resse (p. ex., psychologie clinique ou psychologie du counseling, etc.)<\/li>\n<li>D\u00e9couvrir l\u2019importance de la recherche et de la diffusion des connaissances<\/li>\n<li>Obtenir des informations sur les admissions aux \u00e9coles d\u2019\u00e9tudes sup\u00e9rieures et le processus de demande d\u2019admission<\/li>\n<li>Obtenir des conseils sur le financement et de l\u2019information sur les bourses<\/li>\n<li>Acqu\u00e9rir de l\u2019exp\u00e9rience professionnelle et de l\u2019exp\u00e9rience de leadership<\/li>\n<li>Augmenter vos opportunit\u00e9s de r\u00e9seautage<\/li>\n<li>Avoir un aper\u00e7u des possibilit\u00e9s de carri\u00e8re en dehors de la psychologie<\/li>\n<li>Recevoir un soutien \u00e9motionnel, tisser des amiti\u00e9s et profiter de commentaires personnels<\/li>\n<\/ul>\n<p><strong><br \/>\nComment fonctionne le programme de mentorat<\/strong><\/p>\n<ul>\n<li><strong>Vous devez \u00eatre un affili\u00e9 \u00e9tudiant de la SCP pour participer<\/strong>au programme. <u>Note\u00a0:<\/u> L&#8217;adh\u00e9sion \u00e0 la section \u00e9tudiante SCP est incluse gratuitement avec votre adh\u00e9sion d&#8217;affili\u00e9 \u00e9tudiant de la SCP.<\/li>\n<li>Les mentor\u00e9s (\u00e9tudiants de premier cycle) et mentors (\u00e9tudiants dipl\u00f4m\u00e9s\/\u00e9tudiants au postdoctorat) potentiels doivent remplir leur demande respective (postuler pour \u00eatre un mentor\u00e9 ou un mentor) et envoyer les formulaires remplis par courriel \u00e0 la coordonnatrice du programme pour \u00eatre jumel\u00e9s dans le cadre d\u2019un mentorat par les pairs. Les formulaires et les instructions relatives aux demandes se trouvent ci-dessous. Veuillez noter que cette ann\u00e9e, le nombre de candidats choisis est limit\u00e9, car nous recherchons des mentors et des mentor\u00e9s motiv\u00e9s et d\u00e9sireux de participer activement.<\/li>\n<li>Ensuite, la coordonnatrice du programme examinera les demandes et mettra les mentor\u00e9s en contact avec les mentors par l\u2019interm\u00e9diaire d\u2019un courriel de connexion.<\/li>\n<li>Les mentors et les mentor\u00e9s recevront ensuite un petit manuel de formation qui les aidera \u00e0 orienter le processus et la relation de mentorat. Les mentors et les mentor\u00e9s devront \u00e9galement assister \u00e0 une session de formation et de r\u00e9seautage Zoom d&#8217;une heure au d\u00e9but du programme. Il reviendra ensuite \u00e0 chaque paire de mentor-mentor\u00e9 de d\u00e9cider des modalit\u00e9s du mentorat par les pairs en d\u00e9terminant ce qui fonctionnera le mieux pour eux. Les \u00e9changes entre mentor et mentor\u00e9 peuvent se faire en personne, par t\u00e9l\u00e9phone, par courriel, par Zoom ou par tout autre moyen de communication qui convient aux \u00e9tudiants.<\/li>\n<\/ul>\n<p>La conception de ce programme se veut simple et claire, ce qui permet de personnaliser le processus en fonction des besoins et des pr\u00e9occupations du mentor et du mentor\u00e9. Le programme a \u00e9t\u00e9 mis au point de mani\u00e8re \u00e0 se d\u00e9ployer pendant les trimestres scolaires d\u2019automne et d\u2019hiver; les mentors et les mentor\u00e9s seront jumel\u00e9s en septembre, et ce, jusqu\u2019\u00e0 la fin de l\u2019ann\u00e9e scolaire, qui se termine en avril. Les mentor\u00e9s et les mentors seront \u00e9galement invit\u00e9s \u00e0 \u00e9valuer leurs progr\u00e8s \u00e0 deux reprises pendant le programme\u00a0: \u00e0 mi-parcours (d\u00e9cembre\/janvier) et une fois le programme termin\u00e9 (avril\/mai). Les mentors et les mentor\u00e9s peuvent \u00e9galement choisir de consigner les d\u00e9tails des rencontres et des \u00e9changes de mentorat dans un registre de mentorat.<\/p>\n<p><strong>Pour les \u00e9tudiants francophones<\/strong>\u00a0: nous sommes heureux d\u2019annoncer que tous les documents du programme (formulaires de demande, manuels, registres) sont maintenant disponibles en fran\u00e7ais. Veuillez noter que les demandes peuvent \u00eatre pr\u00e9sent\u00e9es en fran\u00e7ais. Nous ferons \u00e9galement de notre mieux pour jumeler ensemble des \u00e9tudiants francophones afin de faciliter l\u2019acc\u00e8s \u00e0 ce programme \u00e0 la fois aux \u00e9tudiants anglophones et francophones.<\/p>\n<p><strong>Si vous \u00eates d\u00e9j\u00e0 un \u00e9tudiant affili\u00e9 <\/strong>\u2013 si vous \u00eates d\u00e9j\u00e0 un affili\u00e9 \u00e9tudiant de la SCP et que vous souhaitez participer au programme, remplissez le formulaire de demande ci-dessous. Vous aurez besoin de votre num\u00e9ro d\u2019identification, que vous obtiendrez lorsque vous vous connecterez \u00e0 votre profil ici \u2013 <a href=\"https:\/\/secure.cpa.ca\/apps\/Membership?returnUrl=%2Fapps%2FPages%2Fmy-profile\" target=\"_blank\" rel=\"noopener noreferrer\">https:\/\/secure.cpa.ca\/apps\/Membership?returnUrl=\/apps\/Pages\/my-profile<\/a>.<\/p>\n<p><strong>Nouveau \u00e0 la SCP <\/strong> &#8211; si vous voulez participer au programme et vous n\u2019avez jamais \u00e9t\u00e9 membre, affili\u00e9 our associ\u00e9 de la SCP \u2013<\/p>\n<ul>\n<li>Vous pouvez vous joindre \u00e0 la SCP n\u2019importe quand entre janvier et ao\u00fbt, les frais d\u2019adh\u00e9sion sont de 75\u00a0$ (et votre adh\u00e9sion est valide \u00e0 partir du moment o\u00f9 vous adh\u00e9rez jusqu\u2019\u00e0 d\u00e9cembre).<\/li>\n<li>Si vous adh\u00e9rez en septembre, les frais d\u2019adh\u00e9sion sont de 25\u00a0$, et vous pouvez participer au programme jusqu\u2019en d\u00e9cembre. Si vous souhaitez participer au programme de mentorat l\u2019ann\u00e9e suivante, vous devrez renouveler et payer la cotisation annuelle standard de 75\u00a0$ exig\u00e9e aux affili\u00e9s \u00e9tudiants.<\/li>\n<\/ul>\n<p>Si vous <strong>\u00eates un nouveau venu \u00e0 la SCP<\/strong>\u00a0et que vous souhaitez vous inscrire au programme\u00a0<strong>en septembre<\/strong>, veuillez communiquer avec la coordonnatrice du programme, Adnan Zoubi, \u00e0 <a href=\"mailto:chairelect.cpastudentsection@gmail.com.\">chairelect.cpastudentsection@gmail.com<\/a>.<\/p>\n<p>Adnan sera \u00e9galement heureuse de r\u00e9pondre \u00e0 toutes vos questions sur le programme de mentorat.<\/p>\n<p>Nous esp\u00e9rons que vous ferez partie du programme !<\/p>\n<hr \/>\n<h3>Demandes d\u2019inscription &#8211; maintenant ferm\u00e9es<!---ouvertes----><\/h3>\n<p>Les candidatures pour le programme de mentorat de septembre 2025 \u00e0 mai 2026 sont maintenant closes. Les candidatures pour le programme de mentorat de septembre 2026 \u00e0 mai 2027 d\u00e9buteront \u00e0 la fin juillet ou au d\u00e9but ao\u00fbt 2026.<br \/>\n<!----\nLes candidatures pour la cohorte de septembre 2025 - mai 2026 seront ouvertes \u00e0 la fin du mois de juillet. La date limite pour soumettre vos dossiers de candidature sur le formulaire de candidature en ligne sera le <strong>lundi 1 septembre 2025.<\/strong>\n\n\n<h4><strong>Formulaire de demande de mentor (2025-26) :<\/strong><\/h4>\n\n\n<a href=\"https:\/\/cpa.ca\/machform\/view.php?id=127745\" target=\"_blank\" rel=\"noopener noreferrer\">Formulaire de demande de mentor en anglais<\/a>\n<a href=\"https:\/\/cpa.ca\/machform\/view.php?id=130197\" target=\"_blank\" rel=\"noopener noreferrer\">Formulaire de demande de mentor fran\u00e7ais<\/a>\n\n\n<h4><strong>Formulaire de demande de mentor\u00e9 (2025-26) :<\/strong><\/h4>\n\n\n<a href=\"https:\/\/cpa.ca\/machform\/view.php?id=128071\" target=\"_blank\" rel=\"noopener noreferrer\">Formulaire de demande de mentor\u00e9 en anglais<\/a>\n<a href=\"https:\/\/cpa.ca\/machform\/view.php?id=129888\" target=\"_blank\" rel=\"noopener noreferrer\">Formulaire de demande de mentor\u00e9 fran\u00e7ais<\/a>\n-------------------><\/p>\n<hr \/>\n<h3>Un message de la Coordonatrice du Programme<\/h3>\n<div class=\"textwrapleft\"><img decoding=\"async\" style=\"max-width: 180px; border-radius: 30px;\" src=\"\/docs\/File\/Students\/Adnan Zoubi.jpg\" alt=\"Adnan Zoubi\" \/><\/div>\n<p><strong>Adnan Zoubi (Coordonnatrice du programme, 2025-2026)<\/strong><\/p>\n<p>Merci de votre int\u00e9r\u00eat pour le Programme de mentorat \u00e9tudiant de la SCP. Je suis ravi de coordonner le programme pour l\u2019ann\u00e9e universitaire 2025\u20132026 et j\u2019ai vraiment h\u00e2te d\u2019\u00e9tablir un lien avec bon nombre d\u2019entre vous !<\/p>\n<p>En tant qu\u2019\u00e9tudiant en psychologie ayant anim\u00e9 des ateliers universitaires entre pairs et particip\u00e9 \u00e0 des initiatives dirig\u00e9es par des personnes \u00e9tudiantes, j\u2019ai appris \u00e0 quel point il est pr\u00e9cieux de pouvoir compter sur des conseils \u00e9clair\u00e9s tout au long de son parcours acad\u00e9mique. Gr\u00e2ce \u00e0 ce programme, mon objectif est de rassembler des mentor.e.s et des mentor\u00e9.e.s afin qu\u2019ils puissent \u00e9changer des conseils, partager leurs exp\u00e9riences et collaborer dans la poursuite de leurs objectifs acad\u00e9miques et professionnels en psychologie.<\/p>\n<p>Le mentorat joue un r\u00f4le essentiel dans notre domaine. Il favorise la croissance personnelle et professionnelle, ouvre la voie \u00e0 des opportunit\u00e9s de recherche, renforce le d\u00e9veloppement des comp\u00e9tences et soutient l\u2019exploration de carri\u00e8re. Il offre \u00e9galement un espace propice au r\u00e9seautage et \u00e0 l\u2019\u00e9tablissement de relations durables. Pour les personnes mentores, c\u2019est une occasion unique de d\u00e9velopper leurs comp\u00e9tences en leadership, en communication et en supervision en guidant et en soutenant les futurs professionnels.<\/p>\n<p>N\u2019h\u00e9sitez pas \u00e0 me contacter si vous avez des questions \u2014 je suis l\u00e0 pour vous soutenir.<\/p>\n<p>Bien \u00e0 vous,<br \/>\n<strong>Adnan Zoubi<br \/>\n<\/strong>Juillet 2025<\/p>\n<hr \/>\n<h3>Un message de la Fondatrice du Programme<\/h3>\n<div class=\"textwrapleft\"><img decoding=\"async\" style=\"max-width: 140px; border-radius: 30px;\" src=\"\/docs\/Image\/students\/Zarina Giannone.jpg\" alt=\"Zarina Giannone\" \/><\/div>\n<p><strong>Zarina Giannone (Founder &amp; Program Developer)<\/strong><\/p>\n<p>Il y a eu plusieurs moments au cours de mon parcours scolaire o\u00f9 j&#8217;ai eu le sentiment que j&#8217;aurais pu b\u00e9n\u00e9ficier du soutien et des conseils d&#8217;un mentor. Comme beaucoup d&#8217;autres \u00e9tudiants, j&#8217;ai appris par essais et erreurs pour la majeure partie de mon baccalaur\u00e9at. Ce n\u2019est que lors de mes exp\u00e9riences r\u00e9centes aux \u00e9tudes sup\u00e9rieures que j\u2019ai ressenti le v\u00e9ritable pouvoir du mentorat. \u00c0 ce jour, je ch\u00e9ris le cadeau de mentorat que j&#8217;ai re\u00e7u des mentors actuels et pr\u00e9c\u00e9dents<\/p>\n<p>Le mentorat \u00e9tait pour moi la solution que j\u2019avais esp\u00e9r\u00e9e mais que je n\u2019avais sue trouver au d\u00e9part. Je ne savais pas par o\u00f9 commencer ni \u00e0 qui demander. Mon exp\u00e9rience personnelle et les r\u00e9cits recueillis par des coll\u00e8gues et des amis qui ont racont\u00e9 des histoires de confusion, d\u2019ambivalence et de d\u00e9sorientation, tout en poursuivant leurs \u00e9tudes de premier cycle, ont inspir\u00e9 ce programme.<\/p>\n<p>J&#8217;esp\u00e8re que vous aurez tous la chance de connecter avec quelqu&#8217;un qui fait une diff\u00e9rence dans votre vie (cela inclut \u00e0 la fois les mentors et les mentor\u00e9s). Je sais que pour moi ce fut inestimable.<\/p>\n<p>Cordialement,<br \/>\nZarina Giannone<br \/>\nJuillet 2015<\/p>\n<hr \/>\n<h3>Anciens coordonnateurs de programme<\/h3>\n<p>2024 \u2013 2025 Alzena Ilie<br \/>\n2023 \u2013 2024 Anisa Nasseri<br \/>\n2022 \u2013 2023 Melissa Lazo<br \/>\n2021 \u2013 2022 Linnea Kalchos<br \/>\n2020 \u2013 2021 Alejandra Botia<br \/>\n2019 \u2013 2020 Joanna Collaton<br \/>\n2018 \u2013 2019 Alexandra Richard<br \/>\n2017 \u2013 2018 Chelsea Moran<br \/>\n2016 \u2013 2017 Jean-Philippe Gagn\u00e9<br \/>\n2015 \u2013 2016 Zarina Giannone<\/p>\n","protected":false},"excerpt":{"rendered":"<p><!--more--><\/p>\n","protected":false},"author":1,"featured_media":0,"parent":1382,"menu_order":5,"comment_status":"closed","ping_status":"closed","template":"templates\/no-sidebar.php","meta":{"_acf_changed":false,"_monsterinsights_skip_tracking":false,"_monsterinsights_sitenote_active":false,"_monsterinsights_sitenote_note":"","_monsterinsights_sitenote_category":0,"footnotes":""},"class_list":["post-1389","page","type-page","status-publish","hentry"],"acf":[],"aioseo_notices":[],"publishpress_future_workflow_manual_trigger":{"enabledWorkflows":[]},"_links":{"self":[{"href":"https:\/\/cpa.ca\/fr\/wp-json\/wp\/v2\/pages\/1389","targetHints":{"allow":["GET"]}}],"collection":[{"href":"https:\/\/cpa.ca\/fr\/wp-json\/wp\/v2\/pages"}],"about":[{"href":"https:\/\/cpa.ca\/fr\/wp-json\/wp\/v2\/types\/page"}],"author":[{"embeddable":true,"href":"https:\/\/cpa.ca\/fr\/wp-json\/wp\/v2\/users\/1"}],"replies":[{"embeddable":true,"href":"https:\/\/cpa.ca\/fr\/wp-json\/wp\/v2\/comments?post=1389"}],"version-history":[{"count":6,"href":"https:\/\/cpa.ca\/fr\/wp-json\/wp\/v2\/pages\/1389\/revisions"}],"predecessor-version":[{"id":44230,"href":"https:\/\/cpa.ca\/fr\/wp-json\/wp\/v2\/pages\/1389\/revisions\/44230"}],"up":[{"embeddable":true,"href":"https:\/\/cpa.ca\/fr\/wp-json\/wp\/v2\/pages\/1382"}],"wp:attachment":[{"href":"https:\/\/cpa.ca\/fr\/wp-json\/wp\/v2\/media?parent=1389"}],"curies":[{"name":"wp","href":"https:\/\/api.w.org\/{rel}","templated":true}]}}