{"id":1398,"date":"2016-09-21T15:09:10","date_gmt":"2016-09-21T19:09:10","guid":{"rendered":"https:\/\/cpa.ca\/etudiants\/student-representatives\/"},"modified":"2025-04-04T18:01:19","modified_gmt":"2025-04-04T22:01:19","slug":"studentrepresentatives","status":"publish","type":"page","link":"https:\/\/cpa.ca\/fr\/etudiants\/studentrepresentatives\/","title":{"rendered":"Programme de repr\u00e9sentants des membres \u00e9tudiants et de repr\u00e9sentants sur le campus"},"content":{"rendered":"<p>Le programme de repr\u00e9sentants des membres \u00e9tudiants et de repr\u00e9sentants sur le campus est une initiative de la Section des \u00e9tudiants de la Soci\u00e9t\u00e9 canadienne de psychologie (SCP). L\u2019objectif principal de ce programme est de promouvoir les nombreux programmes, services et avantages qu\u2019offre la Soci\u00e9t\u00e9 canadienne de psychologie aux \u00e9tudiants en psychologie.<\/p>\n<p>Le <strong>repr\u00e9sentant de la SCP sur le campus<\/strong> (1) joue un r\u00f4le de coordination \u00e0 titre d\u2019ambassadeur de la SCP et sert de point de contact principal au coll\u00e8ge ou \u00e0 l\u2019universit\u00e9. Il est charg\u00e9 de recruter les repr\u00e9sentants des \u00e9tudiants de premier cycle et des cycles sup\u00e9rieurs, en plus de collaborer avec eux afin de donner de l\u2019information aux \u00e9tudiants en psychologie de l\u2019universit\u00e9 sur l\u2019adh\u00e9sion \u00e0 la SCP et de les tenir au courant de ce qui se passe dans le domaine de la psychologie.<\/p>\n<p>Le repr\u00e9sentant de la SCP sur le campus est \u00e9galement charg\u00e9 d\u2019organiser des r\u00e9unions mensuelles avec les repr\u00e9sentants des membres \u00e9tudiants de la SCP, et de pr\u00e9parer les courriels \u00e0 envoyer aux \u00e9tudiants en psychologie du d\u00e9partement. Il a aussi comme t\u00e2che d\u2019organiser un \u00e9v\u00e9nement, au cours de l\u2019ann\u00e9e scolaire, qui est pertinent pour les \u00e9tudiants en psychologie et la SCP.<\/p>\n<p>Les <strong>repr\u00e9sentants des membres \u00e9tudiants de la SCP (2)<\/strong> jouent le r\u00f4le d\u2019ambassadeur aupr\u00e8s des programmes de premier cycle et des programmes d\u2019\u00e9tudes sup\u00e9rieures de leur coll\u00e8ge ou leur universit\u00e9. Ils sont charg\u00e9s de collaborer avec le repr\u00e9sentant de la SCP sur le campus afin de donner de l\u2019information aux \u00e9tudiants en psychologie sur l\u2019adh\u00e9sion \u00e0 la SCP et de les tenir au courant de ce qui se passe dans le domaine de la psychologie. Ils sont \u00e9galement charg\u00e9s d\u2019aider \u00e0 planifier, organiser et mettre en \u0153uvre un \u00e9v\u00e9nement, au cours de l\u2019ann\u00e9e scolaire, qui est pertinent pour les \u00e9tudiants en psychologie et la SCP.<\/p>\n<p>En \u00e9change de leurs efforts et de leur soutien, la SCP paiera les frais d\u2019adh\u00e9sion \u00e0 la SCP, pour un an, aux repr\u00e9sentants de la SCP sur le campus et aux repr\u00e9sentants des membres \u00e9tudiants de la SCP (ce qui leur donnera acc\u00e8s aux avantages offerts aux membres). Votre adh\u00e9sion gratuite sera valable pour l\u2019ann\u00e9e <strong>QUI SUIT<\/strong> la fin de votre mandat et de vos fonctions de repr\u00e9sentant, \u00e0 condition que vous soyez rest\u00e9 un membre en r\u00e8gle pendant votre mandat. <strong>Valeur de 75\u00a0$<\/strong><\/p>\n<p style=\"color: maroon;\">Si vous avez des questions, veuillez communiquer avec\u00a0les responsables des affaires \u00e9tudiantes de premier cycle et des cycles sup\u00e9rieurs qui s\u2019occupent de la gestion du programme de repr\u00e9sentants des membres \u00e9tudiants et de repr\u00e9sentants sur le campus. Vous trouverez un lien conduisant \u00e0 leurs coordonn\u00e9es \u00e0 la page suivante\u00a0:\u00a0<a href=\"https:\/\/cpa.ca\/fr\/etudiants\/etudiantsenpsychologie\/executif\/\">https:\/\/cpa.ca\/fr\/etudiants\/etudiantsenpsychologie\/executif\/<\/a>.<\/p>\n<hr \/>\n<h4>Qui peut poser sa candidature?<\/h4>\n<p>Le poste de <strong>repr\u00e9sentant de la SCP sur le campus <\/strong>est ouvert aux \u00e9tudiants affili\u00e9s de la SCP qui sont actuellement inscrits \u00e0 un programme de premier cycle ou un programme d\u2019\u00e9tudes sup\u00e9rieures en psychologie ou dans un domaine connexe (p.\u00a0ex., psychologie de l\u2019\u00e9ducation). Les repr\u00e9sentants de la SCP sur le campus doivent \u00eatre en mesure de travailler b\u00e9n\u00e9volement pendant un an. Les repr\u00e9sentants de la SCP sur le campus dirigent les repr\u00e9sentants des membres \u00e9tudiants de leur universit\u00e9 et collaborent avec eux, en plus de faire la promotion de la SCP.<\/p>\n<p>Les postes de <strong>repr\u00e9sentant des membres \u00e9tudiants de la SCP de premier cycle ou des cycles sup\u00e9rieurs<\/strong> sont ouverts aux \u00e9tudiants affili\u00e9s de la SCP qui sont actuellement inscrits \u00e0 un programme de premier cycle ou un programme d\u2019\u00e9tudes sup\u00e9rieures en psychologie ou dans un domaine connexe (p.\u00a0ex. psychologie de l\u2019\u00e9ducation). Les repr\u00e9sentants des membres \u00e9tudiants de premier cycle ou des cycles sup\u00e9rieurs doivent \u00eatre en mesure de travailler b\u00e9n\u00e9volement pendant un an. Les repr\u00e9sentants des membres \u00e9tudiants de premier cycle doivent \u00eatre des \u00e9tudiants de premier cycle et les repr\u00e9sentants des membres \u00e9tudiants des cycles sup\u00e9rieurs doivent \u00eatre des \u00e9tudiants des cycles sup\u00e9rieurs.<\/p>\n<p>Pour conna\u00eetre la proc\u00e9dure \u00e0 suivre pour devenir un <strong>\u00e9tudiant affili\u00e9 de la SCP<\/strong>, veuillez cliquer <a href=\"https:\/\/cpa.ca\/fr\/adhesion\/devenezmembre\/\">ici.<\/a><\/p>\n<h4>Comment proposer sa candidature<\/h4>\n<p style=\"margin-bottom: 18.0pt;\"><b><span style=\"font-family: 'Lato',sans-serif; color: black;\">Poste de repr\u00e9sentant \u00e9tudiant (campus, premier cycle, cycles sup\u00e9rieurs)<\/span><\/b><\/p>\n<p style=\"margin-bottom: 18.0pt; box-sizing: inherit;\"><b><span style=\"font-family: 'Lato',sans-serif; color: black;\">\u00c9tape\u00a01\u00a0:<\/span><\/b><span style=\"font-family: 'Lato',sans-serif; color: black;\"> V\u00e9rifiez la\u00a0<a style=\"box-sizing: inherit;\" href=\"https:\/\/cpa.ca\/fr\/etudiants\/studentrepresentatives\/representationsurlescampus\/\"><span style=\"color: royalblue;\">liste des repr\u00e9sentants sur le campus et des repr\u00e9sentants des membres \u00e9tudiants\u00a0<\/span><\/a>pour savoir si le poste est vacant dans votre coll\u00e8ge ou votre universit\u00e9.<\/span><\/p>\n<p style=\"margin-bottom: 18.0pt; box-sizing: inherit;\"><b><span style=\"font-family: 'Lato',sans-serif; color: black;\">\u00c9tape\u00a02\u00a0:<\/span><\/b><span style=\"font-family: 'Lato',sans-serif; color: black;\"> Si le poste de repr\u00e9sentant<\/span><span style=\"font-size: 10.5pt; font-family: 'Arial',sans-serif; color: #474747;\">\u00b7<\/span><span style=\"font-family: 'Lato',sans-serif; color: black;\">e d\u00e9sir\u00e9 est vacant, veuillez communiquer avec le<\/span><span style=\"font-size: 10.5pt; font-family: 'Arial',sans-serif; color: #474747;\">\u00b7<\/span><span style=\"font-family: 'Lato',sans-serif; color: black;\">la responsable des affaires \u00e9tudiantes des cycles sup\u00e9rieurs ou le<\/span><span style=\"font-size: 10.5pt; font-family: 'Arial',sans-serif; color: #474747;\">\u00b7<\/span><span style=\"font-family: 'Lato',sans-serif; color: black;\">la responsable des affaires \u00e9tudiantes de premier cycle par courriel (leurs coordonn\u00e9es sont disponibles ici\u00a0:\u00a0<a style=\"box-sizing: inherit;\" href=\"https:\/\/cpa.ca\/fr\/etudiants\/etudiantsenpsychologie\/executif\/\"><span style=\"color: royalblue;\">https:\/\/cpa.ca\/fr\/etudiants\/etudiantsenpsychologie\/executif\/<\/span><\/a>) afin d\u2019expliquer, en un court paragraphe, pourquoi vous pensez \u00eatre un<\/span><span style=\"font-size: 10.5pt; font-family: 'Arial',sans-serif; color: #474747;\">\u00b7<\/span><span style=\"font-family: 'Lato',sans-serif; color: black;\">e repr\u00e9sentant<\/span><span style=\"font-size: 10.5pt; font-family: 'Arial',sans-serif; color: #474747;\">\u00b7<\/span><span style=\"font-family: 'Lato',sans-serif; color: black;\">e \u00e9tudiant<\/span><span style=\"font-size: 10.5pt; font-family: 'Arial',sans-serif; color: #474747;\">\u00b7<\/span><span style=\"font-family: 'Lato',sans-serif; color: black;\">e comp\u00e9tent<\/span><span style=\"font-size: 10.5pt; font-family: 'Arial',sans-serif; color: #474747;\">\u00b7<\/span><span style=\"font-family: 'Lato',sans-serif; color: black;\">e. Veuillez joindre \u00e0 votre courriel une copie de votre curriculum vit\u00e6, une preuve d&#8217;inscription \u00e0 votre \u00e9tablissement ainsi que de votre statut de membre SCP.\u00a0<\/span><\/p>\n<p style=\"margin-bottom: 18.0pt; box-sizing: inherit;\"><b><span style=\"font-family: 'Lato',sans-serif; color: black;\">\u00c9tape\u00a03\u00a0:<\/span><\/b><span style=\"font-family: 'Lato',sans-serif; color: black;\"> Si aucun poste n&#8217;est vacant, vous pouvez toujours nous envoyer votre candidature. Votre nom sera ajout\u00e9 \u00e0 notre liste d&#8217;attente pour les futurs postes vacants.<\/span><\/p>\n<p><!----------------<strong>Poste de repr\u00e9sentant sur le campus<\/strong>\n\n\u00c9tape\u00a01\u00a0: V\u00e9rifiez la <a href=\"\/fr\/etudiants\/studentrepresentatives\/representationsurlescampus\/\">liste des repr\u00e9sentants sur le campus et des repr\u00e9sentants des membres \u00e9tudiants <\/a>pour savoir si le poste est vacant dans votre coll\u00e8ge ou votre universit\u00e9.\n\n\u00c9tape\u00a02\u00a0: Si le poste de repr\u00e9sentant sur le campus est vacant, veuillez communiquer avec le responsable des affaires \u00e9tudiantes des cycles sup\u00e9rieurs ou le responsable des affaires \u00e9tudiantes de premier cycle par courriel (leurs coordonn\u00e9es sont disponibles ici\u00a0: <a href=\"https:\/\/cpa.ca\/fr\/etudiants\/etudiantsenpsychologie\/executif\/\">https:\/\/cpa.ca\/fr\/etudiants\/etudiantsenpsychologie\/executif\/<\/a>) afin d\u2019expliquer, en un paragraphe de 250 mots, pourquoi vous pensez \u00eatre un repr\u00e9sentant sur le campus comp\u00e9tent. Veuillez joindre \u00e0 votre courriel une copie de votre curriculum vit\u00e6 et le nom de votre \u00e9tablissement d\u2019enseignement.\n\n\u00c9tape\u00a03\u00a0: Si le poste n\u2019est pas vacant, nous vous encourageons \u00e0 pr\u00e9senter votre candidature au poste de repr\u00e9sentant des membres \u00e9tudiants de premier cycle et des cycles sup\u00e9rieurs. Vous trouverez ci-dessous des instructions sur la marche \u00e0 suivre pour poser votre candidature.\n\n<strong>Repr\u00e9sentant des membres \u00e9tudiants (premier cycle et cycles sup\u00e9rieurs) <\/strong>\n\n\u00c9tape\u00a01\u00a0: V\u00e9rifiez la <a href=\"\/fr\/etudiants\/studentrepresentatives\/representationsurlescampus\/\">liste des repr\u00e9sentants sur le campus et des repr\u00e9sentants des membres \u00e9tudiants <\/a>pour savoir si le poste est vacant dans votre coll\u00e8ge ou votre universit\u00e9.\n\n\u00c9tape\u00a02\u00a0: Si le poste de repr\u00e9sentant des membres \u00e9tudiants (premier cycle et cycles sup\u00e9rieurs) est vacant, veuillez communiquer avec le responsable des affaires \u00e9tudiantes des cycles sup\u00e9rieurs ou le responsable des affaires \u00e9tudiantes de premier cycle par courriel (leurs coordonn\u00e9es sont disponibles ici\u00a0: <a href=\"https:\/\/cpa.ca\/fr\/etudiants\/etudiantsenpsychologie\/executif\/\">https:\/\/cpa.ca\/fr\/etudiants\/etudiantsenpsychologie\/executif\/<\/a>). Veuillez joindre \u00e0 votre courriel une copie de votre curriculum vit\u00e6 et le nom de votre \u00e9tablissement d\u2019enseignement.\n\n\u00c9tape\u00a03\u00a0: S\u2019il n\u2019y a pas de poste vacant et que vous voulez \u00eatre un repr\u00e9sentant des membres \u00e9tudiants, nous vous demandons d\u2019envoyer quand m\u00eame votre curriculum vit\u00e6 et le nom de votre \u00e9tablissement d\u2019enseignement; nous vous inclurons alors comme repr\u00e9sentant potentiel lorsque le poste deviendra vacant.\n\n-----------------------><\/p>\n<p><strong>Programme d\u2019encouragement pour les repr\u00e9sentants de la SCP sur le campus et les repr\u00e9sentants des \u00e9tudiants membres de la SCP<\/strong><\/p>\n<p>En \u00e9change de leurs efforts et de leur soutien, la SCP paiera les frais d\u2019adh\u00e9sion \u00e0 la SCP, pour un an, aux repr\u00e9sentants de la SCP sur le campus et aux repr\u00e9sentants des membres \u00e9tudiants de la SCP (ce qui leur donnera acc\u00e8s aux avantages offerts aux membres). Votre adh\u00e9sion gratuite sera valable pour l\u2019ann\u00e9e <strong>QUI SUIT<\/strong> la fin de votre mandat et de vos fonctions de repr\u00e9sentant, \u00e0 condition que vous soyez rest\u00e9 un membre en r\u00e8gle pendant votre mandat. <strong>Valeur de 75\u00a0$<\/strong><\/p>\n","protected":false},"excerpt":{"rendered":"<p><!--more--><\/p>\n","protected":false},"author":2,"featured_media":0,"parent":1382,"menu_order":0,"comment_status":"closed","ping_status":"closed","template":"","meta":{"_acf_changed":false,"_monsterinsights_skip_tracking":false,"_monsterinsights_sitenote_active":false,"_monsterinsights_sitenote_note":"","_monsterinsights_sitenote_category":0,"footnotes":""},"class_list":["post-1398","page","type-page","status-publish","hentry"],"acf":[],"aioseo_notices":[],"publishpress_future_workflow_manual_trigger":{"enabledWorkflows":[]},"_links":{"self":[{"href":"https:\/\/cpa.ca\/fr\/wp-json\/wp\/v2\/pages\/1398","targetHints":{"allow":["GET"]}}],"collection":[{"href":"https:\/\/cpa.ca\/fr\/wp-json\/wp\/v2\/pages"}],"about":[{"href":"https:\/\/cpa.ca\/fr\/wp-json\/wp\/v2\/types\/page"}],"author":[{"embeddable":true,"href":"https:\/\/cpa.ca\/fr\/wp-json\/wp\/v2\/users\/2"}],"replies":[{"embeddable":true,"href":"https:\/\/cpa.ca\/fr\/wp-json\/wp\/v2\/comments?post=1398"}],"version-history":[{"count":6,"href":"https:\/\/cpa.ca\/fr\/wp-json\/wp\/v2\/pages\/1398\/revisions"}],"predecessor-version":[{"id":42264,"href":"https:\/\/cpa.ca\/fr\/wp-json\/wp\/v2\/pages\/1398\/revisions\/42264"}],"up":[{"embeddable":true,"href":"https:\/\/cpa.ca\/fr\/wp-json\/wp\/v2\/pages\/1382"}],"wp:attachment":[{"href":"https:\/\/cpa.ca\/fr\/wp-json\/wp\/v2\/media?parent=1398"}],"curies":[{"name":"wp","href":"https:\/\/api.w.org\/{rel}","templated":true}]}}