{"id":1411,"date":"2017-10-21T15:14:30","date_gmt":"2017-10-21T19:14:30","guid":{"rendered":"https:\/\/cpa.ca\/partnerships-alliances\/"},"modified":"2021-07-20T10:17:40","modified_gmt":"2021-07-20T14:17:40","slug":"partenariats","status":"publish","type":"page","link":"https:\/\/cpa.ca\/fr\/partenariats\/","title":{"rendered":"Partenariats strat\u00e9giques"},"content":{"rendered":"<p>En plus de mener des activit\u00e9s de repr\u00e9sentation en faveur de la recherche en psychologie, de l\u2019enseignement et de la pratique de la psychologie (voir la section intitul\u00e9e \u00ab\u00a0<u>D\u00e9fense des int\u00e9r\u00eats<\/u>\u00a0\u00bb), la SCP travaille en partenariat strat\u00e9gique avec plusieurs organisations (nationales) vou\u00e9es \u00e0 la sant\u00e9, qui partagent un objectif commun en phase avec la perspective nationale de la psychologie. Ces partenariats sont les suivants (par ordre alphab\u00e9tique)\u00a0:<\/p>\n<ol style=\"padding-left: 70px;\">\n<li><a style=\"font-size: large; font-variant: small-caps; font-weight: bolder; color: black;\" href=\"#ASPC\">Agence de la sant\u00e9 publique du Canada (ASPC)<\/a><\/li>\n<li><a style=\"font-size: large; font-variant: small-caps; font-weight: bolder; color: black;\" href=\"#ACMMSM\">Alliance canadienne pour la maladie mentale et la sant\u00e9 mentale (ACMMSM)<\/a><\/li>\n<li><a style=\"font-size: large; font-variant: small-caps; font-weight: bolder; color: black;\" href=\"#CCSM\">Centre canadien science et m\u00e9dias (CCSM)<\/a><\/li>\n<li><a style=\"font-size: large; font-variant: small-caps; font-weight: bolder; color: black;\" href=\"#CCSP21\">Coalition canadienne pour la sant\u00e9 publique au 21<sup>e<\/sup>si\u00e8cle (CCSP21)<\/a><\/li>\n<li><a style=\"font-size: large; font-variant: small-caps; font-weight: bolder; color: black;\" href=\"#CSMC\">Commission de la sant\u00e9 mentale du Canada (CSMC)<\/a><\/li>\n<li><a style=\"font-size: large; font-variant: small-caps; font-weight: bolder; color: black;\" href=\"#CSPP\">Conseil des soci\u00e9t\u00e9s professionnelles de psychologues (CSPP)<\/a><\/li>\n<li><a style=\"font-size: large; font-variant: small-caps; font-weight: bolder; color: black;\" href=\"#CCR\">Consortium canadien pour la recherche (CCR)<\/a><\/li>\n<li><a style=\"font-size: large; font-variant: small-caps; font-weight: bolder; color: black;\" href=\"#EHPC\">Extended Healthcare Professionals Coalition (EHPC)<\/a> \u2013 pas de site Web<\/li>\n<li><a style=\"font-size: large; font-variant: small-caps; font-weight: bolder; color: black;\" href=\"#GIAS\">Groupe d\u2019intervention action sant\u00e9 (GIAS)<\/a><\/li>\n<li><a style=\"font-size: large; font-variant: small-caps; font-weight: bolder; color: black;\" href=\"#PREVNet\">R\u00e9seau pour la promotion des relations et l\u2019\u00e9limination de la violence (PREVNet)<\/a><\/li>\n<li><a style=\"font-size: large; font-variant: small-caps; font-weight: bolder; color: black;\" href=\"#SKIP\">Solutions pour la douleur chez les enfants (SKIP)<\/a><\/li>\n<\/ol>\n<hr \/>\n<p><a class=\"anchor\" id=\"ASPC\" name=\"ASPC\"><\/a><\/p>\n<h3><a style=\"font-style: italic;\" target=\"_blank\" href=\"https:\/\/www.canada.ca\/fr\/sante-publique.html\" rel=\"noopener noreferrer\">Agence de la sant\u00e9 publique du Canada (ASPC)<\/a><\/h3>\n<p>La SCP est membre du <em>comit\u00e9 consultatif national de recherche sur le suicide et sa pr\u00e9vention<\/em>, qui repr\u00e9sente des chercheurs s\u2019int\u00e9ressant au suicide, des organismes nationaux qui travaillent \u00e0 la pr\u00e9vention du suicide, des organisations professionnelles engag\u00e9es dans la pr\u00e9vention du suicide, des personnes endeuill\u00e9es par le suicide d\u2019un proche et des personnes ayant d\u00e9j\u00e0 fait une tentative de suicide.\u00a0\u00a0\u00a0 Le comit\u00e9 consultatif \u00e9labore un programme commun de recherche et d\u2019application des connaissances sur le suicide et sa pr\u00e9vention. La Dre\u00a0Lisa Votta-Bleeker (directrice g\u00e9n\u00e9rale associ\u00e9e de la SCP) y repr\u00e9sente la SCP.<\/p>\n<hr \/>\n<p><a class=\"anchor\" id=\"ACMMSM\" name=\"ACMMSM\"><\/a><\/p>\n<h3><a style=\"font-style: italic;\" target=\"_blank\" href=\"https:\/\/www.camimh.ca\/?lang=fr\" rel=\"noopener noreferrer\">Alliance canadienne pour la maladie mentale et la sant\u00e9 mentale (ACMMSM)<\/a><\/h3>\n<p>La SCP est l\u2019un des membres fondateurs de l\u2019Alliance canadienne pour la maladie mentale et la sant\u00e9 mentale (ACMMSM), qui a \u00e9t\u00e9 cr\u00e9\u00e9e en 1998. L\u2019ACMMSM est un organisme sans but lucratif, compos\u00e9 de 13\u00a0organisations qui repr\u00e9sentent des fournisseurs de soins de sant\u00e9 et des personnes ayant v\u00e9cu ou vivant avec une maladie mentale.<\/p>\n<p>L\u2019ACMMSM est un organisme g\u00e9r\u00e9 par des b\u00e9n\u00e9voles qui fournit au public des informations sur la sant\u00e9 mentale, formule des recommandations strat\u00e9giques et fait de la repr\u00e9sentation aupr\u00e8s du gouvernement f\u00e9d\u00e9ral. L\u2019un des objectifs fondamentaux de l\u2019ACMMSM est d\u2019inviter les Canadiens et le gouvernement \u00e0 participer \u00e0 un dialogue national sur la maladie mentale et sur la fa\u00e7on de l\u2019aborder. En entamant ce dialogue, l\u2019ACMMSM esp\u00e8re r\u00e9duire la stigmatisation associ\u00e9e \u00e0 la maladie mentale, faire conna\u00eetre les services et le soutien offerts aux personnes atteintes de maladie mentale et plaider en faveur d\u2019investissements suppl\u00e9mentaires de la part du gouvernement f\u00e9d\u00e9ral et des gouvernements des provinces et des territoires pour financer les services et le soutien en sant\u00e9 mentale.<\/p>\n<p>Chaque ann\u00e9e, l\u2019ACMMSM m\u00e8ne deux grandes initiatives\u00a0: (1) Les <a target=\"_blank\" href=\"https:\/\/www.camimh.ca\/faces-campaign\/?lang=fr\" rel=\"noopener noreferrer\">Visages de la maladie mentale<\/a> est une campagne de sensibilisation nationale qui marque le coup d\u2019envoi de la Semaine de sensibilisation aux maladies mentales (SSMM) et pr\u00e9sente des Canadiens souffrant de maladie mentale. Dans le cadre de la SSMM, l\u2019ACMMSM organise <em>une journ\u00e9e de lobbying <\/em>au cours de laquelle elle rencontre des d\u00e9put\u00e9s et des s\u00e9nateurs pour d\u00e9fendre les investissements du gouvernement f\u00e9d\u00e9ral en mati\u00e8re de sant\u00e9 mentale; (2) <a target=\"_blank\" href=\"https:\/\/www.camimh.ca\/championsofmentalhealth?lang=fr\" rel=\"noopener noreferrer\">Le gala et la remise des prix des Champions de la sant\u00e9 mentale<\/a> sont l\u2019occasion de reconna\u00eetre les personnes et les organismes qui ont contribu\u00e9 de mani\u00e8re importante \u00e0 am\u00e9liorer la vie des personnes souffrant de maladie mentale.<\/p>\n<p>La Dre\u00a0Karen Cohen (chef de la direction de la SCP) est une ancienne copr\u00e9sidente de l\u2019ACMMSM et une ancienne pr\u00e9sidente de la campagne des Visages de la maladie mentale. Glenn Brimacombe (directeur des politiques et des affaires publiques de la SCP) est le pr\u00e9sident du Comit\u00e9 des affaires publiques de l\u2019ACMMSM.<\/p>\n<hr \/>\n<p><a class=\"anchor\" id=\"CCSM\" name=\"CCSM\"><\/a><\/p>\n<h3><a style=\"font-style: italic;\" target=\"_blank\" href=\"http:\/\/www.sciencemediacentre.ca\/\" rel=\"noopener noreferrer\">Centre canadien science et m\u00e9dias (CCSM)<\/a><\/h3>\n<p>La SCP est devenue membre du Centre canadien science et m\u00e9dias (CCSM) en 2011. \u00c0 titre de membre, la SCP a l\u2019occasion de faire conna\u00eetre au CCSM les avanc\u00e9es scientifiques de la psychologie qui serviront \u00e0 informer les m\u00e9dias et le public.<\/p>\n<p>Le CCSM est un organisme ind\u00e9pendant sans but lucratif cr\u00e9\u00e9 pour rehausser le d\u00e9bat public sur la science au Canada et pour aider les journalistes \u00e0 trouver rapidement des experts ou \u00e0 explorer le contexte d\u2019une nouvelle \u00e0 contenu scientifique. Glenn Brimacombe (directeur des politiques et des affaires publiques de la SCP) est un ancien pr\u00e9sident du CCSM.<\/p>\n<hr \/>\n<p><a class=\"anchor\" id=\"CCSP21\" name=\"CCSP21\"><\/a><\/p>\n<h3><a style=\"font-style: italic;\" target=\"_blank\" href=\"https:\/\/ccsp21.ca\/\" rel=\"noopener noreferrer\">Coalition canadienne pour la sant\u00e9 publique au 21<sup>e<\/sup>si\u00e8cle (CCSP21)<\/a><\/h3>\n<p>La SCP est l\u2019un des membres fondateurs de la Coalition canadienne pour la sant\u00e9 publique au 21<sup>e<\/sup> si\u00e8cle (CCSP21), un r\u00e9seau national fond\u00e9 en 2003 et form\u00e9 de 21\u00a0organismes sans but lucratif, associations professionnelles, organismes caritatifs du domaine de la sant\u00e9 et organismes de recherche qui partagent le m\u00eame but, \u00e0 savoir am\u00e9liorer et prot\u00e9ger la sant\u00e9 des Canadiens.<\/p>\n<p>La CSSP21 a comme mandat de\u00a0: (1) recommander des politiques publiques qui visent \u00e0 instaurer des fonctions de sant\u00e9 publique ad\u00e9quates et \u00e0 diffuser de l\u2019information afin de prot\u00e9ger et de promouvoir la sant\u00e9 et de pr\u00e9venir les maladies et les blessures; (2) aider les parties prenantes \u00e0 collaborer pour l\u2019avenir de la sant\u00e9 publique en lan\u00e7ant des id\u00e9es et en proposant des orientations strat\u00e9giques visant \u00e0 susciter un d\u00e9bat dans la population et entre les d\u00e9cideurs.<\/p>\n<p>La Dre Lisa Votta-Bleeker (directrice g\u00e9n\u00e9rale associ\u00e9e de la SCP) continue de repr\u00e9senter la SCP afin de veiller \u00e0 ce que la sant\u00e9 mentale ait voix au chapitre dans le programme de sant\u00e9 publique.<\/p>\n<hr \/>\n<p><a class=\"anchor\" id=\"CSMC\" name=\"CSMC\"><\/a><\/p>\n<h3><a style=\"font-style: italic;\" target=\"_blank\" href=\"https:\/\/www.mentalhealthcommission.ca\/Francais\" rel=\"noopener noreferrer\">Commission de la sant\u00e9 mentale du Canada (CSMC)<\/a><\/h3>\n<p>La SCP travaille en partenariat avec la CSMC \u00e0 plusieurs initiatives strat\u00e9giques\u00a0:<\/p>\n<ul>\n<li><a target=\"_blank\" href=\"https:\/\/mentalhealthcommission.ca\/Francais\/ce-que-nous-faisons\/cybersante-mentale\" rel=\"noopener noreferrer\">Cybersant\u00e9 mentale<\/a>\u00a0: la Dre\u00a0Cohen (chef de la direction de la SCP) repr\u00e9sente la SCP au sein du comit\u00e9 consultatif sur la cybersant\u00e9 mentale de la CSMC. Le travail de la CSMC en mati\u00e8re de cybersant\u00e9 mentale vise \u00e0 \u00e9tablir et \u00e0 diffuser les meilleures pratiques, \u00e0 s\u2019engager dans des partenariats strat\u00e9giques, \u00e0 faire avancer la recherche, \u00e0 combler les lacunes sur le plan des connaissances et \u00e0 investir dans des innovations \u00e9prouv\u00e9es.<\/li>\n<li><a target=\"_blank\" href=\"https:\/\/www.mentalhealthcommission.ca\/Francais\/le-vecteur-septembre-2020-les-bons-services-au-bon-moment\" rel=\"noopener noreferrer\">R\u00e9seau de mise en \u0153uvre d\u2019une politique de psychoth\u00e9rapie (RMPP) <\/a>\u00a0: la Dre\u00a0Cohen (chef de la direction de la SCP) repr\u00e9sente la SCP \u00e0 titre de copr\u00e9sidente du R\u00e9seau de mise en \u0153uvre d\u2019une politique de psychoth\u00e9rapie (RMPP) de la CSMC. Le RMPP veut accro\u00eetre l\u2019acc\u00e8s aux psychoth\u00e9rapies dans le syst\u00e8me de sant\u00e9 canadien. Glenn Brimacombe (directeur des politiques et des affaires publiques de la SCP) est membre d\u2019un groupe de travail du RMPP charg\u00e9 d\u2019\u00e9laborer des mod\u00e8les de financement en vue d\u2019am\u00e9liorer l\u2019acc\u00e8s.<\/li>\n<li><a target=\"_blank\" href=\"https:\/\/www.mentalhealthcommission.ca\/Francais\/media\/3140\" rel=\"noopener noreferrer\">Groupe de collaboration national sur la pr\u00e9vention du suicide<\/a>\u00a0: la Dre\u00a0Lisa Votta-Bleeker (directrice g\u00e9n\u00e9rale associ\u00e9e de la SCP) repr\u00e9sente la SCP au sein du Groupe de collaboration national sur la pr\u00e9vention du suicide de la Commission de la sant\u00e9 mentale du Canada (CSMC) \u00e0 titre de membre du groupe de travail sur les donn\u00e9es et la recherche sur le suicide. Le travail de cet organisme se concentre sur trois domaines principaux\u00a0: strat\u00e9gie nationale de pr\u00e9vention du suicide, messages communs et donn\u00e9es et recherche.<\/li>\n<\/ul>\n<hr \/>\n<p><a class=\"anchor\" id=\"CSSP\" name=\"CSSP\"><\/a><\/p>\n<h3><a style=\"font-style: italic;\" target=\"_blank\" href=\"http:\/\/www.cpap-cspp.ca\" rel=\"noopener noreferrer\">Conseil des soci\u00e9t\u00e9s professionnelles de psychologues (CSSP)<\/a><\/h3>\n<p>La SCP est membre du Conseil des soci\u00e9t\u00e9s professionnelles de psychologues, qui est compos\u00e9 de 13\u00a0associations nationales, provinciales et territoriales de psychologues, et poursuit quatre objectifs\u00a0: faciliter l\u2019\u00e9change de connaissances entre les associations membres; \u00e9tablir des pratiques exemplaires et partager celles-ci avec les associations membres; d\u00e9fendre les besoins des psychologues canadiens et les personnes qu\u2019ils soutiennent; d\u00e9velopper le potentiel et la capacit\u00e9 de leadership des psychologues canadiens.<\/p>\n<p>La Dre\u00a0Shelley Goodwin (membre du conseil d\u2019administration de la SCP) et la Dre\u00a0Karen Cohen (chef de la direction de la SCP) y repr\u00e9sentent la SCP. La Dre\u00a0Goodwin d\u00e9tient le droit de vote de la SCP au conseil d\u2019administration du CSSP.<\/p>\n<hr \/>\n<p><a class=\"anchor\" id=\"CCR\" name=\"CCR\"><\/a><\/p>\n<h3><a style=\"font-style: italic;\" target=\"_blank\" href=\"https:\/\/ccr-ccr.ca\/fr\/\" rel=\"noopener noreferrer\">Consortium canadien pour la recherche (CCR)<\/a><\/h3>\n<p>Cr\u00e9\u00e9 en 1976, le Consortium canadien pour la recherche (CCR) est compos\u00e9 de 20\u00a0organisations qui repr\u00e9sentent les chercheurs de toutes les disciplines. Repr\u00e9sentant environ 50\u00a0000 chercheurs et 650\u00a0000 \u00e9tudiants, le CCR est la plus importante organisation au Canada \u00e0 plaider en faveur de l\u2019augmentation du financement de la recherche dans tous les secteurs et de l\u2019am\u00e9lioration du soutien \u00e0 la formation postsecondaire.<\/p>\n<p>Le CCR rencontre r\u00e9guli\u00e8rement les principaux organismes f\u00e9d\u00e9raux de financement de la recherche (Instituts de recherche en sant\u00e9 du Canada [IRSC], Conseil de recherches en sciences naturelles et en g\u00e9nie [CRSNG], Conseil de recherches en sciences humaines [CRSH], Fondation canadienne pour l\u2019innovation [FCI] et Mathematics of Information Technology and Complex Systems [MITACS]) afin de discuter de questions d\u2019int\u00e9r\u00eat commun. Le CCR pr\u00e9sente \u00e9galement un m\u00e9moire dans le cadre du processus annuel de consultation pr\u00e9budg\u00e9taire du gouvernement f\u00e9d\u00e9ral.<\/p>\n<p>La Dre\u00a0Lisa Votta-Bleeker (directrice g\u00e9n\u00e9rale associ\u00e9e de la SCP) pr\u00e9side le CCR depuis 2013.<\/p>\n<hr \/>\n<p><a class=\"anchor\" id=\"EHPC\" name=\"EHPC\"><\/a><\/p>\n<h3>Extended Healthcare Professionals Coalition (EHPC)<\/h3>\n<p>La Dre Karen Cohen (chef de la direction de la SCP) repr\u00e9sente la SCP et agit actuellement \u00e0 titre de vice-pr\u00e9sidente de la Extended Healthcare Professionals Coalition (EHPC), qui repr\u00e9sente 11\u00a0associations de fournisseurs de soins de sant\u00e9 dont les services sont souvent ou en grande partie fournis dans le secteur priv\u00e9 et ne sont pas couverts par le r\u00e9gime public. Le travail de la coalition est principalement ax\u00e9 sur les services de sant\u00e9 au sein du secteur priv\u00e9, et un sous-groupe travaille sur des questions qui int\u00e9ressent \u00e0 la fois les fournisseurs de soins de sant\u00e9 du secteur priv\u00e9 et l\u2019Association canadienne des compagnies d\u2019assurances de personnes (ACCAP).<\/p>\n<hr \/>\n<p><a class=\"anchor\" id=\"GIAS\" name=\"GIAS\"><\/a><\/p>\n<h3><a style=\"font-style: italic;\" target=\"_blank\" href=\"https:\/\/healthaction.ca\/accueil\" rel=\"noopener noreferrer\">Groupe d\u2019intervention action sant\u00e9 (GIAS)<\/a><\/h3>\n<p>La SCP est l\u2019un des membres fondateurs du Groupe d\u2019intervention action sant\u00e9 (GIAS), qui a \u00e9t\u00e9 form\u00e9 en 1991. Le GIAS est une coalition de 40\u00a0organismes nationaux vou\u00e9s \u00e0 la sant\u00e9 qui se consacrent \u00e0 l\u2019am\u00e9lioration de la sant\u00e9 des Canadiens et de la qualit\u00e9 des soins qu\u2019ils re\u00e7oivent.<\/p>\n<p>Il est constitu\u00e9 d\u2019associations professionnelles de fournisseurs de soins de sant\u00e9 appartenant \u00e0 une profession r\u00e9glement\u00e9e et d\u2019organismes de bienfaisance du domaine de la sant\u00e9 qui offrent une gamme de services de soins de sant\u00e9 partout au Canada. Le GIAS repr\u00e9sente plus de 650\u00a0000 fournisseurs (et consommateurs) de soins de sant\u00e9 r\u00e9partis dans plus de 20\u00a0professions de la sant\u00e9 diff\u00e9rentes et est particuli\u00e8rement bien plac\u00e9 pour d\u00e9fendre les questions nationales et les innovations qui fa\u00e7onnent et refa\u00e7onnent les soins de sant\u00e9 \u00e0 l\u2019\u00e9chelle nationale. L\u2019un des principaux objectifs du GIAS est de promouvoir des solutions durables et la transformation du syst\u00e8me de sant\u00e9 dans le but d\u2019assurer durablement la sant\u00e9 et le bien-\u00eatre des Canadiens.<\/p>\n<p>Le GIAS entretient des contacts r\u00e9guliers avec les ministres f\u00e9d\u00e9raux, les d\u00e9put\u00e9s, les s\u00e9nateurs et les hauts fonctionnaires du gouvernement pour discuter du r\u00f4le du gouvernement f\u00e9d\u00e9ral dans la sant\u00e9 et les soins de sant\u00e9 (p. ex., la COVID-19, la sant\u00e9 mentale, le r\u00e9gime national et universel d\u2019assurance-m\u00e9dicaments et les a\u00een\u00e9s).<\/p>\n<p>La Dre\u00a0Karen Cohen (chef de la direction de la SCP) si\u00e8ge au comit\u00e9 de gestion du GIAS ainsi qu\u2019au groupe de travail sur la COVID-19, dont la principale fonction est de conseiller la ministre de la Sant\u00e9 sur les points de vue et les besoins des fournisseurs de soins de sant\u00e9 du Canada dans le contexte de la COVID.<\/p>\n<p>La Dre\u00a0Cohen et Glenn Brimacombe (directeur des politiques et des affaires publiques de la SCP) sont d\u2019anciens copr\u00e9sidents du GIAS.<\/p>\n<hr \/>\n<p><a class=\"anchor\" id=\"PREVNet\" name=\"PREVNet\"><\/a><\/p>\n<h3><a style=\"font-style: italic;\" target=\"_blank\" href=\"https:\/\/www.prevnet.ca\/fr\" rel=\"noopener noreferrer\">R\u00e9seau pour la promotion des relations et l\u2019\u00e9limination de la violence (PREVNet)<\/a><\/h3>\n<p>Le R\u00e9seau pour la promotion des relations et l\u2019\u00e9limination de la violence (PREVNet) est un r\u00e9seau national de chercheurs canadiens, d\u2019organisations non gouvernementales (ONG) et de gouvernements qui se sont donn\u00e9 pour mission d\u2019enrayer l\u2019intimidation. L\u2019objectif principal de PREVNet est d\u2019\u00e9changer et d\u2019appliquer les connaissances sur l\u2019intimidation afin d\u2019am\u00e9liorer la sensibilisation, de fournir des outils d\u2019\u00e9valuation et d\u2019intervention et de promouvoir des politiques li\u00e9es aux probl\u00e8mes d\u2019intimidation. Le mandat de PREVNet est d\u2019\u00e9laborer une strat\u00e9gie nationale en vue de r\u00e9duire les probl\u00e8mes d\u2019intimidation et de victimisation partout au Canada.<\/p>\n<hr \/>\n<p><a class=\"anchor\" id=\"SKIP\" name=\"SKIP\"><\/a><\/p>\n<h3><a style=\"font-style: italic;\" target=\"_blank\" href=\"http:\/\/www.kidsinpain.ca\" rel=\"noopener noreferrer\">Solutions pour la douleur chez les enfants (SKIP)<\/a><\/h3>\n<p>Solutions pour la douleur chez les enfants est un r\u00e9seau national de mobilisation des connaissances visant \u00e0 am\u00e9liorer la prise en charge de la douleur chez les enfants. La SCP en est membre et est repr\u00e9sent\u00e9e par la Dre\u00a0Lisa Votta-Bleeker (directrice g\u00e9n\u00e9rale associ\u00e9e de la SCP).<\/p>\n","protected":false},"excerpt":{"rendered":"<p><!--more--><\/p>\n","protected":false},"author":1,"featured_media":0,"parent":0,"menu_order":5,"comment_status":"closed","ping_status":"closed","template":"","meta":{"_acf_changed":false,"_monsterinsights_skip_tracking":false,"_monsterinsights_sitenote_active":false,"_monsterinsights_sitenote_note":"","_monsterinsights_sitenote_category":0,"footnotes":""},"class_list":["post-1411","page","type-page","status-publish","hentry"],"acf":[],"aioseo_notices":[],"publishpress_future_workflow_manual_trigger":{"enabledWorkflows":[]},"_links":{"self":[{"href":"https:\/\/cpa.ca\/fr\/wp-json\/wp\/v2\/pages\/1411","targetHints":{"allow":["GET"]}}],"collection":[{"href":"https:\/\/cpa.ca\/fr\/wp-json\/wp\/v2\/pages"}],"about":[{"href":"https:\/\/cpa.ca\/fr\/wp-json\/wp\/v2\/types\/page"}],"author":[{"embeddable":true,"href":"https:\/\/cpa.ca\/fr\/wp-json\/wp\/v2\/users\/1"}],"replies":[{"embeddable":true,"href":"https:\/\/cpa.ca\/fr\/wp-json\/wp\/v2\/comments?post=1411"}],"version-history":[{"count":15,"href":"https:\/\/cpa.ca\/fr\/wp-json\/wp\/v2\/pages\/1411\/revisions"}],"predecessor-version":[{"id":23064,"href":"https:\/\/cpa.ca\/fr\/wp-json\/wp\/v2\/pages\/1411\/revisions\/23064"}],"wp:attachment":[{"href":"https:\/\/cpa.ca\/fr\/wp-json\/wp\/v2\/media?parent=1411"}],"curies":[{"name":"wp","href":"https:\/\/api.w.org\/{rel}","templated":true}]}}