{"id":1414,"date":"2017-09-18T14:03:30","date_gmt":"2017-09-18T18:03:30","guid":{"rendered":"https:\/\/cpa.ca\/membership\/"},"modified":"2025-05-22T09:37:07","modified_gmt":"2025-05-22T13:37:07","slug":"adhesion","status":"publish","type":"page","link":"https:\/\/cpa.ca\/fr\/adhesion\/","title":{"rendered":"Les avantages d\u2019\u00eatre membre de la SCP"},"content":{"rendered":"<h4 style=\"display: inline-block;\">REJOIGNEZ LA PLUS GRANDE ASSOCIATION PROFESSIONNELLE DE PSYCHOLOGUES DU PAYS<\/h4>\n<p>\u00catre membre de la SCP, c\u2019est faire partie d\u2019une association nationale d\u2019envergure, qui met \u00e0 votre disposition les services, les produits, les activit\u00e9s et les outils dont vous avez besoin pour rester inform\u00e9s, et \u00e0 la fine pointe de votre discipline.<\/p>\n<p>En tant qu\u2019organisation dirig\u00e9e par ses membres, nous nous consacrons au soutien et \u00e0 la d\u00e9fense de nos quelque 7 000 membres, affili\u00e9s et associ\u00e9s, ainsi qu\u2019\u00e0 la promotion de l\u2019avancement et de l\u2019application de la psychologie, et s\u2019emploie \u00e0 faire entendre la voix des psychologues dans les collectivit\u00e9s qu\u2019ils servent.<\/p>\n<p>Que vous soyez aux \u00e9tudes, que vous exerciez, faites de la recherche ou enseigniez, que vous soyez au tout d\u00e9but de votre carri\u00e8re, un professionnel exp\u00e9riment\u00e9 ou encore retrait\u00e9, la SCP a beaucoup \u00e0 vous offrir.<\/p>\n<p>Selon la cat\u00e9gorie de membre \u00e0 laquelle ils appartiennent, les membres et les affili\u00e9s de la SCP ont acc\u00e8s \u00e0 une vaste gamme d\u2019avantages personnels et professionnels. Vous trouverez ci-dessous une liste d\u00e9crivant certains de ces avantages. La liste compl\u00e8te est fournie dans la grille d\u2019adh\u00e9sion qui se trouve au bas de la page.<\/p>\n<h3>SELON LA CAT\u00c9GORIE DE MEMBRE \u00c0 LAQUELLE ILS APPARTIENNENT, LES MEMBRES ET LES AFFILI\u00c9S DE LA SCP ONT ACC\u00c8S \u00c0 \u2014<\/h3>\n<h4 style=\"font-weight: bolder;\">REPR\u00c9SENTATION ET D\u00c9FENSE DES INT\u00c9R\u00caTS<\/h4>\n<p>En travaillant dans des comit\u00e9s, groupes de travail et coalitions, et en rencontrant des partenaires, des intervenants et des d\u00e9cideurs, l\u00e0 o\u00f9 se prennent les d\u00e9cisions, la SCP est un ardent d\u00e9fenseur de la psychologie en tant que discipline et <a style=\"font-weight: bolder;\" href=\"https:\/\/cpa.ca\/fr\/advocacy\/\">d\u00e9fend les int\u00e9r\u00eats<\/a> de ses membres et des questions qui les pr\u00e9occupent.<\/p>\n<h4 style=\"font-weight: bolder;\">PERFECTIONNEMENT PROFESSIONNEL<\/h4>\n<p>Notre <a style=\"font-weight: bolder;\" href=\"https:\/\/cpa.ca\/fr\/professionaldevelopment\/\">programme de d\u00e9veloppement professionnel continu<\/a> comprend une offre de plus de 180 cours en ligne portant sur des sujets pertinents, tels que le counseling pour les familles et les couples, les m\u00e9thodologies de recherche, les d\u00e9pendances, la race, la culture et l\u2019identit\u00e9, qui sauront r\u00e9pondre \u00e0 vos besoins d\u2019\u00e9ducation et de formation continues. De plus, notre offre s\u2019enrichit continuellement avec l\u2019ajout de nouveaux cours. Aussi, notre entente de licence avec l\u2019American Psychological Association nous donne acc\u00e8s \u00e0 des centaines d\u2019activit\u00e9s de d\u00e9veloppement personnel et professionnel sur des sujets de l\u2019heure offerts \u00e0 des prix justes pour les apprenants canadiens. Nos commanditaires d\u2019\u00e9ducation permanente reconnus par la SCP offrent \u00e9galement un large \u00e9ventail de possibilit\u00e9s d\u2019\u00e9ducation et de formation en ligne et en personne partout au Canada et aux \u00c9tats-Unis.<\/p>\n<h4 style=\"font-weight: bolder;\">RABAIS<\/h4>\n<p>Offertes par les <a style=\"font-weight: bolder;\" href=\"https:\/\/cpa.ca\/fr\/adhesion\/fournisseurspreferes\/\">partenaires de notre programme d\u2019affinit\u00e9<\/a>, des r\u00e9ductions sur les chambres d\u2019h\u00f4tel, les voyages, les forfaits de t\u00e9l\u00e9phonie cellulaire et l\u2019abonnement \u00e0 des centres des ordinateurs.<\/p>\n<h4 style=\"font-weight: bolder;\">ASSURANCE-RESPONSABILIT\u00c9 PROFESSIONNELLE<\/h4>\n<p><a style=\"font-weight: bolder;\" href=\"https:\/\/cpa.ca\/fr\/insurance\/business\/\">L&#8217;assurance responsabilit\u00e9 <\/a>professionnelle et l&#8217;assurance responsabilit\u00e9 civile g\u00e9n\u00e9rale de l&#8217;industrie, dont le courtier est BMS Canada Risk Services Ltd. (BMS), o\u00f9 vous avez acc\u00e8s \u00e0 une couverture pour vos activit\u00e9s psychologiques \u00e0 un co\u00fbt comp\u00e9titif.<br \/>\n<!-------\n\nRabais sur un un programme d\u2019<a style=\"font-weight: bolder;\" href=\"https:\/\/cpa.ca\/fr\/insurance\/business\/\">assurance-responsabilit\u00e9 professionnelle<\/a> parmi les meilleurs de l\u2019industrie, qui vous offre une couverture compl\u00e8te de vos activit\u00e9s professionnelles \u00e0 titre de praticien, enseignant ou chercheur, et ce, \u00e0 un co\u00fbt comp\u00e9titif. Ce programme comprend la couverture des frais juridiques n\u00e9cessaires pour r\u00e9pondre \u00e0 une plainte d\u00e9pos\u00e9e devant un organisme de r\u00e9glementation; cette couverture est non n\u00e9gligeable, car la majorit\u00e9 des r\u00e9clamations contre des psychologues agr\u00e9\u00e9s concernent ce genre de plaintes.------------><\/p>\n<h4 style=\"font-weight: bolder;\">PRIX, BOURSES ET SUBVENTIONS<\/h4>\n<p>Plus de 20 <a style=\"font-weight: bolder;\" href=\"https:\/\/cpa.ca\/fr\/aproposdelascp\/prixdelascp\/descriptiondesprixdelascp\/\">bourses et subventions<\/a>, dont des subventions pour les \u00e9tudiants, qui servent \u00e0 financer la participation \u00e0 des conf\u00e9rences, des subventions destin\u00e9es \u00e0 des projets de recherche et de mobilisation des connaissances, ainsi que le Prix pour le membre de l\u2019ann\u00e9e et le Prix pour r\u00e9alisation humanitaire.<\/p>\n<h4 style=\"font-weight: bolder;\">POSSIBILIT\u00c9S D\u2019APPRENTISSAGE ET DE R\u00c9SEAUTAGE<\/h4>\n<p>Par l\u2019entremise du <a style=\"font-weight: bolder;\" href=\"https:\/\/convention.cpa.ca\/fr\/\" target=\"_blank\" rel=\"noopener noreferrer\">congr\u00e8s annuel de la SCP<\/a>, le plus grand congr\u00e8s de psychologie au Canada, qui propose plus de 900 pr\u00e9sentations et accueille 1\u2009200 psychologues praticiens, chercheurs, scientifiques-praticiens, formateurs et \u00e9tudiants en psychologie parmi les plus brillants et \u00e9minents du pays.<\/p>\n<h4 style=\"font-weight: bolder;\">PUBLICATIONS<\/h4>\n<p>Une grande vari\u00e9t\u00e9 de <a style=\"font-weight: bolder;\" href=\"https:\/\/cpa.ca\/fr\/publications-et-ressources\/\">ressources et de publications<\/a>, notamment un bulletin mensuel, plus de 80 fiches d\u2019information th\u00e9matiques, 14 vid\u00e9os de fiches d\u2019information, trois revues r\u00e9vis\u00e9es par les pairs (<em>Psychologie canadienne<\/em>, la <em>Revue canadienne de psychologie exp\u00e9rimentale<\/em> et la <em>Revue canadienne des sciences du comportement<\/em>) et un magazine tri-annuel, <em>Psynopsis<\/em>. Votre cotisation vous donne \u00e9galement acc\u00e8s, \u00e0 un tarif concurrentiel, \u00e0 l\u2019abonnement aux bases de donn\u00e9es \u00e9lectroniques PsycNet\u00ae GOLD de l\u2019APA, qui comprend cinq bases de donn\u00e9es de recherche.<\/p>\n<h4 style=\"font-weight: bolder;\">D\u00c9VELOPPEMENT DES COMP\u00c9TENCES EN LEADERSHIP<\/h4>\n<p>La possibilit\u00e9 de d\u00e9velopper et de renforcer vos comp\u00e9tences en leadership en vous portant candidat au <a style=\"font-weight: bolder;\" href=\"https:\/\/cpa.ca\/fr\/aproposdelascp\/conseildadministration\/\">conseil d\u2019administration de la SCP<\/a> ou en vous joignant \u00e0 une <a style=\"font-weight: bolder;\" href=\"https:\/\/cpa.ca\/fr\/sections\/\">section de la SCP<\/a>, \u00e0 un <a style=\"font-weight: bolder;\" href=\"https:\/\/cpa.ca\/fr\/aproposdelascp\/comites\/\">comit\u00e9 ou \u00e0 un groupe de travail<\/a>. Si vous \u00eates un affili\u00e9 \u00e9tudiant, vous pouvez si\u00e9ger au comit\u00e9 ex\u00e9cutif de la <a style=\"font-weight: bolder;\" href=\"https:\/\/cpa.ca\/fr\/etudiants\/\">Section des \u00e9tudiants<\/a>, ou \u00eatre un <a style=\"font-weight: bolder;\" href=\"https:\/\/cpa.ca\/fr\/etudiants\/studentrepresentatives\/representationsurlescampus\/\">repr\u00e9sentant sur le campus<\/a> ou un <a style=\"font-weight: bolder;\" href=\"https:\/\/cpa.ca\/fr\/etudiants\/mentorship\/\">mentor<\/a>.<\/p>\n<p>Enfin, sachez que tous <strong>nos membres sont importants<\/strong> pour nous. Le soutien que vous nous apportez permet \u00e0 la Soci\u00e9t\u00e9 canadienne de psychologie de rester forte et fid\u00e8le \u00e0 son r\u00f4le de porte-parole national de la psychologie au Canada, et de soutenir et promouvoir les int\u00e9r\u00eats de ses membres et de l\u2019ensemble de la profession.<\/p>\n<p>Pour plus de renseignements et pour obtenir les diff\u00e9rents codes promotionnels, les membres de la SCP n\u2019ont qu\u2019\u00e0 se rendre \u00e0 la page des avantages et services aux membres en se connectant \u00e0 la <a style=\"font-weight: bolder;\" href=\"https:\/\/secure.cpa.ca\/apps\/Membership?returnUrl=\/apps\/Pages\/benefits\" target=\"_blank\" rel=\"noopener noreferrer\">section Membres seulement<\/a>.<\/p>\n<p>Pour voir \u00e0 quoi sert votre cotisation, jetez un coup d\u2019\u0153il au <a style=\"font-weight: bolder;\" href=\"\/docs\/File\/Membership\/2022_Infographic-FR-Vertical-FINAL.pdf\" target=\"_blank\" rel=\"noopener noreferrer\">R\u00c9SUM\u00c9 GRAPHIQUE DE L\u2019ANN\u00c9E 2022<\/a>.<\/p>\n<hr \/>\n<p><!--\n\n\n<h4 style=\"display:inline-block;text-align:center;\">La p\u00e9riode de renouvellement de l\u2019adh\u00e9sion \u00e0 la SCP pour l\u2019ann\u00e9e de cotisation 2019 est maintenant ouverte!<\/h4>\n\n\n\n\n<h4 style=\"display:inline-block;\">Adh\u00e9rez \u00e0 la SCP d\u00e8s aujourd\u2019hui! \u2013 <a href=\"\/\/www.cpa.ca\/fr\/adhesion\/devenezmembre\/\"><strong>Devenez membre ou affili\u00e9 maintenant!<\/strong><\/a><\/h4>\n\n\n-->Pour tout savoir sur les tendances et les r\u00e9sultats de recherche en psychologie, et pour avoir acc\u00e8s aux ressources, aux possibilit\u00e9s de perfectionnement professionnel et aux occasions de r\u00e9seautage, et plus encore.<\/p>\n<p><strong>Tenez-vous inform\u00e9. Restez en contact. <a href=\"\/\/cpa.ca\/fr\/adhesion\/devenezmembre\/\">Devenez membre de la SCP<\/a>.<\/strong><\/p>\n<hr \/>\n<h2>Grille d\u2019adh\u00e9sion<\/h2>\n<table width=\"100%\">\n<thead>\n<tr valign=\"top\">\n<td><\/td>\n<td>Membre de la SCP<br \/>\n<span style=\"font-style: italic; font-weight: normal;\">Englobe les membres, les Fellows, les membres en d\u00e9but de carri\u00e8re (1<sup>re<\/sup> ann\u00e9e et 2<sup>e<\/sup> ann\u00e9e), les membres en cong\u00e9 parental, les membres retrait\u00e9s et les membres et les Fellows honoraires, ainsi que les membres conjoints et Fellows conjoints SCP\/APA<\/span><\/td>\n<td>\u00c9tudiant affili\u00e9<\/td>\n<td>Associ\u00e9 d\u2019une section<\/td>\n<td>Affili\u00e9 sp\u00e9cial et Bachelier en ann\u00e9e sabbatique<\/td>\n<td>Affili\u00e9<br \/>\ninternational<br \/>\n<span style=\"font-style: italic; font-weight: normal;\">Englobe les affili\u00e9s internationaux et les \u00e9tudiants affili\u00e9s internationaux<\/span><\/td>\n<\/tr>\n<\/thead>\n<tbody>\n<tr>\n<td>Acc\u00e8s \u00e0 l\u2019assurance responsabilit\u00e9<\/td>\n<td align=\"center\">\u2714<\/td>\n<td align=\"center\">\u2714<\/td>\n<td><\/td>\n<td><\/td>\n<td><\/td>\n<\/tr>\n<tr>\n<td><a href=\"https:\/\/convention.cpa.ca\/fr\/inscription\/registration-fees\/\" target=\"_blank\" rel=\"noopener noreferrer\">Frais d\u2019inscription<\/a> r\u00e9duits au congr\u00e8s<\/td>\n<td align=\"center\">\u2714<\/td>\n<td align=\"center\">\u2714<\/td>\n<td align=\"center\">\u2714<\/td>\n<td align=\"center\">\u2714<\/td>\n<td align=\"center\">\u2714<\/td>\n<\/tr>\n<tr>\n<td>\u00c9v\u00e9nements satellites \u00e0 prix r\u00e9duit<\/td>\n<td align=\"center\">\u2714<\/td>\n<td align=\"center\">\u2714<\/td>\n<td><\/td>\n<td align=\"center\">\u2714<\/td>\n<td><\/td>\n<\/tr>\n<tr>\n<td>Frais d\u2019inscription r\u00e9duits aux ateliers pr\u00e9congr\u00e8s<\/td>\n<td align=\"center\">\u2714<\/td>\n<td align=\"center\">\u2714<\/td>\n<td><\/td>\n<td align=\"center\">\u2714<\/td>\n<td align=\"center\">\u2714<\/td>\n<\/tr>\n<tr>\n<td>Cours de formation continue \u00e0 prix r\u00e9duit<\/td>\n<td align=\"center\">\u2714<\/td>\n<td align=\"center\">\u2714<\/td>\n<td><\/td>\n<td align=\"center\">\u2714<\/td>\n<td align=\"center\">\u2714<\/td>\n<\/tr>\n<tr>\n<td>Possibilit\u00e9 de joindre plus d\u2019une section<\/td>\n<td align=\"center\">\u2714<\/td>\n<td align=\"center\">\u2714<\/td>\n<td><\/td>\n<td align=\"center\">\u2714<\/td>\n<td align=\"center\">\u2714<\/td>\n<\/tr>\n<tr>\n<td>Communications de la SCP<\/td>\n<td align=\"center\">\u2714<\/td>\n<td align=\"center\">\u2714<\/td>\n<td style=\"text-align: center;\">\u2714<\/td>\n<td align=\"center\">\u2714<\/td>\n<td align=\"center\">\u2714<\/td>\n<\/tr>\n<tr>\n<td>Avantages exclusifs<\/td>\n<td align=\"center\">\u2714<\/td>\n<td align=\"center\">\u2714<\/td>\n<td><\/td>\n<td align=\"center\">\u2714<\/td>\n<td align=\"center\"><\/td>\n<\/tr>\n<tr>\n<td>Repr\u00e9sentation et d\u00e9fense des int\u00e9r\u00eats<\/td>\n<td align=\"center\">\u2714<\/td>\n<td align=\"center\">\u2714<\/td>\n<td align=\"center\">\u2714<\/td>\n<td align=\"center\">\u2714<\/td>\n<td align=\"center\">\u2714<\/td>\n<\/tr>\n<tr>\n<td>Revues &#8211; imprim\u00e9es<\/td>\n<td align=\"center\">\u2714<\/td>\n<td align=\"center\"><\/td>\n<td><\/td>\n<td align=\"center\"><\/td>\n<td align=\"center\"><\/td>\n<\/tr>\n<tr>\n<td>Revues &#8211; en ligne<\/td>\n<td align=\"center\">\u2714<\/td>\n<td align=\"center\">\u2714<\/td>\n<td align=\"center\">\u2714<\/td>\n<td align=\"center\">\u2714<\/td>\n<td align=\"center\">\u2714<\/td>\n<\/tr>\n<tr>\n<td>Psynopsis &#8211; imprim\u00e9es<\/td>\n<td align=\"center\">\u2714<\/td>\n<td align=\"center\"><\/td>\n<td><\/td>\n<td align=\"center\"><\/td>\n<td align=\"center\"><\/td>\n<\/tr>\n<tr>\n<td>Psynopsis &#8211; en ligne<\/td>\n<td align=\"center\">\u2714<\/td>\n<td align=\"center\">\u2714<\/td>\n<td align=\"center\">\u2714<\/td>\n<td align=\"center\">\u2714<\/td>\n<td align=\"center\">\u2714<\/td>\n<\/tr>\n<tr>\n<td>Admissibilit\u00e9 aux subventions de recherche pour les \u00e9tudiants<\/td>\n<td><\/td>\n<td align=\"center\">\u2714<\/td>\n<td><\/td>\n<td><\/td>\n<td><\/td>\n<\/tr>\n<tr>\n<td>Pr\u00e9sentation sur la page des Portraits de membres<\/td>\n<td align=\"center\">\u2714<\/td>\n<td align=\"center\">\u2714<\/td>\n<td><\/td>\n<td align=\"center\">\u2714<\/td>\n<td align=\"center\">\u2714<\/td>\n<\/tr>\n<tr>\n<td>Admissibilit\u00e9 aux prix de la SCP<\/td>\n<td align=\"center\">\u2714<\/td>\n<td align=\"center\">\u2714<\/td>\n<td><\/td>\n<td><\/td>\n<td><\/td>\n<\/tr>\n<tr>\n<td>Admissibilit\u00e9 aux certificats d\u2019excellence universitaire<\/td>\n<td><\/td>\n<td align=\"center\">\u2714<\/td>\n<td><\/td>\n<td><\/td>\n<td><\/td>\n<\/tr>\n<tr>\n<td>Possibilit\u00e9 de s\u2019impliquer comme repr\u00e9sentant sur le campus<\/td>\n<td><\/td>\n<td align=\"center\">\u2714<\/td>\n<td><\/td>\n<td><\/td>\n<td><\/td>\n<\/tr>\n<tr>\n<td>Possibilit\u00e9 de s\u2019impliquer comme repr\u00e9sentant du corps professoral<\/td>\n<td align=\"center\">\u2714<\/td>\n<td><\/td>\n<td><\/td>\n<td><\/td>\n<td><\/td>\n<\/tr>\n<tr>\n<td>Poser sa candidature au conseil d\u2019administration de la SCP<\/td>\n<td align=\"center\">\u2714<\/td>\n<td>Si\u00e9ger comme repr\u00e9sentant des \u00e9tudiants<\/td>\n<td><\/td>\n<td><\/td>\n<td><\/td>\n<\/tr>\n<tr>\n<td>Pr\u00e9sider un comit\u00e9 de la SCP<\/td>\n<td align=\"center\">\u2714<\/td>\n<td><\/td>\n<td><\/td>\n<td><\/td>\n<td><\/td>\n<\/tr>\n<tr>\n<td>Faire partie d\u2019un comit\u00e9<\/td>\n<td align=\"center\">\u2714<\/td>\n<td align=\"center\">\u2714<\/td>\n<td><\/td>\n<td><\/td>\n<td><\/td>\n<\/tr>\n<tr>\n<td>Pr\u00e9sider un groupe de travail<\/td>\n<td align=\"center\">\u2714<\/td>\n<td><\/td>\n<td><\/td>\n<td><\/td>\n<td><\/td>\n<\/tr>\n<tr>\n<td>Faire partie d\u2019un groupe de travail<\/td>\n<td align=\"center\">\u2714<\/td>\n<td align=\"center\">\u2714<\/td>\n<td><\/td>\n<td><\/td>\n<td><\/td>\n<\/tr>\n<tr>\n<td>Possibilit\u00e9 de pr\u00e9sider une section<\/td>\n<td align=\"center\">\u2714<\/td>\n<td>Pr\u00e9sider la Section des \u00e9tudiants<\/td>\n<td><\/td>\n<td><\/td>\n<td><\/td>\n<\/tr>\n<tr>\n<td>Voter sur les activit\u00e9s de l\u2019association (\u00e0 l\u2019AGA)<\/td>\n<td align=\"center\">\u2714<\/td>\n<td><\/td>\n<td><\/td>\n<td><\/td>\n<td><\/td>\n<\/tr>\n<tr>\n<td>Assister \u00e0 l\u2019AGA<\/td>\n<td align=\"center\">\u2714<\/td>\n<td align=\"center\">\u2714<\/td>\n<td align=\"center\">\u2714<\/td>\n<td align=\"center\">\u2714<\/td>\n<td align=\"center\">\u2714<\/td>\n<\/tr>\n<tr>\n<td>Acc\u00e8s \u00e0 prix r\u00e9duit \u00e0 la base de donn\u00e9es PsycNET\u00ae GOLD de l\u2019APA<\/td>\n<td align=\"center\">\u2714<\/td>\n<td align=\"center\">\u2714<\/td>\n<td><\/td>\n<td align=\"center\">\u2714<\/td>\n<td align=\"center\">\u2714<\/td>\n<\/tr>\n<tr>\n<td>Acc\u00e8s \u00e0 l&#8217;affichage sur le portail de recrutement de participants \u00e0 la recherche de la SCP<\/td>\n<td align=\"center\">\u2714<\/td>\n<td align=\"center\">\u2714<\/td>\n<td><\/td>\n<td align=\"center\">\u2714<\/td>\n<td align=\"center\">\u2714<\/td>\n<\/tr>\n<\/tbody>\n<\/table>\n","protected":false},"excerpt":{"rendered":"<p><!--more--><\/p>\n","protected":false},"author":1,"featured_media":0,"parent":0,"menu_order":0,"comment_status":"closed","ping_status":"closed","template":"","meta":{"_acf_changed":false,"_monsterinsights_skip_tracking":false,"_monsterinsights_sitenote_active":false,"_monsterinsights_sitenote_note":"","_monsterinsights_sitenote_category":0,"footnotes":""},"class_list":["post-1414","page","type-page","status-publish","hentry"],"acf":[],"aioseo_notices":[],"publishpress_future_workflow_manual_trigger":{"enabledWorkflows":[]},"_links":{"self":[{"href":"https:\/\/cpa.ca\/fr\/wp-json\/wp\/v2\/pages\/1414","targetHints":{"allow":["GET"]}}],"collection":[{"href":"https:\/\/cpa.ca\/fr\/wp-json\/wp\/v2\/pages"}],"about":[{"href":"https:\/\/cpa.ca\/fr\/wp-json\/wp\/v2\/types\/page"}],"author":[{"embeddable":true,"href":"https:\/\/cpa.ca\/fr\/wp-json\/wp\/v2\/users\/1"}],"replies":[{"embeddable":true,"href":"https:\/\/cpa.ca\/fr\/wp-json\/wp\/v2\/comments?post=1414"}],"version-history":[{"count":6,"href":"https:\/\/cpa.ca\/fr\/wp-json\/wp\/v2\/pages\/1414\/revisions"}],"predecessor-version":[{"id":43144,"href":"https:\/\/cpa.ca\/fr\/wp-json\/wp\/v2\/pages\/1414\/revisions\/43144"}],"wp:attachment":[{"href":"https:\/\/cpa.ca\/fr\/wp-json\/wp\/v2\/media?parent=1414"}],"curies":[{"name":"wp","href":"https:\/\/api.w.org\/{rel}","templated":true}]}}