{"id":1419,"date":"2018-07-27T15:53:14","date_gmt":"2018-07-27T19:53:14","guid":{"rendered":"https:\/\/cpa.ca\/become-a-member-of-cpa\/"},"modified":"2025-12-16T10:25:38","modified_gmt":"2025-12-16T15:25:38","slug":"devenezmembre","status":"publish","type":"page","link":"https:\/\/cpa.ca\/fr\/adhesion\/devenezmembre\/","title":{"rendered":"Devenez membre, affili\u00e9 ou associ\u00e9 d\u2019une section de la SCP"},"content":{"rendered":"<h3 style=\"display: inline-block; color: #b50029; font-size: larger;\"><span data-mce-type=\"bookmark\" style=\"display: inline-block; width: 0px; overflow: hidden; line-height: 0;\" class=\"mce_SELRES_start\"><\/span><strong>La p\u00e9riode de candidature pour l\u2019adh\u00e9sion 2025est ouverte!<\/strong><\/h3>\n<p><!--------\n\n\n<div>\n\n\n<h3 style=\"display: inline-block; color: #b50029; font-size: larger;\"><strong>La p\u00e9riode d\u2019adh\u00e9sion pour l\u2019ann\u00e9e en cours, 2025, est maintenant termin\u00e9e.<\/strong><\/h3>\n\n\nLes membres, les affili\u00e9s et les associ\u00e9s pourront pr\u00e9senter une demande d\u2019adh\u00e9sion <strong style=\"color: #b50029;\">pour l\u2019ann\u00e9e de cotisation\u00a02026<\/strong> sur le site Web de la SCP \u00e0 <strong style=\"color: #b50029;\">compter du mi- d\u00e9cembre<\/strong>. Les demandes d\u2019adh\u00e9sion pour l\u2019ann\u00e9e\u00a02026 ne seront pas possibles avant cette date.\n<\/div>\n\n\n\n\n<hr \/>\n\n\n-------------><\/p>\n<div class=\"normal\">\n<p><!----- OPENS IN DECEMBER VIDEO ---------\n\n\n<div class=\"textwrapright\" style=\"max-width: 350px;\"><iframe loading=\"lazy\" title=\"YouTube video player\" src=\"https:\/\/www.youtube.com\/embed\/OjyGMGMddBs?si=B2tIyyWKPBGOYtWc\" width=\"350\" height=\"197\" frameborder=\"0\" allowfullscreen=\"allowfullscreen\"><\/iframe><\/div>\n\n\n-----><br \/>\n<!-----NOW OPEN VIDEO ---><\/p>\n<div class=\"textwrapright\" style=\"max-width: 350px;\"><iframe loading=\"lazy\" title=\"YouTube video player\" src=\"https:\/\/www.youtube.com\/embed\/h6egJoYQB2o?si=XEkHxtkNEUSwsVku\" width=\"350\" height=\"197\" frameborder=\"0\" allowfullscreen=\"allowfullscreen\"><span data-mce-type=\"bookmark\" style=\"display: inline-block; width: 0px; overflow: hidden; line-height: 0;\" class=\"mce_SELRES_start\">\ufeff<\/span><\/iframe><\/div>\n<p>La Soci\u00e9t\u00e9 canadienne de psychologie (SCP) est la seule association nationale qui se consacre \u00e0 la fois \u00e0 la science, la pratique et l\u2019enseignement de la psychologie au Canada.<br \/>\nNous sommes une organisation dirig\u00e9e par ses membres, qui se consacre au soutien et \u00e0 la d\u00e9fense de ses 7 000 membres et qui fait la promotion de l\u2019avancement et de l\u2019application de la psychologie dans les collectivit\u00e9s que nous soutenons.<\/p>\n<p>Afin de r\u00e9pondre aux besoins de son vaste \u00e9ventail de membres \u2013 en fonction de leur titre,\u00a0leur stade de carri\u00e8re ou le type d\u2019avantages recherch\u00e9s \u2013, la SCP compte trois cat\u00e9gories de membre\u00a0: <strong>membres<\/strong>, <strong>affili\u00e9s<\/strong> et <strong>membres<\/strong> <strong>associ\u00e9s<\/strong>.<\/p>\n<p>Pour consulter la liste compl\u00e8te des <strong>cat\u00e9gories de membre de la SCP<\/strong>, ainsi que leur d\u00e9finition respective, allez \u00e0 \u2013 <a href=\"https:\/\/cpa.ca\/fr\/adhesion\/devenezmembre\/catgoriesdemembres\/\">https:\/\/cpa.ca\/fr\/adhesion\/devenezmembre\/catgoriesdemembres\/<\/a>.<\/p>\n<p>Pour consulter la liste des <strong>avantages offerts aux membres<\/strong>, allez \u00e0 \u2013 <a href=\"https:\/\/cpa.ca\/fr\/adhesion\/\">https:\/\/cpa.ca\/fr\/adhesion\/<\/a><\/p>\n<p>S\u2019il s\u2019agit de votre PREMI\u00c8RE DEMANDE D\u2019ADH\u00c9SION\/AFFILIATION, veuillez vous reporter \u00e0 notre\u00a0<a href=\"https:\/\/cpa.ca\/docs\/File\/Membership\/MembershipTree_FR-March2023.pdf\" target=\"_blank\" rel=\"noopener noreferrer\">arbre de d\u00e9cision<\/a>, qui vous aidera \u00e0 d\u00e9terminer la cat\u00e9gorie de membre qui s\u2019applique \u00e0 vous. Si vous souhaitez devenir membre d\u2019une section seulement, reportez-vous \u00e0 la d\u00e9finition de la cat\u00e9gorie d\u2019ASSOCI\u00c9 D\u2019UNE SECTION ci-dessous.<\/p>\n<div style=\"padding: 10px; border: thin silver solid; margin-left: 50px; margin-top: 10px;\">\n<h3 style=\"color: #b50029;\">Pourquoi devenir MEMBRE ou AFFILI\u00c9?<\/h3>\n<p>En tant que membre ou affili\u00e9 de la SCP, vous avez la possibilit\u00e9 de jouer un r\u00f4le essentiel dans l\u2019am\u00e9lioration de la sant\u00e9 et du bien-\u00eatre de l\u2019ensemble des Canadiens et de contribuer \u00e0 mettre en lumi\u00e8re tout ce qu\u2019apporte la psychologie \u00e0 la soci\u00e9t\u00e9 au quotidien.<\/p>\n<p>L\u2019adh\u00e9sion \u00e0 la SCP vous donne acc\u00e8s \u00e0 des ressources, de l\u2019information, de la formation continue et de nombreux et pr\u00e9cieux rabais et avantages exclusifs, accord\u00e9s aux membres et aux affili\u00e9s d\u2019une organisation qui compte pas moins de 6\u00a0500 membres. Parmi ces avantages figurent\u00a0: les revues de la SCP, un bulletin mensuel, des tarifs r\u00e9duits sur l\u2019inscription au congr\u00e8s et aux cours de formation continue, des prix et des subventions, les communiqu\u00e9s des sections et des groupes d\u2019int\u00e9r\u00eat sp\u00e9cial, la possibilit\u00e9 de d\u00e9velopper et de renforcer vos comp\u00e9tences en leadership, un programme d\u2019assurance responsabilit\u00e9 civile avantageux\u2013 et bien plus encore.<\/p>\n<h4>Devenez MEMBRE OU AFFILI\u00c9 en suivant notre processus de demande d\u2019adh\u00e9sion en ligne en 4\u00a0\u00e9tapes\u00a0:<\/h4>\n<p><strong>\u00c9tape\u00a01\u00a0:<\/strong> <a href=\"https:\/\/secure.cpa.ca\/apps\/Forms\/FormEntry\/frCollect?pageRenderType=Bootstrap3&amp;formId=1268&amp;ignoreHeadeFooter=False\" target=\"_blank\" rel=\"noopener\"><strong>Cr\u00e9er un compte Web<\/strong><\/a> (une fois votre compte cr\u00e9\u00e9, vous recevrez un message de confirmation \u00e0 l\u2019\u00e9cran ainsi qu\u2019un courriel d\u00e9crivant les prochaines \u00e9tapes de votre demande).<\/p>\n<p><strong>\u00c9tape\u00a02\u00a0:<\/strong> Remplir le <a href=\"https:\/\/secure.cpa.ca\/Apps\/Formes\/EntreeFormulaire\/frCollect?pageRenderType=Bootstrap3&#038;formId=287792&#038;ignoreHeadeFooter=False\" alt=\"Step 1 of 2\" target=\"_blank\" rel=\"noopener\"><strong>formulaire d\u2019adh\u00e9sion en ligne<\/strong><\/a> \u00e0 l\u2019aide de votre nouvel identifiant.<\/p>\n<p><strong>\u00c9tape\u00a03\u00a0:<\/strong> Les Services aux membres de la SCP <strong>examineront votre formulaire de demande<\/strong> et communiqueront avec vous pour confirmer que vous pouvez passer \u00e0 l\u2019\u00e9tape suivante (veuillez vous assurer que l\u2019adresse de courriel <a href=\"mailto:membership@cpa.ca\">membership@cpa.ca<\/a> figure dans votre liste d\u2019exp\u00e9diteurs autoris\u00e9s).<\/p>\n<p><strong>\u00c9tape\u00a04\u00a0:<\/strong> Une fois que vous aurez re\u00e7u un courriel de confirmation des Services aux membres, vous pourrez acquitter votre <a href=\"https:\/\/secure.cpa.ca\/Apps\/Forms\/FormEntry\/Collect?pageRenderType=Bootstrap3&amp;formId=265783&amp;ignoreHeadeFooter=False\" target=\"_blank\" rel=\"noopener\"><strong>facture d\u2019adh\u00e9sion en ligne<\/strong><\/a> (votre adh\u00e9sion n\u2019est officielle qu\u2019une fois votre facture pay\u00e9e) <strong>(par carte de cr\u00e9dit uniquement)<\/strong>.<\/p>\n<p>Si vous d\u00e9cidez de payer par ch\u00e8que, vous devez envoyer votre ch\u00e8que, accompagn\u00e9 d\u2019une copie imprim\u00e9e de votre formulaire en ligne d\u00fbment rempli, \u00e0\u00a0:<\/p>\n<p>Services aux membres de la SCP<br \/>\n1101 promenade Prince of Wales, bureau #230<br \/>\nOttawa, ON\u00a0 K2C 3W7<\/p>\n<\/div>\n<div style=\"padding: 10px; border: thin silver solid; margin-left: 50px; margin-top: 10px;\">\n<h3 style=\"color: #b50029;\">Pourquoi joindre une SECTION \u00e0 titre de ASSOCI\u00c9 D&#8217;UNE SECTION?<\/h3>\n<p>La cat\u00e9gorie d&#8217;associ\u00e9 d\u2019une section est destin\u00e9e aux personnes qui s\u2019int\u00e9ressent \u00e0 un domaine de la psychologie particulier ou au domaine d\u2019int\u00e9r\u00eat d\u2019une section de la SCP, mais qui ne peuvent ou ne veulent pas devenir membres \u00e0 part enti\u00e8re. En tant que associ\u00e9 d\u2019une section, vous avez acc\u00e8s au tableau de bord de la <a href=\"https:\/\/cpa.ca\/fr\/sections\/\">section<\/a> choisie, ce qui vous permettra de recevoir les communications de la section. De plus, vous recevrez le bulletin trimestriel des Services aux membres de la SCP et aurez droit \u00e0 des tarifs r\u00e9duits pour l\u2019inscription au congr\u00e8s.<\/p>\n<p>Les membres associ\u00e9s n\u2019ont pas acc\u00e8s aux avantages offerts aux membres de la SCP ni \u00e0 notre programme d\u2019assurance-responsabilit\u00e9 professionnelle le plus complet de l\u2019industrie; ils n\u2019ont pas non plus le droit de vote aux assembl\u00e9es g\u00e9n\u00e9rales annuelles de l\u2019association ou aux r\u00e9unions de la section, et ne peuvent poser leur candidature au conseil d\u2019administration de la SCP ou au comit\u00e9 ex\u00e9cutif de la section.<\/p>\n<h4>Devenez ASSOCI\u00c9 D&#8217;UNE SECTION en suivant notre processus de demande d\u2019adh\u00e9sion en ligne en 2\u00a0\u00e9tapes\u00a0:<\/h4>\n<p><strong>\u00c9tape\u00a01\u00a0:<\/strong> <a href=\"https:\/\/secure.cpa.ca\/apps\/Forms\/FormEntry\/frCollect?pageRenderType=Bootstrap3&amp;formId=1268&amp;ignoreHeadeFooter=False\" target=\"_blank\" rel=\"noopener\"><strong>Cr\u00e9er un compte Web<\/strong><\/a> (une fois votre compte cr\u00e9\u00e9, vous recevrez un message de confirmation \u00e0 l\u2019\u00e9cran ainsi qu\u2019un courriel d\u00e9crivant les prochaines \u00e9tapes de votre demande).<\/p>\n<p><strong>\u00c9tape\u00a02\u00a0:<\/strong> Remplir le <a href=\"https:\/\/secure.cpa.ca\/Apps\/Formes\/EntreeFormulaire\/frCollect?pageRenderType=Bootstrap3&#038;formId=287794&#038;ignoreHeadeFooter=False\" alt=\"Step 1 of 1\" target=\"_blank\" rel=\"noopener\"><strong>formulaire d\u2019adh\u00e9sion d&#8217;associ\u00e9 d\u2019une section<\/strong><\/a> \u00e0 l\u2019aide de votre nouvel identifiant. Une fois que vous aurez rempli le formulaire de demande et pay\u00e9 les frais d\u2019adh\u00e9sion \u00e0 la section, vous recevrez un courriel de confirmation des Services aux membres indiquant la marche \u00e0 suivre pour acc\u00e9der au tableau de bord de la section.<\/p>\n<\/div>\n<h3>ADH\u00c9SION \u00c0 TITRE DE MEMBRE, D\u2019AFFILI\u00c9 ET D&#8217;ASSOCI\u00c9 D&#8217;UNE SECTION<\/h3>\n<h4>P\u00e9riode de cotisation<\/h4>\n<p>La cotisation annuelle couvre la p\u00e9riode du 1<sup>er<\/sup>\u00a0janvier au 31\u00a0d\u00e9cembre.<\/p>\n<h4>Remboursements<\/h4>\n<p>Les frais d\u2019adh\u00e9sion sont non remboursables et non transf\u00e9rables, et ne sont pas calcul\u00e9s au prorata.<\/p>\n<h4>Changement de cat\u00e9gorie<\/h4>\n<p>Il est possible de changer de cat\u00e9gorie pour passer \u00e0 un <strong>niveau inf\u00e9rieur, <\/strong>mais ce, au moment du renouvellement de l\u2019adh\u00e9sion seulement. Par exemple, si vous \u00eates membre de la SCP et que vous souhaitez devenir associ\u00e9 d\u2019une section, vous ne pouvez changer de cat\u00e9gorie qu\u2019au moment de renouveler votre adh\u00e9sion. Vous ne pourrez pas renouveler votre adh\u00e9sion en tant que membre, puis changer de cat\u00e9gorie au cours de la m\u00eame ann\u00e9e de cotisation; vous devrez attendre la p\u00e9riode de renouvellement de l\u2019ann\u00e9e suivante. Il est possible de changer de cat\u00e9gorie pour passer \u00e0 un <strong>niveau sup\u00e9rieur<\/strong> (par exemple, de associ\u00e9 d\u2019une section \u00e0 membre) \u00e0 n\u2019importe quel moment au cours de l\u2019ann\u00e9e. Si vous souhaitez passer \u00e0 une cat\u00e9gorie de niveau sup\u00e9rieur, veuillez communiquer avec les Services aux membres \u00e0 <strong>membership@cpa.ca.<\/strong><\/p>\n<h4>Vous \u00eates d\u00e9j\u00e0 membre?<\/h4>\n<p><a href=\"https:\/\/secure.cpa.ca\/apps\/Membership?returnUrl=%2Fapps%2FPages%2Fmy-profile\" target=\"_blank\" rel=\"noopener noreferrer\"><strong>Connectez-vous \u00e0 votre compte<\/strong><\/a>.<\/p>\n<div><strong>VEUILLEZ NOTER:<\/strong><br \/>\nEn raison du volume \u00e9lev\u00e9 de demandes que nous recevons entre d\u00e9cembre et f\u00e9vrier, le traitement des demandes peut prendre entre <strong> deux et trois semaines<\/strong>. Si vous faites une demande entre le 22 d\u00e9cembre et le 3 janvier, votre demande sera examin\u00e9e au d\u00e9but de la nouvelle ann\u00e9e.<\/div>\n<\/div>\n","protected":false},"excerpt":{"rendered":"<p><!--more--><\/p>\n","protected":false},"author":2,"featured_media":0,"parent":1414,"menu_order":0,"comment_status":"closed","ping_status":"closed","template":"","meta":{"_acf_changed":false,"_monsterinsights_skip_tracking":false,"_monsterinsights_sitenote_active":false,"_monsterinsights_sitenote_note":"","_monsterinsights_sitenote_category":0,"footnotes":""},"class_list":["post-1419","page","type-page","status-publish","hentry"],"acf":[],"aioseo_notices":[],"publishpress_future_workflow_manual_trigger":{"enabledWorkflows":[]},"_links":{"self":[{"href":"https:\/\/cpa.ca\/fr\/wp-json\/wp\/v2\/pages\/1419","targetHints":{"allow":["GET"]}}],"collection":[{"href":"https:\/\/cpa.ca\/fr\/wp-json\/wp\/v2\/pages"}],"about":[{"href":"https:\/\/cpa.ca\/fr\/wp-json\/wp\/v2\/types\/page"}],"author":[{"embeddable":true,"href":"https:\/\/cpa.ca\/fr\/wp-json\/wp\/v2\/users\/2"}],"replies":[{"embeddable":true,"href":"https:\/\/cpa.ca\/fr\/wp-json\/wp\/v2\/comments?post=1419"}],"version-history":[{"count":6,"href":"https:\/\/cpa.ca\/fr\/wp-json\/wp\/v2\/pages\/1419\/revisions"}],"predecessor-version":[{"id":45560,"href":"https:\/\/cpa.ca\/fr\/wp-json\/wp\/v2\/pages\/1419\/revisions\/45560"}],"up":[{"embeddable":true,"href":"https:\/\/cpa.ca\/fr\/wp-json\/wp\/v2\/pages\/1414"}],"wp:attachment":[{"href":"https:\/\/cpa.ca\/fr\/wp-json\/wp\/v2\/media?parent=1419"}],"curies":[{"name":"wp","href":"https:\/\/api.w.org\/{rel}","templated":true}]}}