{"id":1428,"date":"2018-07-27T16:09:55","date_gmt":"2018-07-27T20:09:55","guid":{"rendered":"https:\/\/cpa.ca\/adhesion\/devenezmembre\/membership-section-fees\/"},"modified":"2025-12-15T14:43:00","modified_gmt":"2025-12-15T19:43:00","slug":"droitsdadhesion","status":"publish","type":"page","link":"https:\/\/cpa.ca\/fr\/adhesion\/devenezmembre\/droitsdadhesion\/","title":{"rendered":"Droits d\u2019adh\u00e9sion \u00e0 la SCP et aux sections"},"content":{"rendered":"<h2>Droits d\u2019adh\u00e9sion\u00a0:<\/h2>\n<div style=\"display: inline-block;\">\n<table border=\"1\" width=\"100%\" cellspacing=\"0\" cellpadding=\"5\">\n<thead>\n<tr>\n<td><strong>Membres\/affili\u00e9s<\/strong><\/td>\n<td>\n<p style=\"text-align: center;\"><strong>Frais annuels en vigueur en 2026 (+ taxes)<\/strong><\/p>\n<\/td>\n<\/tr>\n<\/thead>\n<tbody>\n<tr>\n<td>Membre<\/td>\n<td>330\u00a0$<\/td>\n<\/tr>\n<tr>\n<td>Affili\u00e9 \u00e9tudiant<\/td>\n<td>75\u00a0$<\/td>\n<\/tr>\n<tr>\n<td>Bachelier en ann\u00e9e sabbatique<\/td>\n<td>100\u00a0$<\/td>\n<\/tr>\n<tr>\n<td>Membre en d\u00e9but de carri\u00e8re (1<sup>re<\/sup>\u00a0ann\u00e9e)<\/td>\n<td>100\u00a0$<\/td>\n<\/tr>\n<tr>\n<td>Membre en d\u00e9but de carri\u00e8re (2<sup>e<\/sup>\u00a0ann\u00e9e)<\/td>\n<td>200\u00a0$<\/td>\n<\/tr>\n<tr>\n<td>Affili\u00e9 sp\u00e9cial<\/td>\n<td>178\u00a0$<\/td>\n<\/tr>\n<tr>\n<td>Membre en cong\u00e9 parental<\/td>\n<td>120\u00a0$<\/td>\n<\/tr>\n<tr>\n<td>Fellows de la SCP<\/td>\n<td>330\u00a0$<\/td>\n<\/tr>\n<tr>\n<td>Membre \u00e0 la retraite\/Fellow \u00e0 la retraite<\/td>\n<td>120\u00a0$<\/td>\n<\/tr>\n<tr>\n<td>Membre honoraire \u00e0 vie\/Fellow honoraire \u00e0 vie<\/td>\n<td>Adh\u00e9sion gratuite<\/td>\n<\/tr>\n<\/tbody>\n<\/table>\n<table border=\"1\" width=\"100%\" cellspacing=\"0\" cellpadding=\"5\">\n<thead>\n<tr>\n<td><strong>Membres\/affili\u00e9s internationaux<br \/>\n<\/strong><strong>(r\u00e9sidant \u00e0 l\u2019ext\u00e9rieur du Canada et des \u00c9tats-Unis<\/strong><strong>)<\/strong><\/td>\n<td><strong>Frais annuels en vigueur en 2026 (+ taxes)<\/strong><\/td>\n<\/tr>\n<\/thead>\n<tbody>\n<tr>\n<td>Affili\u00e9 international<\/td>\n<td>200\u00a0$ CA<\/td>\n<\/tr>\n<tr>\n<td>Affili\u00e9 \u00e9tudiant international<\/td>\n<td>75 $ CA<\/td>\n<\/tr>\n<\/tbody>\n<\/table>\n<\/div>\n<table border=\"1\" cellspacing=\"0\" cellpadding=\"5\">\n<thead>\n<tr>\n<td><strong>Associ\u00e9 d\u2019une section<\/strong><\/td>\n<td><strong>Frais annuels en vigueur en 2026 (+ taxes)<\/strong><\/td>\n<\/tr>\n<\/thead>\n<tbody>\n<tr>\n<td>Associ\u00e9 d\u2019une section<\/td>\n<td>85 $ plus frais de section<\/td>\n<\/tr>\n<\/tbody>\n<\/table>\n<p><strong>REMARQUE\u00a0: <\/strong><\/p>\n<p><em>La cotisation annuelle couvre la p\u00e9riode du 1er janvier au 31 d\u00e9cembre de chaque ann\u00e9e.<\/em><\/p>\n<p>Les cotisations de membre, d\u2019affili\u00e9 et d&#8217;associ\u00e9 d\u2019une section sont non remboursables et non transf\u00e9rables, et ne sont pas calcul\u00e9es au prorata.<\/p>\n<p>Il est possible de changer de cat\u00e9gorie pour passer \u00e0 un niveau inf\u00e9rieur, mais seulement au moment du renouvellement de l\u2019adh\u00e9sion. Les individus qui sont d\u00e9j\u00e0 membres dans une cat\u00e9gorie particuli\u00e8re (par exemple, la cat\u00e9gorie de membre) ne peuvent passer \u00e0 une cat\u00e9gorie de niveau inf\u00e9rieur (par exemple, la cat\u00e9gorie d&#8217;associ\u00e9 d\u2019une section) au cours de la m\u00eame ann\u00e9e de cotisation; ils devront attendre la p\u00e9riode de renouvellement de l\u2019ann\u00e9e suivante. Il est possible de changer de cat\u00e9gorie pour passer \u00e0 un niveau sup\u00e9rieur (par exemple, d&#8217;associ\u00e9 d\u2019une section \u00e0 membre) \u00e0 n\u2019importe quel moment au cours de l\u2019ann\u00e9e.<br \/>\n<a id=\"sectionfees\" class=\"anchor\"><\/a><\/p>\n<h3>Frais d\u2019adh\u00e9sion aux sections<\/h3>\n<p><strong>Les membres et les affili\u00e9s <\/strong>peuvent se joindre \u00e0 autant de sections qu\u2019ils le souhaitent.<\/p>\n<p><strong>Les associ\u00e9s d\u2019une section<\/strong> peuvent se joindre \u00e0 UNE section.<\/p>\n<p>Les frais d\u2019adh\u00e9sion aux sections de la SCP en vigueur en <strong>2026<\/strong> (plus les taxes applicables) sont indiqu\u00e9s ci-dessous :<\/p>\n<h3>Vous \u00eates d\u00e9j\u00e0 membre ou affili\u00e9 de la SCP?<\/h3>\n<p>Trouvez la ou les sections qui vous int\u00e9ressent, et devenez-en membre d\u00e8s aujourd\u2019hui! Joignez-vous \u00e0 vos estim\u00e9s coll\u00e8gues qui font d\u00e9j\u00e0 partie d\u2019une ou de plusieurs sections de la SCP. Vous aurez, ainsi, de multiples occasions de mettre \u00e0 profit votre expertise et de cr\u00e9er des liens avec des professionnels qui ont des vues et des int\u00e9r\u00eats similaires aux v\u00f4tres.<\/p>\n<p>Vous pouvez vous joindre a des sections de la SCP pour lesquels vous avez un int\u00e9r\u00e9t certain. Cela inclut recevoir les communications des sections.<\/p>\n<p>S\u00e9lectionnez les sections a ajouter a votre adh\u00e9sion annuelle :<\/p>\n<table border=\"1\" width=\"100%\" cellspacing=\"0\" cellpadding=\"5\">\n<thead>\n<tr>\n<td>Section<\/td>\n<td>2026 membre, affili\u00e9 ou associ\u00e9<\/td>\n<td>2026 affili\u00e9 \u00e9tudiant<\/td>\n<td><\/td>\n<\/tr>\n<\/thead>\n<tbody>\n<tr>\n<td><a href=\"https:\/\/cpa.ca\/fr\/sections\/psychologycareers\/\" target=\"_blank\" rel=\"noopener noreferrer\">Carri\u00e8res et professions en psychologie<\/a><\/td>\n<td>5.00 $<\/td>\n<td>2.00 $<\/td>\n<td><\/td>\n<\/tr>\n<tr>\n<td><a href=\"https:\/\/cpa.ca\/fr\/sections\/brainandcognitivescience\/\" target=\"_blank\" rel=\"noopener noreferrer\">Cerveau et sciences cognitive<\/a><\/td>\n<td>12.00 $<\/td>\n<td>5.00 $<\/td>\n<td><\/td>\n<\/tr>\n<tr>\n<td><a href=\"https:\/\/cpa.ca\/fr\/sections\/quantitativeelectrophysiology\/\" target=\"_blank\" rel=\"noopener noreferrer\">\u00c9lectrophysiologie quantitative<\/a><\/td>\n<td>15.00 $<\/td>\n<td>1.00 $<\/td>\n<td><\/td>\n<\/tr>\n<tr>\n<td><a href=\"https:\/\/cpa.ca\/fr\/sections\/teaching\/\" target=\"_blank\" rel=\"noopener noreferrer\">Enseignement de la psychologie<\/a><\/td>\n<td>15.00 $<\/td>\n<td>5.00 $<\/td>\n<td><\/td>\n<\/tr>\n<tr>\n<td><a href=\"https:\/\/cpa.ca\/fr\/etudiants\/\" target=\"_blank\" rel=\"noopener noreferrer\">\u00c9tudiants en psychologie<\/a><\/td>\n<td>&#8211;<\/td>\n<td>&#8211;<\/td>\n<td><\/td>\n<\/tr>\n<tr>\n<td><a href=\"https:\/\/cpa.ca\/fr\/sections\/extremismandterrorism\/\" target=\"_blank\" rel=\"noopener noreferrer\">Extr\u00e9misme et terrorisme<\/a><\/td>\n<td>20.00 $<\/td>\n<td>5.00 $<\/td>\n<td><\/td>\n<\/tr>\n<tr>\n<td><a href=\"https:\/\/cpa.ca\/fr\/sections\/swap\/\" target=\"_blank\" rel=\"noopener noreferrer\">Femmes et psychologie<\/a><\/td>\n<td>20.00 $<\/td>\n<td>5.00 $<\/td>\n<td><\/td>\n<\/tr>\n<tr>\n<td><a href=\"https:\/\/cpa.ca\/fr\/sections\/historyandphilosophy\/\" target=\"_blank\" rel=\"noopener noreferrer\">Section de l\u2019histoire, de la th\u00e9orie et de la recherche qualitative en psychologie<\/a><\/td>\n<td>20.00 $<\/td>\n<td>5.00 $<\/td>\n<td><\/td>\n<\/tr>\n<tr>\n<td><a href=\"https:\/\/cpa.ca\/fr\/sections\/quantitativemethods\/\" target=\"_blank\" rel=\"noopener noreferrer\">M\u00e9thodes quantitatives<\/a><\/td>\n<td>20.00 $<\/td>\n<td>5.00 $<\/td>\n<td><\/td>\n<\/tr>\n<tr>\n<td><a href=\"https:\/\/cpa.ca\/fr\/sections\/clinicalneuropsychology\/\" target=\"_blank\" rel=\"noopener noreferrer\">Neuropsychologie clinique<\/a><\/td>\n<td>20.00 $<\/td>\n<td>5.00 $<\/td>\n<td><\/td>\n<\/tr>\n<tr>\n<td><a href=\"https:\/\/cpa.ca\/fr\/sections\/sexualorientationandgenderidentity\/\" target=\"_blank\" rel=\"noopener noreferrer\">Orientation sexuelle et identit\u00e9 sexuelle<\/a><\/td>\n<td>15.00 $<\/td>\n<td>5.00 $<\/td>\n<td><\/td>\n<\/tr>\n<tr>\n<td><a href=\"https:\/\/cpa.ca\/fr\/sections\/black-psychology\/\" target=\"_blank\" rel=\"noopener noreferrer\">Section de Personnes Noires en Psychologie<\/a><\/td>\n<td>20.00 $<\/td>\n<td>10.00 $<\/td>\n<td><\/td>\n<\/tr>\n<tr>\n<td><a href=\"\/fr\/sections\/aboriginalpsychology\/\" target=\"_blank\" rel=\"noopener noreferrer\">Psychologie des peuples autochtones<\/a><\/td>\n<td>15.00 $<\/td>\n<td>5.00 $<\/td>\n<td><\/td>\n<\/tr>\n<tr>\n<td><a href=\"https:\/\/cpa.ca\/fr\/sections\/asianpsychology\/\" target=\"_blank\" rel=\"noopener noreferrer\">Section de psychologie asiatique <\/a><\/td>\n<td>20.00 $<\/td>\n<td>5.00 $<\/td>\n<td><\/td>\n<\/tr>\n<tr>\n<td><a href=\"https:\/\/cpa.ca\/fr\/sections\/clinicalpsychology\/\" target=\"_blank\" rel=\"noopener noreferrer\">Psychologie clinique<\/a><\/td>\n<td>20.00 $<\/td>\n<td>5.00 $<\/td>\n<td><\/td>\n<\/tr>\n<tr>\n<td><a href=\"https:\/\/cpa.ca\/fr\/sections\/addictionpsychology\/\" target=\"_blank\" rel=\"noopener noreferrer\">Psychologie de la d\u00e9pendance<\/a><\/td>\n<td>20.00 $<\/td>\n<td>10.00 $<\/td>\n<td><\/td>\n<\/tr>\n<tr>\n<td><a href=\"https:\/\/cpa.ca\/fr\/sections\/environmentalpsychology\/\" target=\"_blank\" rel=\"noopener noreferrer\">Psychologie de l\u2019environnement<\/a><\/td>\n<td>15.00 $<\/td>\n<td>5.00 $<\/td>\n<td><\/td>\n<\/tr>\n<tr>\n<td><a href=\"https:\/\/cpa.ca\/fr\/sections\/familypsychology\/\" target=\"_blank\" rel=\"noopener noreferrer\">Psychologie de la famille<\/a><\/td>\n<td>20.00 $<\/td>\n<td>5.00 $<\/td>\n<td><\/td>\n<\/tr>\n<tr>\n<td><a href=\"https:\/\/cpa.ca\/fr\/sections\/healthpsychology\/\" target=\"_blank\" rel=\"noopener noreferrer\">Psychologie de la sant\u00e9 et m\u00e9decine du comportement<\/a><\/td>\n<td>20.00 $<\/td>\n<td>5.00 $<\/td>\n<td><\/td>\n<\/tr>\n<tr>\n<td><a href=\"https:\/\/cpa.ca\/fr\/sections\/jewishpsychology\/\" target=\"_blank\" rel=\"noopener noreferrer\">Psychologie des juifs<\/a><\/td>\n<td>$10.00<\/td>\n<td>$5.00<\/td>\n<td><span class=\"new\">Nouveau en 2026<\/span><\/td>\n<\/tr>\n<tr>\n<td><a href=\"https:\/\/cpa.ca\/fr\/sections\/ruralandnorthernpsychology\/\" target=\"_blank\" rel=\"noopener noreferrer\">Psychologie des communaut\u00e9s rurales et nordiques<\/a><\/td>\n<td>15.00 $<\/td>\n<td>1.00 $<\/td>\n<td><\/td>\n<\/tr>\n<tr>\n<td><a href=\"https:\/\/cpa.ca\/fr\/sections\/counsellingpsychology\/\" target=\"_blank\" rel=\"noopener noreferrer\">Psychologie du counseling<\/a><\/td>\n<td>25.00 $<\/td>\n<td>7.00 $<\/td>\n<td><\/td>\n<\/tr>\n<tr>\n<td><a href=\"https:\/\/cpa.ca\/fr\/sections\/developmentalpsychology\/\" target=\"_blank\" rel=\"noopener noreferrer\">Psychologie du d\u00e9veloppement<\/a><\/td>\n<td>25.00 $<\/td>\n<td>5.00 $<\/td>\n<td><\/td>\n<\/tr>\n<tr>\n<td><a href=\"https:\/\/cpa.ca\/fr\/sections\/psychologyinthemilitary\/\" target=\"_blank\" rel=\"noopener noreferrer\">Psychologie du milieu militaire<\/a><\/td>\n<td>15.00 $<\/td>\n<td>10.00 $<\/td>\n<td><\/td>\n<\/tr>\n<tr>\n<td><a href=\"https:\/\/cpa.ca\/fr\/sections\/sportandexercise\/\" target=\"_blank\" rel=\"noopener noreferrer\">Psychologie du sport et de l\u2019exercice<\/a><\/td>\n<td>14.00 $<\/td>\n<td>7.00 $<\/td>\n<td><\/td>\n<\/tr>\n<tr>\n<td><a href=\"https:\/\/cpa.ca\/fr\/sections\/educational\/\" target=\"_blank\" rel=\"noopener noreferrer\">Psychologie \u00e9ducationnelle et scolaire<\/a><\/td>\n<td>20.00 $<\/td>\n<td>5.00 $<\/td>\n<td><\/td>\n<\/tr>\n<tr>\n<td><a href=\"https:\/\/cpa.ca\/fr\/sections\/hospitals\/\" target=\"_blank\" rel=\"noopener noreferrer\">Psychologues en milieux hospitaliers et en centres de sant\u00e9<\/a><\/td>\n<td>20.00 $<\/td>\n<td>1.00 $<\/td>\n<td><\/td>\n<\/tr>\n<tr>\n<td><a href=\"https:\/\/cpa.ca\/fr\/sections\/criminaljusticepsychology\/\" target=\"_blank\" rel=\"noopener noreferrer\">Psychologie et justice p\u00e9nale<\/a><\/td>\n<td>25.00 $<\/td>\n<td>10.00 $<\/td>\n<td><\/td>\n<\/tr>\n<tr>\n<td><a href=\"https:\/\/cpa.ca\/fr\/sections\/retirement\/\" target=\"_blank\" rel=\"noopener noreferrer\">Psychologues et la retraite<\/a><\/td>\n<td>10.00 $<\/td>\n<td>1.00 $<\/td>\n<td><\/td>\n<\/tr>\n<tr>\n<td><a href=\"https:\/\/cpa.ca\/fr\/sections\/industrialorganizationalpsychology\/\" target=\"_blank\" rel=\"noopener noreferrer\">Psychologie industrielle et organisationnelle<\/a><\/td>\n<td>28.00 $<\/td>\n<td>8.00 $<\/td>\n<td><\/td>\n<\/tr>\n<tr>\n<td><a href=\"https:\/\/cpa.ca\/fr\/sections\/internationalandcrossculturalpsychology\/\" target=\"_blank\" rel=\"noopener noreferrer\">Psychologie internationale et interculturelle<\/a><\/td>\n<td>15.00 $<\/td>\n<td>1.00 $<\/td>\n<td><\/td>\n<\/tr>\n<tr>\n<td><a href=\"https:\/\/cpa.ca\/fr\/sections\/socialandpersonality\/\" target=\"_blank\" rel=\"noopener noreferrer\">Psychologie sociale et de la personnalit\u00e9<\/a><\/td>\n<td>15.00 $<\/td>\n<td>10.00 $<\/td>\n<td><\/td>\n<\/tr>\n<tr>\n<td><a href=\"https:\/\/cpa.ca\/fr\/sections\/psychopharmacology\/\" target=\"_blank\" rel=\"noopener noreferrer\">Psychopharmacologie<\/a><\/td>\n<td>15.00 $<\/td>\n<td>5.00 $<\/td>\n<td><\/td>\n<\/tr>\n<tr>\n<td><a href=\"https:\/\/cpa.ca\/fr\/sections\/traumaticstress\/\" target=\"_blank\" rel=\"noopener noreferrer\">Stress traumatique<\/a><\/td>\n<td>20.00 $<\/td>\n<td>10.00 $<\/td>\n<td><\/td>\n<\/tr>\n<tr>\n<td><a href=\"https:\/\/cpa.ca\/fr\/sections\/agingandgeropsychology\/\" target=\"_blank\" rel=\"noopener noreferrer\">Vieillissement et g\u00e9ropsychologie<\/a><\/td>\n<td>10.00 $<\/td>\n<td>5.00 $<\/td>\n<td><\/td>\n<\/tr>\n<\/tbody>\n<\/table>\n","protected":false},"excerpt":{"rendered":"<p><!--more--><\/p>\n","protected":false},"author":2,"featured_media":0,"parent":1419,"menu_order":0,"comment_status":"closed","ping_status":"closed","template":"","meta":{"_acf_changed":false,"_monsterinsights_skip_tracking":false,"_monsterinsights_sitenote_active":false,"_monsterinsights_sitenote_note":"","_monsterinsights_sitenote_category":0,"footnotes":""},"class_list":["post-1428","page","type-page","status-publish","hentry"],"acf":[],"aioseo_notices":[],"publishpress_future_workflow_manual_trigger":{"enabledWorkflows":[]},"_links":{"self":[{"href":"https:\/\/cpa.ca\/fr\/wp-json\/wp\/v2\/pages\/1428","targetHints":{"allow":["GET"]}}],"collection":[{"href":"https:\/\/cpa.ca\/fr\/wp-json\/wp\/v2\/pages"}],"about":[{"href":"https:\/\/cpa.ca\/fr\/wp-json\/wp\/v2\/types\/page"}],"author":[{"embeddable":true,"href":"https:\/\/cpa.ca\/fr\/wp-json\/wp\/v2\/users\/2"}],"replies":[{"embeddable":true,"href":"https:\/\/cpa.ca\/fr\/wp-json\/wp\/v2\/comments?post=1428"}],"version-history":[{"count":6,"href":"https:\/\/cpa.ca\/fr\/wp-json\/wp\/v2\/pages\/1428\/revisions"}],"predecessor-version":[{"id":45549,"href":"https:\/\/cpa.ca\/fr\/wp-json\/wp\/v2\/pages\/1428\/revisions\/45549"}],"up":[{"embeddable":true,"href":"https:\/\/cpa.ca\/fr\/wp-json\/wp\/v2\/pages\/1419"}],"wp:attachment":[{"href":"https:\/\/cpa.ca\/fr\/wp-json\/wp\/v2\/media?parent=1428"}],"curies":[{"name":"wp","href":"https:\/\/api.w.org\/{rel}","templated":true}]}}