{"id":1432,"date":"2018-07-27T16:13:52","date_gmt":"2018-07-27T20:13:52","guid":{"rendered":"https:\/\/cpa.ca\/membershiptypes\/"},"modified":"2025-12-08T15:46:23","modified_gmt":"2025-12-08T20:46:23","slug":"catgoriesdemembres","status":"publish","type":"page","link":"https:\/\/cpa.ca\/fr\/adhesion\/devenezmembre\/catgoriesdemembres\/","title":{"rendered":"Cat\u00e9gories de membre de la SCP"},"content":{"rendered":"<p>Afin de r\u00e9pondre aux besoins de son vaste \u00e9ventail de membres \u2013 en fonction de leur titre, leur stade de carri\u00e8re ou le type d\u2019avantages recherch\u00e9s \u2013, la SCP compte trois cat\u00e9gories de membre\u00a0: <strong>membres, affili\u00e9s <\/strong>et <strong>membres associ\u00e9s<\/strong>. Une liste des avantages offerts, selon la cat\u00e9gorie, se trouve ici \u2013 <strong><a href=\"https:\/\/cpa.ca\/fr\/adhesion\/\">https:\/\/cpa.ca\/fr\/adhesion\/<\/a>.<\/strong><\/p>\n<p>S\u2019il s\u2019agit de votre PREMI\u00c8RE DEMANDE D\u2019ADH\u00c9SION\/AFFILIATION, veuillez vous reporter \u00e0 notre <a href=\"https:\/\/cpa.ca\/docs\/File\/Membership\/MembershipTree_FR-March2023.pdf\" target=\"_blank\" rel=\"noopener noreferrer\">arbre de d\u00e9cision<\/a>, qui vous aidera \u00e0 d\u00e9terminer la cat\u00e9gorie de membre qui s\u2019applique \u00e0 vous. Si vous souhaitez devenir membre d\u2019une section seulement, reportez-vous \u00e0 la d\u00e9finition de la cat\u00e9gorie d\u2019ASSOCI\u00c9 D\u2019UNE SECTION ci-dessous.<\/p>\n<h2>MEMBRES<\/h2>\n<h4 style=\"display: inline-block;\">Membre<\/h4>\n<p>Pour \u00eatre membre de la SCP, il faut d\u00e9tenir un dipl\u00f4me de ma\u00eetrise ou de doctorat en psychologie, ou un dipl\u00f4me universitaire \u00e9quivalent, d\u00e9livr\u00e9 par une \u00e9cole d\u2019\u00e9tudes sup\u00e9rieures reconnue. Les \u00e9tudiants postdoctoraux sont \u00e9galement admissibles \u00e0 la cat\u00e9gorie de membre. Les membres doivent \u00eatre des r\u00e9sidents du Canada ou des \u00c9tats-Unis.<br \/>\n(Les membres de la SCP ont acc\u00e8s \u00e0 l\u2019assurance responsabilit\u00e9 professionnelle offerte par BMS et ont le droit de vote.)<\/p>\n<h4 style=\"display: inline-block;\">Membre en d\u00e9but de carri\u00e8re (1<sup>re<\/sup>\u00a0ann\u00e9e)<\/h4>\n<p>Cette cat\u00e9gorie de membre s\u2019adresse aux affili\u00e9s \u00e9tudiants qui ont obtenu une ma\u00eetrise ou un doctorat en psychologie, ou dans un domaine de la psychologie, et qui ne retournent pas aux \u00e9tudes, ou ceux qui en sont \u00e0 leur premi\u00e8re ann\u00e9e postdoctorale. Pour \u00eatre admissibles \u00e0 la cat\u00e9gorie de membre en d\u00e9but de carri\u00e8re (1<sup>re<\/sup> ann\u00e9e) l\u2019ann\u00e9e o\u00f9 ils font leur demande d\u2019adh\u00e9sion (p. ex., 2025), les candidats doivent avoir obtenu leur dipl\u00f4me universitaire l\u2019ann\u00e9e pr\u00e9c\u00e9dente (p. ex., 2026).<br \/>\n(Les membres en d\u00e9but de carri\u00e8re [1<sup>re<\/sup> ann\u00e9e] ont acc\u00e8s \u00e0 l\u2019assurance responsabilit\u00e9 professionnelle offerte par BMS et ont le droit de vote \u00e0 l\u2019assembl\u00e9e g\u00e9n\u00e9rale annuelle de la SCP.)<\/p>\n<h4 style=\"display: inline-block;\">Membre en d\u00e9but de carri\u00e8re (2<sup>e<\/sup>\u00a0ann\u00e9e)<\/h4>\n<p>Cette cat\u00e9gorie s\u2019adresse aux membres qui \u00e9taient dans la cat\u00e9gorie des membres en d\u00e9but de carri\u00e8re (1<sup>re<\/sup> ann\u00e9e) l\u2019ann\u00e9e de cotisation pr\u00e9c\u00e9dente (p. ex., 2025) <strong>OU <\/strong>aux jeunes dipl\u00f4m\u00e9s qui ont obtenu une ma\u00eetrise ou un doctorat en psychologie, ou dans un domaine de la psychologie, au cours des deux ann\u00e9es pr\u00e9c\u00e9dentes et qui ne retournent pas aux \u00e9tudes, ou ceux qui en sont \u00e0 leur deuxi\u00e8me ann\u00e9e postdoctorale.<br \/>\n(Les membres en d\u00e9but de carri\u00e8re [2e ann\u00e9e] auront acc\u00e8s \u00e0 l\u2019assurance responsabilit\u00e9 professionnelle offerte par BMS et auront le droit de vote \u00e0 l\u2019assembl\u00e9e g\u00e9n\u00e9rale annuelle de la SCP.)<\/p>\n<h4 style=\"display: inline-block;\">Membre en cong\u00e9 parental<\/h4>\n<p>Cette cat\u00e9gorie de membre s\u2019adresse aux membres qui sont actuellement en cong\u00e9 parental. En vigueur pendant une ann\u00e9e civile seulement.<br \/>\n(Les membres en cong\u00e9 parental ont acc\u00e8s \u00e0 l\u2019assurance responsabilit\u00e9 professionnelle offerte par BMS et ont le droit de vote \u00e0 l\u2019assembl\u00e9e g\u00e9n\u00e9rale annuelle de la SCP.)<\/p>\n<h4 style=\"display: inline-block;\">Fellow<\/h4>\n<p>Les Fellows sont des membres de la SCP, vivants ou d\u00e9c\u00e9d\u00e9s, qui ont apport\u00e9 une contribution remarquable au d\u00e9veloppement scientifique ou professionnel de la psychologie ou qui ont rendu des services exceptionnels \u00e0 leur association nationale ou provinciale. Les Fellows doivent \u00eatre nomm\u00e9s. Pour en savoir plus sur la proc\u00e9dure de mise en candidature \u2013<a href=\"https:\/\/cpa.ca\/fr\/aproposdelascp\/prixdelascp\/modalitsdemiseencandidature\/\">https:\/\/cpa.ca\/fr\/aproposdelascp\/prixdelascp\/modalitsdemiseencandidature\/<\/a>.<br \/>\n(Les Fellows de la SCP ont acc\u00e8s \u00e0 l\u2019assurance responsabilit\u00e9 professionnelle offerte par BMS et ont le droit de vote.)<\/p>\n<h4 style=\"display: inline-block;\">Membre \u00e0 la retraite\/Fellow \u00e0 la retraite<\/h4>\n<p>Cette cat\u00e9gorie s\u2019adresse aux membres \u00e2g\u00e9s de 55 ans ou plus, qui ont quitt\u00e9 la profession et cess\u00e9 de travailler. Les membres \u00e0 la retraite et les Fellows \u00e0 la retraite doivent \u00eatre des membres \u00e0 part enti\u00e8re (ou Fellows) retrait\u00e9s. (Les membres \u00e0 la retraite et les Fellows \u00e0 la retraite ont acc\u00e8s \u00e0 l\u2019assurance responsabilit\u00e9 professionnelle offerte par BMS et ont le droit de vote \u00e0 l\u2019assembl\u00e9e g\u00e9n\u00e9rale annuelle de la SCP.)<\/p>\n<h4 style=\"display: inline-block;\">Membre honoraire \u00e0 vie\/Fellow honoraire \u00e0 vie<\/h4>\n<p>Les Fellows honoraires \u00e0 vie et les membres honoraires \u00e0 vie sont des membres \u00e2g\u00e9s de 70 ans ou plus, qui ont \u00e9t\u00e9 membres en titre de la SCP pendant au moins 25 ans. <em>Veuillez<\/em> <em>communiquer avec<\/em> <em>les Services aux membres de la SCP si vous pensez entrer dans cette cat\u00e9gorie.<\/em><br \/>\n(Les Fellows honoraires \u00e0 vie et les membres honoraires \u00e0 vie ont acc\u00e8s \u00e0 l\u2019assurance responsabilit\u00e9 professionnelle offerte par BMS et ont le droit de vote \u00e0 l\u2019assembl\u00e9e g\u00e9n\u00e9rale annuelle de la SCP.)<\/p>\n<hr \/>\n<h2>AFFILI\u00c9S<\/h2>\n<h4 style=\"display: inline-block;\">Affili\u00e9 \u00e9tudiant<\/h4>\n<p>Les \u00e9tudiants affili\u00e9s sont des \u00e9tudiants inscrits \u00e0 temps plein ou \u00e0 temps partiel dans un programme de premier cycle, de ma\u00eetrise ou de doctorat offert par une universit\u00e9 reconnue; ils doivent r\u00e9sider au Canada ou aux \u00c9tats-Unis et fournir une preuve attestant qu\u2019ils \u00e9tudient en psychologie, ou dans un domaine de la psychologie, dans une universit\u00e9 reconnue pendant l\u2019ann\u00e9e scolaire en cours. Les \u00e9tudiants postdoctoraux ne sont pas admissibles \u00e0 la cat\u00e9gorie d\u2019\u00e9tudiant affili\u00e9, mais pourraient \u00eatre admissibles \u00e0 d\u2019autres cat\u00e9gories de membre selon leur dipl\u00f4me et\/ou l\u2019ann\u00e9e o\u00f9 ils ont obtenu leur dipl\u00f4me.<\/p>\n<p><strong>NOTA<\/strong> : \u00cates-vous un \u00e9tudiant qui commencera ses \u00e9tudes en septembre et qui souhaite<strong> participer au programme de mentorat de la SCP<\/strong>? Si c\u2019est le cas, et que vous \u00eates un nouveau venu \u00e0 la SCP, vous pouvez profiter du tarif d\u2019adh\u00e9sion de 25 $, couvrant la p\u00e9riode de septembre \u00e0 d\u00e9cembre, que nous offrons aux NOUVEAUX \u00c9TUDIANTS AFFILI\u00c9S.<\/p>\n<p>(Les \u00e9tudiants affili\u00e9s ont acc\u00e8s \u00e0 l\u2019assurance responsabilit\u00e9 professionnelle offerte par BMS, mais n\u2019ont pas le droit de vote \u00e0 l\u2019assembl\u00e9e g\u00e9n\u00e9rale annuelle de la SCP.)<\/p>\n<h4 style=\"display: inline-block;\">Bachelier en ann\u00e9e sabbatique<\/h4>\n<p>Les personnes qui pr\u00e9sentent une demande d\u2019adh\u00e9sion dans cette cat\u00e9gorie doivent avoir obtenu un baccalaur\u00e9at l\u2019ann\u00e9e pr\u00e9c\u00e9dente et s\u2019inscrire \u00e0 une \u00e9cole d\u2019\u00e9tudes sup\u00e9rieures l\u2019ann\u00e9e o\u00f9 elles pr\u00e9sentent leur demande d\u2019adh\u00e9sion. En vigueur pendant une ann\u00e9e civile seulement.<\/p>\n<p>(Les bacheliers en ann\u00e9e sabbatique n\u2019ont pas acc\u00e8s \u00e0 l\u2019assurance responsabilit\u00e9 professionnelle offerte par BMS et n\u2019ont pas le droit de vote \u00e0 l\u2019assembl\u00e9e g\u00e9n\u00e9rale annuelle de la SCP)<\/p>\n<h4 style=\"display: inline-block;\">Affili\u00e9 sp\u00e9cial<\/h4>\n<p>Les affili\u00e9s sp\u00e9ciaux sont des personnes qui r\u00e9sident au Canada ou aux \u00c9tats-Unis, et qui s\u2019int\u00e9ressent directement \u00e0 la psychologie comme science ou comme profession, dans le cadre de leur travail ou de leurs \u00e9tudes en psychologie (baccalaur\u00e9at en psychologie), ou dans un domaine de la psychologie.<br \/>\n(Les affili\u00e9s sp\u00e9ciaux n\u2019ont pas acc\u00e8s \u00e0 l\u2019assurance responsabilit\u00e9 professionnelle offerte par BMS et n\u2019ont pas le droit de vote \u00e0 l\u2019assembl\u00e9e g\u00e9n\u00e9rale annuelle de la SCP.)<\/p>\n<h4 style=\"display: inline-block;\">Affili\u00e9 \u00e9tudiant international<\/h4>\n<p>Les affili\u00e9s \u00e9tudiants internationaux sont des \u00e9tudiants inscrits \u00e0 temps plein ou \u00e0 temps partiel dans un programme de premier cycle, de ma\u00eetrise ou de doctorat offert par une universit\u00e9 reconnue; ils doivent r\u00e9sider <em>\u00e0 l\u2019ext\u00e9rieur du Canada ou des \u00c9tats-Unis<\/em> et fournir une preuve attestant qu\u2019ils \u00e9tudient en psychologie, ou dans un domaine de la psychologie, pendant l\u2019ann\u00e9e scolaire en cours.<br \/>\n(Les affili\u00e9s \u00e9tudiants internationaux n\u2019ont pas acc\u00e8s \u00e0 l\u2019assurance responsabilit\u00e9 professionnelle offerte par BMS et n\u2019ont pas le droit de vote \u00e0 l\u2019assembl\u00e9e g\u00e9n\u00e9rale annuelle de la SCP.)<\/p>\n<h4 style=\"display: inline-block;\">Affili\u00e9 international<\/h4>\n<p>Cette cat\u00e9gorie de membre s\u2019adresse aux personnes qui d\u00e9tiennent un dipl\u00f4me de ma\u00eetrise ou de doctorat en psychologie, ou un dipl\u00f4me universitaire \u00e9quivalent, d\u00e9livr\u00e9 par une \u00e9cole d\u2019\u00e9tudes sup\u00e9rieures reconnue. Il peut s\u2019agir d\u2019un psychologue de l\u2019ext\u00e9rieur du Canada ou des \u00c9tats-Unis, qui est en mesure de fournir une preuve attestant qu\u2019il est membre de l\u2019association de psychologues de son pays de r\u00e9sidence. \u00c0 supposer qu\u2019il n\u2019y a pas d\u2019association de psychologues dans son pays, ou que le candidat n\u2019en est pas membre, ce dernier doit fournir une attestation de ses qualifications au moment de pr\u00e9senter sa demande d\u2019adh\u00e9sion \u00e0 la SCP.<br \/>\n(Les affili\u00e9s internationaux n\u2019ont pas acc\u00e8s \u00e0 l\u2019assurance responsabilit\u00e9 professionnelle offerte par BMS et n\u2019ont pas le droit de vote \u00e0 l\u2019assembl\u00e9e g\u00e9n\u00e9rale annuelle de la SCP.)<\/p>\n<hr \/>\n<h2>ASSOCI\u00c9 D&#8217;UNE SECTION<\/h2>\n<p>La cat\u00e9gorie d&#8217;associ\u00e9 d\u2019une section s\u2019adresse aux personnes qui ne r\u00e9pondent pas aux crit\u00e8res d\u2019adh\u00e9sion ou qui souhaitent se joindre \u00e0 une seule section et recevoir les communications de la section, ainsi que le bulletin trimestriel de la SCP.<\/p>\n<p>(Les membres associ\u00e9s n\u2019ont pas acc\u00e8s \u00e0 l\u2019assurance responsabilit\u00e9 offerte par BMS; ils n\u2019ont pas non plus acc\u00e8s aux avantages qui viennent avec l\u2019adh\u00e9sion \u00e0 la SCP ni la possibilit\u00e9 de voter ou d\u2019occuper un poste au sein de l\u2019association).<\/p>\n<p>La liste compl\u00e8te des avantages offerts, selon la cat\u00e9gorie, se trouve ici &#8211; <a href=\"https:\/\/cpa.ca\/fr\/adhesion\/\">https:\/\/cpa.ca\/fr\/adhesion\/<\/a>.<\/p>\n<p>Veuillez consulter la page des <a href=\"https:\/\/cpa.ca\/fr\/adhesion\/devenezmembre\/droitsdadhesion\/\">frais d\u2019adh\u00e9sion \u00e0 la SCP et aux sections<\/a> pour conna\u00eetre les tarifs.<\/p>\n<p>Les droits d\u2019adh\u00e9sion sont assujettis aux taxes en vigueur.<\/p>\n<div class=\"hidden\">\n<p>S\u2019il s\u2019agit de votre <strong>premi\u00e8re demande d\u2019adh\u00e9sion<\/strong>, veuillez vous reporter \u00e0 notre <a href=\"https:\/\/cpa.ca\/docs\/File\/Membership\/membershipchart.pdf\" target=\"_blank\" rel=\"noopener noreferrer\">arbre de d\u00e9cision<\/a>, qui vous aidera \u00e0 d\u00e9terminer la cat\u00e9gorie de membre qui s\u2019applique \u00e0 vous.<\/p>\n<h4 style=\"display: inline-block;\">Membre<\/h4>\n<p>Pour \u00eatre membre de la SCP, il faut d\u00e9tenir un dipl\u00f4me de ma\u00eetrise ou de doctorat en psychologie, ou un dipl\u00f4me universitaire \u00e9quivalent, d\u00e9livr\u00e9 par une \u00e9cole d\u2019\u00e9tudes sup\u00e9rieures reconnue.<br \/>\n(Les membres de la SCP ont acc\u00e8s \u00e0 l\u2019assurance responsabilit\u00e9 professionnelle offerte par BMS et ont le droit de vote.)<\/p>\n<h4 style=\"display: inline-block;\">Affili\u00e9 \u00e9tudiant<\/h4>\n<p>Les affili\u00e9s \u00e9tudiants sont des \u00e9tudiants inscrits \u00e0 temps plein ou \u00e0 temps partiel dans un programme de premier cycle, de ma\u00eetrise ou de doctorat offert par une universit\u00e9 reconnue; ils doivent <u>r\u00e9sider au Canada ou aux \u00c9tats-Unis<\/u> et fournir une preuve attestant qu\u2019ils \u00e9tudient en psychologie, ou dans un domaine de la psychologie, pendant l\u2019ann\u00e9e universitaire en cours.<br \/>\n(Les affili\u00e9s \u00e9tudiants ont acc\u00e8s \u00e0 l\u2019assurance responsabilit\u00e9 professionnelle offerte par BMS mais n\u2019ont pas le droit de vote \u00e0 l\u2019assembl\u00e9e g\u00e9n\u00e9rale annuelle de la SCP.)<\/p>\n<h4 style=\"display: inline-block;\">Membre en d\u00e9but de carri\u00e8re (1<sup>re<\/sup>\u00a0ann\u00e9e)<\/h4>\n<p>Cette cat\u00e9gorie de membre s\u2019adresse aux affili\u00e9s \u00e9tudiants qui ont obtenu une ma\u00eetrise et qui ne retournent pas aux \u00e9tudes, ou aux affili\u00e9s \u00e9tudiants qui ont obtenu un doctorat en psychologie, ou dans un domaine de la psychologie,. Pour \u00eatre admissibles \u00e0 la cat\u00e9gorie de membre en d\u00e9but de carri\u00e8re (1<sup>re<\/sup>\u00a0ann\u00e9e) l\u2019ann\u00e9e o\u00f9 ils font leur demande d\u2019adh\u00e9sion (p. ex., 2020), les candidats devaient \u00eatre des affili\u00e9s \u00e9tudiants en r\u00e8gle l\u2019ann\u00e9e pr\u00e9c\u00e9dente (p.\u00a0ex., 2019).<br \/>\n(Les membres en d\u00e9but de carri\u00e8re [1<sup>re<\/sup>\u00a0ann\u00e9e] ont acc\u00e8s \u00e0 l\u2019assurance responsabilit\u00e9 professionnelle offerte par BMS et ont le droit de vote \u00e0 l\u2019assembl\u00e9e g\u00e9n\u00e9rale annuelle de la SCP.)<\/p>\n<h4 style=\"display: inline-block;\">Membre en d\u00e9but de carri\u00e8re (2<sup>e<\/sup>\u00a0ann\u00e9e)<\/h4>\n<p>Cette cat\u00e9gorie s\u2019adresse aux membres qui \u00e9taient dans la cat\u00e9gorie des membres en d\u00e9but de carri\u00e8re (1<sup>re<\/sup>\u00a0ann\u00e9e) l\u2019ann\u00e9e de cotisation pr\u00e9c\u00e9dente (p.\u00a0ex., 2020). Cette cat\u00e9gorie de membre ne sera offerte qu\u2019en 2021.<br \/>\n(Les membres en d\u00e9but de carri\u00e8re [2<sup>e<\/sup>\u00a0ann\u00e9e] ont acc\u00e8s \u00e0 l\u2019assurance responsabilit\u00e9 professionnelle offerte par BMS et ont le droit de vote \u00e0 l\u2019assembl\u00e9e g\u00e9n\u00e9rale annuelle de la SCP.)<\/p>\n<h4 style=\"display: inline-block;\">Affili\u00e9 sp\u00e9cial<\/h4>\n<p>Les affili\u00e9s sp\u00e9ciaux sont des personnes qui r\u00e9sident au Canada ou aux \u00c9tats-Unis, et qui s\u2019int\u00e9ressent directement \u00e0 la psychologie comme science ou comme profession, dans le cadre de leur travail ou de leurs \u00e9tudes en psychologie (baccalaur\u00e9at en psychologie), ou dans un domaine de la psychologie.<br \/>\n(Les affili\u00e9s sp\u00e9ciaux n\u2019ont pas acc\u00e8s \u00e0 l\u2019assurance responsabilit\u00e9 professionnelle offerte par BMS et n\u2019ont pas le droit de vote \u00e0 l\u2019assembl\u00e9e g\u00e9n\u00e9rale annuelle de la SCP.)<\/p>\n<h4 style=\"display: inline-block;\">Affili\u00e9 \u00e9tudiant international<\/h4>\n<p>Les affili\u00e9s \u00e9tudiants internationaux sont des \u00e9tudiants inscrits \u00e0 temps plein ou \u00e0 temps partiel dans un programme de premier cycle, de ma\u00eetrise ou de doctorat offert par une universit\u00e9 reconnue; ils doivent <u>r\u00e9sider \u00e0 l\u2019ext\u00e9rieur du Canada ou des \u00c9tats-Unis<\/u> et fournir une preuve attestant qu\u2019ils \u00e9tudient en psychologie, ou dans un domaine de la psychologie, pendant l\u2019ann\u00e9e universitaire en cours.<br \/>\n(Les affili\u00e9s \u00e9tudiants internationaux n\u2019ont pas acc\u00e8s \u00e0 l\u2019assurance responsabilit\u00e9 professionnelle offerte par BMS et n\u2019ont pas le droit de vote \u00e0 l\u2019assembl\u00e9e g\u00e9n\u00e9rale annuelle de la SCP.)<\/p>\n<h4 style=\"display: inline-block;\">Affili\u00e9 international<\/h4>\n<p>Cette cat\u00e9gorie de membre s\u2019adresse aux personnes qui d\u00e9tiennent un dipl\u00f4me de ma\u00eetrise ou de doctorat en psychologie, ou un dipl\u00f4me universitaire \u00e9quivalent, d\u00e9livr\u00e9 par une \u00e9cole d\u2019\u00e9tudes sup\u00e9rieures reconnue. Il peut s\u2019agir d\u2019un psychologue de l\u2019ext\u00e9rieur du Canada ou des \u00c9tats-Unis, qui est en mesure de fournir une preuve attestant qu\u2019il est membre de l\u2019association de psychologues de son pays de r\u00e9sidence. \u00c0 supposer qu\u2019il n\u2019y a pas d\u2019association de psychologues dans son pays, ou que le candidat n\u2019en est pas membre, celui-ci doit fournir une preuve de ses qualifications au moment de pr\u00e9senter sa demande d\u2019adh\u00e9sion \u00e0 la SCP.<br \/>\n(Les affili\u00e9s internationaux n\u2019ont pas acc\u00e8s \u00e0 l\u2019assurance responsabilit\u00e9 professionnelle offerte par BMS et n\u2019ont pas le droit de vote \u00e0 l\u2019assembl\u00e9e g\u00e9n\u00e9rale annuelle de la SCP.)<\/p>\n<h4 style=\"display: inline-block;\">Membre en cong\u00e9 parental<\/h4>\n<p>Cette cat\u00e9gorie de membre s\u2019adresse aux membres qui sont en cong\u00e9 parental. En vigueur pendant une ann\u00e9e civile seulement.<br \/>\n(Les membres en cong\u00e9 parental ont acc\u00e8s \u00e0 l\u2019assurance responsabilit\u00e9 professionnelle offerte par BMS et ont le droit de vote \u00e0 l\u2019assembl\u00e9e g\u00e9n\u00e9rale annuelle de la SCP.)<\/p>\n<h4 style=\"display: inline-block;\">Fellows de la SCP<\/h4>\n<p>Les Fellows sont des membres de la Soci\u00e9t\u00e9, vivants ou d\u00e9c\u00e9d\u00e9s, qui ont contribu\u00e9 avec \u00e9clat au d\u00e9veloppement scientifique ou professionnel de la psychologie ou qui ont rendu des services exceptionnels \u00e0 leur association nationale ou provinciale. Modalit\u00e9s de mises en candidature \u2013 <a href=\"https:\/\/cpa.ca\/fr\/aproposdelascp\/prixdelascp\/modalitsdemiseencandidature\/\">https:\/\/cpa.ca\/fr\/aproposdelascp\/prixdelascp\/modalitsdemiseencandidature\/<\/a>.<br \/>\n(Fellows de la SCP ont acc\u00e8s \u00e0 l\u2019assurance responsabilit\u00e9 professionnelle offerte par BMS et ont le droit de vote.)<\/p>\n<h4 style=\"display: inline-block;\">Membre \u00e0 la retraite\/Fellow \u00e0 la retraite<\/h4>\n<p>Cette cat\u00e9gorie s\u2019adresse aux membres \u00e2g\u00e9s de 55\u00a0ans ou plus, qui ont quitt\u00e9 leur profession et cess\u00e9 de travailler. Les membres \u00e0 la retraite et les Fellows \u00e0 la retraite doivent \u00eatre des membres \u00e0 part enti\u00e8re (ou Fellow) retrait\u00e9s.<br \/>\n(Les membres \u00e0 la retraite\/Fellows \u00e0 la retraite ont acc\u00e8s \u00e0 l\u2019assurance responsabilit\u00e9 professionnelle offerte par BMS et ont le droit de vote \u00e0 l\u2019assembl\u00e9e g\u00e9n\u00e9rale annuelle de la SCP.)<\/p>\n<h4 style=\"display: inline-block;\">Membre honoraire \u00e0 vie\/Fellow honoraire \u00e0 vie<\/h4>\n<p>Les Fellows honoraires \u00e0 vie et les membres honoraires \u00e0 vie sont des membres \u00e2g\u00e9s de 70\u00a0ans ou plus, qui ont \u00e9t\u00e9 membres en titre de la SCP pendant au moins 25\u00a0ans. Veuillez <em>communiquer avec<\/em> <em>les Services aux membres de la SCP si vous pensez entrer dans cette cat\u00e9gorie. <\/em><br \/>\n(Les membres honoraires \u00e0 vie\/Fellows honoraires \u00e0 vie ont acc\u00e8s \u00e0 l\u2019assurance responsabilit\u00e9 professionnelle offerte par BMS et ont le droit de vote \u00e0 l\u2019assembl\u00e9e g\u00e9n\u00e9rale annuelle de la SCP.)<\/p>\n<p><em>Pour conna\u00eetre les prix, veuillez vous reporter aux <a href=\"https:\/\/cpa.ca\/fr\/adhesion\/devenezmembre\/droitsdadhesion\/\">droits d\u2019adh\u00e9sion \u00e0 la SCP et aux sections<\/a>.<\/em><\/p>\n<p><em>Les droits d\u2019adh\u00e9sion sont assujettis aux taxes en vigueur.<\/em><\/p>\n<\/div>\n","protected":false},"excerpt":{"rendered":"<p><!--more--><\/p>\n","protected":false},"author":2,"featured_media":0,"parent":1419,"menu_order":0,"comment_status":"closed","ping_status":"closed","template":"","meta":{"_acf_changed":false,"_monsterinsights_skip_tracking":false,"_monsterinsights_sitenote_active":false,"_monsterinsights_sitenote_note":"","_monsterinsights_sitenote_category":0,"footnotes":""},"class_list":["post-1432","page","type-page","status-publish","hentry"],"acf":[],"aioseo_notices":[],"publishpress_future_workflow_manual_trigger":{"enabledWorkflows":[]},"_links":{"self":[{"href":"https:\/\/cpa.ca\/fr\/wp-json\/wp\/v2\/pages\/1432","targetHints":{"allow":["GET"]}}],"collection":[{"href":"https:\/\/cpa.ca\/fr\/wp-json\/wp\/v2\/pages"}],"about":[{"href":"https:\/\/cpa.ca\/fr\/wp-json\/wp\/v2\/types\/page"}],"author":[{"embeddable":true,"href":"https:\/\/cpa.ca\/fr\/wp-json\/wp\/v2\/users\/2"}],"replies":[{"embeddable":true,"href":"https:\/\/cpa.ca\/fr\/wp-json\/wp\/v2\/comments?post=1432"}],"version-history":[{"count":6,"href":"https:\/\/cpa.ca\/fr\/wp-json\/wp\/v2\/pages\/1432\/revisions"}],"predecessor-version":[{"id":45387,"href":"https:\/\/cpa.ca\/fr\/wp-json\/wp\/v2\/pages\/1432\/revisions\/45387"}],"up":[{"embeddable":true,"href":"https:\/\/cpa.ca\/fr\/wp-json\/wp\/v2\/pages\/1419"}],"wp:attachment":[{"href":"https:\/\/cpa.ca\/fr\/wp-json\/wp\/v2\/media?parent=1432"}],"curies":[{"name":"wp","href":"https:\/\/api.w.org\/{rel}","templated":true}]}}