{"id":1448,"date":"2018-07-30T14:38:23","date_gmt":"2018-07-30T18:38:23","guid":{"rendered":"https:\/\/cpa.ca\/etudiants\/about-the-section-for-students\/"},"modified":"2022-07-18T10:14:32","modified_gmt":"2022-07-18T14:14:32","slug":"etudiantsenpsychologie","status":"publish","type":"page","link":"https:\/\/cpa.ca\/fr\/etudiants\/etudiantsenpsychologie\/","title":{"rendered":"Au sujet de la section des \u00e9tudiants"},"content":{"rendered":"<h4>Notre mission<\/h4>\n<p>L\u2019objectif principal de la section consiste \u00e0 aider les \u00e9tudiants \u00e0 jouer un r\u00f4le plus actif au sein de la structure de la SCP. La Section des \u00e9tudiants en psychologie transcende toutes les fronti\u00e8res de la section et fournit aux \u00e9tudiants une tribune favorisant l\u2019apprentissage mutuel et pr\u00e9parant ceux-ci \u00e0 commencer leur carri\u00e8re en psychologie. Il importe de mentionner que les \u00e9tudiants affili\u00e9s de la SCP deviennent automatiquement membres de la Section des \u00e9tudiants.<\/p>\n<h4><strong><span lang=\"FR-CA\" style=\"mso-ansi-language: FR-CA;\">Pr\u00e9sident <\/span><\/strong>de la section 2021-2022 :<\/h4>\n<p style=\"padding-left: 50px;\"><strong>Alejandra Botia<\/strong><br \/>\nDoctoral student in the Counselling Psychology program,<br \/>\nUniversity of British Columbia<\/p>\n<p>Les \u00e9tudiants et la Section des \u00e9tudiants constituent un \u00e9l\u00e9ment important de la SCP. La section du site Web consacr\u00e9 aux \u00e9tudiants fournit de l\u2019information sur une multitude de sujets. Elle est destin\u00e9e \u00e0 aider les \u00e9tudiants \u00e0 faire des choix \u00e9clair\u00e9s et \u00e0 leur offrir une tribune qui leur permettra d\u2019appuyer d\u2019autres \u00e9tudiants en publiant des articles et de l\u2019information. Si vous avez des suggestions d\u2019am\u00e9liorations \u00e0 apporter \u00e0 la section du site Web r\u00e9serv\u00e9 aux \u00e9tudiants, veuillez nous faire part de votre r\u00e9troaction.<\/p>\n<p>Devenez un affili\u00e9 \u00e9tudiant de le SCP, puis rejoindre la Section des \u00e9tudiants en psychologie.<\/p>\n","protected":false},"excerpt":{"rendered":"<p><!--more--><\/p>\n","protected":false},"author":2,"featured_media":0,"parent":1382,"menu_order":0,"comment_status":"closed","ping_status":"closed","template":"","meta":{"_acf_changed":false,"_monsterinsights_skip_tracking":false,"_monsterinsights_sitenote_active":false,"_monsterinsights_sitenote_note":"","_monsterinsights_sitenote_category":0,"footnotes":""},"class_list":["post-1448","page","type-page","status-publish","hentry"],"acf":[],"aioseo_notices":[],"publishpress_future_workflow_manual_trigger":{"enabledWorkflows":[]},"_links":{"self":[{"href":"https:\/\/cpa.ca\/fr\/wp-json\/wp\/v2\/pages\/1448","targetHints":{"allow":["GET"]}}],"collection":[{"href":"https:\/\/cpa.ca\/fr\/wp-json\/wp\/v2\/pages"}],"about":[{"href":"https:\/\/cpa.ca\/fr\/wp-json\/wp\/v2\/types\/page"}],"author":[{"embeddable":true,"href":"https:\/\/cpa.ca\/fr\/wp-json\/wp\/v2\/users\/2"}],"replies":[{"embeddable":true,"href":"https:\/\/cpa.ca\/fr\/wp-json\/wp\/v2\/comments?post=1448"}],"version-history":[{"count":7,"href":"https:\/\/cpa.ca\/fr\/wp-json\/wp\/v2\/pages\/1448\/revisions"}],"predecessor-version":[{"id":41115,"href":"https:\/\/cpa.ca\/fr\/wp-json\/wp\/v2\/pages\/1448\/revisions\/41115"}],"up":[{"embeddable":true,"href":"https:\/\/cpa.ca\/fr\/wp-json\/wp\/v2\/pages\/1382"}],"wp:attachment":[{"href":"https:\/\/cpa.ca\/fr\/wp-json\/wp\/v2\/media?parent=1448"}],"curies":[{"name":"wp","href":"https:\/\/api.w.org\/{rel}","templated":true}]}}