{"id":14651,"date":"2020-06-09T10:01:48","date_gmt":"2020-06-09T14:01:48","guid":{"rendered":"https:\/\/cpa.ca\/aproposdelascp\/enoncesdepolitique\/statements\/"},"modified":"2020-11-30T17:06:51","modified_gmt":"2020-11-30T22:06:51","slug":"statements","status":"publish","type":"page","link":"https:\/\/cpa.ca\/fr\/aproposdelascp\/enoncesdepolitique\/statements\/","title":{"rendered":"D\u00e9clarations de la SCP"},"content":{"rendered":"<p>Les d\u00e9clarations suivantes sont approuv\u00e9es par le Conseil d&#8217;administration et publi\u00e9es par le SCP.<\/p>\n<hr>\n\n\n<div id=\"cptui\" class=\"cptui-shortcode default-shortcode cptui-shortcode-378\">\n\t\n\t\t<div id=\"cptui-43322\" class=\"cptui-entry post-43322 post type-post status-publish format-standard hentry category-statements-fr\">\n\n\t\t\t\n\t\t\t<div class=\"cptui-entry-header\">\n\n\t\t\t\t\n\t\t\t\t<h4 class=\"cptui-entry-title\"><a class=\"cptui-link\" href=\"https:\/\/cpa.ca\/fr\/cpa-statement-against-anti-black-racism-and-discrimination\/\">D\u00e9claration du SCP contre le racisme anti-Noirs et discrimination<\/a><\/h4>\n\n\t\t\t\t\n\t\t\t<\/div><!-- .cptui-entry-header -->\n\n\t\t\t<div class=\"cptui-entry-summary\">\n\n\t\t\t\t\n\t\t\t\t<p>La Soci\u00e9t\u00e9 canadienne de psychologie repose sur des politiques et des principes antidiscrimination, fond\u00e9s sur le respect de la dignit\u00e9 des personnes. Ces politiques et ces principes sont incorpor\u00e9s dans un Code de d\u00e9ontologie qui oriente la recherche en psychologie, ainsi que la pratique et l\u2019enseignement de la psychologie au Canada. <\/p>\n<p>L\u2019ann\u00e9e 2020 met au d\u00e9fi les Canadiens et les citoyens du monde entier de faire preuve de courage afin de surmonter le stress qui affecte notre sant\u00e9 et notre bien-\u00eatre et de le faire avec bienveillance, respect et compassion. Le racisme anti-Noirs met en p\u00e9ril notre succ\u00e8s en tant qu\u2019individus, familles, collectivit\u00e9s, milieux de travail et soci\u00e9t\u00e9s. Notre succ\u00e8s d\u00e9pend de notre volont\u00e9 et de notre capacit\u00e9 \u00e0 nous occuper de nous-m\u00eames, \u00e0 prendre soin les uns des autres et \u00e0 travailler ensemble. Il n\u2019y a pas de place pour le racisme, les pr\u00e9jug\u00e9s ou la discrimination syst\u00e9mique dans une soci\u00e9t\u00e9 juste.  <\/p>\n<p>Une soci\u00e9t\u00e9 juste, c\u2019est une soci\u00e9t\u00e9 qui permet \u00e0 tous ses membres de contribuer, de prosp\u00e9rer et de changer les choses, face \u00e0 la bonne fortune comme face \u00e0 l\u2019adversit\u00e9. La SCP invite les gens \u00e0 \u00eatre solidaires, \u00e0 s\u2019\u00e9lever contre le racisme et la discrimination anti-Noirs de toutes sortes, et \u00e0 lutter farouchement pour y mettre fin. <\/p>\n<p><em>June 10, 2020 \u2013 CPA Press Release<\/em><br \/>\nCPA Statement Against Racism Toward Black People.\u00a0<a href=\"https:\/\/cpa.ca\/docs\/File\/Press%20Release\/PressRelease-CPA%20Statement%20Against%20Racism%20Toward%20Black%20People.pdf\" target=\"_blank\" rel=\"noopener noreferrer\">Read the article<\/a>.<\/td>\n<hr \/>\n\n\t\t\t\t\n\t\t\t<\/div><!-- .cptui-entry-summary -->\n\n\t\t<\/div><!-- #cptui-xxxxx .cptui-entry -->\n\n\t\t\n\t\t<div id=\"cptui-13284\" class=\"cptui-entry post-13284 post type-post status-publish format-standard hentry category-accreditation-covidfr category-covid19membersfr category-statements-fr\">\n\n\t\t\t\n\t\t\t<div class=\"cptui-entry-header\">\n\n\t\t\t\t\n\t\t\t\t<h4 class=\"cptui-entry-title\"><a class=\"cptui-link\" href=\"https:\/\/cpa.ca\/fr\/cpa-ccppp-acpro-statements-regarding-covid-19\/\">D\u00e9clarations CPA-CCPPP-ACPRO concernant COVID-19<\/a><\/h4>\n\n\t\t\t\t\n\t\t\t<\/div><!-- .cptui-entry-header -->\n\n\t\t\t<div class=\"cptui-entry-summary\">\n\n\t\t\t\t\n\t\t\t\t<p>We, ACPRO, CCPPP, and the CPA Accreditation Panel recognize that this pandemic has had, and continues to have, a significant impact on the operation of professional psychology training programmes, and on their faculty, staff, and students&#8230;<\/p>\n<p style=\"font-weight:bold; font-style:italic\"><a target=\"_blank\" href=\"\/docs\/File\/Accreditation\/CCPPP CPA ACPRO Statements COVID-19.pdf\" rel=\"noopener noreferrer\">CCPPP CPA ACPRO Statements COVID-19.pdf<\/a><\/p>\n<hr \/>\n\n\t\t\t\t\n\t\t\t<\/div><!-- .cptui-entry-summary -->\n\n\t\t<\/div><!-- #cptui-xxxxx .cptui-entry -->\n\n\t\t\n\t\t<div id=\"cptui-12968\" class=\"cptui-entry post-12968 post type-post status-publish format-standard hentry category-accreditation-covidfr category-statements-fr\">\n\n\t\t\t\n\t\t\t<div class=\"cptui-entry-header\">\n\n\t\t\t\t\n\t\t\t\t<h4 class=\"cptui-entry-title\"><a class=\"cptui-link\" href=\"https:\/\/cpa.ca\/fr\/cpa-panel-statement-re-covid-19\/\">CPA Panel Statement re; COVID 19<\/a><\/h4>\n\n\t\t\t\t\n\t\t\t<\/div><!-- .cptui-entry-header -->\n\n\t\t\t<div class=\"cptui-entry-summary\">\n\n\t\t\t\t\n\t\t\t\t<h3 style=\"text-align:center;\">ACCREDITATION PANEL FOR DOCTORAL PROGRAMMES<br \/>\nAND<br \/>\nINTERNSHIIPS IN PROFESSIONAL PSYCHOLOGY<\/h3>\n<p>On Behalf of the CPA Accreditation Panel:<\/p>\n<p>CPA and the Accreditation Panel understand that the management of COVID-19 has far reaching effects on individuals, communities, our health care systems and on health providers themselves. Its impact on the health care environment will also impact trainees of all health professions. Some may leave internships or residencies to return home. Most will find their clinical roles impacted and it is possible that their clinical activity will be significantly changed or suspended as health care environments respond to this unprecedented health emergency. The decisions and experiences of trainees may vary from university to university, health care setting to health care setting and jurisdiction to jurisdiction. The guidance and advisories in one province\/territory to another may differ and consequently impact health care delivery and health care training differently.<\/p>\n<p>We understand and anticipate the concerns of trainees that any disruption or suspension of their residencies and internships can impact their ability to meet program completion requirements and, ultimately, impact their progress towards graduation and licensure. We also understand that there is not a single authority who can decide how missing requirements will be dealt with. For example, CPA\u2019s Accreditation Panel cannot require programs to extend their training years or decrease required clinical hours. Programs needs and options will vary in the kind of accommodation they can offer. Further, regulatory bodies have requirements about how many internship hours are required of candidates for licensure. <\/p>\n<p>The purpose of this advisory, however, is to let programs \u2013 their faculty, supervisors and trainees \u2013 know that CPA will collaborate with programs on an individual basis as well as Canada\u2019s regulatory bodies individually and collectively, to help them navigate the impact COVID-19 will have on the training of psychologists. We will all need to be understanding, nimble and flexible in finding solutions that work for each program and, ultimately, put the needs of clients and students front and centre. CPA has reached out to CCPPP and ACPRO to discuss this issue and come up with some collective guidance to programs. CPA has also been collaborating with APPIC, APA, and ASPPB on this issue as well for those of our students who train north and south of the border. We will keep you apprised of our progress.<\/p>\n<p>In the interim, feel free to contact the Accreditation Office at any time. Even more importantly, stay well and stay safe.<\/p>\n<p>Dr. Stewart Madon, C. Psych.<br \/>\n\tRegistrar, Accreditation &amp; Ethics Officer<br \/>\n\tCanadian Psychological Association<\/p>\n<p>PDF version: <a target=\"_blank\" href=\"\/docs\/File\/Accreditation\/2020-03-18 CPA Panel Statement re COVID 19.pdf\" rel=\"noopener noreferrer\">CPA Panel Statement re; COVID 19<\/a><\/p>\n<hr>\n\n\t\t\t\t\n\t\t\t<\/div><!-- .cptui-entry-summary -->\n\n\t\t<\/div><!-- #cptui-xxxxx .cptui-entry -->\n\n\t\t\n\t\t<div id=\"cptui-12265\" class=\"cptui-entry post-12265 post type-post status-publish format-standard hentry category-accreditation-covidfr category-covid19fr category-statements-fr\">\n\n\t\t\t\n\t\t\t<div class=\"cptui-entry-header\">\n\n\t\t\t\t\n\t\t\t\t<h4 class=\"cptui-entry-title\"><a class=\"cptui-link\" href=\"https:\/\/cpa.ca\/fr\/joint-statement-from-apa-cpa-appic-and-asppb-regarding-the-impact-of-covid-19-on-psychology-training-in-north-america\/\">Joint statement from APA, CPA, APPIC, and ASPPB regarding the impact of COVID-19 on psychology training in North America.<\/a><\/h4>\n\n\t\t\t\t\n\t\t\t<\/div><!-- .cptui-entry-header -->\n\n\t\t\t<div class=\"cptui-entry-summary\">\n\n\t\t\t\t\n\t\t\t\t<p style=\"font-weight:bolder;\">Education &amp; Training in Health Service Psychology &#8211; COVID-19 &#8211; Joint Statement Updated 3-19-2020<\/p>\n<p>The Association of Psychology Postdoctoral and Internship Centers (APPIC), the American Psychological Association (APA), the Canadian Psychological Association (CPA) and the Association of State and Provincial Psychology Boards (ASPPB) have received questions and concerns from programs and students concerned about how COVID-19 will impact their training experiences and if it will impact their completion of degree requirements. The range of ever-changing information, sometimes conflicting, from different organizations in which psychology graduate students train throughout the U.S. and Canada has contributed to increasing anxiety. &#8230;<\/p>\n<p><a href=\"https:\/\/cpa.ca\/?p=12261\">Click here for the full statement<\/a><\/p>\n<hr \/>\n\n\t\t\t\t\n\t\t\t<\/div><!-- .cptui-entry-summary -->\n\n\t\t<\/div><!-- #cptui-xxxxx .cptui-entry -->\n\n\t\t<\/div>\n","protected":false},"excerpt":{"rendered":"<p><!--more--><\/p>\n","protected":false},"author":2,"featured_media":0,"parent":1760,"menu_order":0,"comment_status":"closed","ping_status":"closed","template":"","meta":{"_acf_changed":false,"_monsterinsights_skip_tracking":false,"_monsterinsights_sitenote_active":false,"_monsterinsights_sitenote_note":"","_monsterinsights_sitenote_category":0,"footnotes":""},"class_list":["post-14651","page","type-page","status-publish","hentry"],"acf":[],"aioseo_notices":[],"publishpress_future_workflow_manual_trigger":{"enabledWorkflows":[]},"_links":{"self":[{"href":"https:\/\/cpa.ca\/fr\/wp-json\/wp\/v2\/pages\/14651","targetHints":{"allow":["GET"]}}],"collection":[{"href":"https:\/\/cpa.ca\/fr\/wp-json\/wp\/v2\/pages"}],"about":[{"href":"https:\/\/cpa.ca\/fr\/wp-json\/wp\/v2\/types\/page"}],"author":[{"embeddable":true,"href":"https:\/\/cpa.ca\/fr\/wp-json\/wp\/v2\/users\/2"}],"replies":[{"embeddable":true,"href":"https:\/\/cpa.ca\/fr\/wp-json\/wp\/v2\/comments?post=14651"}],"version-history":[{"count":7,"href":"https:\/\/cpa.ca\/fr\/wp-json\/wp\/v2\/pages\/14651\/revisions"}],"predecessor-version":[{"id":17682,"href":"https:\/\/cpa.ca\/fr\/wp-json\/wp\/v2\/pages\/14651\/revisions\/17682"}],"up":[{"embeddable":true,"href":"https:\/\/cpa.ca\/fr\/wp-json\/wp\/v2\/pages\/1760"}],"wp:attachment":[{"href":"https:\/\/cpa.ca\/fr\/wp-json\/wp\/v2\/media?parent=14651"}],"curies":[{"name":"wp","href":"https:\/\/api.w.org\/{rel}","templated":true}]}}