{"id":1467,"date":"2018-07-30T14:58:05","date_gmt":"2018-07-30T18:58:05","guid":{"rendered":"https:\/\/cpa.ca\/?page_id=1467"},"modified":"2025-11-21T14:26:30","modified_gmt":"2025-11-21T19:26:30","slug":"executif","status":"publish","type":"page","link":"https:\/\/cpa.ca\/fr\/etudiants\/etudiantsenpsychologie\/executif\/","title":{"rendered":"Membres du Conseil ex\u00e9cutif de la section en 2025-2026"},"content":{"rendered":"<h4>Pr\u00e9sidente (2025-2026)<\/h4>\n<div style=\"min-height: 250px; display: inline-block; width: 100%;\">\n<div style=\"max-width: 20%; float: left;\"><img decoding=\"async\" class=\"textwrapleft\" style=\"max-height: 220px; max-width: 100%; border-radius: 30px;\" src=\"https:\/\/cpa.ca\/docs\/File\/Students\/Alzena Ilie.jpg\" alt=\"Alzena Ilie \" \/><\/div>\n<div style=\"max-width: 78%; float: right;\">\n<h4 style=\"display: inline;\"><em>Alzena Ilie <\/em><\/h4>\n<p>Dalhousie University<br \/>\nCourriel : <a href=\"mailto:chair.cpastudentsection@gmail.com\">chair.cpastudentsection@gmail.com<\/a><\/p>\n<p>Alzena Ilie est une \u00e9tudiante en quatri\u00e8me ann\u00e9e de doctorat dans le programme de psychologie clinique de l&#8217;Universit\u00e9 Dalhousie \u00e0 Halifax, en Nouvelle-\u00c9cosse. Sa recherche doctorale porte sur l&#8217;\u00e9laboration et l&#8217;\u00e9valuation de programmes d&#8217;apprentissage en ligne visant \u00e0 former les travailleurs de la sant\u00e9 \u00e0 l&#8217;insomnie p\u00e9diatrique et \u00e0 d&#8217;autres troubles du sommeil. Ses int\u00e9r\u00eats de recherche plus larges incluent le sommeil p\u00e9diatrique dans les populations marginalis\u00e9es et chez les enfants souffrant de troubles du d\u00e9veloppement neurologique. Alzena est \u00e9galement tr\u00e8s engag\u00e9e dans la d\u00e9fense des \u00e9tudiants. En plus d&#8217;\u00eatre pr\u00e9sidente de la section \u00e9tudiante de la SCP, elle est la repr\u00e9sentante des \u00e9tudiants dipl\u00f4m\u00e9s du d\u00e9partement de psychologie et de neuroscience de l&#8217;Universit\u00e9 Dalhousie et la repr\u00e9sentante des \u00e9tudiants au conseil ex\u00e9cutif de l&#8217;Association des psychologues de la Nouvelle-\u00c9cosse (APNS). Sur le plan clinique, Alzena travaille avec des enfants et des adolescents au <em>IWK Health Centre<\/em> et au <em>Dalhousie Centre for Psychological Health<\/em>, o\u00f9 elle proc\u00e8de \u00e0 des \u00e9valuations et \u00e0 des interventions pour toute une s\u00e9rie de probl\u00e8mes. En dehors de ses fonctions acad\u00e9miques et cliniques, elle aime jouer et enseigner le piano, voyager, faire de l&#8217;exercice et passer du temps avec ses amis et sa famille.<\/p>\n<\/div>\n<\/div>\n<h4>Pr\u00e9sidente sortant (2025-2026)<\/h4>\n<div style=\"min-height: 250px; display: inline-block; width: 100%;\">\n<div style=\"max-width: 20%; float: left;\"><img decoding=\"async\" class=\"textwrapleft\" style=\"max-height: 220px; max-width: 100%; border-radius: 30px;\" src=\"https:\/\/cpa.ca\/docs\/File\/Students\/Anisa Nasseri-2.jpg\" alt=\"Anisa Nasseri\" \/><\/div>\n<div style=\"max-width: 78%; float: right;\">\n<h4 style=\"display: inline;\"><em>Anisa Nasseri<\/em><\/h4>\n<p>University of British Columbia<br \/>\nCourriel : <a href=\"mailto:pastchair.cpastudentsection@gmail.com\">pastchair.cpastudentsection@gmail.com<\/a><\/p>\n<p>Anisa Nasseri est une \u00e9tudiante en deuxi\u00e8me ann\u00e9e de doctorat dans le programme de psychologie scolaire et appliqu\u00e9e de l&#8217;enfant \u00e0 l&#8217;Universit\u00e9 de la Colombie-Britannique \u00e0 Vancouver, en Colombie-Britannique. Ses recherches portent essentiellement sur la compr\u00e9hension des exp\u00e9riences des \u00e9l\u00e8ves et des familles de nouveaux arrivants dans les \u00e9coles canadiennes et sur la n\u00e9cessit\u00e9 de veiller \u00e0 ce que les programmes r\u00e9pondent aux besoins de cette population. Sa th\u00e8se porte sur l&#8217;adaptation d&#8217;une intervention d&#8217;apprentissage socio-\u00e9motionnel pour les \u00e9l\u00e8ves r\u00e9fugi\u00e9s de niveau interm\u00e9diaire afin de renforcer leur r\u00e9silience. Elle travaille actuellement en tant que clinicienne doctorante et offre des services de th\u00e9rapie aux enfants et aux adolescents. En outre, elle travaille en tant qu&#8217;assistante psychologique en participant \u00e0 des \u00e9valuations psychop\u00e9dagogiques et en tant que coordinatrice de recherche dans le cadre d&#8217;un projet avec la nation Squamish ax\u00e9 sur l&#8217;\u00e9ducation inclusive. Anisa s&#8217;est engag\u00e9e dans divers services communautaires, tels que le mentorat dans le cadre des Grands Fr\u00e8res et Grandes S\u0153urs, l&#8217;animation de groupes de jeunes, l&#8217;organisation de cours d&#8217;anglais pour les r\u00e9fugi\u00e9s et les nouveaux arrivants, et l&#8217;organisation de s\u00e9ances de soutien par les pairs. En plus de son poste de pr\u00e9sidente sortante de la section des \u00e9tudiants, elle est la repr\u00e9sentante des \u00e9tudiants au conseil d&#8217;administration de la SCP. En dehors de son engagement universitaire et communautaire, Anisa aime voyager, essayer de nouveaux restaurants, faire du l\u00e8che-vitrines, lire et passer du temps avec sa famille et ses amis.<\/p>\n<\/div>\n<\/div>\n<h4>Pr\u00e9sidente \u00e9lue (2025-2026)<\/h4>\n<div style=\"min-height: 250px; display: inline-block; width: 100%;\">\n<div style=\"max-width: 20%; float: left;\"><img decoding=\"async\" class=\"textwrapleft\" style=\"max-height: 220px; max-width: 100%; border-radius: 30px;\" src=\"https:\/\/cpa.ca\/images\/AnonUser.jpg\" alt=\"\" \/><\/div>\n<div style=\"max-width: 78%; width: 78%; float: right;\">\n<h4 style=\"display: inline;\"><em>Actuellement vacant<\/em><\/h4>\n<p><!-------Adler Graduate Professional School\nCourriel : <a href=\"mailto:chairelect.cpastudentsection@gmail.com\">chairelect.cpastudentsection@gmail.com<\/a>\n\nAdnan Zoubi est un \u00e9tudiant dipl\u00f4m\u00e9 du programme de ma\u00eetrise en psychologie clinique (MPsy) de l'Adler Graduate Professional School \u00e0 Toronto, en Ontario. Con\u00e7ue comme une suite \u00e0 une future th\u00e8se de doctorat, sa recherche se concentre sur la cr\u00e9ation et l'essai d'une nouvelle approche de la psychanalyse qui est culturellement, socialement, neurod\u00e9veloppementalement et neuropsychologiquement inform\u00e9e avec des populations adultes et g\u00e9riatriques pr\u00e9sentant divers sympt\u00f4mes psychologiques. Ses autres recherches portent sur la neuropsychanalyse, les \u00e9chelles cliniques d'empathie et de psychopathie, et les approches th\u00e9rapeutiques des troubles de la personnalit\u00e9. Adnan est tr\u00e8s impliqu\u00e9 dans la d\u00e9fense des int\u00e9r\u00eats des \u00e9tudiants et des professionnels - il est le repr\u00e9sentant des \u00e9tudiants de sa cohorte \u00e0 l'Adler Graduate Professional School et si\u00e8ge en tant que non-membre du conseil au comit\u00e9 des nominations et des \u00e9lections de l'Ordre des psychoth\u00e9rapeutes agr\u00e9\u00e9s de l'Ontario (OPAO). Sur le plan clinique, Adnan est le fondateur et le directeur du <em>Centre for Psychodynamic Insights<\/em>, l'une des plus grandes cliniques de psychoth\u00e9rapie \u00e0 orientation psychodynamique du Canada, o\u00f9 il traite des adultes et des personnes \u00e2g\u00e9es pr\u00e9sentant divers sympt\u00f4mes et troubles. Pendant son temps libre, Adnan aime d\u00e9couvrir des \u0153uvres musicales et des films rares, lire, voyager et passer du temps avec ses amis et sa famille.----------><\/p>\n<\/div>\n<\/div>\n<h4>Directrice des affaires de deuxi\u00e8me et de troisi\u00e8me cycle (2024-2026)<\/h4>\n<div style=\"min-height: 250px; display: inline-block; width: 100%;\">\n<div style=\"max-width: 20%; float: left;\"><img decoding=\"async\" class=\"textwrapleft\" style=\"max-height: 220px; max-width: 100%; border-radius: 30px;\" src=\"https:\/\/cpa.ca\/docs\/File\/Students\/\/Noemie-Viens.jpg\" alt=\"No\u00e9mie Viens \" \/><\/div>\n<div style=\"max-width: 78%; float: right;\">\n<h4 style=\"display: inline;\"><em>No\u00e9mie Viens <\/em><\/h4>\n<p>Universit\u00e9 du Qu\u00e9bec \u00e0 Trois-Rivi\u00e8res<br \/>\nCourriel : <a href=\"mailto:gradaffairs.cpastudentsection@gmail.com\">gradaffairs.cpastudentsection@gmail.com<\/a><\/p>\n<p>No\u00e9mie d\u00e9tient un baccalaur\u00e9at en psychologie appliqu\u00e9e, cheminement Honor, de l\u2019Universit\u00e9 Bishop\u2019s. Depuis septembre 2021, elle est \u00e9tudiante au doctorat en psychologie recherche et intervention (Ph. D.) \u00e0 l\u2019Universit\u00e9 du Qu\u00e9bec \u00e0 Trois-Rivi\u00e8res, sous la supervision de M. Fr\u00e9d\u00e9ric Langlois et Mme Marie-Pier Vaillancourt-Morel. Ses int\u00e9r\u00eats de recherche portent principalement sur les relations de couple, la sexualit\u00e9 et la psychopathologie. Ses travaux de th\u00e8se portent sur les associations entre les tendances perfectionnistes et les difficult\u00e9s sexuelles et conjugales des couples.<\/p>\n<\/div>\n<\/div>\n<h4>Directrice des affaires \u00e9tudiantes de premier cycle (2025-2027)<\/h4>\n<div style=\"min-height: 250px; display: inline-block; width: 100%;\">\n<div style=\"max-width: 20%; float: left;\"><img decoding=\"async\" class=\"textwrapleft\" style=\"max-height: 220px; max-width: 100%; border-radius: 30px;\" src=\"https:\/\/cpa.ca\/docs\/File\/Students\/Sarah Gallant.jpg\" alt=\"Sarah Gallant\" \/><\/div>\n<div style=\"max-width: 78%; float: right;\">\n<h4 style=\"display: inline;\"><em>Sarah Gallant<\/em><\/h4>\n<p>Dalhousie University<br \/>\nCourriel : <a href=\"mailto:ugaffairs.cpastudentsection@gmail.com\">ugaffairs.cpastudentsection@gmail.com<\/a><\/p>\n<p>Sarah Gallant est une \u00e9tudiante en quatri\u00e8me ann\u00e9e en sciences avec une majeure en psychologie \u00e0 l&#8217;Universit\u00e9 Dalhousie \u00e0 Halifax, en Nouvelle-\u00c9cosse, avec des plans pour poursuivre une th\u00e8se de sp\u00e9cialisation en cinqui\u00e8me ann\u00e9e. Ses recherches portent sur les couples et l&#8217;intimit\u00e9, la sant\u00e9 sexuelle, la psychopathologie et les troubles de l&#8217;alimentation. Sarah a fait du b\u00e9n\u00e9volat aupr\u00e8s de plusieurs organisations, notamment <em>Best Buddies<\/em> et <em>Play4All<\/em>, ce qui refl\u00e8te sa passion pour l&#8217;inclusion et l&#8217;engagement communautaire. Elle aime \u00e9galement voyager, cuisiner, passer du temps avec sa famille et ses amis, et lire !<\/p>\n<\/div>\n<\/div>\n<h4>Directrice de l\u2019administration et des finances (2024-2026)<\/h4>\n<div style=\"min-height: 250px; display: inline-block; width: 100%;\">\n<div style=\"max-width: 20%; float: left;\"><img decoding=\"async\" class=\"textwrapleft\" style=\"max-height: 220px; max-width: 100%; border-radius: 30px;\" src=\"https:\/\/cpa.ca\/docs\/File\/Students\/Marie-Pier-Mazerolle.jpg\" alt=\"Marie-Pier Mazerolle \" \/><\/div>\n<div style=\"max-width: 78%; float: right;\">\n<h4 style=\"display: inline;\"><em>Marie-Pier Mazerolle <\/em><\/h4>\n<p>Universit\u00e9 de Moncton<br \/>\nCourriel : <a href=\"mailto:adfinance.cpastudentsection@gmail.com\">adfinance.cpastudentsection@gmail.com<\/a><\/p>\n<p>Marie-Pier est une \u00e9tudiante de deuxi\u00e8me ann\u00e9e au programme de doctorat en psychologie clinique de l&#8217;Universit\u00e9 de Moncton. Ses recherches et sa th\u00e8se portent sur la perception et la production d&#8217;expressions faciales \u00e9motionnelles, le masquage des expressions et l&#8217;authenticit\u00e9 des expressions. De plus, Marie-Pier s&#8217;int\u00e9resse \u00e0 la psychologie scolaire, \u00e0 la psychologie du sport et \u00e0 la psychologie de la sant\u00e9. Au-del\u00e0 de son travail universitaire, elle a occup\u00e9 plusieurs postes de direction, notamment celui de vice-pr\u00e9sidente de l&#8217;association des \u00e9tudiants en psychologie et de copr\u00e9sidente du Conseil consultatif national des jeunes de la Soci\u00e9t\u00e9 pour les troubles de l&#8217;humeur du Canada (MDSC). Elle est actuellement membre du conseil d&#8217;administration de la MDSC. Dans ses temps libres, Marie-Pier aime voyager, enseigner la danse et passer du temps avec ses amis.<\/p>\n<\/div>\n<\/div>\n<h4>Directrice des communications (2024-2026)<\/h4>\n<div style=\"min-height: 250px; display: inline-block; width: 100%;\">\n<div style=\"max-width: 20%; float: left;\"><img decoding=\"async\" class=\"textwrapleft\" style=\"max-height: 220px; max-width: 100%; border-radius: 30px;\" src=\"https:\/\/cpa.ca\/docs\/File\/Students\/Alexandra-Brilz.jpg\" alt=\"Alexandra Brilz \" \/><\/div>\n<div style=\"max-width: 78%; float: right;\">\n<h4 style=\"display: inline;\"><em>Alexandra Brilz <\/em><\/h4>\n<p>University of Saskatchewan<br \/>\nCourriel : <a href=\"mailto:com.cpastudentsection@gmail.com\">com.cpastudentsection@gmail.com<\/a><\/p>\n<p>Alexandra est une \u00e9tudiante dipl\u00f4m\u00e9e du programme de psychologie clinique de l&#8217;universit\u00e9 de Saskatchewan, titulaire d&#8217;un dipl\u00f4me baccalaur\u00e9at (avec mention) en psychologie et d&#8217;un dipl\u00f4me baccalaur\u00e9at en math\u00e9matiques. Ses recherches doctorales portent sur les interactions m\u00e9decin-patient et sur l&#8217;\u00e9laboration de programmes de formation m\u00e9dicale centr\u00e9s sur le patient. Dans le cadre de sa th\u00e8se, elle a cr\u00e9\u00e9 et test\u00e9 un mod\u00e8le conceptuel des interactions m\u00e9decin-patient chez les jeunes souffrant de dysm\u00e9norrh\u00e9e. Alexandra a v\u00e9cu \u00e0 M\u00fcnster, en Allemagne, et a fait du b\u00e9n\u00e9volat pour la Croix-Rouge allemande. Elle g\u00e8re actuellement des \u00e9tudes dans le laboratoire de sant\u00e9 familiale d&#8217;USask. Pendant son temps libre, elle aime partir \u00e0 l&#8217;aventure avec son border collie, Juniper, et passer du temps avec son partenaire et leur chat, JamJam.<\/p>\n<\/div>\n<\/div>\n<h4>Agente des affaires francophones (2024-2026)<\/h4>\n<div style=\"min-height: 250px; display: inline-block; width: 100%;\">\n<div style=\"max-width: 20%; float: left;\"><img decoding=\"async\" class=\"textwrapleft\" style=\"max-height: 220px; max-width: 100%; border-radius: 30px;\" src=\"https:\/\/cpa.ca\/docs\/File\/Students\/Chloe-McLaughlin.jpg\" alt=\"Chloe McLaughlin \" \/><\/div>\n<div style=\"max-width: 78%; float: right;\">\n<h4 style=\"display: inline;\"><em>Chloe McLaughlin <\/em><\/h4>\n<p>Universit\u00e9 de Moncton au Nouveau-Brunswick<br \/>\nCourriel : <a href=\"mailto:francophone.cpastudentsection@gmail.com\">francophone.cpastudentsection@gmail.com <\/a><\/p>\n<p>Chlo\u00e9 est une \u00e9tudiante de deuxi\u00e8me ann\u00e9e au programme de doctorat en psychologie clinique de l&#8217;Universit\u00e9 de Moncton. Ses recherches portent sur les pratiques parentales, plus particuli\u00e8rement sur les excuses parentales. En ce qui concerne ses int\u00e9r\u00eats cliniques, Chlo\u00e9 s&#8217;int\u00e9resse au coaching parental et \u00e0 la dynamique familiale. Elle travaille \u00e9galement dans une clinique en tant qu&#8217;assistante en psychologie pour des \u00e9valuations psycho\u00e9ducatives aupr\u00e8s d&#8217;enfants et d&#8217;adolescents. En dehors de ses activit\u00e9s acad\u00e9miques, Chlo\u00e9 aime s&#8217;impliquer dans la vie universitaire et communautaire. Elle a notamment occup\u00e9 des postes au sein de divers conseils \u00e9tudiants et comme coordonnatrice du programme de pairs aidants pour la sant\u00e9 mentale des \u00e9tudiants \u00e0 l&#8217;Universit\u00e9 de Moncton. Elle continue de travailler pour la jeunesse francophone du Nouveau-Brunswick en tant qu&#8217;animatrice \u00e0 la F\u00e9d\u00e9ration des Jeunes Francophones du Nouveau-Brunswick (FJFNB). En dehors de ses \u00e9tudes et de ses engagements, Chlo\u00e9 aime voyager, rencontrer de nouvelles personnes et passer du temps avec sa famille et ses amis.<\/p>\n<\/div>\n<\/div>\n<h4>Directrice de la justice, de l\u2019\u00e9quit\u00e9, de la diversit\u00e9 et de l\u2019inclusion (2025-2027)<\/h4>\n<div style=\"min-height: 250px; display: inline-block; width: 100%;\">\n<div style=\"max-width: 20%; float: left;\"><img decoding=\"async\" class=\"textwrapleft\" style=\"max-height: 220px; max-width: 100%; border-radius: 30px;\" src=\"\/docs\/File\/Students\/Kethmi.jpg\" alt=\"Kethmi Egodage\" \/><\/div>\n<div style=\"max-width: 78%; float: right;\">\n<h4 style=\"display: inline;\"><em>Kethmi Egodage<\/em><\/h4>\n<p>University of Waterloo<br \/>\nEmail: <a href=\"mailto:JEDI.cpastudentsection@gmail.com\">JEDI.cpastudentsection@gmail.com<\/a><\/p>\n<p>Kethmi est une \u00e9tudiante dipl\u00f4m\u00e9e qui termine actuellement sa ma\u00eetrise en psychologie clinique \u00e0 l&#8217;Universit\u00e9 de Waterloo sous la supervision du Dr Uzma Rehman. Elle est titulaire d&#8217;un baccalaur\u00e9at sp\u00e9cialis\u00e9 de l&#8217;Universit\u00e9 de Toronto, avec une majeure en criminologie et o\u00f9 elle s&#8217;est sp\u00e9cialis\u00e9e dans la recherche en psychologie. Actuellement, les recherches de Kethmi sont fond\u00e9es sur un engagement \u00e0 comprendre comment les exp\u00e9riences de la vie pr\u00e9coce fa\u00e7onnent le fonctionnement relationnel \u00e0 l&#8217;\u00e2ge adulte, en particulier au sein des communaut\u00e9s historiquement marginalis\u00e9es. Son travail explore les impacts \u00e0 long terme des mauvais traitements et des abus subis pendant l&#8217;enfance sur les capacit\u00e9s d&#8217;intimit\u00e9 dans les relations amoureuses adultes, en examinant les formes sexuelles et non sexuelles de proximit\u00e9. Elle s&#8217;int\u00e9resse particuli\u00e8rement \u00e0 la fa\u00e7on dont ces mod\u00e8les se manifestent dans les populations BIPOC et 2ELGBTQIA+, dans le but d&#8217;informer les pratiques cliniques respectueuses des traumatismes et de la culture. En dehors de ses \u00e9tudes et de ses recherches, Kethmi aime lire, faire du yoga et cuisiner.<\/p>\n<\/div>\n<\/div>\n<hr \/>\n<h4>Anciens pr\u00e9sidents de la section des \u00e9tudiants<\/h4>\n<ul>\n<li>2024 &#8211; 2025: <strong>Anisa Nasseri<\/strong>, University of British Columbia<\/li>\n<li>2023 &#8211; 2024: <strong>Melissa Lazo<\/strong>, University of British Columbia<\/li>\n<li>2022 &#8211; 2023: <strong>Linnea Kalchos<\/strong>, University of British Columbia<\/li>\n<li>2021 &#8211; 2022 : <strong>Alejandra Botia<\/strong>, University of British Columbia<\/li>\n<li>2020 &#8211; 2021 : <strong>Joanna Collaton<\/strong>, University of Guelph<\/li>\n<li>2019 &#8211; 2020 : <strong>Alexandra Richard<\/strong>, McGill University<\/li>\n<li>2018 &#8211; 2019 : <strong>Chelsea Moran<\/strong>, University of Calgary<\/li>\n<li>2017 &#8211; 2018 : <strong>Jean-Philippe Gagn\u00e9<\/strong>, Concordia University<\/li>\n<li>2016 &#8211; 2017 : <strong>Kyrsten Grimes<\/strong>, University of Toronto Scarborough<\/li>\n<li>2015 &#8211; 2016 : <strong>Zarina Giannone<\/strong>, University of British Columbia<\/li>\n<li>2014 &#8211; 2015 : <strong>Michelle Gagnon<\/strong>, University of Regina<\/li>\n<li>2013 &#8211; 2014 : <strong>Missy Teatero, <\/strong>Lakehead University<\/li>\n<li>2011 &#8211; 2013 : <strong>Justin Feeney<\/strong>, University of Western Ontario<\/li>\n<li>2011 &#8211; 2011 : <strong>Brenden Sommerhalder<\/strong>, Saint Mary&#8217;s University<\/li>\n<li>2010 &#8211; 2011 : <strong>Rana Pishva<\/strong>, Queen&#8217;s University<\/li>\n<li>2009 &#8211; 2010 : <strong>Phillip Jai Johnson<\/strong>, McGill University<\/li>\n<li>2008 &#8211; 2009 : <strong>Kelly Smith<\/strong>, Queen&#8217;s University<\/li>\n<li>2007 &#8211; 2008 : <strong>Lindsay Uman<\/strong>, Dalhousie University<\/li>\n<li>2006 &#8211; 2007 : <strong>Kelly Smith<\/strong>, Queen&#8217;s University<\/li>\n<li>2005 &#8211; 2006 : <strong>Elizabeth Stanford<\/strong>, University of British Columbia<\/li>\n<li>2004 &#8211; 2005 : <strong>Joe Camilleri,<\/strong> Queen&#8217;s University<\/li>\n<li>2003 &#8211; 2004 : <strong>Mike Coons<\/strong>, University of Waterloo<\/li>\n<li>2002 &#8211; 2003 : <strong>R\u00e9jeanne Dupuis<\/strong>, York University<\/li>\n<li>2001 &#8211; 2002 : <strong>Christine Chambers<\/strong>, University of British Columbia<\/li>\n<li>1999 &#8211; 2001 : <strong>Andrea Perrino<\/strong>, University of Ottawa<\/li>\n<li>1997 &#8211; 1999 : <strong>Donovan Lawrence<\/strong>, University of Calgary<\/li>\n<li>1995 &#8211; 1997 : <strong>David Dozois<\/strong>, University of Calgary<\/li>\n<\/ul>\n","protected":false},"excerpt":{"rendered":"<p><!--more--><\/p>\n","protected":false},"author":2,"featured_media":0,"parent":1448,"menu_order":0,"comment_status":"closed","ping_status":"closed","template":"","meta":{"_acf_changed":false,"_monsterinsights_skip_tracking":false,"_monsterinsights_sitenote_active":false,"_monsterinsights_sitenote_note":"","_monsterinsights_sitenote_category":0,"footnotes":""},"class_list":["post-1467","page","type-page","status-publish","hentry"],"acf":[],"aioseo_notices":[],"publishpress_future_workflow_manual_trigger":{"enabledWorkflows":[]},"_links":{"self":[{"href":"https:\/\/cpa.ca\/fr\/wp-json\/wp\/v2\/pages\/1467","targetHints":{"allow":["GET"]}}],"collection":[{"href":"https:\/\/cpa.ca\/fr\/wp-json\/wp\/v2\/pages"}],"about":[{"href":"https:\/\/cpa.ca\/fr\/wp-json\/wp\/v2\/types\/page"}],"author":[{"embeddable":true,"href":"https:\/\/cpa.ca\/fr\/wp-json\/wp\/v2\/users\/2"}],"replies":[{"embeddable":true,"href":"https:\/\/cpa.ca\/fr\/wp-json\/wp\/v2\/comments?post=1467"}],"version-history":[{"count":6,"href":"https:\/\/cpa.ca\/fr\/wp-json\/wp\/v2\/pages\/1467\/revisions"}],"predecessor-version":[{"id":45203,"href":"https:\/\/cpa.ca\/fr\/wp-json\/wp\/v2\/pages\/1467\/revisions\/45203"}],"up":[{"embeddable":true,"href":"https:\/\/cpa.ca\/fr\/wp-json\/wp\/v2\/pages\/1448"}],"wp:attachment":[{"href":"https:\/\/cpa.ca\/fr\/wp-json\/wp\/v2\/media?parent=1467"}],"curies":[{"name":"wp","href":"https:\/\/api.w.org\/{rel}","templated":true}]}}