{"id":1514,"date":"2017-10-21T15:31:59","date_gmt":"2017-10-21T19:31:59","guid":{"rendered":"https:\/\/cpa.ca\/careers\/"},"modified":"2025-04-10T07:56:09","modified_gmt":"2025-04-10T11:56:09","slug":"careers","status":"publish","type":"page","link":"https:\/\/cpa.ca\/fr\/careers\/","title":{"rendered":"Annoncer des offres d\u2019emploi"},"content":{"rendered":"<div style=\"float: right; display: inline-block; width: 220px; height: 170px; max-width: 220px; max-height: 170px; padding: 20px; margin: -20px 8px 8px 8px;\"><a href=\"https:\/\/cpa.ca\/fr\/career-hub\"><img decoding=\"async\" style=\"max-width: 220px;\" src=\"https:\/\/cpa.ca\/wp-content\/uploads\/2022\/03\/Featured-Banner-EN-A_2.jpg\" alt=\"Carrefour de l\u2019emploi\" \/><\/a><\/div>\n<div class=\"textwrapright\" style=\"max-width: 300px; border: thin silver solid;\"><a style=\"font-size: larger; font-weight: bolder;\" href=\"\/fr\/careers\/advertise\">Annoncez une offre d&#8217;emploi sur le site Web de la SCP<\/a><br \/>\nNotre forfait d&#8217;annonce offre la p\u00e9n\u00e9tration la plus large et la plus efficace du march\u00e9 de la psychologie canadienne. <a href=\"\/fr\/careers\/advertise\">Pour en savoir plus\u2026<\/a><\/div>\n<p>\u00cates-vous \u00e0 la recherche d&#8217;une nouvelle carri\u00e8re ou d&#8217;un nouveau poste dans le domaine de la psychologie? Si c&#8217;est le cas, vous trouverez plusieurs postes disponibles \u00e0 travers le Canada. Pour plus d&#8217;information, cliquez sur n&#8217;importe quel lien ci-dessous.<br \/>\n<!----\n\n\n\n<hr \/>\n\n\n\n<a href=\"https:\/\/convention.cpa.ca\/scientific-program\/in-convention-events\/\" target=\"_blank\" rel=\"noopener\"><img decoding=\"async\" class=\"textwrapright\" style=\"max-width: 350px;\" src=\"\/docs\/File\/CareerFair\/CPA2023-Kidthink.png\" alt=\"CPA 2023 Convention & Kidthink\" \/><\/a><strong>The CPA is pleased to host its 1<sup>st<\/sup> ever in-person Job Fair at the 2023 CPA Convention, June 25th at the Sheraton Centre, Toronto!<\/strong>\n \t\n\n<li>Increase your organization\u2019s visibility, network with highly skilled graduates in the field of psychology, and share current and future opportunities and desired skillsets<\/li>\n\n\n \t\n\n<li>Meet qualified candidates and gather top resumes<\/li>\n\n\n \t\n\n<li>Access over 7,000 CPA members and affiliate members, students, and recent graduates through the Job Fair promotion<\/li>\n\n\n \t\n\n<li>Share your company website and contact info with delegates before and after the job fair<\/li>\n\n\n<center><strong>For more information visit the 2023 CPA Conference site at <a href=\"https:\/\/convention.cpa.ca\/scientific-program\/in-convention-events\/\" target=\"_blank\" rel=\"noopener\">https:\/\/convention.cpa.ca\/scientific-program\/in-convention-events\/<\/a>----><br \/>\n<!-- \n<strong>SCP recrute maintenant<\/strong> <a href=\"https:\/\/cpa.ca\/fr\/careers\/cpa-is-hiring\/\">Cliquez ici pour plus d'informations<\/a>.\nLa SCP a actuellement le poste suivants disponibles\u00a0;\n\n\n<ul>\n \t\n\n<li><strong><a href=\"https:\/\/cpa.ca\/fr\/careers\/cpa-is-hiring\/\">Responsable, formation et perfectionnement professionnel continu<\/a><\/strong><\/li>\n\n\n\n<\/ul>\n\n\n---><\/p>\n<hr \/>\n<p><!--\nhttps:\/\/cpa.ca\/docs\/File\/CareerFair\/Blog_Career_Resources.jpg\n\n<img decoding=\"async\" class=\"textwrapleft\" style=\"max-width: 100px;\" src=\"\/docs\/Image\/jobfair.png\" \/>On March 3<sup>rd<\/sup>, the CPA hosted its first-ever virtual job fair.\u00a0 Over 40 employers from across Canada, many of whom had multiple positions, participated in the fair.\u00a0 Registered delegates can still access the booths of the employers to obtain information about the employers and their vacancies.\u00a0 If you missed the Fair, visit the <strong><a href=\"https:\/\/cpa.ca\/jobfair\/\" rel=\"noopener\">Virtual Job Fair<\/a><\/strong> page to see which employers participated and to find out more about them and the numerous positions they are seeking to fill.\n\nVisitez la page du\u00a0<strong><a href=\"https:\/\/cpa.ca\/fr\/jobfair\/\" rel=\"noopener\">Salon de l'emploi virtuel<\/a><\/strong>\u00a0pour plus d'informations.\n\n\n\n<hr>\n\n\n\n--><\/p>\n","protected":false},"excerpt":{"rendered":"<p><!--more--><\/p>\n","protected":false},"author":1,"featured_media":0,"parent":0,"menu_order":0,"comment_status":"closed","ping_status":"closed","template":"templates\/job-postings.php","meta":{"_acf_changed":false,"_monsterinsights_skip_tracking":false,"_monsterinsights_sitenote_active":false,"_monsterinsights_sitenote_note":"","_monsterinsights_sitenote_category":0,"footnotes":""},"class_list":["post-1514","page","type-page","status-publish","hentry"],"acf":[],"aioseo_notices":[],"publishpress_future_workflow_manual_trigger":{"enabledWorkflows":[]},"_links":{"self":[{"href":"https:\/\/cpa.ca\/fr\/wp-json\/wp\/v2\/pages\/1514","targetHints":{"allow":["GET"]}}],"collection":[{"href":"https:\/\/cpa.ca\/fr\/wp-json\/wp\/v2\/pages"}],"about":[{"href":"https:\/\/cpa.ca\/fr\/wp-json\/wp\/v2\/types\/page"}],"author":[{"embeddable":true,"href":"https:\/\/cpa.ca\/fr\/wp-json\/wp\/v2\/users\/1"}],"replies":[{"embeddable":true,"href":"https:\/\/cpa.ca\/fr\/wp-json\/wp\/v2\/comments?post=1514"}],"version-history":[{"count":6,"href":"https:\/\/cpa.ca\/fr\/wp-json\/wp\/v2\/pages\/1514\/revisions"}],"predecessor-version":[{"id":42436,"href":"https:\/\/cpa.ca\/fr\/wp-json\/wp\/v2\/pages\/1514\/revisions\/42436"}],"wp:attachment":[{"href":"https:\/\/cpa.ca\/fr\/wp-json\/wp\/v2\/media?parent=1514"}],"curies":[{"name":"wp","href":"https:\/\/api.w.org\/{rel}","templated":true}]}}