{"id":1522,"date":"2018-08-02T15:54:47","date_gmt":"2018-08-02T19:54:47","guid":{"rendered":"https:\/\/cpa.ca\/careers\/advertise-a-job-posting-on-the-cpa-website\/"},"modified":"2024-12-02T16:00:25","modified_gmt":"2024-12-02T21:00:25","slug":"advertise","status":"publish","type":"page","link":"https:\/\/cpa.ca\/fr\/careers\/advertise\/","title":{"rendered":"Annoncez une offre d&#8217;emploi sur le site Web de la SCP"},"content":{"rendered":"<p><!-- <img loading=\"lazy\" decoding=\"async\" src=\"\/stockphotos\/logoM.jpg\" alt=\"Annoncez une offre d'emploi sur le site Web de la SCP\" width=\"130\" height=\"130\" class=\"border alignright\" \/>  --><\/p>\n<h4>Pourquoi annoncer une offre d\u2019emploi de carri\u00e8re sur le site Web de la SCP? (<a href=\"https:\/\/cpa.ca\/fr\/careers\/\">cpa.ca\/fr\/careers<\/a>)<\/h4>\n<p>Le site Web de la SCP re\u00e7oit plus de 75 000 visiteurs chaque mois et pr\u00e8s de 3 % de tous les visiteurs se rendent sur la page des offres d\u2019emplois.<\/p>\n<p>Cet achalandage en ligne r\u00e9gulier donne \u00e0 votre offre d\u2019emploi une exposition optimale aux psychologues du Canada.<\/p>\n<p><strong>Tarifs et politiques publicitaires des annonces d\u2019offre d\u2019emploi :<\/strong><\/p>\n<ul>\n<li>La SCP exige le paiement complet \u00e0 l\u2019avance avant d\u2019afficher votre annonce d\u2019offre d\u2019emploi sur la page des offres d\u2019emploi et des possibilit\u00e9s de carri\u00e8re de la SCP; nous acceptons les paiements par Visa et MasterCard seulement.<\/li>\n<li>Le tarif pour afficher une offre d\u2019emploi pendant une p\u00e9riode initiale de 30 jours est de 425 $ plus taxes.<\/li>\n<li>Pour prolonger votre annonce de carri\u00e8re affich\u00e9e pendant 30 jours, des frais de 300 $ plus taxes sont appliqu\u00e9s. Pour prolonger votre annonce, la SCP n\u00e9cessite un pr\u00e9avis (au moins 5 jours ouvrables). Le d\u00e9faut de fournir un pr\u00e9avis ad\u00e9quat pourrait entra\u00eener des frais de nouvelle carri\u00e8re affich\u00e9e de 425 $ plus les taxes \u00e0 republier.<\/li>\n<li>Un seul emploi\/poste par annonce d\u2019offre d\u2019emploi sera accept\u00e9. Les offres d\u2019emploi annon\u00e7ant plusieurs postes ne seront pas accept\u00e9es.<\/li>\n<li>Les annonces d\u2019offre d\u2019emploi ne peuvent pas \u00eatre modifi\u00e9es une fois qu\u2019elles sont en ligne sur le site Web (<a href=\"https:\/\/cpa.ca\/fr\/careers\/\">cpa.ca\/fr\/careers<\/a>). Aucune exception. Veuillez examiner attentivement votre annonce d\u2019offre d\u2019emploi avant de la pr\u00e9senter pour affichage sur le site Web.<\/li>\n<li>Les annonces d\u2019offre d\u2019emploi doivent \u00eatre pr\u00e9sent\u00e9es au format PDF. Les documents Word ne seront pas accept\u00e9s.<\/li>\n<\/ul>\n<p>Si vous souhaitez afficher un poste, veuillez remplir le formulaire disponible \u00e0 l\u2019adresse suivante<strong> <a href=\"https:\/\/cpa.ca\/machform\/view.php?id=19907\" target=\"_blank\" rel=\"noopener noreferrer\">https:\/\/cpa.ca\/machform\/view.php?id=19907<\/a><\/strong>.<br \/>\nRemarque : le traitement des offres d\u2019emploi peut prendre jusqu\u2019\u00e0 deux jours ouvrables.<\/p>\n<p>Veuillez adresser vos demandes de renseignements \u00e0 :<br \/>\nCoordonnatrice des donn\u00e9es sur les membres \u00e0 <a href=\"mailto:membership@cpa.ca\" target=\"_blank\" rel=\"noopener noreferrer\">membership@cpa.ca<\/a><br \/>\nT\u00e9l\u00e9phone : 613-237-2144, poste 1324<\/p>\n","protected":false},"excerpt":{"rendered":"<p>Pourquoi annoncer une offre d\u2019emploi de carri\u00e8re sur le site Web de la SCP? (cpa.ca\/fr\/careers) Le site Web de la SCP re\u00e7oit plus de 75 000 visiteurs chaque mois et pr\u00e8s de 3 % de tous les visiteurs se rendent sur la page des offres d\u2019emplois. Cet achalandage en ligne r\u00e9gulier donne \u00e0 votre offre [&hellip;]<\/p>\n","protected":false},"author":2,"featured_media":0,"parent":1514,"menu_order":0,"comment_status":"closed","ping_status":"closed","template":"","meta":{"_acf_changed":false,"_monsterinsights_skip_tracking":false,"_monsterinsights_sitenote_active":false,"_monsterinsights_sitenote_note":"","_monsterinsights_sitenote_category":0,"footnotes":""},"class_list":["post-1522","page","type-page","status-publish","hentry"],"acf":[],"aioseo_notices":[],"publishpress_future_workflow_manual_trigger":{"enabledWorkflows":[]},"_links":{"self":[{"href":"https:\/\/cpa.ca\/fr\/wp-json\/wp\/v2\/pages\/1522","targetHints":{"allow":["GET"]}}],"collection":[{"href":"https:\/\/cpa.ca\/fr\/wp-json\/wp\/v2\/pages"}],"about":[{"href":"https:\/\/cpa.ca\/fr\/wp-json\/wp\/v2\/types\/page"}],"author":[{"embeddable":true,"href":"https:\/\/cpa.ca\/fr\/wp-json\/wp\/v2\/users\/2"}],"replies":[{"embeddable":true,"href":"https:\/\/cpa.ca\/fr\/wp-json\/wp\/v2\/comments?post=1522"}],"version-history":[{"count":6,"href":"https:\/\/cpa.ca\/fr\/wp-json\/wp\/v2\/pages\/1522\/revisions"}],"predecessor-version":[{"id":40937,"href":"https:\/\/cpa.ca\/fr\/wp-json\/wp\/v2\/pages\/1522\/revisions\/40937"}],"up":[{"embeddable":true,"href":"https:\/\/cpa.ca\/fr\/wp-json\/wp\/v2\/pages\/1514"}],"wp:attachment":[{"href":"https:\/\/cpa.ca\/fr\/wp-json\/wp\/v2\/media?parent=1522"}],"curies":[{"name":"wp","href":"https:\/\/api.w.org\/{rel}","templated":true}]}}