{"id":1555,"date":"2018-07-26T22:20:12","date_gmt":"2018-07-27T02:20:12","guid":{"rendered":"https:\/\/cpa.ca\/mindpad\/"},"modified":"2025-08-12T12:36:45","modified_gmt":"2025-08-12T16:36:45","slug":"mindpad","status":"publish","type":"page","link":"https:\/\/cpa.ca\/fr\/etudiants\/mindpad\/","title":{"rendered":"Notes d&#8217;id\u00e9es &#8211; publication \u00e9tudiante"},"content":{"rendered":"<h4>Le bulletin r\u00e9dig\u00e9 et publi\u00e9 par les \u00e9tudiants de la Soci\u00e9t\u00e9 canadienne de la psychologie.<\/h4>\n<p><strong>R\u00e9dactrice en chef:<\/strong><\/p>\n<p><strong>Anisa Nasseri, M.A.<br \/>\n<\/strong>University of British Columbia<br \/>\nEmail: <a href=\"mailto:pastchair.cpastudentsection@gmail.com\">pastchair.cpastudentsection@gmail.com<\/a><\/p>\n<h4>L&#8217;\u00e9dition hiver 2023 de <strong><em>Notes d\u2019id\u00e9es<\/em><\/strong>, premiere num\u00e9ro du volume 11, est maintenant disponible:<\/h4>\n<p><a href=\"\/\/cpa.ca\/docs\/File\/Students\/MindPad\/mindpadwinter2023\/\" target=\"_blank\" rel=\"noopener noreferrer\"><img decoding=\"async\" class=\"imagelink\" style=\"max-height: 250px;\" src=\"\/\/cpa.ca\/docs\/File\/Students\/MindPad\/mindpadwinter2023\/files\/thumb\/1.jpg\" alt=\"Notes d\u2019id\u00e9es - hiver 2023\" height=\"250\" border=\"1\" \/><\/a> ou <a href=\"\/\/cpa.ca\/docs\/File\/Students\/MindPad\/MindPad_Winter2023.pdf\" target=\"_blank\" rel=\"noopener noreferrer\"><strong>(PDF)<\/strong><\/a><\/p>\n<hr \/>\n<h3>Notre mandat<\/h3>\n<p>Le mandat de Notes d\u2019id\u00e9es a deux objectifs :<\/p>\n<ol>\n<li>Fournir un bulletin professionnel r\u00e9dig\u00e9 et \u00e9valu\u00e9 par les \u00e9tudiants en psychologie qui sont membres affili\u00e9s de la Soci\u00e9t\u00e9 canadienne de psychologie. Le contenu devrait \u00eatre\u00a0d\u2019int\u00e9r\u00eat \u00e0 tous ceux qui pratiquent et \u00e9tudient la psychologie, mais les \u00e9tudiants en psychologie sont les lecteurs cibles.<\/li>\n<li>Fournir aux \u00e9tudiants en psychologie l\u2019opportunit\u00e9 de connaitre le processus formel de soumission y compris la soumission, la r\u00e9vision, et la resoumission du point de vue d\u2019auteur et d\u2019\u00e9valuateur\/r\u00e9dacteur.<\/li>\n<\/ol>\n<p>Notes d\u2019id\u00e9es publie un \u00e9ventail de soumissions, qui comprend:<\/p>\n<ul>\n<li>R\u00e9sum\u00e9s de recherche originale (cliniques ou appliqu\u00e9es);<\/li>\n<li>Revues de r\u00e9sum\u00e9s;<\/li>\n<li>Articles li\u00e9s \u00e0 une carri\u00e8re en psychologie;<\/li>\n<li>R\u00e9flexions sur les nouvelles tendances en psychologie ou en recherche de la psychologie;<\/li>\n<li>R\u00e9flexions sur la psychologie dans les m\u00e9dias;<\/li>\n<li>Rapports sur des conf\u00e9rences ou ateliers.<\/li>\n<\/ul>\n<p>Les \u00e9tudiants qui ne sont pas inscrits dans un programme en psychologie peuvent \u00e9galement soumettre un manuscrit \u00e0 la revue, si le sujet rel\u00e8ve de l&#8217;un des sous-domaines de la psychologie.<\/p>\n<p>Nous acceptons les soumissions sur une <strong>base continue<\/strong> tout au long de l&#8217;ann\u00e9e.<\/p>\n<hr \/>\n<h3>Questions fr\u00e9quemment pos\u00e9es sur Notes d\u2019id\u00e9es\u00a0:<\/h3>\n<h4>Qu\u2019est-ce qu\u2019est Notes d\u2019id\u00e9es?<\/h4>\n<p>Notes d\u2019id\u00e9es est un bulletin d&#8217;information r\u00e9dig\u00e9, \u00e9dit\u00e9 et publi\u00e9 par la Section \u00e9tudiante de la SCP. Tous les articles sont r\u00e9vis\u00e9s par les pairs par un comit\u00e9 de r\u00e9daction compos\u00e9 d&#8217;\u00e9tudiants de premier cycle et des cycles sup\u00e9rieurs en psychologie. Notes d\u2019id\u00e9es n&#8217;est pas un journal index\u00e9.<\/p>\n<h4>Comment est-ce que je cite Notes d\u2019id\u00e9es sur mon CV?<\/h4>\n<p>Vous pouvez ajouter votre article Notes d\u2019id\u00e9es sur votre CV en utilisant un format APA. Par exemple:<\/p>\n<p>Daskaluk, S. (2008).\u00a0The interaction between child and parent characteristics on child outcomes.\u00a0<em>Notes d\u2019id\u00e9es, 8<\/em>(1), 8-12.<\/p>\n<p>Une fois votre article officiellement accept\u00e9 par le r\u00e9dacteur en chef de Notes d\u2019id\u00e9es, vous pouvez l&#8217;indiquer sur votre CV comme \u00absous presse\u00bb jusqu&#8217;\u00e0 ce qu&#8217;il soit publi\u00e9 dans le prochain num\u00e9ro de Notes d\u2019id\u00e9es.<\/p>\n<h4>Comment soumettre un article pour consid\u00e9ration dans Notes d\u2019id\u00e9es?<\/h4>\n<p>Tous les manuscrits doivent \u00eatre soumis en utilisant le mod\u00e8le de soumission. Les directives de soumission peuvent \u00eatre trouv\u00e9es sur la page des <a href=\"https:\/\/cpa.ca\/fr\/etudiants\/mindpad\/editorialpolicy\/\">politiques \u00e9ditoriales<\/a>.<\/p>\n<h4>J&#8217;ai soumis mon article &#8211; et maintenant?<\/h4>\n<p>Le comit\u00e9 de r\u00e9daction de Notes d\u2019id\u00e9es s&#8217;engage \u00e0 effectuer un premier examen des articles soumis dans le mois suivant la r\u00e9ception de la soumission. Apr\u00e8s cette p\u00e9riode de r\u00e9vision initiale, l&#8217;\u00e9diteur associ\u00e9 informera l&#8217;auteur\/e de l&#8217;\u00e9tat de sa soumission. Cela peut inclure l&#8217;acceptation, les demandes de modifications r\u00e9dactionnelles, le rejet, etc. \u00c0 moins que le manuscrit ne soit rejet\u00e9, le ou la soumissionnaire est invit\u00e9 \u00e0 le r\u00e9viser et \u00e0 le soumettre de nouveau dans un d\u00e9lai de deux semaines. Les \u00e9valuateurs passeront en revue la deuxi\u00e8me version de l&#8217;article. Une d\u00e9cision finale sera alors communiqu\u00e9e \u00e0 l&#8217;auteur. (Veuillez noter que d&#8217;autres s\u00e9ries de revues peuvent \u00eatre n\u00e9cessaires.)<\/p>\n<h4>Je souhaite joindre le comit\u00e9 de r\u00e9daction de Notes d\u2019id\u00e9es. Comment puis-je postuler?<\/h4>\n<p>Les candidatures aux postes du comit\u00e9 de r\u00e9daction de Notes d\u2019id\u00e9es sont accept\u00e9es de la fin ao\u00fbt au d\u00e9but septembre de chaque ann\u00e9e. La nouvelle r\u00e9dactrice ou le nouveau r\u00e9dacteur en chef affichera un avis sur le site Web de Notes d\u2019id\u00e9es avec une date limite de candidature et enverra un courriel d&#8217;appel \u00e0 candidatures via le serveur de liste de la section \u00e9tudiante de la SCP. Vous trouverez <a href=\"https:\/\/cpa.ca\/fr\/etudiants\/mindpad\/editorialboardapps\/\">ici<\/a> des instructions g\u00e9n\u00e9rales et des d\u00e9tails sur les postes disponibles et la date limite des candidatures pour cette ann\u00e9e.<\/p>\n","protected":false},"excerpt":{"rendered":"<p><!--more--><\/p>\n","protected":false},"author":2,"featured_media":0,"parent":1382,"menu_order":0,"comment_status":"closed","ping_status":"closed","template":"","meta":{"_acf_changed":false,"_monsterinsights_skip_tracking":false,"_monsterinsights_sitenote_active":false,"_monsterinsights_sitenote_note":"","_monsterinsights_sitenote_category":0,"footnotes":""},"class_list":["post-1555","page","type-page","status-publish","hentry"],"acf":[],"aioseo_notices":[],"publishpress_future_workflow_manual_trigger":{"enabledWorkflows":[]},"_links":{"self":[{"href":"https:\/\/cpa.ca\/fr\/wp-json\/wp\/v2\/pages\/1555","targetHints":{"allow":["GET"]}}],"collection":[{"href":"https:\/\/cpa.ca\/fr\/wp-json\/wp\/v2\/pages"}],"about":[{"href":"https:\/\/cpa.ca\/fr\/wp-json\/wp\/v2\/types\/page"}],"author":[{"embeddable":true,"href":"https:\/\/cpa.ca\/fr\/wp-json\/wp\/v2\/users\/2"}],"replies":[{"embeddable":true,"href":"https:\/\/cpa.ca\/fr\/wp-json\/wp\/v2\/comments?post=1555"}],"version-history":[{"count":6,"href":"https:\/\/cpa.ca\/fr\/wp-json\/wp\/v2\/pages\/1555\/revisions"}],"predecessor-version":[{"id":43918,"href":"https:\/\/cpa.ca\/fr\/wp-json\/wp\/v2\/pages\/1555\/revisions\/43918"}],"up":[{"embeddable":true,"href":"https:\/\/cpa.ca\/fr\/wp-json\/wp\/v2\/pages\/1382"}],"wp:attachment":[{"href":"https:\/\/cpa.ca\/fr\/wp-json\/wp\/v2\/media?parent=1555"}],"curies":[{"name":"wp","href":"https:\/\/api.w.org\/{rel}","templated":true}]}}