{"id":1559,"date":"2018-08-07T22:26:59","date_gmt":"2018-08-08T02:26:59","guid":{"rendered":"https:\/\/cpa.ca\/mindpad-editorial-board-applications\/"},"modified":"2025-08-12T12:40:14","modified_gmt":"2025-08-12T16:40:14","slug":"editorialboardapps","status":"publish","type":"page","link":"https:\/\/cpa.ca\/fr\/etudiants\/mindpad\/editorialboardapps\/","title":{"rendered":"Notes d\u2019id\u00e9es : Candidatures pour le comit\u00e9 de r\u00e9daction"},"content":{"rendered":"<p>Le comit\u00e9 de r\u00e9daction pour <em>Notes d\u2019id\u00e9es,<\/em>\u00a0le bulletin r\u00e9dig\u00e9, r\u00e9vis\u00e9, et publi\u00e9 par la section \u00e9tudiante du SCP, change chaque ann\u00e9e en septembre. Un appel de candidatures pour divers postes est lanc\u00e9 en ao\u00fbt, et le comit\u00e9 de r\u00e9daction est finalis\u00e9 \u00e0 la mi- ou fin septembre. Veuillez consulter la section ci-dessous pour le dernier appel de candidatures ainsi que la date limite de candidature.<\/p>\n<p>S&#8217;impliquer est une opportunit\u00e9 pour les \u00e9tudiants de faire l&#8217;exp\u00e9rience \u00e0 la fois du processus d&#8217;\u00e9criture et du processus de r\u00e9vision formel que tout psychologue (et psychologue en formation !) doit suivre. <em>Notes d\u2019id\u00e9es<\/em>\u00a0vise \u00e0 publier du mat\u00e9riel d\u2019int\u00e9r\u00eat pour tous ceux qui pratiquent et qui \u00e9tudient la psychologie, mais cible les \u00e9tudiants en particulier.<\/p>\n<p>Les postes au sein du comit\u00e9 de r\u00e9daction comprennent deux \u00e0 trois <strong>R\u00e9dacteurs associ\u00e9s<\/strong> et un panel de <strong>R\u00e9viseurs<\/strong>.<\/p>\n<p>Les R\u00e9dacteurs associ\u00e9s sont charg\u00e9s de g\u00e9rer les manuscrits soumis \u00e0 la revue, de s\u00e9lectionner les r\u00e9viseurs, de fournir aux auteurs des commentaires sur leur soumission, et d&#8217;aider \u00e0 la d\u00e9cision finale sur chaque manuscrit. Les r\u00e9viseurs sont charg\u00e9s de r\u00e9viser les articles et d&#8217;\u00e9valuer les soumissions en termes de contenu, de m\u00e9thodologie de recherche, de style, et de grammaire.<\/p>\n<p>La dur\u00e9e de toutes les positions est de 1 an (septembre \u00e0 ao\u00fbt).<\/p>\n<h4>Processus de candidature: Ann\u00e9e scolaire 2025-2026<\/h4>\n<p>Date limite des soumissions de candidatures: 20 septembre 2025<\/p>\n<p>Une exp\u00e9rience en r\u00e9vision ou en \u00e9valuation par les pairs est un atout mais n&#8217;est pas requise. <strong>Nous encourageons les \u00e9tudiants en psychologie, anglophones ou francophones, \u00e0 postuler. La candidature doit \u00eatre soumise \u00e0 la R\u00e9dactrice en chef de Notes d\u2019id\u00e9es avant la date limite.<\/strong><\/p>\n<p><strong>Veuillez noter que les postes de R\u00e9dacteurs associ\u00e9s sont r\u00e9serv\u00e9s aux \u00e9tudiants de cycles sup\u00e9rieurs, tandis que les \u00e9tudiants de premier cycle et des cycles sup\u00e9rieurs peuvent participer en tant que R\u00e9viseurs.<\/strong><\/p>\n<p>Le dossier de candidature pour les postes de R\u00e9dacteurs associ\u00e9s et de R\u00e9viseurs doit comprendre\u00a0:<\/p>\n<ol style=\"list-style-type: upper-roman;\">\n<li>Une <strong>lettre de motivation<\/strong> \u00e9taillant votre int\u00e9r\u00eat pour le poste ainsi que vos comp\u00e9tences. Cette lettre doit aussi inclure les informations suivantes:\n<ol>\n<li>La langue dans laquelle vous \u00eates le plus \u00e0 l\u2019aise \u00e0 faire de la r\u00e9vision.<\/li>\n<li>Votre champ de recherche.<\/li>\n<li>Votre adresse courriel, votre ann\u00e9e universitaire et votre programme d&#8217;\u00e9tude.<\/li>\n<li>Votre lettre de motivation doit \u00e9galement confirmer que vous \u00eates un \u00e9tudiant membre de la section \u00e9tudiante du CPA ou que vous avez l\u2019intention d\u2019en devenir membre lorsque vous ferez partie du comit\u00e9 de r\u00e9daction.<\/li>\n<\/ol>\n<\/li>\n<li><strong>Votre CV \u00e0 jour<\/strong><\/li>\n<\/ol>\n<p>Merci d\u2019envoyer tous vos documents de candidature \u00e0 l\u2019\u00e9ditrice en chef Anisa Nasseri (<a href=\"mailto:pastchair.cpastudentsection@gmail.com\">pastchair.cpastudentsection@gmail.com<\/a>) avec l\u2019objet: <em>Candidature pour r\u00e9dacteur adjoint du Notes d\u2019id\u00e9es 2025 <\/em>ou <em>Candidature pour r\u00e9viseur du Notes d\u2019id\u00e9es 2025<\/em>. Tous les documents doivent \u00eatre envoy\u00e9s dans un document PDF.<\/p>\n<p><strong>Vous lisez cette page apr\u00e8s la date limite\u00a0? <\/strong>Malheureusement, cela indique que la p\u00e9riode de candidatures est actuellement ferm\u00e9e. Si vous \u00eates int\u00e9ress\u00e9 \u00e0 participer l&#8217;ann\u00e9e prochaine, l&#8217;appel de candidatures sera mis \u00e0 jour sur ce site web et sera envoy\u00e9 par courriel \u00e0 tous les \u00e9tudiants affili\u00e9s de la SCP qui sont \u00e9galement membres de la Section des \u00e9tudiants \u00e0 la fin ao\u00fbt au d\u00e9but septembre.<\/p>\n<p>&nbsp;<\/p>\n","protected":false},"excerpt":{"rendered":"<p><!--more--><\/p>\n","protected":false},"author":2,"featured_media":0,"parent":1555,"menu_order":0,"comment_status":"closed","ping_status":"closed","template":"","meta":{"_acf_changed":false,"_monsterinsights_skip_tracking":false,"_monsterinsights_sitenote_active":false,"_monsterinsights_sitenote_note":"","_monsterinsights_sitenote_category":0,"footnotes":""},"class_list":["post-1559","page","type-page","status-publish","hentry"],"acf":[],"aioseo_notices":[],"publishpress_future_workflow_manual_trigger":{"enabledWorkflows":[]},"_links":{"self":[{"href":"https:\/\/cpa.ca\/fr\/wp-json\/wp\/v2\/pages\/1559","targetHints":{"allow":["GET"]}}],"collection":[{"href":"https:\/\/cpa.ca\/fr\/wp-json\/wp\/v2\/pages"}],"about":[{"href":"https:\/\/cpa.ca\/fr\/wp-json\/wp\/v2\/types\/page"}],"author":[{"embeddable":true,"href":"https:\/\/cpa.ca\/fr\/wp-json\/wp\/v2\/users\/2"}],"replies":[{"embeddable":true,"href":"https:\/\/cpa.ca\/fr\/wp-json\/wp\/v2\/comments?post=1559"}],"version-history":[{"count":6,"href":"https:\/\/cpa.ca\/fr\/wp-json\/wp\/v2\/pages\/1559\/revisions"}],"predecessor-version":[{"id":43922,"href":"https:\/\/cpa.ca\/fr\/wp-json\/wp\/v2\/pages\/1559\/revisions\/43922"}],"up":[{"embeddable":true,"href":"https:\/\/cpa.ca\/fr\/wp-json\/wp\/v2\/pages\/1555"}],"wp:attachment":[{"href":"https:\/\/cpa.ca\/fr\/wp-json\/wp\/v2\/media?parent=1559"}],"curies":[{"name":"wp","href":"https:\/\/api.w.org\/{rel}","templated":true}]}}