{"id":15792,"date":"2020-08-24T10:37:41","date_gmt":"2020-08-24T14:37:41","guid":{"rendered":"https:\/\/cpa.ca\/?page_id=15792"},"modified":"2025-11-06T13:18:02","modified_gmt":"2025-11-06T18:18:02","slug":"humanrights","status":"publish","type":"page","link":"https:\/\/cpa.ca\/fr\/aproposdelascp\/comites\/humanrights\/","title":{"rendered":"Comit\u00e9 des droits de la personne et de la justice sociale en psychologie"},"content":{"rendered":"<table border=\"1\" cellspacing=\"0\" cellpadding=\"4\">\n<tbody>\n<tr>\n<td valign=\"top\" width=\"300\">\n<h4>Copr\u00e9sidentes :<\/h4>\n<\/td>\n<td valign=\"top\">Eleanor Gittens<br \/>\nKatelynn Carter-Rogers<\/td>\n<\/tr>\n<tr>\n<td valign=\"top\">\n<h4>Membres :<\/h4>\n<\/td>\n<td valign=\"top\">\n<article style=\"-webkit-column-width: 250px; -moz-column-width: 250px; column-width: 250px;\">Noah Desjardins<br \/>\nEster Cole<br \/>\nKaori Wada<br \/>\nJesse Bosse<br \/>\nJames C MacDougall<br \/>\n<span style=\"font-family: inherit; font-size: inherit;\">Lisa Votta-Bleeker (ex-officio, CPA Staff)<\/span><\/article>\n<\/td>\n<\/tr>\n<tr>\n<td valign=\"top\">\n<h4>Mandat\u00a0:<\/h4>\n<\/td>\n<td valign=\"top\">L\u2019objectif du Comit\u00e9 des droits de la personne et de la justice sociale en psychologie est de servir de ressource \u00e0 la chef ou au chef de la direction et au conseil d\u2019administration en ce qui concerne les enjeux li\u00e9s aux droits de la personne et \u00e0 la justice sociale, ainsi que leur pertinence pour la Soci\u00e9t\u00e9 du point de vue op\u00e9rationnel et de la gouvernance, de m\u00eame que pour la profession et la discipline de la psychologie au Canada.<\/td>\n<\/tr>\n<tr>\n<td valign=\"top\">\n<h4>Objectifs:<\/h4>\n<\/td>\n<td valign=\"top\">Identifier les points d\u2019intersection entre les droits de la personne et les principes de justice sociale et examiner leur influence actuelle et future sur la profession et la discipline de la psychologie.<\/p>\n<p>Concevoir et promouvoir activement un ou plusieurs cadres pour orienter les travaux de la SCP en mati\u00e8re de droits de la personne et de justice sociale, tant au sein de la Soci\u00e9t\u00e9 que dans la profession et la discipline de la psychologie.<\/p>\n<p>Recenser des groupes communautaires et organismes\/groupes diversifi\u00e9s, ancr\u00e9s dans les principes et les pratiques des droits de la personne et de la justice sociale, dans le but de les consulter ou de collaborer avec eux.<\/p>\n<p>Guider les travaux et les initiatives en psychologie qui sont li\u00e9s aux droits de la personne et \u00e0 la justice sociale, et qui ont une incidence sur tous les groupes marginalis\u00e9s.<\/p>\n<p>Contribuer aux efforts de repr\u00e9sentation externe, de d\u00e9fense des int\u00e9r\u00eats et de lobbying de la SCP en mati\u00e8re de droits de la personne et de justice sociale.<\/td>\n<\/tr>\n<tr>\n<td valign=\"top\">\n<h4>Page Web:<\/h4>\n<\/td>\n<td valign=\"top\"><a href=\"https:\/\/cpa.ca\/fr\/aproposdelascp\/comites\/humanrights\/\">https:\/\/cpa.ca\/fr\/aproposdelascp\/comites\/humanrights\/<\/a><\/td>\n<\/tr>\n<tr>\n<td valign=\"top\">\n<h4>Pour nous joindre\u00a0:<\/h4>\n<\/td>\n<td valign=\"top\"><a href=\"mailto:governance@cpa.ca\">governance@cpa.ca<\/a><\/td>\n<\/tr>\n<\/tbody>\n<\/table>\n<p>&nbsp;<\/p>\n<h2>Resources<\/h2>\n<ul>\n<li><a href=\"https:\/\/cpa.ca\/docs\/File\/Committees\/HumanRightsSocialJustice\/Beyond_the_Trans-Cis_Binary_10-04-2025.pdf\" target=\"_blank\" rel=\"noopener\">Beyond_the_Trans-Cis_Binary<\/a> (PDF) &#8211; April 2025<\/li>\n<\/ul>\n<p>&nbsp;<\/p>\n<p>&nbsp;<\/p>\n","protected":false},"excerpt":{"rendered":"<p> <!--more--><\/p>\n","protected":false},"author":2,"featured_media":0,"parent":1281,"menu_order":0,"comment_status":"closed","ping_status":"closed","template":"templates\/no-sidebar.php","meta":{"_acf_changed":false,"_monsterinsights_skip_tracking":false,"_monsterinsights_sitenote_active":false,"_monsterinsights_sitenote_note":"","_monsterinsights_sitenote_category":0,"footnotes":""},"class_list":["post-15792","page","type-page","status-publish","hentry"],"acf":[],"aioseo_notices":[],"publishpress_future_workflow_manual_trigger":{"enabledWorkflows":[]},"_links":{"self":[{"href":"https:\/\/cpa.ca\/fr\/wp-json\/wp\/v2\/pages\/15792","targetHints":{"allow":["GET"]}}],"collection":[{"href":"https:\/\/cpa.ca\/fr\/wp-json\/wp\/v2\/pages"}],"about":[{"href":"https:\/\/cpa.ca\/fr\/wp-json\/wp\/v2\/types\/page"}],"author":[{"embeddable":true,"href":"https:\/\/cpa.ca\/fr\/wp-json\/wp\/v2\/users\/2"}],"replies":[{"embeddable":true,"href":"https:\/\/cpa.ca\/fr\/wp-json\/wp\/v2\/comments?post=15792"}],"version-history":[{"count":6,"href":"https:\/\/cpa.ca\/fr\/wp-json\/wp\/v2\/pages\/15792\/revisions"}],"predecessor-version":[{"id":44986,"href":"https:\/\/cpa.ca\/fr\/wp-json\/wp\/v2\/pages\/15792\/revisions\/44986"}],"up":[{"embeddable":true,"href":"https:\/\/cpa.ca\/fr\/wp-json\/wp\/v2\/pages\/1281"}],"wp:attachment":[{"href":"https:\/\/cpa.ca\/fr\/wp-json\/wp\/v2\/media?parent=15792"}],"curies":[{"name":"wp","href":"https:\/\/api.w.org\/{rel}","templated":true}]}}