{"id":1580,"date":"2018-08-08T11:11:01","date_gmt":"2018-08-08T15:11:01","guid":{"rendered":"https:\/\/cpa.ca\/psynopsis\/psynopsiseditorialpolicy\/"},"modified":"2024-05-24T10:59:26","modified_gmt":"2024-05-24T14:59:26","slug":"politiquerdactionnelledepsynopsis","status":"publish","type":"page","link":"https:\/\/cpa.ca\/fr\/psynopsis\/politiquerdactionnelledepsynopsis\/","title":{"rendered":"Consignes \u00e9ditoriales de Psynopsis"},"content":{"rendered":"<h4>Exigences relatives \u00e0 la proposition d\u2019articles<\/h4>\n<ul>\n<li>Les articles propos\u00e9s doivent \u00eatre enregistr\u00e9s au format MS Word et transmis par voie \u00e9lectronique \u00e0 la directrice des services de r\u00e9daction \u00e0 <a href=\"mailto:psynopsis@cpa.ca\">psynopsis@cpa.ca<\/a>.<\/li>\n<li>Les articles doivent comporter de 400 \u00e0 900\u00a0mots (sauf indication contraire) et \u00eatre \u00e9crits dans un langage int\u00e9ressant, appropri\u00e9 et accessible \u00e0 un vaste public*.<\/li>\n<li>Tous les articles doivent \u00eatre des articles originaux (les r\u00e9impressions ne sont pas accept\u00e9es).<\/li>\n<li>L\u2019\u00e9criture des majuscules et l\u2019orthographe doivent suivre les normes du Guide de r\u00e9daction de la Presse canadienne.<\/li>\n<li>Les r\u00e9f\u00e9rences doivent \u00eatre class\u00e9es par ordre num\u00e9rique, telles qu\u2019elles apparaissent dans le texte (en exposant). La liste compl\u00e8te qui suit l\u2019article doit \u00eatre pr\u00e9sent\u00e9e selon les normes de l\u2019APA.<\/li>\n<li>Les photos doivent \u00eatre pr\u00e9sent\u00e9es au format JPEG ou PNG, et \u00eatre accompagn\u00e9es de l\u00e9gendes. L\u2019auteur doit d\u00e9tenir le droit d\u2019utilisation des photos.<\/li>\n<\/ul>\n<p>*Psynopsis n\u2019est pas une revue savante. Les articles r\u00e9dig\u00e9s dans un style acad\u00e9mique ne seront pas accept\u00e9s. Sachez toutefois qu\u2019un article publi\u00e9 dans Psynopsis ne peut g\u00e9n\u00e9ralement pas \u00eatre r\u00e9\u00e9crit dans un style acad\u00e9mique puis propos\u00e9 \u00e0 une revue \u00e9valu\u00e9e par les pairs car la publication dans Psynopsis sera probablement consid\u00e9r\u00e9e comme un travail d\u00e9j\u00e0 publi\u00e9. Si vous proposez \u00e0 Psynopsis un article \u00e9valu\u00e9 par les pairs, pensez \u00e0 reformater celui-ci afin de l\u2019adapter au lectorat, moins sp\u00e9cialis\u00e9, de Psynopsis. Toutefois, si l\u2019article propos\u00e9 \u00e0 Psynopsis est une adaptation d\u2019un article d\u00e9j\u00e0 publi\u00e9 dans une revue examin\u00e9e par les pairs, l\u2019auteur doit s\u2019assurer d\u2019avoir l\u2019autorisation de publier le document dans un format moins sp\u00e9cialis\u00e9, comme celui de Psynopis.<br \/>\n<!----------------------\n\n\n<h4>Chroniques<\/h4>\n\n\nLa priorit\u00e9 est accord\u00e9e aux articles qui traitent du th\u00e8me du num\u00e9ro.\n\n\n<ul>\n \t\n\n<li><strong>Portraits de membres (600 \u00e0 800 mots) <\/strong>\u2013 Cette chronique doit normalement se rapporter au th\u00e8me du num\u00e9ro de Psynopis (p. ex., pr\u00e9sentation d\u2019un membre qui fait des recherches dans ce domaine), mais des sujets non li\u00e9s au th\u00e8me seront pris en compte.<\/li>\n\n\n \t\n\n<li><strong>Parlons d\u2019histoire (200 \u00e0 500 mots) <\/strong>\u2013 Cette chronique doit pr\u00e9senter une \u00e9tude en psychologie marquante int\u00e9ressante (ou un incident), g\u00e9n\u00e9ralement li\u00e9e au th\u00e8me du num\u00e9ro, et faire le lien entre l\u2019\u00e9tude et les bienfaits qu\u2019elle apporte aujourd\u2019hui.<\/li>\n\n\n \t\n\n<li><strong>Mises \u00e0 jour des sections\/comit\u00e9s de la SCP <\/strong><strong>(600 \u00e0 800 mots) <\/strong>\u2013 Les sections et les comit\u00e9s de la SCP peuvent proposer des articles mettant en valeur des travaux en rapport avec le th\u00e8me du num\u00e9ro. Les articles portant sur des consultations en cours, sur la participation \u00e0 des groupes de travail et sur les activit\u00e9s de repr\u00e9sentation sont particuli\u00e8rement bienvenus.<\/li>\n\n\n<\/ul>\n\n\n------------------------><\/p>\n<h4>D\u00e9cisions de la r\u00e9daction<\/h4>\n<p>La r\u00e9dactrice en chef est ultimement responsable du contenu de chaque num\u00e9ro. L\u2019\u00e9quipe de r\u00e9daction est compos\u00e9e de la directrice des services de r\u00e9daction, de la r\u00e9dactrice en chef et, \u00e0 l\u2019occasion, d\u2019un ou plusieurs r\u00e9dacteurs en chef invit\u00e9s. Pour \u00eatre retenus, les articles sollicit\u00e9s et non sollicit\u00e9s doivent satisfaire aux exigences relatives \u00e0 la proposition d\u2019articles de <em>Psynopsis<\/em> et sont s\u00e9lectionn\u00e9s en fonction d\u2019un certain nombre de facteurs, notamment, la pertinence de l\u2019article par rapport au th\u00e8me du num\u00e9ro, le nombre de pages disponibles dans chaque num\u00e9ro, le nombre d\u2019articles propos\u00e9s sur un sujet donn\u00e9, la longueur de l\u2019article, le style de l\u2019article et la qualit\u00e9 de l\u2019\u00e9criture. La responsabilit\u00e9 de veiller \u00e0 ce que tous les articles propos\u00e9s soient conformes aux exigences relatives \u00e0 la proposition d\u2019articles de <em>Psynopsis<\/em> revient \u00e0 la directrice des services de r\u00e9daction.<\/p>\n<p>Les num\u00e9ros de Psynopsis sont habituellement th\u00e9matiques et, la plupart du temps, sont publi\u00e9s sous la direction d\u2019un ou de plusieurs r\u00e9dacteurs en chef invit\u00e9s. Lorsqu\u2019un num\u00e9ro <strong>est dirig\u00e9<\/strong> par un r\u00e9dacteur en chef invit\u00e9, le r\u00e9dacteur en chef invit\u00e9 se charge de l\u2019\u00e9valuation, de la r\u00e9vision et des d\u00e9cisions relatives \u00e0 la publication des articles portant sur le th\u00e8me du num\u00e9ro, avec l\u2019apport du reste de l\u2019\u00e9quipe de r\u00e9daction, le cas \u00e9ch\u00e9ant. L\u2019\u00e9valuation, la r\u00e9vision et les d\u00e9cisions relatives \u00e0 la publication des articles non reli\u00e9s au th\u00e8me du num\u00e9ro rel\u00e8vent toujours de la responsabilit\u00e9 de la directrice des services de r\u00e9daction ou de la r\u00e9dactrice en chef. Lorsqu\u2019un num\u00e9ro de <em>Psynopsis<\/em> <strong>n\u2019est pas dirig\u00e9<\/strong> par un r\u00e9dacteur en chef invit\u00e9, les membres de l\u2019\u00e9quipe de r\u00e9daction se chargent des \u00e9valuations, des r\u00e9visions et des d\u00e9cisions relatives \u00e0 la publication de tous les articles.<\/p>\n<p>Il est possible que les articles non sollicit\u00e9s et les articles sollicit\u00e9s par un membre de l\u2019\u00e9quipe de r\u00e9daction soient accept\u00e9s apr\u00e8s r\u00e9visions. La r\u00e9dactrice en chef, la directrice des services de r\u00e9daction ou le r\u00e9dacteur en chef invit\u00e9 se r\u00e9serve le droit de refuser tout article, sollicit\u00e9 ou non. D\u00e8s que la d\u00e9cision de l\u2019\u00e9quipe de r\u00e9daction sera prise, tous les auteurs en seront inform\u00e9s et auront la possibilit\u00e9 d\u2019examiner les modifications apport\u00e9es \u00e0 l\u2019article, s\u2019il y a lieu.<\/p>\n<p>Les auteurs dont l\u2019article est accept\u00e9 sont tenus de signer un formulaire d\u2019autorisation de publication afin de transf\u00e9rer le droit de publication et les droits d\u2019auteur \u00e0 la SCP, qui devient titulaire du droit d\u2019auteur sur le contenu de <em>Psynopsis<\/em>. Les opinions exprim\u00e9es dans les articles publi\u00e9s par toute personne autre qu\u2019un dirigeant, un administrateur ou un employ\u00e9 de la SCP sont strictement celles de l\u2019auteur et ne repr\u00e9sentent pas n\u00e9cessairement les opinions de la SCP, de ses dirigeants, de ses administrateurs ou de ses employ\u00e9s.<\/p>\n<h4>Plaintes et appels<\/h4>\n<p>Psynopsis est une publication de la SCP. \u00c0 ce titre, la SCP est responsable devant ses membres par la voie de son conseil d\u2019administration. Le conseil d\u2019administration a d\u00e9l\u00e9gu\u00e9 le pouvoir de publier Psynopsis \u00e0 la r\u00e9dactrice en chef, laquelle est responsable de chaque num\u00e9ro. Les activit\u00e9s courantes li\u00e9es \u00e0 la production de Psynopsis sont la responsabilit\u00e9 de la directrice des services de r\u00e9daction.<\/p>\n<p>Toute personne qui souhaite contester une d\u00e9cision ou transmettre une plainte peut le faire en communiquant par \u00e9crit avec la r\u00e9dactrice en chef. Si la plainte n\u2019est pas r\u00e9gl\u00e9e \u00e0 la satisfaction du plaignant, un appel peut \u00eatre fait par \u00e9crit au pr\u00e9sident de la SCP.<\/p>\n<h4>\u00c9quipe de r\u00e9daction<\/h4>\n<div style=\"text-align: center;\">\n<table border=\"1\" width=\"85%\" cellspacing=\"0\" cellpadding=\"5\">\n<tbody>\n<tr>\n<td>R\u00e9dactrice en chef<\/td>\n<td>Lisa Votta-Bleeker, Ph.D.<\/td>\n<td><a href=\"mailto:executiveoffice@cpa.ca\">executiveoffice@cpa.ca<\/a><\/td>\n<td><\/td>\n<\/tr>\n<tr>\n<td>Directrice des services de r\u00e9daction<\/td>\n<td>Sherene Chen-See<\/td>\n<td><a href=\"mailto:psynopsis@cpa.ca\">psynopsis@cpa.ca<\/a><\/td>\n<td><\/td>\n<\/tr>\n<tr>\n<td>R\u00e9dacteur(s) en chef invit\u00e9(s)<\/td>\n<td>Varie selon le num\u00e9ro<\/td>\n<td><a href=\"mailto:psynopsis@cpa.ca\">psynopsis@cpa.ca<\/a><\/td>\n<td><\/td>\n<\/tr>\n<\/tbody>\n<\/table>\n<\/div>\n","protected":false},"excerpt":{"rendered":"<p><!--more--><\/p>\n","protected":false},"author":2,"featured_media":0,"parent":1573,"menu_order":0,"comment_status":"closed","ping_status":"closed","template":"templates\/no-sidebar.php","meta":{"_acf_changed":false,"_monsterinsights_skip_tracking":false,"_monsterinsights_sitenote_active":false,"_monsterinsights_sitenote_note":"","_monsterinsights_sitenote_category":0,"footnotes":""},"class_list":["post-1580","page","type-page","status-publish","hentry"],"acf":[],"aioseo_notices":[],"publishpress_future_workflow_manual_trigger":{"enabledWorkflows":[]},"_links":{"self":[{"href":"https:\/\/cpa.ca\/fr\/wp-json\/wp\/v2\/pages\/1580","targetHints":{"allow":["GET"]}}],"collection":[{"href":"https:\/\/cpa.ca\/fr\/wp-json\/wp\/v2\/pages"}],"about":[{"href":"https:\/\/cpa.ca\/fr\/wp-json\/wp\/v2\/types\/page"}],"author":[{"embeddable":true,"href":"https:\/\/cpa.ca\/fr\/wp-json\/wp\/v2\/users\/2"}],"replies":[{"embeddable":true,"href":"https:\/\/cpa.ca\/fr\/wp-json\/wp\/v2\/comments?post=1580"}],"version-history":[{"count":6,"href":"https:\/\/cpa.ca\/fr\/wp-json\/wp\/v2\/pages\/1580\/revisions"}],"predecessor-version":[{"id":38445,"href":"https:\/\/cpa.ca\/fr\/wp-json\/wp\/v2\/pages\/1580\/revisions\/38445"}],"up":[{"embeddable":true,"href":"https:\/\/cpa.ca\/fr\/wp-json\/wp\/v2\/pages\/1573"}],"wp:attachment":[{"href":"https:\/\/cpa.ca\/fr\/wp-json\/wp\/v2\/media?parent=1580"}],"curies":[{"name":"wp","href":"https:\/\/api.w.org\/{rel}","templated":true}]}}