{"id":1582,"date":"2018-08-08T11:16:32","date_gmt":"2018-08-08T15:16:32","guid":{"rendered":"https:\/\/cpa.ca\/?page_id=1582"},"modified":"2026-02-09T13:14:06","modified_gmt":"2026-02-09T18:14:06","slug":"publicite","status":"publish","type":"page","link":"https:\/\/cpa.ca\/fr\/psynopsis\/publicite\/","title":{"rendered":"Publicit\u00e9 dans Psynopsis"},"content":{"rendered":"<p>Par l\u2019interm\u00e9diaire de la publicit\u00e9, <em>Psynopsis<\/em> offre la possibilit\u00e9 de joindre les praticiens, les chercheurs, les universitaires, les \u00e9tudiants, le gouvernement et diff\u00e9rents intervenants en sant\u00e9 mentale. Les annonces commerciales qui ont un lien avec la psychologie et qui sont pertinentes pour les membres de la SCP sont accept\u00e9es.<\/p>\n<p>Voici quelques exemples d\u2019annonces :<\/p>\n<ul>\n<li>Offres d\u2019emploi<\/li>\n<li>Produits et promotions<\/li>\n<li>\u00c9v\u00e9nements<\/li>\n<li>Formation continue<\/li>\n<li>Programmes universitaires<\/li>\n<li>Possibilit\u00e9s de recherche<\/li>\n<\/ul>\n<p>La publicit\u00e9 non commerciale sera accept\u00e9e, si l\u2019espace le permet (p. ex., publicit\u00e9 pour les membres des sections). Tous les fichiers doivent \u00eatre pr\u00e9sent\u00e9s en format PDF, JPEG ou EPS.<\/p>\n<p>Psynopsis est une publication tri-annuel. Dates limites de r\u00e9ception des annonces :<\/p>\n<ul>\n<li>Issue 1 \u2013 le 2 janvier<\/li>\n<li>Issue 2 \u2013 le 2 mai<\/li>\n<li>Issue 3 \u2013 le 2 septembre<\/li>\n<\/ul>\n<p><a href=\"https:\/\/cpa.ca\/docs\/File\/Psynopsis\/Psynopsis%20Rate%20Sheet%20FR%202025-Final.pdf\" target=\"_blank\" rel=\"noopener noreferrer\">Tarifs publicitaires 2025<\/a><\/p>\n<p>Pour placer une annonce dans Psynopsis veuillez remplir ce formulaire :<br \/>\n <a href=\"https:\/\/cpa.ca\/machform\/view.php?id=163648\" target=\"_blank\" rel=\"noopener\">https:\/\/cpa.ca\/machform\/view.php?id=163648<\/a><br \/>\nPour vous renseigner, contactez :<br \/>\n<a href=\"mailto:advertising@cpa.ca?subject=Psynopsis%20Advertisement%20Inquiry\">Emily McIntosh<\/a><br \/>\nT\u00e9l. : (613) 237-2144, poste 1325<br \/>\nNum\u00e9ro sans frais : 1-888-472-0657, poste 1325<\/p>\n<p>Pour en savoir plus, veuillez envoyer un courriel \u00e0 <a href=\"mailto:psynopsis@cpa.ca\" target=\"_blank\" rel=\"noopener noreferrer\">psynopsis@cpa.ca<\/a> afin de recevoir une copie de notre trousse d\u2019information.<\/p>\n","protected":false},"excerpt":{"rendered":"<p><!--more--><\/p>\n","protected":false},"author":2,"featured_media":0,"parent":1573,"menu_order":0,"comment_status":"closed","ping_status":"closed","template":"","meta":{"_acf_changed":false,"_monsterinsights_skip_tracking":false,"_monsterinsights_sitenote_active":false,"_monsterinsights_sitenote_note":"","_monsterinsights_sitenote_category":0,"footnotes":""},"class_list":["post-1582","page","type-page","status-publish","hentry"],"acf":[],"aioseo_notices":[],"publishpress_future_workflow_manual_trigger":{"enabledWorkflows":[]},"_links":{"self":[{"href":"https:\/\/cpa.ca\/fr\/wp-json\/wp\/v2\/pages\/1582","targetHints":{"allow":["GET"]}}],"collection":[{"href":"https:\/\/cpa.ca\/fr\/wp-json\/wp\/v2\/pages"}],"about":[{"href":"https:\/\/cpa.ca\/fr\/wp-json\/wp\/v2\/types\/page"}],"author":[{"embeddable":true,"href":"https:\/\/cpa.ca\/fr\/wp-json\/wp\/v2\/users\/2"}],"replies":[{"embeddable":true,"href":"https:\/\/cpa.ca\/fr\/wp-json\/wp\/v2\/comments?post=1582"}],"version-history":[{"count":7,"href":"https:\/\/cpa.ca\/fr\/wp-json\/wp\/v2\/pages\/1582\/revisions"}],"predecessor-version":[{"id":46123,"href":"https:\/\/cpa.ca\/fr\/wp-json\/wp\/v2\/pages\/1582\/revisions\/46123"}],"up":[{"embeddable":true,"href":"https:\/\/cpa.ca\/fr\/wp-json\/wp\/v2\/pages\/1573"}],"wp:attachment":[{"href":"https:\/\/cpa.ca\/fr\/wp-json\/wp\/v2\/media?parent=1582"}],"curies":[{"name":"wp","href":"https:\/\/api.w.org\/{rel}","templated":true}]}}