{"id":1659,"date":"2018-08-09T15:29:37","date_gmt":"2018-08-09T19:29:37","guid":{"rendered":"https:\/\/cpa.ca\/aproposdelascp\/comites\/convention\/"},"modified":"2025-09-24T16:33:33","modified_gmt":"2025-09-24T20:33:33","slug":"convention","status":"publish","type":"page","link":"https:\/\/cpa.ca\/fr\/aproposdelascp\/comites\/convention\/","title":{"rendered":"Comit\u00e9 du congr\u00e8s"},"content":{"rendered":"<table border=\"1\" cellspacing=\"0\" cellpadding=\"4\">\n<tbody>\n<tr>\n<td valign=\"top\" width=\"30%\">\n<h4>Pr\u00e9sident :<\/h4>\n<\/td>\n<td valign=\"top\">Julie Auger<\/td>\n<\/tr>\n<tr>\n<td valign=\"top\">\n<h4>Membres\u00a0:<\/h4>\n<\/td>\n<td valign=\"top\">Dr. Anita Gupta (Relation avec le conseil d\u2019administration)<br \/>\nMegan Ames<br \/>\nIloradanon Efimoff<br \/>\nSara Hagstrom<br \/>\nJanine Hubbard<br \/>\nLindie Liang<br \/>\nAmir Sepehry (membre d\u2019office : lien des sections avec le conseil d\u2019administration)<br \/>\n<em>Personnel\u00a0 (Observers)<\/em><br \/>\nDenise Robertson (gestionnaire du programme du congr\u00e8s)<\/td>\n<\/tr>\n<tr>\n<td valign=\"top\">\n<h4>Mandat\u00a0:<\/h4>\n<\/td>\n<td valign=\"top\">Le Comit\u00e9 du congr\u00e8s a pour mandat de planifier et d\u2019organiser le congr\u00e8s national annuel de la SCP.<span style=\"font-family: inherit; font-size: inherit;\">.<\/span><\/td>\n<\/tr>\n<tr>\n<td valign=\"top\">\n<h4>Objectifs\u00a0:<\/h4>\n<\/td>\n<td valign=\"top\">Veiller \u00e0 ce que le congr\u00e8s constitue un cadre propice permettant aux psychologues et aux \u00e9tudiants en psychologie du Canada, ainsi qu\u2019\u00e0 toute personne int\u00e9ress\u00e9e, de se tenir au courant des plus r\u00e9centes avanc\u00e9es dans le domaine de la psychologie.<\/p>\n<p>Veiller \u00e0 ce que les sections de la SCP, les organisations de psychologie concern\u00e9es ainsi que l\u2019ensemble des psychologues et \u00e9tudiants canadiens sentent qu\u2019ils font partie int\u00e9grante du congr\u00e8s.<\/p>\n<p>Contribuer \u00e0 l\u2019avancement des connaissances scientifiques, de l\u2019\u00e9ducation et de la formation ainsi que de la pratique publique et priv\u00e9e en psychologie et dans les domaines connexes.<\/p>\n<p>Mettre en place un cadre op\u00e9rationnel permettant de concr\u00e9tiser les objectifs et les strat\u00e9gies \u00e0 court et \u00e0 long terme du congr\u00e8s.<\/p>\n<p>Promouvoir la psychologie aupr\u00e8s du public et soutenir les enjeux pertinents de politiques publiques par le biais des activit\u00e9s du congr\u00e8s.<\/td>\n<\/tr>\n<tr>\n<td valign=\"top\">\n<h4>Page Web :<\/h4>\n<\/td>\n<td valign=\"top\"><a href=\"https:\/\/cpa.ca\/fr\/aproposdelascp\/comites\/convention\/\">https:\/\/cpa.ca\/fr\/aproposdelascp\/comites\/convention\/<\/a><\/td>\n<\/tr>\n<tr>\n<td valign=\"top\">\n<h4>Pour nous joindre\u00a0:<\/h4>\n<\/td>\n<td valign=\"top\"><a href=\"mailto:conventionmanager@cpa.ca\">conventionmanager@cpa.ca<\/a><\/td>\n<\/tr>\n<\/tbody>\n<\/table>\n<p><!----------\n\n\n<h4>Goals<\/h4>\n\n\nThe Convention Committee aims to make each convention a vital event in the life of Canadian psychology, where friends and colleagues meet for the dissemination of scientific knowledge, for the acquisition of skills, for formal and informal networking and to meet old friends.\n\n\n<ol>\n \t\n\n<li>To ensure the Convention is a milieu for all Canadian psychologists, psychology students and interested others to be well informed of recent findings in the field of psychology.<\/li>\n\n\n \t\n\n<li>To ensure the CPA sections, relevant psychology organizations and all Canadian psychologists and students feel they are an integral part of the Convention.<\/li>\n\n\n \t\n\n<li>To contribute to the advancement of scientific knowledge, education and training and public and private practice in psychology and related fields.<\/li>\n\n\n \t\n\n<li>To develop an operational framework to realize the short- and long-term goals and strategies of the Convention.<\/li>\n\n\n \t\n\n<li>To promote psychology to the public and to support relevant public policy issues through Convention activities.<\/li>\n\n\n<\/ol>\n\n\n\n\n<h4>Terms of Reference<\/h4>\n\n\n\n\n<ol>\n \t\n\n<li>To advise and guide Convention planning.<\/li>\n\n\n \t\n\n<li>To review as required proposals, nominations, and venue-specific plans for the current and future years\u2019 conventions.<\/li>\n\n\n \t\n\n<li>To provide representative input into convention planning from CPA\u2019s constituencies and related organizations and parties.<\/li>\n\n\n \t\n\n<li>To promote a spirit of inclusiveness regarding the Convention within the CPA membership, with sections, with other relevant associations and organizations, with the media and with the political infrastructure.<\/li>\n\n\n \t\n\n<li>To engage in a process of continuous quality improvement through a cycle of evaluation, planning and action.<\/li>\n\n\n<\/ol>\n\n\n----------------><\/p>\n<h4>Accountability<\/h4>\n<p>The Convention Committee is a management committee of the Board of Directors and reports to the Board through the Board of Director designates as the Board Liaison (generally the CPA\u2019s President), who serves as a member of the Convention Committee.<\/p>\n<h4>Membership<\/h4>\n<p>The Convention Committee is composed of the CPA\u2019s Events Staff, Board Liaison to the Convention Committee, Board of Director representing the Council of Sections, at least four representatives from CPA sections (representing clusters of related areas), two to four student representatives, and other representatives as identified for a given convention year (e.g., co-conference partner representative). \u00a0The CPA\u2019s Events Director serves as Chair of the Convention Committee.<\/p>\n<h4>Committee Size and Activity<\/h4>\n<p>The Committee needs to be active, with communications occurring at a frequency of once a month at a minimum. Committee membership is a good training and recruitment tool for senior positions within the Association and Committee members are excellent informed ambassadors for the CPA and about the CPA\u2019s activities.<\/p>\n<h4>Responsibilities of Committee Members<\/h4>\n<p>The Convention Committee members are responsible for pursuing the vision and terms of reference of the Committee.\u00a0To this effect, members participate in all discussions pertaining to the Convention, work on projects or issues brought forward by the Committee, the Board of Directors, the Sections, and the membership as appropriate.<\/p>\n<h4>Membership Term<\/h4>\n<p>Committee members are invited by the Convention Committee Chair for one year with the intention that members will serve for a three (3) year term. Membership recruitment and retirement is staggered to ensure continuity and Committee institutional memory.<\/p>\n<h4>Meetings and Reporting<\/h4>\n<p>Throughout the year, the convention committee will meet virtually on a monthly basis. Communication will be supplemented through e-mail. \u00a0Meetings are minuted.\u00a0Regular communication of the plans and activities of the Committee will be provided to the membership through the Sections and monthly convention newsletters, as well as information on the web site, and to the Board of Directors through reports to each Board meeting by the Board Liaison. The Committee holds a debrief meeting at the conclusion of each Convention.<\/p>\n","protected":false},"excerpt":{"rendered":"<p> <!--more--><\/p>\n","protected":false},"author":2,"featured_media":0,"parent":1281,"menu_order":0,"comment_status":"closed","ping_status":"closed","template":"","meta":{"_acf_changed":false,"_monsterinsights_skip_tracking":false,"_monsterinsights_sitenote_active":false,"_monsterinsights_sitenote_note":"","_monsterinsights_sitenote_category":0,"footnotes":""},"class_list":["post-1659","page","type-page","status-publish","hentry"],"acf":[],"aioseo_notices":[],"publishpress_future_workflow_manual_trigger":{"enabledWorkflows":[]},"_links":{"self":[{"href":"https:\/\/cpa.ca\/fr\/wp-json\/wp\/v2\/pages\/1659","targetHints":{"allow":["GET"]}}],"collection":[{"href":"https:\/\/cpa.ca\/fr\/wp-json\/wp\/v2\/pages"}],"about":[{"href":"https:\/\/cpa.ca\/fr\/wp-json\/wp\/v2\/types\/page"}],"author":[{"embeddable":true,"href":"https:\/\/cpa.ca\/fr\/wp-json\/wp\/v2\/users\/2"}],"replies":[{"embeddable":true,"href":"https:\/\/cpa.ca\/fr\/wp-json\/wp\/v2\/comments?post=1659"}],"version-history":[{"count":6,"href":"https:\/\/cpa.ca\/fr\/wp-json\/wp\/v2\/pages\/1659\/revisions"}],"predecessor-version":[{"id":44497,"href":"https:\/\/cpa.ca\/fr\/wp-json\/wp\/v2\/pages\/1659\/revisions\/44497"}],"up":[{"embeddable":true,"href":"https:\/\/cpa.ca\/fr\/wp-json\/wp\/v2\/pages\/1281"}],"wp:attachment":[{"href":"https:\/\/cpa.ca\/fr\/wp-json\/wp\/v2\/media?parent=1659"}],"curies":[{"name":"wp","href":"https:\/\/api.w.org\/{rel}","templated":true}]}}