{"id":1678,"date":"2018-08-09T16:03:51","date_gmt":"2018-08-09T20:03:51","guid":{"rendered":"https:\/\/cpa.ca\/aproposdelascp\/comites\/cpataskforces\/"},"modified":"2025-02-18T12:02:05","modified_gmt":"2025-02-18T17:02:05","slug":"cpataskforces","status":"publish","type":"page","link":"https:\/\/cpa.ca\/fr\/aproposdelascp\/comites\/cpataskforces\/","title":{"rendered":"Rapports des groupes de travail de la SCP"},"content":{"rendered":"<p><em><strong>Toutes nos excuses.\u00a0Cette page n&#8217;est pas enti\u00e8rement disponible en fran\u00e7ais.<\/strong><\/em><\/p>\n<p>Au besoin, le conseil d\u2019administration de la SCP met sur pied des groupes de travail charg\u00e9s d\u2019explorer diverses questions qui touchent la science, la pratique et la formation en psychologie.<\/p>\n<p>&nbsp;<\/p>\n<h3>RAPPORTS DES GROUPES DE TRAVAIL<\/h3>\n<ul>\n<li><span class=\"new\">NOUVEAU<\/span> <a href=\"\/docs\/File\/Task_Forces\/Practice_Guidelines_End_of_Life_Decisions_CPATaskforceReport_BoardApproved_March12020FR.pdf\" target=\"_blank\" rel=\"noopener noreferrer\"><em><strong>MAiD Task Force Report &amp; Practice Guidelines for Psychologists Involved in End of Life Decisions<\/strong><\/em><\/a> (PDF).<\/li>\n<li><span class=\"new\">NOUVEAU<\/span> \u00c9nonc\u00e9 de position de la SCP: <a href=\"\/docs\/File\/Task_Forces\/20_087_100_CPA Title Task Force Report - FINAL_FR.pdf\" target=\"_blank\" rel=\"noopener noreferrer\"><em><strong>Groupe de travail de la SCP sur le titre de psychologue : Suggestions de dispositions type<\/strong><\/em><\/a> (PDF).<\/li>\n<li><!--<span class=\"new\">NEW<\/span> -->\u00c9nonc\u00e9 de position de la SCP: <a href=\"\/docs\/File\/Task_Forces\/OpioidTaskforceReport_June2019-FR.pdf\" target=\"_blank\" rel=\"noopener noreferrer\"><em><strong>Recommandations pour faire face \u00e0 la crise des opio\u00efdes au Canada<\/strong><\/em><\/a> (PDF).<\/li>\n<li><!--<span class=\"new\" date=\"10\/25\/2018\">NOUVEAU<\/span>  -->Le groupe de travail de la SCP sur le suivi des progr\u00e8s et des r\u00e9sultats en psychoth\u00e9rapie a pr\u00e9par\u00e9 un rapport sur l&#8217;importance de l&#8217;\u00e9valuation r\u00e9guli\u00e8re en psychoth\u00e9rapie avec des recommendations relatives \u00e0 la mise en oeuvre, le maintient et la formation du suivi des progr\u00e8s et des r\u00e9sultats. <a href=\"\/docs\/File\/Task_Forces\/CPA_TaskForce_on_Outcome_and_Progress_Monitoring_Report_may2018_FINAL-FR.pdf\" target=\"_blank\" rel=\"noopener noreferrer\">Lire le rapport<\/a> (PDF).<\/li>\n<li><!--<span class=\"new\" date=\"05\/31\/2018\">NOUVEAU<\/span> --><a href=\"\/docs\/File\/Task_Forces\/TRC_TaskForceReport_FINAL_FR.pdf\" target=\"_blank\" rel=\"noopener noreferrer\">R\u00e9ponse de la psychologie au rapport de la Commission de v\u00e9rit\u00e9 et r\u00e9conciliation du Canada<\/a> (PDF).<\/li>\n<li><!--<span class=\"new\" date=\"05\/31\/2018\">NOUVEAU<\/span> --><a href=\"\/docs\/File\/Task_Forces\/Medical Assistance in Dying and End of Life Care_FINAL.pdf\" target=\"_blank\" rel=\"noopener noreferrer\">l\u2019aide m\u00e9dicale \u00e0 mourrir et les soins en fin de vie<\/a> (PDF).<\/li>\n<li><!--<span class=\"new\" date=\"01\/17\/2018\">NOUVEAU<\/span> --><a href=\"\/docs\/File\/Position\/Fitness to Stand Trial and Criminal Responsibility Assessments in Canada.pdf\" target=\"_blank\" rel=\"noopener noreferrer\">Fitness to Stand Trial and Criminal Responsibility Assessments in Canada<\/a> (PDF).<\/li>\n<li><!--<span class=\"new\" date=\"03\/21\/2017\">NEW<\/span> --><a href=\"\/docs\/File\/SupplyAndDemand\/CPA_Internship_Residency_SupplyandDemand_TaskForceReport_March2017.pdf\" target=\"_blank\" rel=\"noopener noreferrer\">Supply and Demand for Accredited Doctoral Internship\/ Residency Positions in Clinical, Counselling, and School Psychology in Canada<\/a> (PDF).<\/li>\n<li><a href=\"\/docs\/File\/Task_Forces\/taskforceonthefutureofpubliclyfundedpsychologicalservicesincanada_2014final.pdf\" target=\"_blank\" rel=\"noopener noreferrer\">CPA Task Force on the Future of Publicly Funded Psychology Services in Canada<\/a> (PDF).<\/li>\n<li><a href=\"\/docs\/File\/Practice\/Report_of_the_EBP_Task_Force_FINAL_Board_Approved_2012.pdf\" target=\"_blank\" rel=\"noopener noreferrer\">Evidence-Based Practice of Psychological Treatments:\u00a0A Canadian Perspective<\/a> (PDF).<\/li>\n<li><a href=\"\/docs\/File\/Task_Forces\/CPA_SDTaskForceFinalReport_Oct2010.pdf\" target=\"_blank\" rel=\"noopener noreferrer\">CPA Task Force on the Supply of Psychologists in Canada<\/a> (PDF).<\/li>\n<li><a href=\"\/docs\/File\/Task_Forces\/CPA_RxPTaskForce_FinalReport_Dec2010_RevJ17.pdf\" target=\"_blank\" rel=\"noopener noreferrer\">CPA Task Force on Prescriptive Authority for Psychologists in\u00a0Canada<\/a> (PDF).<\/li>\n<\/ul>\n<p>&nbsp;<\/p>\n<h3><\/h3>\n","protected":false},"excerpt":{"rendered":"<p><!--more--><\/p>\n","protected":false},"author":2,"featured_media":0,"parent":1281,"menu_order":0,"comment_status":"closed","ping_status":"closed","template":"","meta":{"_acf_changed":false,"_monsterinsights_skip_tracking":false,"_monsterinsights_sitenote_active":false,"_monsterinsights_sitenote_note":"","_monsterinsights_sitenote_category":0,"footnotes":""},"class_list":["post-1678","page","type-page","status-publish","hentry"],"acf":[],"aioseo_notices":[],"publishpress_future_workflow_manual_trigger":{"enabledWorkflows":[]},"_links":{"self":[{"href":"https:\/\/cpa.ca\/fr\/wp-json\/wp\/v2\/pages\/1678","targetHints":{"allow":["GET"]}}],"collection":[{"href":"https:\/\/cpa.ca\/fr\/wp-json\/wp\/v2\/pages"}],"about":[{"href":"https:\/\/cpa.ca\/fr\/wp-json\/wp\/v2\/types\/page"}],"author":[{"embeddable":true,"href":"https:\/\/cpa.ca\/fr\/wp-json\/wp\/v2\/users\/2"}],"replies":[{"embeddable":true,"href":"https:\/\/cpa.ca\/fr\/wp-json\/wp\/v2\/comments?post=1678"}],"version-history":[{"count":6,"href":"https:\/\/cpa.ca\/fr\/wp-json\/wp\/v2\/pages\/1678\/revisions"}],"predecessor-version":[{"id":41770,"href":"https:\/\/cpa.ca\/fr\/wp-json\/wp\/v2\/pages\/1678\/revisions\/41770"}],"up":[{"embeddable":true,"href":"https:\/\/cpa.ca\/fr\/wp-json\/wp\/v2\/pages\/1281"}],"wp:attachment":[{"href":"https:\/\/cpa.ca\/fr\/wp-json\/wp\/v2\/media?parent=1678"}],"curies":[{"name":"wp","href":"https:\/\/api.w.org\/{rel}","templated":true}]}}