{"id":1698,"date":"2017-10-21T15:15:38","date_gmt":"2017-10-21T19:15:38","guid":{"rendered":"https:\/\/cpa.ca\/public\/"},"modified":"2023-05-26T12:22:46","modified_gmt":"2023-05-26T16:22:46","slug":"public","status":"publish","type":"page","link":"https:\/\/cpa.ca\/fr\/public\/","title":{"rendered":"Public"},"content":{"rendered":"<p>Dans l\u2019optique de faire progresser et de promouvoir la psychologie au b\u00e9n\u00e9fice de tous, l\u2019un des quatre objectifs de la SCP est d\u2019am\u00e9liorer la sant\u00e9 et le bien-\u00eatre de tous les Canadiens.<\/p>\n<p>La psychologie est une composante importante du tissu social du Canada. Le Canada est un vaste pays, qui pr\u00e9sente une grande diversit\u00e9. L\u2019information contenue dans la pr\u00e9sente section vise \u00e0 expliquer clairement la place de la psychologie au Canada et d\u2019aider les Canadiens et les personnes de l\u2019\u00e9tranger \u00e0 comprendre :<\/p>\n<ul>\n<li>Comment est organis\u00e9e la psychologie au Canada<\/li>\n<li>Ce que font les psychologues, comment trouver un psychologue et \u00e0 quoi s\u2019attendre lorsqu\u2019on fait appel aux services d\u2019un psychologue<\/li>\n<li>Comment les psychologues et les psychologues dipl\u00f4m\u00e9s sont form\u00e9s, et les crit\u00e8res autorisant les psychologues \u00e0 exercer leur profession<\/li>\n<li>les possibilit\u00e9s de carri\u00e8re en psychologie<\/li>\n<\/ul>\n<p>Dans les universit\u00e9s canadiennes, les <a href=\"\/fr\/etudiants\/resources\/universitescanadiennes\/\">d\u00e9partements de psychologie<\/a> m\u00e8nent des recherches dans une vaste gamme de domaines, notamment les neurosciences, les sciences de la sant\u00e9 et les sciences sociales. On y forme \u00e9galement nos \u00e9tudiants, qui constituent la prochaine g\u00e9n\u00e9ration de psychologues et de psychologues dipl\u00f4m\u00e9s.<\/p>\n<p>Les services psychologiques sont fournis dans les \u00e9coles, les cabinets priv\u00e9s, les entreprises, les centres de sant\u00e9, les h\u00f4pitaux, les prisons, les tribunaux, les bureaux d\u2019aide sociale, les centres de r\u00e9adaptation et les milieux de travail, pour n\u2019en nommer que quelques-uns. Ces services sont fournis par les gouvernements ou dans le secteur priv\u00e9.<\/p>\n<p>Les gouvernements des provinces et des territoires sont responsables des services psychologiques publics et de la <a href=\"\/fr\/public\/unpsychologue\/organismesreglementation\/\">r\u00e9glementation de la psychologie<\/a>.<\/p>\n<p>Les ressortissants \u00e9trangers qui souhaitent \u00e9tudier ou travailler au Canada dans le domaine de la psychologie trouveront ici des renseignements utiles sur <a href=\"\/docs\/File\/Facts%20for%20Foreign%20Nationals_FINAL.pdf\" target=\"_blank\" rel=\"noopener noreferrer\">l\u2019\u00e9tude et la pratique de la psychologie<\/a>.<\/p>\n","protected":false},"excerpt":{"rendered":"<p><!--more--><\/p>\n","protected":false},"author":1,"featured_media":2860,"parent":0,"menu_order":2,"comment_status":"closed","ping_status":"closed","template":"templates\/landing-page.php","meta":{"_acf_changed":false,"_monsterinsights_skip_tracking":false,"_monsterinsights_sitenote_active":false,"_monsterinsights_sitenote_note":"","_monsterinsights_sitenote_category":0,"footnotes":""},"class_list":["post-1698","page","type-page","status-publish","has-post-thumbnail","hentry"],"acf":[],"aioseo_notices":[],"publishpress_future_workflow_manual_trigger":{"enabledWorkflows":[]},"_links":{"self":[{"href":"https:\/\/cpa.ca\/fr\/wp-json\/wp\/v2\/pages\/1698","targetHints":{"allow":["GET"]}}],"collection":[{"href":"https:\/\/cpa.ca\/fr\/wp-json\/wp\/v2\/pages"}],"about":[{"href":"https:\/\/cpa.ca\/fr\/wp-json\/wp\/v2\/types\/page"}],"author":[{"embeddable":true,"href":"https:\/\/cpa.ca\/fr\/wp-json\/wp\/v2\/users\/1"}],"replies":[{"embeddable":true,"href":"https:\/\/cpa.ca\/fr\/wp-json\/wp\/v2\/comments?post=1698"}],"version-history":[{"count":6,"href":"https:\/\/cpa.ca\/fr\/wp-json\/wp\/v2\/pages\/1698\/revisions"}],"predecessor-version":[{"id":33971,"href":"https:\/\/cpa.ca\/fr\/wp-json\/wp\/v2\/pages\/1698\/revisions\/33971"}],"wp:featuredmedia":[{"embeddable":true,"href":"https:\/\/cpa.ca\/fr\/wp-json\/wp\/v2\/media\/2860"}],"wp:attachment":[{"href":"https:\/\/cpa.ca\/fr\/wp-json\/wp\/v2\/media?parent=1698"}],"curies":[{"name":"wp","href":"https:\/\/api.w.org\/{rel}","templated":true}]}}