{"id":1703,"date":"2018-08-10T15:03:39","date_gmt":"2018-08-10T19:03:39","guid":{"rendered":"https:\/\/cpa.ca\/public\/what-is-a-psychologist\/"},"modified":"2024-04-24T15:57:58","modified_gmt":"2024-04-24T19:57:58","slug":"unpsychologue","status":"publish","type":"page","link":"https:\/\/cpa.ca\/fr\/public\/unpsychologue\/","title":{"rendered":"Un psychologue, c&#8217;est quoi?"},"content":{"rendered":"<h3>PSYCHOLOGUES : QUI SONT-ILS, CE QU\u2019ILS FONT ET QUI ILS AIDENT<\/h3>\n<p> \u2013 une vid\u00e9o cr\u00e9\u00e9e par le Coll\u00e8ge des psychologues du Nouveau-Brunswick qui traite du r\u00f4le des psychologues et de l\u2019influence de la psychologie dans notre vie de tous les jours.<br \/>\n<iframe loading=\"lazy\" width=\"560\" height=\"315\" src=\"https:\/\/www.youtube.com\/embed\/nmThVD7xz8A?si=ITBJDDY8zbXc4Xit\" title=\"YouTube video player\" frameborder=\"0\" allow=\"accelerometer; autoplay; clipboard-write; encrypted-media; gyroscope; picture-in-picture; web-share\" referrerpolicy=\"strict-origin-when-cross-origin\" allowfullscreen><\/iframe><\/p>\n<hr \/>\n<div class=\"textwrapright\" style=\"max-width: 250px; padding: 5px; margin: 5px; border: thin silver solid;\"><a href=\"https:\/\/cpa.ca\/docs\/File\/Advocacy\/Value_of_a_Psychologist-April2023-FR.pdf\" target=\"_blank\" rel=\"noopener\"><img decoding=\"async\" src=\"https:\/\/cpa.ca\/docs\/File\/Advocacy\/whatisapsychologist-FR.png\" \/><br \/>\n<strong>Qu\u2019est-ce qu\u2019un psychologue et comment peut-il vous aider<\/strong><\/a> (PDF)<\/div>\n<p>Le psychologue \u00e9tudie la fa\u00e7on de penser, de se sentir et de se comporter d\u2019un point de vue scientifique et applique ces connaissances en vue d\u2019aider les personnes \u00e0 comprendre, \u00e0 expliquer et \u00e0 modifier leur comportement.<\/p>\n<h4 style=\"display: inline-block;\">O\u00f9 travaillent les psychologues?<\/h4>\n<p>Certains psychologues travaillent surtout \u00e0 titre de chercheurs et de professeurs dans les universit\u00e9s et les organismes gouvernementaux et non gouvernementaux. D\u2019autres travaillent principalement \u00e0 titre de praticiens dans les h\u00f4pitaux, les \u00e9coles, les cliniques, les organismes de correction, les programmes d\u2019aide aux employ\u00e9s et les cabinets priv\u00e9s. Bon nombre de psychologues sont actifs en recherche et dans la pratique.<\/p>\n<h4><strong>Que font les psychologues?<\/strong><\/h4>\n<p>Les psychologues s\u2019engagent dans la recherche, la pratique et l\u2019enseignement d\u2019une vaste gamme de sujets ayant trait \u00e0 la fa\u00e7on de penser, de sentir et de se comporter des personnes. Leur travail peut s\u2019effectuer aupr\u00e8s d\u2019individus, de groupes, de familles ainsi que de grands organismes du gouvernement et de l\u2019industrie. Certains psychologues axent leur recherche sur les animaux plut\u00f4t que sur les personnes. Voici certains genres de sujets sur lesquels se penchent les psychologues dans leur recherche et leur pratique :<\/p>\n<ul>\n<li>les probl\u00e8mes de sant\u00e9 mentale comme la d\u00e9pression, l\u2019anxi\u00e9t\u00e9, les phobies, etc.;<\/li>\n<li>les d\u00e9terminants neurologiques, g\u00e9n\u00e9tiques, psychologiques et sociaux du comportement;<\/li>\n<li>les traumatismes cr\u00e2niens, les maladies d\u00e9g\u00e9n\u00e9ratives du cerveau;<\/li>\n<li>la perception et la gestion de la souffrance;<\/li>\n<li>les facteurs et les probl\u00e8mes psychologiques associ\u00e9s aux conditions physiques et \u00e0 la maladie (p. ex. le diab\u00e8te, la maladie du c\u0153ur, l\u2019accident c\u00e9r\u00e9bro-vasculaire);<\/li>\n<li>les facteurs psychologiques et la gestion des maladies terminales comme le cancer;<\/li>\n<li>les fonctions cognitives comme l\u2019apprentissage, la m\u00e9moire, la r\u00e9solution de probl\u00e8mes, l\u2019attitude intellectuelle et le rendement;<\/li>\n<li>les capacit\u00e9s et les probl\u00e8mes de d\u00e9veloppement et de comportement sur la dur\u00e9e de vie;<\/li>\n<li>le comportement criminel, la pr\u00e9vention du crime, les services aux victimes et aux auteurs d\u2019activit\u00e9 criminelle;<\/li>\n<li>les toxicomanies et l\u2019abus de l\u2019alcool et des drogues (p. ex. le tabagisme, l\u2019alcoolisme, la pharmacod\u00e9pendance);<\/li>\n<li>le stress, la col\u00e8re et d\u2019autres aspects de la gestion du style de vie;<\/li>\n<li>les consultations aupr\u00e8s des tribunaux concernant l\u2019impact et le r\u00f4le de facteurs psychologiques et cognitifs dans les accidents et les blessures, les aptitudes parentales et la comp\u00e9tence d\u2019une personne \u00e0 g\u00e9rer ses affaires personnelles;<\/li>\n<li>l\u2019application des facteurs et des probl\u00e8mes psychologiques en milieu de travail comme la motivation, le leadership, la productivit\u00e9, la commercialisation, les milieux de travail sains, la rationalisation du travail;<\/li>\n<li>les rapports et les probl\u00e8mes maritaux et familiaux;<\/li>\n<li>les facteurs psychologiques n\u00e9cessaires pour maintenir le bien-\u00eatre et pr\u00e9venir la maladie;<\/li>\n<li>le comportement et les attitudes sociaux et culturels, les rapports entre l\u2019individu et les nombreux groupes dont il fait partie (p. ex. le travail, la famille, la soci\u00e9t\u00e9); et<\/li>\n<li>le r\u00f4le et l\u2019incidence des facteurs psychologiques sur le rendement au travail, la r\u00e9cr\u00e9ation et le sport.<\/li>\n<\/ul>\n<h4>Quelle est la diff\u00e9rence entre un psychologue et un psychiatre?<\/h4>\n<p>Au Canada, les professionnels qui traitent le plus souvent les personnes souffrant de probl\u00e8mes de sant\u00e9 mentale sont les psychologues et les psychiatres. Un psychologue est titulaire d\u2019une ma\u00eetrise et\/ou d\u2019un doctorat en psychologie qui suppose de six \u00e0 dix ann\u00e9es d\u2019\u00e9tudes universitaires sur la fa\u00e7on que les personnes pensent, se sentent et se comportent. Les psychologues qui sont titulaires d\u2019un doctorat peuvent utiliser le titre \u00ab Dr \u00bb. Les psychologues qui pratiquent (et donc qui sont titulaires d\u2019une licence) auront le plus souvent compl\u00e9t\u00e9 leur formation universitaire de troisi\u00e8me cycle en psychologie clinique, en psychologie de l\u2019orientation, en neuropsychologie clinique ou en psychop\u00e9dagogie\/psychologie scolaire.<\/p>\n<p>M\u00eame si les psychologues sont titulaires d\u2019une licence g\u00e9n\u00e9rale et pas dans les domaines de sp\u00e9cialit\u00e9 particuliers, ils doivent d\u00e9clarer leurs domaines de comp\u00e9tences \u00e0 l\u2019organisme de r\u00e9glementation et sont tenus de pratiquer \u00e0 l\u2019int\u00e9rieur des limites de leur comp\u00e9tence. Il est important que, par exemple, un psychologue qui pratique la neuropsychologie (l\u2019\u00e9valuation et le traitement des probl\u00e8mes de pens\u00e9e ou des fonctions c\u00e9r\u00e9brales qui peuvent se produire apr\u00e8s un accident ou un accident vasculaire c\u00e9r\u00e9bral par exemple) a \u00e9t\u00e9 form\u00e9 dans le domaine de la neuropsychologie. Un psychologue qui travaille avec les enfants devrait avoir \u00e9t\u00e9 form\u00e9 dans le domaine de la psychologie de l\u2019enfant et ainsi de suite. Habituellement, le psychologue aura re\u00e7u sa formation \u00e0 l\u2019\u00e9cole des \u00e9tudes sup\u00e9rieures o\u00f9 il aura choisi les cours et les exp\u00e9riences de formation de mani\u00e8re \u00e0 se pr\u00e9parer \u00e0 travailler au sein d\u2019un domaine de sp\u00e9cialit\u00e9 particulier. Il arrive que les psychologues poursuivent une formation sp\u00e9cialis\u00e9e apr\u00e8s l\u2019obtention de son dipl\u00f4me en poursuivant, par exemple, une bourse de recherche postdoctorale.<\/p>\n<p>Un psychologue praticien est form\u00e9 \u00e0 \u00e9valuer et \u00e0 diagnostiquer les probl\u00e8mes dans la pens\u00e9e, les sentiments et le comportement ainsi qu\u2019\u00e0 aider les personnes \u00e0 surmonter ces probl\u00e8mes ou \u00e0 les g\u00e9rer. Le psychologue a notamment \u00e9t\u00e9 form\u00e9 dans l\u2019utilisation de tests psychologiques pour aider \u00e0 l\u2019\u00e9valuation et au diagnostic. Les psychologues aident les personnes \u00e0 surmonter ou \u00e0 g\u00e9rer leurs probl\u00e8mes \u00e0 l\u2019aide d\u2019une vari\u00e9t\u00e9 de traitements ou de psychoth\u00e9rapies.<\/p>\n<p>Les psychiatres sont des m\u00e9decins en titre sp\u00e9cialis\u00e9s en sant\u00e9 mentale et en maladie mentale. Les psychiatres utilisent souvent des m\u00e9dicaments pour aider \u00e0 leurs clients \u00e0 g\u00e9rer leur maladie mentale et il y a certaines maladies mentales pour lesquelles les m\u00e9dicaments sont tout \u00e0 fait n\u00e9cessaires (par exemple la schizophr\u00e9nie et certaines d\u00e9pressions). Certains psychiatres font \u00e9galement de la psychoth\u00e9rapie de mani\u00e8re tr\u00e8s semblable aux psychologues. Pour obtenir plus d\u2019information sur l\u2019\u00e9tude et la pratique de la psychiatrie, veuillez visiter le site Web de l\u2019Association des psychiatres du Canada <a href=\"http:\/\/www.cpa-apc.org\/\">www.cpa-apc.org<\/a>.<\/p>\n<p>Parfois un client peut consulter son m\u00e9decin de famille au sujet des m\u00e9dicaments qu\u2019il prend dans le cadre de sa psychoth\u00e9rapie avec un psychologue. Certains m\u00e9decins de famille ont un int\u00e9r\u00eat et de la formation dans le traitement des probl\u00e8mes psychologiques.<\/p>\n","protected":false},"excerpt":{"rendered":"<p><!--more--><\/p>\n","protected":false},"author":2,"featured_media":0,"parent":1698,"menu_order":0,"comment_status":"closed","ping_status":"closed","template":"","meta":{"_acf_changed":false,"_monsterinsights_skip_tracking":false,"_monsterinsights_sitenote_active":false,"_monsterinsights_sitenote_note":"","_monsterinsights_sitenote_category":0,"footnotes":""},"class_list":["post-1703","page","type-page","status-publish","hentry"],"acf":[],"aioseo_notices":[],"publishpress_future_workflow_manual_trigger":{"enabledWorkflows":[]},"_links":{"self":[{"href":"https:\/\/cpa.ca\/fr\/wp-json\/wp\/v2\/pages\/1703","targetHints":{"allow":["GET"]}}],"collection":[{"href":"https:\/\/cpa.ca\/fr\/wp-json\/wp\/v2\/pages"}],"about":[{"href":"https:\/\/cpa.ca\/fr\/wp-json\/wp\/v2\/types\/page"}],"author":[{"embeddable":true,"href":"https:\/\/cpa.ca\/fr\/wp-json\/wp\/v2\/users\/2"}],"replies":[{"embeddable":true,"href":"https:\/\/cpa.ca\/fr\/wp-json\/wp\/v2\/comments?post=1703"}],"version-history":[{"count":6,"href":"https:\/\/cpa.ca\/fr\/wp-json\/wp\/v2\/pages\/1703\/revisions"}],"predecessor-version":[{"id":38114,"href":"https:\/\/cpa.ca\/fr\/wp-json\/wp\/v2\/pages\/1703\/revisions\/38114"}],"up":[{"embeddable":true,"href":"https:\/\/cpa.ca\/fr\/wp-json\/wp\/v2\/pages\/1698"}],"wp:attachment":[{"href":"https:\/\/cpa.ca\/fr\/wp-json\/wp\/v2\/media?parent=1703"}],"curies":[{"name":"wp","href":"https:\/\/api.w.org\/{rel}","templated":true}]}}