{"id":1709,"date":"2018-08-10T15:30:17","date_gmt":"2018-08-10T19:30:17","guid":{"rendered":"https:\/\/cpa.ca\/public\/unpsychologue\/accreditation\/"},"modified":"2020-11-30T16:56:03","modified_gmt":"2020-11-30T21:56:03","slug":"agrement","status":"publish","type":"page","link":"https:\/\/cpa.ca\/fr\/public\/unpsychologue\/agrement\/","title":{"rendered":"Agr\u00e9ment des programmes"},"content":{"rendered":"<p>Les praticiens individuels de la psychologie sont titulaires d\u2019une licence et les programmes en psychologie peuvent \u00eatre agr\u00e9\u00e9s.<\/p>\n<p>C\u2019est le programme de doctorat ou d\u2019internat (et pas les \u00e9tudiants) qui doit volontairement demander et obtenir l\u2019agr\u00e9ment. Un \u00e9tudiant peut all\u00e9guer qu\u2019il est dipl\u00f4m\u00e9 d\u2019un programme agr\u00e9\u00e9, si le programme a re\u00e7u l\u2019agr\u00e9ment au moment o\u00f9 on lui a d\u00e9cern\u00e9 son dipl\u00f4me.<\/p>\n<p>L\u2019agr\u00e9ment est un processus volontaire qui permet de d\u00e9montrer que les programmes de doctorat et d\u2019internat satisfont les normes communautaires de formation.<\/p>\n<p>Bien que l\u2019obtention d\u2019un dipl\u00f4me d\u2019un programme de doctorat agr\u00e9\u00e9 ne soit pas une exigence d\u2019agr\u00e9ment \u00e0 titre de psychologue au Canada, non plus que toujours une exigence des employeurs, il peut comporter un avantage. Les candidats \u00e0 l\u2019agr\u00e9ment ou \u00e0 la licence qui sont dipl\u00f4m\u00e9s de programmes agr\u00e9\u00e9s re\u00e7oivent souvent des examens de titre de comp\u00e9tences \u00ab en acc\u00e9l\u00e9r\u00e9 \u00bb des organismes de r\u00e9glementation. Par surcro\u00eet, les programmes agr\u00e9\u00e9s sont encourag\u00e9s \u00e0 embaucher des professeurs et du personnel qui sont eux-m\u00eames dipl\u00f4m\u00e9s de programmes agr\u00e9\u00e9s.<\/p>\n<p>La SCP assure l\u2019agr\u00e9ment des programmes et des internats de doctorat dans des domaines professionnels de la psychologie. Une liste des programmes agr\u00e9\u00e9s par la SCP se trouve sur notre site Web.<\/p>\n<p>Les normes et proc\u00e9dures d\u2019agr\u00e9ment des programmes de doctorat et d\u2019internat en psychologie de la SCP est offert en format PDF sur le site Web de la SCP.<\/p>\n","protected":false},"excerpt":{"rendered":"<p><!--more--><\/p>\n","protected":false},"author":2,"featured_media":0,"parent":1703,"menu_order":0,"comment_status":"closed","ping_status":"closed","template":"","meta":{"_acf_changed":false,"_monsterinsights_skip_tracking":false,"_monsterinsights_sitenote_active":false,"_monsterinsights_sitenote_note":"","_monsterinsights_sitenote_category":0,"footnotes":""},"class_list":["post-1709","page","type-page","status-publish","hentry"],"acf":[],"aioseo_notices":[],"publishpress_future_workflow_manual_trigger":{"enabledWorkflows":[]},"_links":{"self":[{"href":"https:\/\/cpa.ca\/fr\/wp-json\/wp\/v2\/pages\/1709","targetHints":{"allow":["GET"]}}],"collection":[{"href":"https:\/\/cpa.ca\/fr\/wp-json\/wp\/v2\/pages"}],"about":[{"href":"https:\/\/cpa.ca\/fr\/wp-json\/wp\/v2\/types\/page"}],"author":[{"embeddable":true,"href":"https:\/\/cpa.ca\/fr\/wp-json\/wp\/v2\/users\/2"}],"replies":[{"embeddable":true,"href":"https:\/\/cpa.ca\/fr\/wp-json\/wp\/v2\/comments?post=1709"}],"version-history":[{"count":4,"href":"https:\/\/cpa.ca\/fr\/wp-json\/wp\/v2\/pages\/1709\/revisions"}],"predecessor-version":[{"id":17649,"href":"https:\/\/cpa.ca\/fr\/wp-json\/wp\/v2\/pages\/1709\/revisions\/17649"}],"up":[{"embeddable":true,"href":"https:\/\/cpa.ca\/fr\/wp-json\/wp\/v2\/pages\/1703"}],"wp:attachment":[{"href":"https:\/\/cpa.ca\/fr\/wp-json\/wp\/v2\/media?parent=1709"}],"curies":[{"name":"wp","href":"https:\/\/api.w.org\/{rel}","templated":true}]}}