{"id":1714,"date":"2018-08-10T15:35:11","date_gmt":"2018-08-10T19:35:11","guid":{"rendered":"https:\/\/cpa.ca\/public\/unpsychologue\/provincial-and-territorial-associations\/"},"modified":"2024-11-27T15:39:22","modified_gmt":"2024-11-27T20:39:22","slug":"societesprovinciales","status":"publish","type":"page","link":"https:\/\/cpa.ca\/fr\/public\/unpsychologue\/societesprovinciales\/","title":{"rendered":"Soci\u00e9t\u00e9s provinciales et territoriales"},"content":{"rendered":"<p><!-- Soci\u00e9t\u00e9s provinciales et territoriales --><\/p>\n<p>La Soci\u00e9t\u00e9 canadienne de psychologie est une association professionnelle nationale dont le mandat est de satisfaire les besoins des psychologues canadiens et de d\u00e9fendre les int\u00e9r\u00eats de la science et de l\u2019exercice de la psychologie au Canada.<\/p>\n<p>Chaque province et territoire comptent aussi son association de psychologues avec des mandats semblables au sein de leurs propres provinces ou territoires. De plus, les associations provinciales et territoriales g\u00e8rent souvent des services d\u2019aiguillage et peuvent aider les membres du public \u00e0 acc\u00e9der \u00e0 des services de psychologie.<\/p>\n<p><a href=\"https:\/\/cpap-cspp.ca\" target=\"_blank\" rel=\"noopener noreferrer\"><img decoding=\"async\" class=\"textwrapright\" style=\"max-width: 300px;\" src=\"\/docs\/File\/CPAP\/CPAP-logo.png\" alt=\"CSPP - Conseil des soci\u00e9t\u00e9s professionnelles de psychologues\" \/><\/a>Toutes les associations sont membres de <a href=\"https:\/\/cpap-cspp.ca\" target=\"_blank\" rel=\"noopener noreferrer\">CSPP (Conseil des soci\u00e9t\u00e9s professionnelles de psychologues)<\/a>.<\/p>\n<p>De plus, toutes les associations provinciales et territoriales sont membres de la Direction g\u00e9n\u00e9rale de la pratique de la Soci\u00e9t\u00e9 canadienne de psychologie, un conseil qui fonctionne comme un organisme autonome et qui se rapporte au Conseil d\u2019administration de la SCP pour les questions relatives aux politiques et aux finances. <a href=\"https:\/\/cpa.ca\/fr\/pratique\/practicedirectorate\/\">Cliquez ici pour en savoir plus sur la Direction g\u00e9n\u00e9rale de la pratique<\/a>.<\/p>\n<p><!--Le <a target=\"_blank\" href=\"http:\/\/www.crhspp.ca\/\" rel=\"noopener noreferrer\">R&eacute;pertoire canadien des psychologues <\/a>offrant des services de sant&eacute; compte une liste de psychologues qui ont pr&eacute;sent&eacute; de fa&ccedil;on volontaire leurs titres de comp&eacute;tences pour fins d&rsquo;&eacute;valuation en tant que fournisseur de services de sant&eacute;.\n\n--><\/p>\n<article style=\"-webkit-column-width: 500px; -moz-column-width: 500px; column-width: 500px;\">\n<div style=\"border: thin silver solid; padding: 5px; -webkit-column-break-inside: avoid; page-break-inside: avoid; break-inside: avoid; min-height: 150px;\"><a href=\"http:\/\/www.psychologistsassociation.ab.ca\/\" target=\"_blank\" rel=\"noopener noreferrer\"><img decoding=\"async\" class=\"textwrapleft\" style=\"max-width: 200px; max-height: 120px;\" src=\"\/docs\/File\/CPAP\/alberta.jpg\" alt=\"Psychologists\u2019 Association of Alberta\" border=\"0\" \/><\/a><\/p>\n<h3 style=\"display: inline-block; margin-top: -10px;\">Alberta<\/h3>\n<p><a href=\"http:\/\/www.psychologistsassociation.ab.ca\/\" target=\"_blank\" rel=\"noopener noreferrer\">Psychologists\u2019 Association of Alberta<\/a><br \/>\n<strong><em>Trouver un psychologue : <\/em><\/strong> <a href=\"https:\/\/psychologistsassociation.ab.ca\/members\/\" target=\"_blank\" rel=\"noopener noreferrer\">https:\/\/psychologistsassociation.ab.ca\/members\/<\/a><\/p>\n<\/div>\n<p>&nbsp;<\/p>\n<div style=\"border: thin silver solid; padding: 5px; -webkit-column-break-inside: avoid; page-break-inside: avoid; break-inside: avoid; min-height: 150px;\">\n<p><a href=\"http:\/\/www.psychologists.bc.ca\/\" target=\"_blank\" rel=\"noopener noreferrer\"><img decoding=\"async\" class=\"textwrapleft\" style=\"max-width: 200px; max-height: 120px;\" src=\"\/docs\/File\/CPAP\/bc.jpg\" alt=\"British Columbia Psychological Association\" border=\"0\" \/><\/a><\/p>\n<h3 style=\"display: inline-block; margin-top: -10px;\">Colombie-Britannique<\/h3>\n<p><a href=\"http:\/\/www.psychologists.bc.ca\/\" target=\"_blank\" rel=\"noopener noreferrer\">British Columbia Psychological Association<\/a><br \/>\n<strong><em>Trouver un psychologue : <\/em><\/strong> <a href=\"https:\/\/www.psychologists.bc.ca\/find_psychologist\" target=\"_blank\" rel=\"noopener noreferrer\">https:\/\/www.psychologists.bc.ca\/find_psychologist<\/a><\/p>\n<\/div>\n<p>&nbsp;<\/p>\n<div style=\"border: thin silver solid; padding: 5px; -webkit-column-break-inside: avoid; page-break-inside: avoid; break-inside: avoid; min-height: 150px;\">\n<p><a href=\"https:\/\/www.papei.org\/\" target=\"_blank\" rel=\"noopener noreferrer\"><img decoding=\"async\" class=\"textwrapleft\" style=\"max-width: 200px; max-height: 120px;\" src=\"\/docs\/File\/CPAP\/pei.jpg\" alt=\"Psychological Association of Prince Edward Island\" border=\"0\" \/><\/a><\/p>\n<h3 style=\"display: inline-block; margin-top: -10px;\">\u00cele du Prince-\u00c9douard<\/h3>\n<p><a href=\"https:\/\/www.papei.org\/\" target=\"_blank\" rel=\"noopener noreferrer\">Psychological Association of Prince Edward Island<\/a><br \/>\n<strong><em>Trouver un psychologue : <\/em><\/strong> <a href=\"https:\/\/www.papei.org\/private-practice-directory\" target=\"_blank\" rel=\"noopener noreferrer\">https:\/\/www.papei.org\/private-practice-directory<\/a><\/p>\n<\/div>\n<p>&nbsp;<\/p>\n<div style=\"border: thin silver solid; padding: 5px; -webkit-column-break-inside: avoid; page-break-inside: avoid; break-inside: avoid; min-height: 150px;\">\n<p><a href=\"http:\/\/www.mps.ca\/\" target=\"_blank\" rel=\"noopener noreferrer\"><img decoding=\"async\" class=\"textwrapleft\" style=\"max-width: 200px; max-height: 120px;\" src=\"\/docs\/File\/CPAP\/manitoba.jpg\" alt=\"Manitoba Psychological Society\" border=\"0\" \/><\/a><\/p>\n<h3 style=\"display: inline-block; margin-top: -10px;\">Manitoba<\/h3>\n<p><a href=\"http:\/\/www.mps.ca\/\" target=\"_blank\" rel=\"noopener noreferrer\">Manitoba Psychological Society<\/a><br \/>\n<strong><em>Trouver un psychologue : <\/em><\/strong> <a href=\"https:\/\/mps.ca\/find-psychologist\/\" target=\"_blank\" rel=\"noopener noreferrer\">https:\/\/mps.ca\/find-psychologist\/<\/a><\/p>\n<\/div>\n<p>&nbsp;<\/p>\n<div style=\"border: thin silver solid; padding: 5px; -webkit-column-break-inside: avoid; page-break-inside: avoid; break-inside: avoid; min-height: 150px;\">\n<p><a href=\"https:\/\/cpnb.ca\/fr\/\" target=\"_blank\" rel=\"noopener noreferrer\"><img decoding=\"async\" class=\"textwrapleft\" style=\"max-width: 200px; max-height: 120px;\" src=\"\/docs\/File\/CPAP\/nouveaubrunswick.png\" alt=\"Coll\u00e8ge des psychologues du Nouveau-Brunswick \" border=\"0\" \/><\/a><\/p>\n<h3 style=\"display: inline-block; margin-top: -10px;\">Nouveau-Brunswick<\/h3>\n<p><a href=\"https:\/\/cpnb.ca\/fr\/\" target=\"_blank\" rel=\"noopener noreferrer\">Coll\u00e8ge des psychologues du Nouveau-Brunswick <\/a><br \/>\n<strong><em>Trouver un psychologue : <\/em><\/strong> <a href=\"https:\/\/cpnb.ca\/en\/definitions\/finding-a-psychologist\/\" target=\"_blank\" rel=\"noopener noreferrer\">https:\/\/cpnb.ca\/en\/definitions\/finding-a-psychologist\/<\/a><\/p>\n<\/div>\n<p>&nbsp;<\/p>\n<div style=\"border: thin silver solid; padding: 5px; -webkit-column-break-inside: avoid; page-break-inside: avoid; break-inside: avoid; min-height: 150px;\">\n<p><a href=\"https:\/\/apns.ca\/\" target=\"_blank\" rel=\"noopener noreferrer\"><img decoding=\"async\" class=\"textwrapleft\" style=\"max-width: 200px; max-height: 120px;\" src=\"\/docs\/File\/CPAP\/novascotia.jpg\" alt=\"Association of Psychologists of Nova Scotia\" border=\"0\" \/><\/a><\/p>\n<h3 style=\"display: inline-block; margin-top: -10px;\">Nouvelle-\u00c9cosse<\/h3>\n<p><a href=\"https:\/\/apns.ca\/\" target=\"_blank\" rel=\"noopener noreferrer\">Association of Psychologists of Nova Scotia<\/a><br \/>\n<strong><em>Trouver un psychologue : <\/em><\/strong> <a href=\"https:\/\/apns.ca\/find-a-psychologist\/\" target=\"_blank\" rel=\"noopener noreferrer\">https:\/\/apns.ca\/find-a-psychologist\/<\/a><\/p>\n<\/div>\n<p>&nbsp;<\/p>\n<div style=\"border: thin silver solid; padding: 5px; -webkit-column-break-inside: avoid; page-break-inside: avoid; break-inside: avoid; min-height: 150px;\">\n<h3 style=\"display: inline-block; margin-top: -10px;\">Nunavut<\/h3>\n<p>Pas d&#8217;association<\/p>\n<\/div>\n<p>&nbsp;<\/p>\n<div style=\"border: thin silver solid; padding: 5px; -webkit-column-break-inside: avoid; page-break-inside: avoid; break-inside: avoid; min-height: 150px;\">\n<p><a href=\"http:\/\/www.psych.on.ca\/\" target=\"_blank\" rel=\"noopener noreferrer\"><img decoding=\"async\" class=\"textwrapleft\" style=\"max-width: 200px; max-height: 120px;\" src=\"\/docs\/File\/CPAP\/ontario.jpg\" alt=\"Ontario Psychological Association\" border=\"0\" \/><\/a><\/p>\n<h3 style=\"display: inline-block; margin-top: -10px;\">Ontario<\/h3>\n<p><a href=\"http:\/\/www.psych.on.ca\/\" target=\"_blank\" rel=\"noopener noreferrer\">Ontario Psychological Association<\/a><br \/>\n<strong><em>Trouver un psychologue : <\/em><\/strong> <a href=\"https:\/\/www.psych.on.ca\/Public\/Find-a-Psychologist\" target=\"_blank\" rel=\"noopener noreferrer\">https:\/\/www.psych.on.ca\/Public\/Find-a-Psychologist<\/a><\/p>\n<\/div>\n<p>&nbsp;<\/p>\n<div style=\"border: thin silver solid; padding: 5px; -webkit-column-break-inside: avoid; page-break-inside: avoid; break-inside: avoid; min-height: 150px;\">\n<p><a href=\"http:\/\/www.apqc.ca\/\" target=\"_blank\" rel=\"noopener noreferrer\"><img decoding=\"async\" class=\"textwrapleft\" style=\"max-width: 200px; max-height: 120px;\" src=\"\/docs\/File\/CPAP\/AssocQuebec.png\" alt=\"Association des psychologues du Qu\u00e9bec\" border=\"0\" \/><\/a><\/p>\n<h3 style=\"display: inline-block; margin-top: -10px;\">Qu\u00e9bec<\/h3>\n<p><a href=\"http:\/\/www.apqc.ca\/\" target=\"_blank\" rel=\"noopener noreferrer\">Association des psychologues du Qu\u00e9bec<\/a><br \/>\n<strong><em>Trouver un psychologue : <\/em><\/strong> <a href=\"http:\/\/www.apqc.ca\/spip.php?page=references&amp;var_mode=recalcul\" target=\"_blank\" rel=\"noopener noreferrer\">http:\/\/www.apqc.ca\/spip.php?page=references&amp;var_mode=recalcul<\/a><\/p>\n<\/div>\n<p>&nbsp;<\/p>\n<div style=\"border: thin silver solid; padding: 5px; -webkit-column-break-inside: avoid; page-break-inside: avoid; break-inside: avoid; min-height: 150px;\">\n<p><a href=\"http:\/\/psychsask.ca\/\" target=\"_blank\" rel=\"noopener noreferrer\"><img decoding=\"async\" class=\"textwrapleft\" style=\"max-width: 200px; max-height: 120px;\" src=\"\/docs\/File\/CPAP\/saskatchewan.jpg\" alt=\"Psychology Association of Saskatchewan\" border=\"0\" \/><\/a><\/p>\n<h3 style=\"display: inline-block; margin-top: -10px;\">Saskatchewan<\/h3>\n<p><a href=\"http:\/\/psychsask.ca\/\" target=\"_blank\" rel=\"noopener noreferrer\">Psychology Association of Saskatchewan<\/a><br \/>\n<strong><em>Trouver un psychologue : <\/em><\/strong><\/p>\n<ul>\n<li style=\"list-style-type: none;\">\n<ul>Recherche par emplacement\u00a0:<\/ul>\n<\/li>\n<\/ul>\n<p><a href=\"https:\/\/www.psychsask.ca\/for-the-public\/search-by-location\" target=\"_blank\" rel=\"noopener noreferrer\">https:\/\/www.psychsask.ca\/for-the-public\/search-by-location<\/a><\/p>\n<ul>\n<li style=\"list-style-type: none;\">\n<ul>Recherche par type de service\u00a0:<\/ul>\n<\/li>\n<\/ul>\n<p><a href=\"https:\/\/www.psychsask.ca\/for-the-public\/search-by-service-type\" target=\"_blank\" rel=\"noopener noreferrer\">https:\/\/www.psychsask.ca\/for-the-public\/search-by-service-type<\/a><\/div>\n<p>&nbsp;<\/p>\n<div style=\"border: thin silver solid; padding: 5px; -webkit-column-break-inside: avoid; page-break-inside: avoid; break-inside: avoid; min-height: 150px;\">\n<p><a href=\"http:\/\/www.apnl.ca\/\" target=\"_blank\" rel=\"noopener noreferrer\"><img decoding=\"async\" class=\"textwrapleft\" style=\"max-width: 200px; max-height: 120px;\" src=\"\/docs\/File\/CPAP\/newfoundland.jpg\" alt=\"Association of Psychology in Newfoundland and Labrador\" border=\"0\" \/><\/a><\/p>\n<h3 style=\"display: inline-block; margin-top: -10px;\">Terre-Neuve et Labrador<\/h3>\n<p><a href=\"http:\/\/www.apnl.ca\/\" target=\"_blank\" rel=\"noopener noreferrer\">Association of Psychology in Newfoundland and Labrador<\/a><br \/>\n<strong><em>Trouver un psychologue : <\/em><\/strong> <a href=\"http:\/\/www.apnl.ca\/find-a-psychologist\" target=\"_blank\" rel=\"noopener noreferrer\">http:\/\/www.apnl.ca\/find-a-psychologist<\/a><\/p>\n<\/div>\n<p>&nbsp;<\/p>\n<div style=\"border: thin silver solid; padding: 5px; -webkit-column-break-inside: avoid; page-break-inside: avoid; break-inside: avoid; min-height: 150px;\">\n<p><a href=\"https:\/\/www.apnwt.org\/\" target=\"_blank\" rel=\"noopener noreferrer\"><img decoding=\"async\" class=\"textwrapleft\" style=\"max-width: 200px; max-height: 120px;\" src=\"\/docs\/File\/CPAP\/northwestterritories.jpg\" alt=\"Association of Psychologists of the Northwest Territories\" border=\"0\" \/><\/a><\/p>\n<h3 style=\"display: inline-block; margin-top: -10px;\">Territoires du Nord-Ouest<\/h3>\n<p><a href=\"https:\/\/www.apnwt.org\/\" target=\"_blank\" rel=\"noopener noreferrer\">Association of Psychologists of the Northwest Territories<\/a><br \/>\n<strong><em>Trouver un psychologue : <\/em><\/strong> <a href=\"https:\/\/www.apnwt.org\/members\" target=\"_blank\" rel=\"noopener noreferrer\">https:\/\/www.apnwt.org\/members<\/a><\/p>\n<\/div>\n<p>&nbsp;<\/p>\n<div style=\"border: thin silver solid; padding: 5px; -webkit-column-break-inside: avoid; page-break-inside: avoid; break-inside: avoid; min-height: 150px;\">\n<a href=\"https:\/\/www.psychologicalsocietyyukon.org\/\" target=\"_blank\" rel=\"noopener noreferrer\"><img decoding=\"async\" class=\"textwrapleft\" style=\"max-width: 200px; max-height: 120px;\" src=\"\/docs\/File\/CPAP\/yukon.jpg\" alt=\"Psychological Society of Yukon\" border=\"0\" \/><\/a><\/p>\n<h3 style=\"display: inline-block; margin-top: -10px;\">Yukon<\/h3>\n<p><a href=\"https:\/\/www.psychologicalsocietyyukon.org\/\" target=\"_blank\" rel=\"noopener noreferrer\">Psychological Society of Yukon<\/a><\/p>\n<\/div>\n<\/article>\n","protected":false},"excerpt":{"rendered":"<p><!--more--><\/p>\n","protected":false},"author":2,"featured_media":0,"parent":1703,"menu_order":0,"comment_status":"closed","ping_status":"closed","template":"","meta":{"_acf_changed":false,"_monsterinsights_skip_tracking":false,"_monsterinsights_sitenote_active":false,"_monsterinsights_sitenote_note":"","_monsterinsights_sitenote_category":0,"footnotes":""},"class_list":["post-1714","page","type-page","status-publish","hentry"],"acf":[],"aioseo_notices":[],"publishpress_future_workflow_manual_trigger":{"enabledWorkflows":[]},"_links":{"self":[{"href":"https:\/\/cpa.ca\/fr\/wp-json\/wp\/v2\/pages\/1714","targetHints":{"allow":["GET"]}}],"collection":[{"href":"https:\/\/cpa.ca\/fr\/wp-json\/wp\/v2\/pages"}],"about":[{"href":"https:\/\/cpa.ca\/fr\/wp-json\/wp\/v2\/types\/page"}],"author":[{"embeddable":true,"href":"https:\/\/cpa.ca\/fr\/wp-json\/wp\/v2\/users\/2"}],"replies":[{"embeddable":true,"href":"https:\/\/cpa.ca\/fr\/wp-json\/wp\/v2\/comments?post=1714"}],"version-history":[{"count":7,"href":"https:\/\/cpa.ca\/fr\/wp-json\/wp\/v2\/pages\/1714\/revisions"}],"predecessor-version":[{"id":40886,"href":"https:\/\/cpa.ca\/fr\/wp-json\/wp\/v2\/pages\/1714\/revisions\/40886"}],"up":[{"embeddable":true,"href":"https:\/\/cpa.ca\/fr\/wp-json\/wp\/v2\/pages\/1703"}],"wp:attachment":[{"href":"https:\/\/cpa.ca\/fr\/wp-json\/wp\/v2\/media?parent=1714"}],"curies":[{"name":"wp","href":"https:\/\/api.w.org\/{rel}","templated":true}]}}