{"id":1720,"date":"2018-08-10T15:44:55","date_gmt":"2018-08-10T19:44:55","guid":{"rendered":"https:\/\/cpa.ca\/public\/unpsychologue\/provincial-and-territorial-regulatory-bodies\/"},"modified":"2025-03-26T14:00:16","modified_gmt":"2025-03-26T18:00:16","slug":"organismesreglementation","status":"publish","type":"page","link":"https:\/\/cpa.ca\/fr\/public\/unpsychologue\/organismesreglementation\/","title":{"rendered":"Organismes Canadiens de r\u00e9glementation"},"content":{"rendered":"<p>Chaque province et territoire a aussi des organismes r\u00e9glementaires dont la responsabilit\u00e9 est de superviser l\u2019autorisation d\u2019exercer des psychologues dans sa province ou territoire respectif.<\/p>\n<p><strong>Alberta<\/strong><br \/>\n<a href=\"http:\/\/www.cap.ab.ca\" target=\"_blank\" rel=\"noopener noreferrer\">College of Alberta Psychologists<\/a><\/p>\n<p><strong>Colombie-Britannique<br \/>\n<\/strong><a href=\"http:\/\/www.collegeofpsychologists.bc.ca\/\" target=\"_blank\" rel=\"noopener noreferrer\">College of Psychologists of British Columbia\u00a0<\/a><\/p>\n<div><strong>\u00cele du Prince-\u00c9douard<br \/>\n<\/strong><a href=\"http:\/\/www.peipsychology.org\/peiprb\/\" target=\"_blank\" rel=\"noopener noreferrer\">Prince Edward Island Psychologists Registration Board<\/a><\/div>\n<div><\/div>\n<p><strong>Manitoba<\/strong><br \/>\n<a href=\"http:\/\/www.cpmb.ca\/\" target=\"_blank\" rel=\"noopener noreferrer\">Psychological Association of Manitoba<\/a><\/p>\n<p><strong>Nouveau-Brunswick<br \/>\n<\/strong><a href=\"http:\/\/www.cpnb.ca\/\" target=\"_blank\" rel=\"noopener noreferrer\">College of Psychologists of New Brunswick<\/a><\/p>\n<p><strong>Nouvelle-\u00c9cosse<br \/>\n<\/strong><a href=\"http:\/\/www.nsbep.org\/\" target=\"_blank\" rel=\"noopener noreferrer\">Nova Scotia Board of Examiners in Psychology<\/a><\/p>\n<p><strong>Nunavut<\/strong><br \/>\nRegistrar, Professional Licensing<br \/>\nNunavut Health and Social Services<br \/>\nGovernment of Nunavut Box 390<br \/>\nKugluktuk, Nunavut<br \/>\nX0B 0E0<br \/>\nT\u00e9l\u00e9phone : 867-767-9067<\/p>\n<p><strong>Ontario<\/strong><br \/>\n<a href=\"http:\/\/www.cpo.on.ca\/\" target=\"_blank\" rel=\"noopener noreferrer\">College of Psychologists of Ontario<\/a><\/p>\n<p><strong>Qu\u00e9bec<\/strong><br \/>\n<a href=\"http:\/\/www.ordrepsy.qc.ca\/\" target=\"_blank\" rel=\"noopener noreferrer\">Ordre des psychologues du Qu\u00e9bec <\/a><\/p>\n<p><strong>Saskatchewan<\/strong><br \/>\n<a href=\"http:\/\/www.skcp.ca\/\" target=\"_blank\" rel=\"noopener noreferrer\">Saskatchewan College of Psychologists<\/a><\/p>\n<p><strong>Terre-Neuve\u00a0Labrador<\/strong><br \/>\n<a href=\"https:\/\/nlpsychboard.ca\/\" target=\"_blank\" rel=\"noopener noreferrer\">Newfoundland and Labrador Psychology Board<\/a><\/p>\n<p><strong>Territoires\u00a0du Nord-Ouest<\/strong><br \/>\nOffice of the Registrar, Northwest Territories (NWT) Professional Licensing<br \/>\nDepartment of Health and Social Services (H&#038;SS)<br \/>\nGovernment of the Northwest Territories (GNWT)<br \/>\n7th floor, Tatsaot\u0131\u0328\u0300ne (tah-sah-t\u2019ee-neh) Building<br \/>\n5015-49th Street , P.O. Box 1320 , Yellowknife NT  X1A 2L9<br \/>\nPhone: 867-767-9067<br \/>\nFax : 867-873-0484<br \/>\nEmail | Courriel : <a href=\"mailto:professional_licensing@gov.nt.ca\">professional_licensing@gov.nt.ca<\/a><br \/>\nWebsite: <a target=\"_blank\" href=\"http:\/\/www.hss.gov.nt.ca\/professional-licensing\" rel=\"noopener noreferrer\">http:\/\/www.hss.gov.nt.ca\/professional-licensing<\/a><\/p>\n<p><strong>Yukon<\/strong><br \/>\n<em>D\u00e9tails \u00e0 venir<\/em><\/p>\n","protected":false},"excerpt":{"rendered":"<p><!--more--><\/p>\n","protected":false},"author":2,"featured_media":0,"parent":1703,"menu_order":0,"comment_status":"closed","ping_status":"closed","template":"","meta":{"_acf_changed":false,"_monsterinsights_skip_tracking":false,"_monsterinsights_sitenote_active":false,"_monsterinsights_sitenote_note":"","_monsterinsights_sitenote_category":0,"footnotes":""},"class_list":["post-1720","page","type-page","status-publish","hentry"],"acf":[],"aioseo_notices":[],"publishpress_future_workflow_manual_trigger":{"enabledWorkflows":[]},"_links":{"self":[{"href":"https:\/\/cpa.ca\/fr\/wp-json\/wp\/v2\/pages\/1720","targetHints":{"allow":["GET"]}}],"collection":[{"href":"https:\/\/cpa.ca\/fr\/wp-json\/wp\/v2\/pages"}],"about":[{"href":"https:\/\/cpa.ca\/fr\/wp-json\/wp\/v2\/types\/page"}],"author":[{"embeddable":true,"href":"https:\/\/cpa.ca\/fr\/wp-json\/wp\/v2\/users\/2"}],"replies":[{"embeddable":true,"href":"https:\/\/cpa.ca\/fr\/wp-json\/wp\/v2\/comments?post=1720"}],"version-history":[{"count":6,"href":"https:\/\/cpa.ca\/fr\/wp-json\/wp\/v2\/pages\/1720\/revisions"}],"predecessor-version":[{"id":42154,"href":"https:\/\/cpa.ca\/fr\/wp-json\/wp\/v2\/pages\/1720\/revisions\/42154"}],"up":[{"embeddable":true,"href":"https:\/\/cpa.ca\/fr\/wp-json\/wp\/v2\/pages\/1703"}],"wp:attachment":[{"href":"https:\/\/cpa.ca\/fr\/wp-json\/wp\/v2\/media?parent=1720"}],"curies":[{"name":"wp","href":"https:\/\/api.w.org\/{rel}","templated":true}]}}