{"id":1766,"date":"2017-10-21T15:16:39","date_gmt":"2017-10-21T19:16:39","guid":{"rendered":"https:\/\/cpa.ca\/ce-que-nous-faisons\/practice\/"},"modified":"2024-12-02T16:11:15","modified_gmt":"2024-12-02T21:11:15","slug":"pratique","status":"publish","type":"page","link":"https:\/\/cpa.ca\/fr\/pratique\/","title":{"rendered":"Pratique"},"content":{"rendered":"<p>La pratique, la recherche et l\u2019enseignement sont au c\u0153ur du mandat de la SCP. Dans cette optique, la SCP se concentre, notamment, sur l\u2019acc\u00e8s aux services, les ressources humaines dans le domaine de la sant\u00e9, les soins adapt\u00e9s \u00e0 divers groupes, la pratique fond\u00e9e sur des donn\u00e9es probantes, la pratique en collaboration et la surveillance; de plus, la SCP participe \u00e0 diff\u00e9rentes activit\u00e9s de repr\u00e9sentation et partenariats, en plus de pr\u00e9sider des alliances vou\u00e9es \u00e0 la sant\u00e9 mentale, ou d\u2019y si\u00e9ger.<\/p>\n<p>Pour plus d\u2019informations sur les activit\u00e9s que m\u00e8ne la SCP au nom de la pratique \u00e0 l\u2019\u00e9chelon f\u00e9d\u00e9ral, veuillez communiquer avec la Dr Stewart Madon, directeur des affaires professionnelles, SCP, par courriel (<a href=\"mailto:smadon@cpa.ca\">smadon@cpa.ca<\/a>) ou par t\u00e9l\u00e9phone (613-237-2144, poste 1333, ou sans frais : 1-888-472-0675 poste 1333).<\/p>\n<div style=\"padding: 17px; text-align: center;\">\n<div style=\"line-height: 30px; vertical-align: middle; display: inline-block; width: 220px; height: 200px; max-width: 220px; max-height: 200px; padding: 20px; margin: 8px 8px 8px 8px; background-image: url('https:\/\/cpa.ca\/wp-content\/uploads\/2021\/08\/AccessToService.png'); background-repeat: no-repeat; background-size: 100% 100%;\">\n<p style=\"font-size: 20pt;\"><a style=\"text-decoration: none;\" href=\"https:\/\/cpa.ca\/fr\/pratique\/accesstoservice\/\"><span style=\"color: white; text-shadow: -1px 0 4px black, 0 1px 4px black, 1px 0 4px black, 0 -1px 4px black; font-weight: bolder; padding: 10px 0px 10px 0px;\">Acc\u00e8s aux services de sant\u00e9 mentale<\/span><\/a><\/p>\n<\/div>\n<div style=\"line-height: 30px; vertical-align: middle; display: inline-block; width: 220px; height: 200px; max-width: 220px; max-height: 200px; padding: 20px; margin: 8px 8px 8px 8px; background-image: url('https:\/\/cpa.ca\/wp-content\/uploads\/2021\/08\/multicultural.png'); background-repeat: no-repeat; background-size: 100% 100%;\">\n<p style=\"font-size: 20pt;\"><a style=\"text-decoration: none;\" href=\"https:\/\/cpa.ca\/fr\/pratique\/cultural\/\"><span style=\"color: white; text-shadow: -1px 0 4px black, 0 1px 4px black, 1px 0 4px black, 0 -1px 4px black; font-weight: bolder; padding: 10px 0px 10px 0px;\">Culturally Competent Care<\/span><\/a><\/p>\n<\/div>\n<div style=\"line-height: 30px; vertical-align: middle; display: inline-block; width: 220px; height: 200px; max-width: 220px; max-height: 200px; padding: 20px; margin: 8px 8px 8px 8px; background-image: url('https:\/\/cpa.ca\/wp-content\/uploads\/2021\/08\/taskforce.png'); background-repeat: no-repeat; background-size: 100% 100%;\">\n<p style=\"font-size: 20pt;\"><a style=\"text-decoration: none;\" href=\"https:\/\/cpa.ca\/fr\/supplyanddemand\/\"><span style=\"color: white; text-shadow: -1px 0 4px black, 0 1px 4px black, 1px 0 4px black, 0 -1px 4px black; font-weight: bolder; padding: 10px 0px 10px 0px;\">Supply And Demand of Psychologists<\/span><\/a><\/p>\n<\/div>\n<div style=\"line-height: 30px; vertical-align: middle; display: inline-block; width: 220px; height: 200px; max-width: 220px; max-height: 200px; padding: 20px; margin: 8px 8px 8px 8px; background-image: url('https:\/\/cpa.ca\/wp-content\/uploads\/2021\/08\/Office.png'); background-repeat: no-repeat; background-size: 100% 100%;\">\n<p style=\"font-size: 20pt;\"><a style=\"text-decoration: none;\" href=\"https:\/\/cpa.ca\/fr\/pratique\/practicesupport\/\"><span style=\"color: white; text-shadow: -1px 0 4px black, 0 1px 4px black, 1px 0 4px black, 0 -1px 4px black; font-weight: bolder; padding: 10px 0px 10px 0px;\">Soutien de la pratique<\/span><\/a><\/p>\n<\/div>\n<div style=\"line-height: 30px; vertical-align: middle; display: inline-block; width: 220px; height: 200px; max-width: 220px; max-height: 200px; padding: 20px; margin: 8px 8px 8px 8px; background-image: url('https:\/\/cpa.ca\/wp-content\/uploads\/2021\/08\/Resources.png'); background-repeat: no-repeat; background-size: 100% 100%;\">\n<p style=\"font-size: 20pt;\"><a style=\"text-decoration: none;\" href=\"https:\/\/cpa.ca\/fr\/pratique\/resourcesofinterest\/\"><span style=\"color: white; text-shadow: -1px 0 4px black, 0 1px 4px black, 1px 0 4px black, 0 -1px 4px black; font-weight: bolder; padding: 10px 0px 10px 0px;\">le r\u00e9seau de la pratique<\/span><\/a><\/p>\n<\/div>\n<div style=\"line-height: 30px; vertical-align: middle; display: inline-block; width: 220px; height: 200px; max-width: 220px; max-height: 200px; padding: 20px; margin: 8px 8px 8px 8px; background-image: url('https:\/\/cpa.ca\/wp-content\/uploads\/2021\/08\/megaphone.png'); background-repeat: no-repeat; background-size: 100% 100%;\">\n<p style=\"font-size: 20pt;\"><a style=\"text-decoration: none;\" href=\"https:\/\/cpa.ca\/fr\/advocacy\/\"><span style=\"color: white; text-shadow: -1px 0 4px black, 0 1px 4px black, 1px 0 4px black, 0 -1px 4px black; font-weight: bolder; padding: 10px 0px 10px 0px;\">D\u00e9fense des int\u00e9r\u00eats<\/span><\/a><\/p>\n<\/div>\n<\/div>\n<hr \/>\n<h2>Nouvelles de la pratique<\/h2>\n<div id=\"cptui\" class=\"cptui-shortcode default-shortcode cptui-shortcode-378\">\n\t\n\t\t<div id=\"cptui-45903\" class=\"cptui-entry post-45903 post type-post status-publish format-standard hentry category-pratique category-recherche category-spotlight-fr\">\n\n\t\t\t\n\t\t\t<div class=\"cptui-entry-header\">\n\n\t\t\t\t\n\t\t\t\t<h4 class=\"cptui-entry-title\"><a class=\"cptui-link\" href=\"https:\/\/cpa.ca\/fr\/survey-the-future-of-psychology-in-canada\/\">Sondage &#8211; L\u2019avenir de la psychologie au Canada<\/a><\/h4>\n\n\t\t\t\t\n\t\t\t<\/div><!-- .cptui-entry-header -->\n\n\t\t\t<div class=\"cptui-entry-summary\">\n\n\t\t\t\t\n\t\t\t\t<p>Le paysage de la psychologie, tant comme profession que comme discipline, \u00e9volue rapidement.<\/p>\n<p><strong>Au moyen d\u2019un sondage<\/strong>, la SCP souhaite en savoir plus sur vous et sur ce que vous consid\u00e9rez comme les d\u00e9fis auxquels sera confront\u00e9e la psychologie dans les domaines suivants\u00a0: la science, la pratique, et la formation et l\u2019\u00e9ducation. Les r\u00e9sultats de ce sondage serviront \u00e0 orienter les activit\u00e9s et les efforts de sensibilisation et de repr\u00e9sentation des int\u00e9r\u00eats de la SCP au cours de l\u2019ann\u00e9e \u00e0 venir.<\/p>\n<p>Pour acc\u00e9der au sondage, veuillez cliquer sur l\u2019un des liens ci-dessous\u00a0:<\/p>\n<p><strong>Fran\u00e7ais <\/strong>: <u><a href=\"https:\/\/web2.cpa.ca\/membersurveys\/index.php\/457183?lang=fr\" target=\"_blank\" rel=\"noopener\">https:\/\/web2.cpa.ca\/membersurveys\/index.php\/457183?lang=fr<\/a><\/u><\/p>\n<p><strong>Anglais <\/strong>: <u><a href=\"https:\/\/web2.cpa.ca\/membersurveys\/index.php\/457183?lang=en\" target=\"_blank\" rel=\"noopener\">https:\/\/web2.cpa.ca\/membersurveys\/index.php\/457183?lang=en<\/a><\/u><\/p>\n<p>La date limite pour r\u00e9pondre au sondage est le <strong>vendredi 27 mars 2026.<\/strong><\/p>\n\n\t\t\t\t\n\t\t\t<\/div><!-- .cptui-entry-summary -->\n\n\t\t<\/div><!-- #cptui-xxxxx .cptui-entry -->\n\n\t\t\n\t\t<div id=\"cptui-35792\" class=\"cptui-entry post-35792 post type-post status-publish format-standard hentry category-advocacy3fr category-pratique\">\n\n\t\t\t\n\t\t\t<div class=\"cptui-entry-header\">\n\n\t\t\t\t\n\t\t\t\t<h4 class=\"cptui-entry-title\"><a class=\"cptui-link\" href=\"https:\/\/cpa.ca\/fr\/cpa-releases-telepsychology-guidelines-september-2023\/\">La SCP publie des lignes directrices en mati\u00e8re de t\u00e9l\u00e9psychologie (septembre 2023)\u202f<\/a><\/h4>\n\n\t\t\t\t\n\t\t\t<\/div><!-- .cptui-entry-header -->\n\n\t\t\t<div class=\"cptui-entry-summary\">\n\n\t\t\t\t\n\t\t\t\t<p>Le conseil d\u2019administration de la SCP a approuv\u00e9 r\u00e9cemment la publication de nouvelles <a href=\"https:\/\/cpa.ca\/docs\/File\/Practice\/Telepsychology_Guidelines-September_2023-FR_FINAL.pdf\" target=\"_blank\" rel=\"noopener\">lignes directrices en mati\u00e8re de t\u00e9l\u00e9psychologie<\/a>. L\u2019objectif de ces lignes directrices est de fournir des orientations et du soutien aux psychologues canadiens afin de leur permettre d\u2019exercer leur profession de mani\u00e8re \u00e9thique, comp\u00e9tente et r\u00e9fl\u00e9chie lorsqu\u2019ils interviennent dans un environnement virtuel. Les lignes directrices remplacent les <em>lignes directrices d\u00e9ontologiques provisoires pour les psychologues fournissant des services psychologiques par voie \u00e9lectronique,<\/em> approuv\u00e9es en 2020.<\/p>\n<hr \/>\n\n\t\t\t\t\n\t\t\t<\/div><!-- .cptui-entry-summary -->\n\n\t\t<\/div><!-- #cptui-xxxxx .cptui-entry -->\n\n\t\t\n\t\t<div id=\"cptui-14611\" class=\"cptui-entry post-14611 post type-post status-publish format-standard hentry category-pratique\">\n\n\t\t\t\n\t\t\t<div class=\"cptui-entry-header\">\n\n\t\t\t\t\n\t\t\t\t<h4 class=\"cptui-entry-title\"><a class=\"cptui-link\" href=\"https:\/\/cpa.ca\/fr\/violence-evidence-guidance-action-vega-educational-resources\/\">Violence Evidence Guidance Action (VEGA) educational resources<\/a><\/h4>\n\n\t\t\t\t\n\t\t\t<\/div><!-- .cptui-entry-header -->\n\n\t\t\t<div class=\"cptui-entry-summary\">\n\n\t\t\t\t\n\t\t\t\t<p>Thanks to everyone who has helped us get to this \u201cgo live\u201d day!\u00a0 The Violence Evidence Guidance Action (VEGA) educational resources can now be accessed publicly.\u00a0 Here is how you can get access:<\/p>\n<h4>For new users<\/h4>\n<p>Visit\u00a0<a target=\"_blank\" href=\"https:\/\/vegaproject.mcmaster.ca\/\" rel=\"noopener noreferrer\">https:\/\/vegaproject.mcmaster.ca\/<\/a>.\u00a0 Scroll to the bottom of the page and click \u201cRegister now\u201d under \u2018Registration for Individuals\u201d.\u00a0 You will be taken to a simple form to fill out. \u00a0\u00a0The form will be in the same language as you see on the website. \u00a0Once submitted you will be sent a welcome email with your username, password, and login instructions.<\/p>\n<h4>For returning users<\/h4>\n<p>Visit\u00a0<a target=\"_blank\" href=\"https:\/\/vegaproject.mcmaster.ca\/\" rel=\"noopener noreferrer\">https:\/\/vegaproject.mcmaster.ca\/<\/a>\u00a0 Scroll to the bottom of the page and click \u201cClick here to login to the VEGA Education Resources Website\u201d under \u2018Already Registered\u2019.\u00a0 You will be taken directly to the login form of the VEGA Education Resources website.\u00a0 If you have forgotten your password or username, click on \u201cForgotten your username or password\u2019 to recover your login details.<\/p>\n<p>We hope that you will use these resources and encourage your colleagues to access them as well. \u00a0All comments including suggestions for improvements are welcome!\u00a0<\/p>\n<hr \/>\n\n\t\t\t\t\n\t\t\t<\/div><!-- .cptui-entry-summary -->\n\n\t\t<\/div><!-- #cptui-xxxxx .cptui-entry -->\n\n\t\t<\/div>\n","protected":false},"excerpt":{"rendered":"<p><!--more--><\/p>\n","protected":false},"author":1,"featured_media":0,"parent":0,"menu_order":1,"comment_status":"closed","ping_status":"closed","template":"templates\/no-sidebar.php","meta":{"_acf_changed":false,"_monsterinsights_skip_tracking":false,"_monsterinsights_sitenote_active":false,"_monsterinsights_sitenote_note":"","_monsterinsights_sitenote_category":0,"footnotes":""},"class_list":["post-1766","page","type-page","status-publish","hentry"],"acf":[],"aioseo_notices":[],"publishpress_future_workflow_manual_trigger":{"enabledWorkflows":[]},"_links":{"self":[{"href":"https:\/\/cpa.ca\/fr\/wp-json\/wp\/v2\/pages\/1766","targetHints":{"allow":["GET"]}}],"collection":[{"href":"https:\/\/cpa.ca\/fr\/wp-json\/wp\/v2\/pages"}],"about":[{"href":"https:\/\/cpa.ca\/fr\/wp-json\/wp\/v2\/types\/page"}],"author":[{"embeddable":true,"href":"https:\/\/cpa.ca\/fr\/wp-json\/wp\/v2\/users\/1"}],"replies":[{"embeddable":true,"href":"https:\/\/cpa.ca\/fr\/wp-json\/wp\/v2\/comments?post=1766"}],"version-history":[{"count":6,"href":"https:\/\/cpa.ca\/fr\/wp-json\/wp\/v2\/pages\/1766\/revisions"}],"predecessor-version":[{"id":40950,"href":"https:\/\/cpa.ca\/fr\/wp-json\/wp\/v2\/pages\/1766\/revisions\/40950"}],"wp:attachment":[{"href":"https:\/\/cpa.ca\/fr\/wp-json\/wp\/v2\/media?parent=1766"}],"curies":[{"name":"wp","href":"https:\/\/api.w.org\/{rel}","templated":true}]}}