{"id":1792,"date":"2018-08-13T16:29:06","date_gmt":"2018-08-13T20:29:06","guid":{"rendered":"https:\/\/cpa.ca\/praticiens\/accesstoservice\/"},"modified":"2021-07-26T15:22:57","modified_gmt":"2021-07-26T19:22:57","slug":"accesstoservice","status":"publish","type":"page","link":"https:\/\/cpa.ca\/fr\/pratique\/accesstoservice\/","title":{"rendered":"Acc\u00e8s aux services de sant\u00e9 mentale"},"content":{"rendered":"<p>L\u2019acc\u00e8s aux services de sant\u00e9, particuli\u00e8rement l\u2019acc\u00e8s aux services de sant\u00e9 de haute qualit\u00e9 en r\u00e9duisant les temps d\u2019\u00e9valuation et de traitement, est un probl\u00e8me de sant\u00e9 cl\u00e9 pour la population canadienne et le gouvernement. Il manque entre autres un point de concentration sur l\u2019acc\u00e8s aux services de sant\u00e9 mentale et aux professionnels de soins de sant\u00e9 qui les fournissent. Attirer l\u2019attention publique et celle du gouvernement sur ce probl\u00e8me demeure une priorit\u00e9 cl\u00e9 de la SCP.<\/p>\n<p>La SCP est engag\u00e9e \u00e0 attirer l\u2019attention sur les probl\u00e8mes li\u00e9s \u00e0 l\u2019acc\u00e8s au service et au r\u00f4le des psychologues dans le cadre d\u2019\u00e9quipes de sant\u00e9 interdisciplinaires.<\/p>\n<h4>CPA position paper entitled <a href=\"\/docs\/File\/Position\/PracticingToScopePaper_June30_FINAL.pdf\" target=\"_blank\" rel=\"noopener noreferrer\"><em>Psychologists Practicing to Scope: The Role of Psychologists in Canada\u2019s Public Institutions<\/em><\/a>.<\/h4>\n<h4>CPA-Commissioned Reports on Psychological Services<\/h4>\n<p>November 2013 &#8211;<em>\u00a0<a href=\"\/docs\/File\/Practice\/TheEfficacyAndEffectivenessOfPsychologicalTreatments_web.pdf\" target=\"_blank\" rel=\"noopener noreferrer\">The Efficacy and Effectiveness of Psychological Treatments<\/a><\/em><\/p>\n<p>March 2013 &#8211;<em>\u00a0<a href=\"\/docs\/File\/Position\/An_Imperative_for_Change.pdf\" target=\"_blank\" rel=\"noopener noreferrer\">An Imperative for Change: Access to Psychological Services for Canada<\/a><\/em><br \/>\nThe Mental Health Commission of Canada applauds the work of the Canadian Psychological Association. <a href=\"\/docs\/File\/Practice\/MHCC_LetterOfSupport_2013.pdf\" target=\"_blank\" rel=\"noopener noreferrer\">Click here to read the letter of support<\/a>.<\/p>\n<h4>Rapport du Forum d\u2019acc\u00e8s\u00a0: table de la sant\u00e9 mentale publi\u00e9 en mai\u00a02011<\/h4>\n<p><a href=\"\/docs\/File\/Executive%20Office\/MHTREPORT2011FRENCHFinal.pdf\" target=\"_blank\" rel=\"noopener noreferrer\"><strong><em>Forum de la table de sant\u00e9 mentale, intitul\u00e9 Quelles portes m\u00e8nent o\u00f9? Comment am\u00e9liorer l\u2019acc\u00e8s au service de sant\u00e9 mentale\u00a0: obstacles, facilitateurs et occasions pour la sant\u00e9 mentale des Canadiens<\/em><\/strong><\/a>.<\/p>\n","protected":false},"excerpt":{"rendered":"<p><!--more--><\/p>\n","protected":false},"author":2,"featured_media":0,"parent":1766,"menu_order":0,"comment_status":"closed","ping_status":"closed","template":"","meta":{"_acf_changed":false,"_monsterinsights_skip_tracking":false,"_monsterinsights_sitenote_active":false,"_monsterinsights_sitenote_note":"","_monsterinsights_sitenote_category":0,"footnotes":""},"class_list":["post-1792","page","type-page","status-publish","hentry"],"acf":[],"aioseo_notices":[],"publishpress_future_workflow_manual_trigger":{"enabledWorkflows":[]},"_links":{"self":[{"href":"https:\/\/cpa.ca\/fr\/wp-json\/wp\/v2\/pages\/1792","targetHints":{"allow":["GET"]}}],"collection":[{"href":"https:\/\/cpa.ca\/fr\/wp-json\/wp\/v2\/pages"}],"about":[{"href":"https:\/\/cpa.ca\/fr\/wp-json\/wp\/v2\/types\/page"}],"author":[{"embeddable":true,"href":"https:\/\/cpa.ca\/fr\/wp-json\/wp\/v2\/users\/2"}],"replies":[{"embeddable":true,"href":"https:\/\/cpa.ca\/fr\/wp-json\/wp\/v2\/comments?post=1792"}],"version-history":[{"count":9,"href":"https:\/\/cpa.ca\/fr\/wp-json\/wp\/v2\/pages\/1792\/revisions"}],"predecessor-version":[{"id":23173,"href":"https:\/\/cpa.ca\/fr\/wp-json\/wp\/v2\/pages\/1792\/revisions\/23173"}],"up":[{"embeddable":true,"href":"https:\/\/cpa.ca\/fr\/wp-json\/wp\/v2\/pages\/1766"}],"wp:attachment":[{"href":"https:\/\/cpa.ca\/fr\/wp-json\/wp\/v2\/media?parent=1792"}],"curies":[{"name":"wp","href":"https:\/\/api.w.org\/{rel}","templated":true}]}}