{"id":1814,"date":"2018-08-13T17:24:37","date_gmt":"2018-08-13T21:24:37","guid":{"rendered":"https:\/\/cpa.ca\/praticiens\/practiquenparticipation\/canadian-collaborative-mental-health-initiative\/"},"modified":"2020-11-30T19:27:10","modified_gmt":"2020-12-01T00:27:10","slug":"linitiativecanadiennedecollaborationensantmentale","status":"publish","type":"page","link":"https:\/\/cpa.ca\/fr\/pratique\/linitiativecanadiennedecollaborationensantmentale\/","title":{"rendered":"l&#8217;Initiative canadienne de collaboration en sant\u00e9 mentale"},"content":{"rendered":"<p>En 2006, l\u2019Initiative canadienne de collaboration en sant\u00e9 mentale (ICCSM) a termin\u00e9 avec succ\u00e8s la phase 1 du projet du Fonds pour l\u2019adaptation des soins de sant\u00e9 primaires, d\u2019une dur\u00e9e de deux ans. Gr\u00e2ce \u00e0 la mise en disponibilit\u00e9 de documents de recherche fond\u00e9e sur des donn\u00e9es probantes ainsi que de trousses d\u2019outils, l\u2019ICCSM a d\u00e9gag\u00e9 une argumentation convaincante quant \u00e0 la n\u00e9cessit\u00e9 d\u2019am\u00e9liorer les soins de sant\u00e9 mentale dans le cadre des soins de sant\u00e9 primaires par le biais de la collaboration interdisciplinaire, y compris la collaboration entre les fournisseurs de soins de sant\u00e9, les usagers et les aidants naturels.<\/p>\n<p>Par le biais des organismes membres de l\u2019ICCSM, cette derni\u00e8re a contribu\u00e9 \u00e0 une plus grande prise de conscience des avantages de la collaboration en sant\u00e9 mentale, et a b\u00e2ti des communaut\u00e9s d\u2019int\u00e9r\u00eats durables qui se sont engag\u00e9es \u00e0 redoubler d\u2019effort afin d\u2019am\u00e9liorer les soins de sant\u00e9 mentale. (Charte)<\/p>\n","protected":false},"excerpt":{"rendered":"<p><!--more--><\/p>\n","protected":false},"author":2,"featured_media":0,"parent":1766,"menu_order":0,"comment_status":"closed","ping_status":"closed","template":"","meta":{"_acf_changed":false,"_monsterinsights_skip_tracking":false,"_monsterinsights_sitenote_active":false,"_monsterinsights_sitenote_note":"","_monsterinsights_sitenote_category":0,"footnotes":""},"class_list":["post-1814","page","type-page","status-publish","hentry"],"acf":[],"aioseo_notices":[],"publishpress_future_workflow_manual_trigger":{"enabledWorkflows":[]},"_links":{"self":[{"href":"https:\/\/cpa.ca\/fr\/wp-json\/wp\/v2\/pages\/1814","targetHints":{"allow":["GET"]}}],"collection":[{"href":"https:\/\/cpa.ca\/fr\/wp-json\/wp\/v2\/pages"}],"about":[{"href":"https:\/\/cpa.ca\/fr\/wp-json\/wp\/v2\/types\/page"}],"author":[{"embeddable":true,"href":"https:\/\/cpa.ca\/fr\/wp-json\/wp\/v2\/users\/2"}],"replies":[{"embeddable":true,"href":"https:\/\/cpa.ca\/fr\/wp-json\/wp\/v2\/comments?post=1814"}],"version-history":[{"count":8,"href":"https:\/\/cpa.ca\/fr\/wp-json\/wp\/v2\/pages\/1814\/revisions"}],"predecessor-version":[{"id":17819,"href":"https:\/\/cpa.ca\/fr\/wp-json\/wp\/v2\/pages\/1814\/revisions\/17819"}],"up":[{"embeddable":true,"href":"https:\/\/cpa.ca\/fr\/wp-json\/wp\/v2\/pages\/1766"}],"wp:attachment":[{"href":"https:\/\/cpa.ca\/fr\/wp-json\/wp\/v2\/media?parent=1814"}],"curies":[{"name":"wp","href":"https:\/\/api.w.org\/{rel}","templated":true}]}}