{"id":1854,"date":"2018-08-14T13:07:51","date_gmt":"2018-08-14T17:07:51","guid":{"rendered":"https:\/\/cpa.ca\/praticiens\/practicedirectorate\/"},"modified":"2024-04-29T11:12:38","modified_gmt":"2024-04-29T15:12:38","slug":"practicedirectorate","status":"publish","type":"page","link":"https:\/\/cpa.ca\/fr\/pratique\/practicedirectorate\/","title":{"rendered":"Direction g\u00e9n\u00e9rale de la pratique"},"content":{"rendered":"<h3 lang=\"FR-CA\">Bienvenue \u00e0 la direction g\u00e9n\u00e9rale de la pratique<\/h3>\n<ul>\n<h4 lang=\"FR-CA\">\u00c0 propos de la direction g\u00e9n\u00e9rale de la pratique<\/h4>\n<p>La Direction g\u00e9n\u00e9rale de la pratique m\u00e8ne ses activit\u00e9s sous la supervision d\u2019un conseil constitu\u00e9 de repr\u00e9sentants d\u2019associations provinciales et territoriales de psychologues. Par l\u2019entremise de son directeur des affaires professionnelles, la SCP si\u00e8ge \u00e9galement au conseil. Le conseil de la Direction g\u00e9n\u00e9rale de la pratique est une entit\u00e9 autonome, qui rend des comptes au conseil d\u2019administration de la SCP pour ce qui est des questions relatives aux politiques et aux finances. Il est dirig\u00e9 par un pr\u00e9sident d\u00e9sign\u00e9 parmi les repr\u00e9sentants d\u2019associations provinciales et territoriales de psychologues. \u00c9tant donn\u00e9 que les int\u00e9r\u00eats et les activit\u00e9s de repr\u00e9sentation \u00e0 l\u2019\u00e9chelle nationale et \u00e0 l&#8217;\u00e9chelle des provinces\/territoires se recoupent, le conseil travaille en \u00e9troite collaboration avec la chef de la direction et les cadres dirigeants de la SCP.<\/p>\n<p>Le mandat principal de la Direction g\u00e9n\u00e9rale de la pratique est d\u2019appuyer et de faciliter la repr\u00e9sentation dans les provinces et les territoires en&nbsp;:<\/p>\n<ul type=\"disc\">\n<li>coordonnant et en centralisant l\u2019information et les ressources concernant la pratique de la psychologie au pays (p.&nbsp;ex. les initiatives de repr\u00e9sentation, l\u2019information au sujet des port\u00e9es de la pratique et les actes autoris\u00e9s, les dispositions l\u00e9gislatives et les modifications apport\u00e9es \u00e0 celles-ci qui ont une influence sur la pratique de la psychologie);<\/li>\n<li>coordonnant les initiatives et les strat\u00e9gies de repr\u00e9sentation qui sont communes et qui peuvent \u00eatre mises en \u0153uvre commun\u00e9ment dans toutes les administrations;<\/li>\n<li>organisant de la formation au sujet de la repr\u00e9sentation et du leadership pour les leaders de la psychologie provinciaux et territoriaux.<\/li>\n<\/ul>\n<p>La Direction g\u00e9n\u00e9rale de la pratique rel\u00e8ve d\u2019un Conseil constitu\u00e9 des repr\u00e9sentants d\u2019associations provinciales et territoriales de la psychologie partout au Canada (CSPP). La SCP, par l\u2019entremise de son directeur des affaires professionnelles, si\u00e8ge aussi au Conseil. Le Conseil est un organisme autonome d\u2019un point de vue fonctionnel qui rel\u00e8ve du conseil d\u2019administration de la SCP pour les questions relatives \u00e0 la politique et aux finances. Le Conseil est dirig\u00e9 par un pr\u00e9sident d\u00e9sign\u00e9 au sein des repr\u00e9sentants provinciaux et territoriaux de la psychologie. Compte tenu que les int\u00e9r\u00eats et les activit\u00e9s de repr\u00e9sentation \u00e0 l\u2019\u00e9chelle nationale et des administrations se chevauchent, le Conseil travaille en \u00e9troite collaboration avec la directrice g\u00e9n\u00e9rale et les cadres sup\u00e9rieurs de la SCP.<\/p>\n<h4>Conseil de la direction g\u00e9n\u00e9rale de la pratique<\/h4>\n<p><a href=\"https:\/\/cpa.ca\/fr\/pratique\/practicedirectorate\/conseil\/\">Membres du conseil 2016<\/a><\/p>\n<p class=\"MsoNormal\"><span lang=\"FR-CA\">Pour obtenir des renseignements suppl\u00e9mentaires sur la Direction g\u00e9n\u00e9rale de la pratique, ou joindre l\u2019un de ses responsables, communiquez par courriel \u00e0 <a href=\"mailto:practicedirectorate@cpa.ca\">practicedirectorate@cpa.ca<\/a>. <!-- ou par t&eacute;l&eacute;phone [613-237-2144 ext. 334 ou 1-888-472-0657 ex. 334].--><\/span><\/p>\n<p>    <!--<a id=\"LeadershipConf\" name=\"LeadershipConf\"><\/a>\n\n\n<h4>Upcoming Leadership Conference<\/h4>\n\n\nCPA&rsquo;s Practice Directorate is hosting a Leadership Conference on January 15th and 16th in Ottawa. This conference is directed at psychologists and students working or studying in associations, universities or hospitals who are interested in leadership and advocacy training. This interactive workshop is aimed at teaching key principles, strategies and practical tips for influencing decision-making bodies such as governments, regional health authorities, or universities. While there is no fee to attend the conference, seats are limited. &nbsp;Delegates must assume all travel and accommodation costs. &nbsp;For more information or to register, contact <a href=\"mailto:practicedirectorate@cpa.ca\">practicedirectorate@cpa.ca<\/a>.\n\n<a target=\"_blank\" href=\"\/docs\/File\/PracticeDirectorate\/Leadership Conference Announcement_General.pdf\" rel=\"noopener noreferrer\">Leadership Conference description<\/a>.\n\n<a target=\"_blank\" href=\"\/docs\/File\/PracticeDirectorate\/RegistrationForm_Leadership_FINAL.pdf\" rel=\"noopener noreferrer\">Formulaire d'inscription<\/a>.\n\n--><\/p>\n<h4>Terms of Reference<\/h4>\n<p><a target=\"_blank\" href=\"\/docs\/File\/PracticeDirectorate\/PracticeDirectorate-TermsOfReference-Final.pdf\" rel=\"noopener noreferrer\">Practice Directorate Terms of Reference<\/a><\/li>\n<\/ul>\n<h4>Liens<\/h4>\n<ul>\n\t<a href=\"http:\/\/www.cpa.ca\/docs\/File\/Practice\/Report_of_the_EBP_Task_Force_FINAL_Board_Approved_2012.pdf\">Definition of Evidence-Based Practice of Psychological Treatments<\/a><\/ul>\n","protected":false},"excerpt":{"rendered":"<p>Bienvenue \u00e0 la direction g\u00e9n\u00e9rale de la pratique \u00c0 propos de la direction g\u00e9n\u00e9rale de la pratique La Direction g\u00e9n\u00e9rale de la pratique m\u00e8ne ses activit\u00e9s sous la supervision d\u2019un conseil constitu\u00e9 de repr\u00e9sentants d\u2019associations provinciales et territoriales de psychologues. Par l\u2019entremise de son directeur des affaires professionnelles, la SCP si\u00e8ge \u00e9galement au conseil. Le [&hellip;]<\/p>\n","protected":false},"author":2,"featured_media":0,"parent":1766,"menu_order":0,"comment_status":"closed","ping_status":"closed","template":"","meta":{"_acf_changed":false,"_monsterinsights_skip_tracking":false,"_monsterinsights_sitenote_active":false,"_monsterinsights_sitenote_note":"","_monsterinsights_sitenote_category":0,"footnotes":""},"class_list":["post-1854","page","type-page","status-publish","hentry"],"acf":[],"aioseo_notices":[],"publishpress_future_workflow_manual_trigger":{"enabledWorkflows":[]},"_links":{"self":[{"href":"https:\/\/cpa.ca\/fr\/wp-json\/wp\/v2\/pages\/1854","targetHints":{"allow":["GET"]}}],"collection":[{"href":"https:\/\/cpa.ca\/fr\/wp-json\/wp\/v2\/pages"}],"about":[{"href":"https:\/\/cpa.ca\/fr\/wp-json\/wp\/v2\/types\/page"}],"author":[{"embeddable":true,"href":"https:\/\/cpa.ca\/fr\/wp-json\/wp\/v2\/users\/2"}],"replies":[{"embeddable":true,"href":"https:\/\/cpa.ca\/fr\/wp-json\/wp\/v2\/comments?post=1854"}],"version-history":[{"count":6,"href":"https:\/\/cpa.ca\/fr\/wp-json\/wp\/v2\/pages\/1854\/revisions"}],"predecessor-version":[{"id":38139,"href":"https:\/\/cpa.ca\/fr\/wp-json\/wp\/v2\/pages\/1854\/revisions\/38139"}],"up":[{"embeddable":true,"href":"https:\/\/cpa.ca\/fr\/wp-json\/wp\/v2\/pages\/1766"}],"wp:attachment":[{"href":"https:\/\/cpa.ca\/fr\/wp-json\/wp\/v2\/media?parent=1854"}],"curies":[{"name":"wp","href":"https:\/\/api.w.org\/{rel}","templated":true}]}}