{"id":1906,"date":"2018-08-15T14:44:11","date_gmt":"2018-08-15T18:44:11","guid":{"rendered":"https:\/\/cpa.ca\/agrement\/contactus\/"},"modified":"2025-09-24T16:51:33","modified_gmt":"2025-09-24T20:51:33","slug":"contactus","status":"publish","type":"page","link":"https:\/\/cpa.ca\/fr\/agrement\/contactus\/","title":{"rendered":"Contactez le comit\u00e9 et le d\u00e9partement d&#8217;agr\u00e9ment de la SCP"},"content":{"rendered":"<article style=\"-webkit-column-width: 350px; -moz-column-width: 350px; column-width: 350px;\">\n<div style=\"margin-top: -15px; -webkit-column-break-inside: avoid; page-break-inside: avoid; break-inside: avoid;\">\n<h4>Registraire de l&#8217;agr\u00e9ment<\/h4>\n<p>Stewart Madon, Ph.D., C.Psych.<br \/>\n<a href=\"mailto:accreditation@cpa.ca?subject=Accreditation%20Inquiry\">accreditation@cpa.ca<\/a><br \/>\nTel: 613-237-2144 ext. 1333<\/p>\n<\/div>\n<p><!---\n\n\n<div style=\"-webkit-column-break-inside: avoid; page-break-inside: avoid; break-inside: avoid;\">\n\n\n<h4>Coordonnatrice d'accr\u00e9ditation<\/h4>\n\n\nHeba Khalil\n<a href=\"mailto:accreditationoffice@cpa.ca\">accreditationoffice@cpa.ca<\/a>\nTel: 613-237-2144 ext. 1334\n\n<\/div>\n\n\n---><\/p>\n<div style=\"-webkit-column-break-inside: avoid; page-break-inside: avoid; break-inside: avoid;\">\n<h4>Adjointe to coordonnatrice de l\u2019agr\u00e9ment<\/h4>\n<p>Christine McPherson<br \/>\n<a href=\"mailto:accreditationoffice@cpa.ca\">accreditationoffice@cpa.ca<\/a><br \/>\nTel: 613-237-2144 ext. 1334<\/p>\n<\/div>\n<\/article>\n<hr \/>\n<h4>Les membres du jury d\u2019agr\u00e9ment des CPA pour 2024-2025 sont :<\/h4>\n<div id=\"accordions-24831\" class=\"accordions-24831 accordions\" data-accordions={&quot;lazyLoad&quot;:true,&quot;id&quot;:&quot;24831&quot;,&quot;event&quot;:&quot;click&quot;,&quot;collapsible&quot;:&quot;true&quot;,&quot;heightStyle&quot;:&quot;content&quot;,&quot;animateStyle&quot;:&quot;swing&quot;,&quot;animateDelay&quot;:1000,&quot;navigation&quot;:true,&quot;active&quot;:999,&quot;expandedOther&quot;:&quot;no&quot;}>\r\n                <div id=\"accordions-lazy-24831\" class=\"accordions-lazy\" accordionsId=\"24831\">\r\n                    <\/div>\r\n\r\n    <div class=\"items\"  style=\"display:none\" >\r\n    \r\n            <div post_id=\"24831\" itemcount=\"0\"  header_id=\"header-1668106746736\" id=\"header-1668106746736\" style=\"\" class=\"accordions-head head1668106746736 border-none\" toggle-text=\"\" main-text=\"Chair - Dr. Laurie Ford,  University of British Columbia, Vancouver, BC\">\r\n                                    <span id=\"accordion-icons-1668106746736\" class=\"accordion-icons\">\r\n                        <span class=\"accordion-icon-active accordion-plus\"><i class=\"fa fas fa-chevron-up\"><\/i><\/span>\r\n                        <span class=\"accordion-icon-inactive accordion-minus\"><i class=\"fa fas fa-chevron-down\"><\/i><\/span>\r\n                    <\/span>\r\n                    <span id=\"header-text-1668106746736\" class=\"accordions-head-title\">Chair - Dr. Laurie Ford,  University of British Columbia, Vancouver, BC<\/span>\r\n                            <\/div>\r\n            <div class=\"accordion-content content1668106746736 \">\r\n                <div class=\"textwrapleft\"><img decoding=\"async\" style=\"max-width: 150px\" src=\"\/docs\/File\/Sections\/EDsection\/Laurie%20Ford.jpg\" alt=\"Laurie Ford\" \/><\/div>\n<p><em>BIO Forthcoming<\/em><\/p>\n            <\/div>\r\n    \r\n            <div post_id=\"24831\" itemcount=\"1\"  header_id=\"header-1633458958289\" id=\"header-1633458958289\" style=\"\" class=\"accordions-head head1633458958289 border-none\" toggle-text=\"\" main-text=\"Dr. Niki Fitzgerald, Centre for Addiction and Mental Health (CAMH), Toronto, ON\">\r\n                                    <span id=\"accordion-icons-1633458958289\" class=\"accordion-icons\">\r\n                        <span class=\"accordion-icon-active accordion-plus\"><i class=\"fa fas fa-chevron-up\"><\/i><\/span>\r\n                        <span class=\"accordion-icon-inactive accordion-minus\"><i class=\"fa fas fa-chevron-down\"><\/i><\/span>\r\n                    <\/span>\r\n                    <span id=\"header-text-1633458958289\" class=\"accordions-head-title\">Dr. Niki Fitzgerald, Centre for Addiction and Mental Health (CAMH), Toronto, ON<\/span>\r\n                            <\/div>\r\n            <div class=\"accordion-content content1633458958289 \">\r\n                <div class=\"textwrapleft\"><img decoding=\"async\" style=\"max-width: 150px\" src=\"\/docs\/File\/Accreditation\/Niki Fitzgerald.jpg\" alt=\"Niki Fitzgerald\" \/><\/div>\n<p>Dr. Niki Fitzgerald completed her PhD in clinical psychology at the University of Windsor. She joined the Accreditation Panel in 2019 after serving as a site visitor.\u00a0 She is a clinical psychologist in the Work, Stress, and Health Program at the Centre for Addiction and Mental Health (CAMH) where she treats and assesses individuals injured at the workplace and assists clients reintegrate into the workforce. She supervises all levels of psychology trainees as well as psychiatry residents.\u00a0 She is the Director of Training for the CAMH residency program.\u00a0 She is a Lecturer in the Psychiatry Department at the University of Toronto, as well as Clinical Lecturer, in the Graduate Department of Psychological Clinical Science, University of Toronto, Scarborough.\u00a0 Since 2010 she has held Diplomat Status with the Academy of Cognitive Therapy.\u00a0 In 2016, Dr. Fitzgerald became a certified Road to Mental Readiness (R2MR) facilitator and was a clinician facilitator of this program for two local paramedic services. Outside of psychology, Dr. Fitzgerald is an avid runner and aspiring endurance triathlete.<\/p>\n            <\/div>\r\n    \r\n            <div post_id=\"24831\" itemcount=\"2\"  header_id=\"header-1641409096115\" id=\"header-1641409096115\" style=\"\" class=\"accordions-head head1641409096115 border-none\" toggle-text=\"\" main-text=\"Dr. Monnica Williams, University of Ottawa, Ottawa, ON\">\r\n                                    <span id=\"accordion-icons-1641409096115\" class=\"accordion-icons\">\r\n                        <span class=\"accordion-icon-active accordion-plus\"><i class=\"fa fas fa-chevron-up\"><\/i><\/span>\r\n                        <span class=\"accordion-icon-inactive accordion-minus\"><i class=\"fa fas fa-chevron-down\"><\/i><\/span>\r\n                    <\/span>\r\n                    <span id=\"header-text-1641409096115\" class=\"accordions-head-title\">Dr. Monnica Williams, University of Ottawa, Ottawa, ON<\/span>\r\n                            <\/div>\r\n            <div class=\"accordion-content content1641409096115 \">\r\n                <div class=\"textwrapleft\"><img decoding=\"async\" style=\"max-width: 150px\" src=\"\/docs\/File\/Accreditation\/Monnica Williams.jpg\" alt=\"Monnica Williams\" \/><\/div>\n<p>Dr. Williams is the Canada Research Chair for Mental Health Disparities at the University of Ottawa in the School of Psychology. Her work focuses on ethnic minority mental health and psychopathology research. She completed her undergraduate studies at MIT and UCLA and received her doctoral degree from the University of Virginia. She completed her psychological internship at Montreal General Hospital. She was an Assistant Professor at the University of Pennsylvania for four years, followed by five years at the University of Louisville, where she served as Director of the Center for Mental Health Disparities. She also was at the University of Connecticut for three years, where she held joint appointments in Psychological Sciences and Psychiatry<\/p>\n            <\/div>\r\n    \r\n            <div post_id=\"24831\" itemcount=\"3\"  header_id=\"header-1668106723665\" id=\"header-1668106723665\" style=\"\" class=\"accordions-head head1668106723665 border-none\" toggle-text=\"\" main-text=\"Dr. Sheila Garland, Memorial University of Newfoundland, St. John\u2019s, NFLD\">\r\n                                    <span id=\"accordion-icons-1668106723665\" class=\"accordion-icons\">\r\n                        <span class=\"accordion-icon-active accordion-plus\"><i class=\"fa fas fa-chevron-up\"><\/i><\/span>\r\n                        <span class=\"accordion-icon-inactive accordion-minus\"><i class=\"fa fas fa-chevron-down\"><\/i><\/span>\r\n                    <\/span>\r\n                    <span id=\"header-text-1668106723665\" class=\"accordions-head-title\">Dr. Sheila Garland, Memorial University of Newfoundland, St. John\u2019s, NFLD<\/span>\r\n                            <\/div>\r\n            <div class=\"accordion-content content1668106723665 \">\r\n                <div class=\"textwrapleft\"><img decoding=\"async\" style=\"max-width: 150px\" src=\"\/docs\/File\/Accreditation\/Sheila Garland.jpg\" alt=\"Sheila Garland\" \/><\/div>\n<p>Sheila Garland completed her PhD in Clinical Psychology at the University of Calgary and her predoctoral residency at the Calgary Clinical Psychology Residency (CCRP) program. After that, she completed a three year CIHR funded post-doctoral fellowship at the University of Pennsylvania in Philadelphia before joining the faculty in the Department of Psychology at Memorial University. She is an associate professor and Director of Clinical Training for the Doctor of Psychology (PsyD) program. She is a registered psychologist in the province of Newfoundland and Labrador and has a vibrant externally-funded clinical research program in the areas of psychosocial oncology, behavioral sleep medicine, and digital health.<\/p>\n            <\/div>\r\n    \r\n            <div post_id=\"24831\" itemcount=\"4\"  header_id=\"header-1580324481504\" id=\"header-1580324481504\" style=\"\" class=\"accordions-head head1580324481504 border-none\" toggle-text=\"\" main-text=\"Dr. Joshua Madsen, University of British Columbia, Vancouver, BC\">\r\n                                    <span id=\"accordion-icons-1580324481504\" class=\"accordion-icons\">\r\n                        <span class=\"accordion-icon-active accordion-plus\"><i class=\"fa fas fa-chevron-up\"><\/i><\/span>\r\n                        <span class=\"accordion-icon-inactive accordion-minus\"><i class=\"fa fas fa-chevron-down\"><\/i><\/span>\r\n                    <\/span>\r\n                    <span id=\"header-text-1580324481504\" class=\"accordions-head-title\">Dr. Joshua Madsen, University of British Columbia, Vancouver, BC<\/span>\r\n                            <\/div>\r\n            <div class=\"accordion-content content1580324481504 \">\r\n                <p>BIO AND PICTURE FORTHCOMING<\/p>\n<p><!--\n\n\n<div class=\"textwrapleft\"><img decoding=\"async\" style=\"max-width: 150px\" src=\"\/docs\/File\/Accreditation\/Dexxxxxn.jpg\" alt=\"Dxxxxxxn\" \/><\/div>\n\n\nDeboCcccccck.----><\/p>\n            <\/div>\r\n    \r\n            <div post_id=\"24831\" itemcount=\"5\"  header_id=\"header-1633458490514\" id=\"header-1633458490514\" style=\"\" class=\"accordions-head head1633458490514 border-none\" toggle-text=\"\" main-text=\"Dr. Kaori Wada,  University of Calgary, Calgary, AB\">\r\n                                    <span id=\"accordion-icons-1633458490514\" class=\"accordion-icons\">\r\n                        <span class=\"accordion-icon-active accordion-plus\"><i class=\"fa fas fa-chevron-up\"><\/i><\/span>\r\n                        <span class=\"accordion-icon-inactive accordion-minus\"><i class=\"fa fas fa-chevron-down\"><\/i><\/span>\r\n                    <\/span>\r\n                    <span id=\"header-text-1633458490514\" class=\"accordions-head-title\">Dr. Kaori Wada,  University of Calgary, Calgary, AB<\/span>\r\n                            <\/div>\r\n            <div class=\"accordion-content content1633458490514 \">\r\n                <div class=\"textwrapleft\"><img decoding=\"async\" style=\"max-width: 150px\" src=\"\/docs\/File\/Accreditation\/KaoriWada.jpg\" alt=\"Kaori Wada \" \/><\/div>\n<p>Dr. Kaori Wada is an Associate Professor in Counselling Psychology at the University of Calgary, where she serves as the Director of Training for the CPA-accredited PhD program. She received her PhD in Counselling Psychology from McGill University. Her work is informed by feminist and post-colonial theories as well as critical psychology, with a broad focus on social justice and human rights. She has published on topics such as the medicalization of grief, psychologists\u2019 role in medically assisted dying, gender-affirming counselling, decolonization and internationalization of psychology, and the experiences of newcomers (e.g., LGBTQ refugees, international students, skilled workers). Originally from Japan, she recently published a co-edited book in Japanese titled\u00a0<em>A Social Justice Approach to Psychotherapies\u00a0<\/em>(2024).<\/p>\n            <\/div>\r\n    \r\n            <div post_id=\"24831\" itemcount=\"6\"  header_id=\"header-1641409105162\" id=\"header-1641409105162\" style=\"\" class=\"accordions-head head1641409105162 border-none\" toggle-text=\"\" main-text=\"Dr. Elizabeth Church, Mount Saint Vincent University, Halifax, NS\">\r\n                                    <span id=\"accordion-icons-1641409105162\" class=\"accordion-icons\">\r\n                        <span class=\"accordion-icon-active accordion-plus\"><i class=\"fa fas fa-chevron-up\"><\/i><\/span>\r\n                        <span class=\"accordion-icon-inactive accordion-minus\"><i class=\"fa fas fa-chevron-down\"><\/i><\/span>\r\n                    <\/span>\r\n                    <span id=\"header-text-1641409105162\" class=\"accordions-head-title\">Dr. Elizabeth Church, Mount Saint Vincent University, Halifax, NS<\/span>\r\n                            <\/div>\r\n            <div class=\"accordion-content content1641409105162 \">\r\n                <div class=\"textwrapleft\"><img decoding=\"async\" style=\"max-width: 150px\" src=\"\/docs\/File\/Accreditation\/ElizabethChurch.jpg\" alt=\"Virginia Tze\" \/><\/div>\n<p>Dr. Elizabeth Church is Professor Emeritus at Mount Saint Vincent University (MSVU) in Halifax and a registered Psychologist in Nova Scotia. Previously, she was a faculty member in School Psychology (2003-2023), and Vice-President Academic and Provost (2010-2019) at MSVU and a faculty member at Memorial University of Newfoundland (MUN) 1987-2003. I\u00a0Her experience encompasses both residency and program perspectives: she was Training Director of the CPA-accredited residency at MUN\u2019s Counselling Centre and Program Coordinator of the School Psychology Program at MSVU.<\/p>\n<p>In her research, she has\u00a0focused on women in families and mental health in rural communities.<\/p>\n<p>Dr Church has extensive experience in quality assurance, both as Provost where she oversaw the assessment and review of all programs within the University and as\u00a0Chair of the Quality Assurance Committee of the Maritime Provinces Higher Education Commission (MPHEC). She has had a longstanding commitment to CPA, including two terms on the CPA Board,\u00a0Chair of the CPA Working Group on Telepsychology, Chair of the CPA Education and Training Committee, and Coordinator of the Section on Women and Psychology. She\u00a0was elected as a CPA Fellow in 2011.<\/p>\n            <\/div>\r\n    \r\n            <div post_id=\"24831\" itemcount=\"7\"  header_id=\"header-1739468559471\" id=\"header-1739468559471\" style=\"\" class=\"accordions-head head1739468559471 border-none\" toggle-text=\"\" main-text=\"Dr. Jacquie Cohen,  Nova Scotia Health, Halifax, Nova Scotia \">\r\n                                    <span id=\"accordion-icons-1739468559471\" class=\"accordion-icons\">\r\n                        <span class=\"accordion-icon-active accordion-plus\"><i class=\"fa fas fa-chevron-up\"><\/i><\/span>\r\n                        <span class=\"accordion-icon-inactive accordion-minus\"><i class=\"fa fas fa-chevron-down\"><\/i><\/span>\r\n                    <\/span>\r\n                    <span id=\"header-text-1739468559471\" class=\"accordions-head-title\">Dr. Jacquie Cohen,  Nova Scotia Health, Halifax, Nova Scotia <\/span>\r\n                            <\/div>\r\n            <div class=\"accordion-content content1739468559471 \">\r\n                <div class=\"textwrapleft\"><img decoding=\"async\" style=\"max-width: 150px\" src=\"\/docs\/File\/Accreditation\/JacquieCohen.jpg\" alt=\"Dr. Jacquie Cohen\" \/><\/div>\n<p>As the Provincial Leader of Training and Education for the Nova Scotia Health (NSH) Mental Health and Addictions Program, Dr. Jacquie Cohen (she\/her), RPsych, leads the clinical training of mental health clinicians throughout Mi\u2019kma\u2019ki. Prior to this role, she co-founded and co-led the Borderline Personality Disorder (BPD) Treatment Program at NSH then worked as an Advanced Practice Lead, implementing a stepped care model for BPD treatment throughout the province. Dr. Cohen is the past Certification Chair (2017-2021) and President (2022-2023) of CACBT. She co-authored CACBT\u2019s <i>National Guidelines for Training in CBT <\/i>and is on the Training and Accreditation Committee of the World Confederation of Cognitive and Behavioural Therapies. She is also an Assistant Professor with the Department of Psychiatry at Dalhousie University. Dr. Cohen is the former Director of Training of the Halifax Clinical Psychology Residency Program, a past Board Member of the Canadian Council of Professional Psychology Programs, and the co-developer of APPIC\u2019s Accreditation Readiness Project for Canadian Programs. She is certified in CBT by CACBT and in DBT by the DBT-Linehan Board of Certification<sup>TM<\/sup> and is a DBT-PE provider.<\/p>\n            <\/div>\r\n    \r\n            <div post_id=\"24831\" itemcount=\"8\"  header_id=\"header-1739901187604\" id=\"header-1739901187604\" style=\"\" class=\"accordions-head head1739901187604 border-none\" toggle-text=\"\" main-text=\"Mr. Patrick Hickey, PhD candidate, Dalhousie University, Halifax, NS\">\r\n                                    <span id=\"accordion-icons-1739901187604\" class=\"accordion-icons\">\r\n                        <span class=\"accordion-icon-active accordion-plus\"><i class=\"fa fas fa-chevron-up\"><\/i><\/span>\r\n                        <span class=\"accordion-icon-inactive accordion-minus\"><i class=\"fa fas fa-chevron-down\"><\/i><\/span>\r\n                    <\/span>\r\n                    <span id=\"header-text-1739901187604\" class=\"accordions-head-title\">Mr. Patrick Hickey, PhD candidate, Dalhousie University, Halifax, NS<\/span>\r\n                            <\/div>\r\n            <div class=\"accordion-content content1739901187604 \">\r\n                <div class=\"textwrapleft\"><img decoding=\"async\" style=\"max-width: 150px\" src=\"\/docs\/File\/Accreditation\/PatrickHickey.jpg\" alt=\"Dr. Patrick Hickey\" \/><\/div>\n<p>Patrick Hickey is a PhD Clinical Psychology student at Dalhousie University. Patrick\u2019s research interests focus on the impact of discrimination and protective factors (e.g., social support, community connectedness) on the mental health of 2SLGBTQIA+ individuals. Patrick completed an MA and BSc at the University of New Brunswick, focused on the access to health services for 2SLGBTQIA+ communities across North America.<\/p>\n            <\/div>\r\n    <\/div>\r\n\r\n\r\n\r\n            <\/div>\n<table border=\"1\" cellspacing=\"0\" cellpadding=\"4\">\n<tbody>\n<tr>\n<td valign=\"top\" width=\"250px\">\n<h4>Mandat\u00a0:<\/h4>\n<\/td>\n<td valign=\"top\">Le Jury d\u2019agr\u00e9ment des programmes de doctorat et de r\u00e9sidence en psychologie professionnelle a pour mandat de faire respecter les normes d\u2019\u00e9ducation et de formation en psychologie professionnelle (d\u00e9finies dans les normes d\u2019agr\u00e9ment de la SCP) en exer\u00e7ant son jugement pour prendre des d\u00e9cisions concernant les programmes ayant soumis une demande d\u2019agr\u00e9ment ou une demande de renouvellement d\u2019agr\u00e9ment.<\/td>\n<\/tr>\n<tr>\n<td valign=\"top\">\n<h4>Objectifs\u00a0:<\/h4>\n<\/td>\n<td valign=\"top\">D\u00e9fendre les normes d\u2019\u00e9ducation et de formation dans le domaine de la psychologie professionnelle<\/p>\n<p>Tenir des r\u00e9unions r\u00e9guli\u00e8res au cours desquelles les membres prennent des d\u00e9cisions relatives \u00e0 l\u2019agr\u00e9ment et au renouvellement de l\u2019agr\u00e9ment des programmes<\/td>\n<\/tr>\n<tr>\n<td valign=\"top\">\n<h4>Page Web\u00a0:<\/h4>\n<\/td>\n<td valign=\"top\"><a href=\"https:\/\/cpa.ca\/fr\/agrement\/\">https:\/\/cpa.ca\/fr\/agrement\/<\/a><\/td>\n<\/tr>\n<tr>\n<td valign=\"top\">\n<h4>Pour nous joindre\u00a0:<\/h4>\n<\/td>\n<td valign=\"top\"><a href=\"mailto:accreditation@cpa.ca\">accreditation@cpa.ca<\/a><\/td>\n<\/tr>\n<\/tbody>\n<\/table>\n<p><strong><em>Role of the Panel:<\/em><\/strong> The principal function of the Panel is to uphold the standards of education and training in professional psychology (defined in the Standards section of the Accreditation Manual) as it exercises judgment in making decisions about programmes that have applied or re-applied for accreditation. In addition, the Panel (with delegation to the Registrar):<\/p>\n<ul>\n<li>develops and disseminates the documents necessary to guide and assess programmes throughout the accreditation process<\/li>\n<li>coordinates and reviews annual reporting of programmes throughout the terms of their accreditation<\/li>\n<li>trains site visitors to participate in the accreditation process<\/li>\n<li>consults to its many publics (e.g., programmes, students, consumers) on matters related to accreditation<\/li>\n<li>consults to the Board, and any delegated governance, on matters related to accreditation<\/li>\n<li>undertakes any action, permitted by its Standards and Procedures, necessary to carrying out its functions as outlined above<\/li>\n<\/ul>\n<p><strong><em>Composition of the Panel: <\/em><\/strong>The Panel is comprised of 9 members, appointed by the CPA Board, for staggered 3-year terms that may be extended for up to 3 more years.\u00a0 One of the members is elected by the Panel as Chairperson, and one of the members is a doctoral student in clinical psychology, counselling psychology, school psychology, or clinical neuropsychology and is a student member of CPA.\u00a0 The student has completed at least 1 year of graduate study and will remain a student for the 3-year term on the Panel.\u00a0 The student member assumes the same roles and responsibilities of any Panel member, aside from acting as Chairperson.\u00a0 As a group, the Panel members represent the specialities (i.e., clinical psychology, counselling psychology, school psychology, and clinical neuropsychology), types (i.e., doctoral or internship), and geographic locations of the programmes accredited by the CPA.\u00a0 In addition, the Panel endeavours to have other dimensions of diversity represented among its members.<\/p>\n<p><strong><em>Become a CPA Accreditation Panel Member: <\/em><\/strong>Panel members conduct reviews of programme applications throughout the year, and the Panel formally meets twice yearly (Spring and Fall) in Ottawa, with all travel expenses covered by CPA.\u00a0 At these times of the year acting as a Panel reviewer requires a high level of commitment and involvement.\u00a0 However, Panel membership is also an extremely interesting and rewarding experience.\u00a0 As the number of accredited programmes in Canada grows, we continually have a need for new Panel members.<\/p>\n<p>To apply to serve as a Panel member, the following requirements must be met:<\/p>\n<ul>\n<li>hold membership in CPA and other psychological associations<\/li>\n<li>are currently, or have recently been, a faculty\/staff member, or affiliate in some official capacity, of a doctoral or internship programme<\/li>\n<li>are knowledgeable about professional and scientific issues in psychology<\/li>\n<li>hold licensure\/certification, where appropriate<\/li>\n<li>are active in their academic\/professional careers<\/li>\n<li>possess a doctoral degree and have completed a doctoral-level internship at accredited programmes or their equivalents<\/li>\n<\/ul>\n<p>To nominate yourself or another person to serve as a member of the CPA Accreditation Panel, please submit a CV and letter of interest to the Registrar at <a href=\"mailto:accreditation@cpa.ca\">accreditation@cpa.ca<\/a>.<\/p>\n","protected":false},"excerpt":{"rendered":"<p><!--more--><\/p>\n","protected":false},"author":2,"featured_media":0,"parent":1330,"menu_order":0,"comment_status":"closed","ping_status":"closed","template":"templates\/no-sidebar.php","meta":{"_acf_changed":false,"_monsterinsights_skip_tracking":false,"_monsterinsights_sitenote_active":false,"_monsterinsights_sitenote_note":"","_monsterinsights_sitenote_category":0,"footnotes":""},"class_list":["post-1906","page","type-page","status-publish","hentry"],"acf":[],"aioseo_notices":[],"publishpress_future_workflow_manual_trigger":{"enabledWorkflows":[]},"_links":{"self":[{"href":"https:\/\/cpa.ca\/fr\/wp-json\/wp\/v2\/pages\/1906","targetHints":{"allow":["GET"]}}],"collection":[{"href":"https:\/\/cpa.ca\/fr\/wp-json\/wp\/v2\/pages"}],"about":[{"href":"https:\/\/cpa.ca\/fr\/wp-json\/wp\/v2\/types\/page"}],"author":[{"embeddable":true,"href":"https:\/\/cpa.ca\/fr\/wp-json\/wp\/v2\/users\/2"}],"replies":[{"embeddable":true,"href":"https:\/\/cpa.ca\/fr\/wp-json\/wp\/v2\/comments?post=1906"}],"version-history":[{"count":6,"href":"https:\/\/cpa.ca\/fr\/wp-json\/wp\/v2\/pages\/1906\/revisions"}],"predecessor-version":[{"id":44509,"href":"https:\/\/cpa.ca\/fr\/wp-json\/wp\/v2\/pages\/1906\/revisions\/44509"}],"up":[{"embeddable":true,"href":"https:\/\/cpa.ca\/fr\/wp-json\/wp\/v2\/pages\/1330"}],"wp:attachment":[{"href":"https:\/\/cpa.ca\/fr\/wp-json\/wp\/v2\/media?parent=1906"}],"curies":[{"name":"wp","href":"https:\/\/api.w.org\/{rel}","templated":true}]}}