{"id":1921,"date":"2018-08-15T15:09:54","date_gmt":"2018-08-15T19:09:54","guid":{"rendered":"https:\/\/cpa.ca\/agrement\/resources\/"},"modified":"2025-07-14T10:15:01","modified_gmt":"2025-07-14T14:15:01","slug":"ressources","status":"publish","type":"page","link":"https:\/\/cpa.ca\/fr\/agrement\/ressources\/","title":{"rendered":"Formulaires et ressources d&#8217;agr\u00e9ment"},"content":{"rendered":"<h4><a href=\"\/docs\/File\/Accreditation\/SCP 2023 Normes dagrement_FR_Web.pdf\" target=\"_blank\" rel=\"noopener noreferrer\">Sixi\u00e8me r\u00e9vision des normes d&#8217;agr\u00e9ment<\/a><\/h4>\n<ul style=\"font-weight: bolder;\">\n<li><span class=\"new\">NOUVEAU<\/span> <a href=\"\/docs\/File\/Accreditation\/Comparaison des 5ieme et 6ieme Revision des Normes-FR.pdf\" target=\"_blank\" rel=\"noopener noreferrer\">Comparaison des 5ieme et 6ieme R\u00e9visions des Normes<\/a><\/li>\n<\/ul>\n<hr \/>\n<h4><a href=\"\/docs\/File\/Accreditation\/Procedures_Nov2019Rev_Final_FR.pdf\" target=\"_blank\" rel=\"noopener noreferrer\">Proc\u00e9dures d\u2019agr\u00e9ment<\/a> \u2013 Revis\u00e9 en Novembre 2019<\/h4>\n<hr \/>\n<h3>Ressources pertinentes \u00e0 l&#8217;agr\u00e9ment<\/h3>\n<h4>Manuel d&#8217;agr\u00e9ment :<\/h4>\n<ul>\n<li><a href=\"\/docs\/File\/Accreditation\/SCP 2023 Normes dagrement_FR_Web.pdf\" target=\"_blank\" rel=\"noopener noreferrer\">Sixi\u00e8me r\u00e9vision, 2023<\/a>\u00a0&#8211; en fran\u00e7ais<\/li>\n<li><a href=\"\/docs\/File\/SCP%20Normes%20et%20procedures%20dagrement%202011.pdf\" target=\"_blank\" rel=\"noopener noreferrer\">Cinqui\u00e8me r\u00e9vision, 2011<\/a>\u00a0&#8211; en fran\u00e7ais<\/li>\n<\/ul>\n<hr \/>\n<h4>Bar\u00e8me de tarifs &#8211;<\/h4>\n<ul>\n<li><a href=\"\/docs\/File\/Accreditation\/Fees-2025-26.pdf\" target=\"_blank\" rel=\"noopener noreferrer\">l&#8217;ann\u00e9e universitaire 2025-26<\/a><\/li>\n<li><a href=\"\/docs\/File\/Accreditation\/Fees-2024-25.pdf\" target=\"_blank\" rel=\"noopener noreferrer\">l&#8217;ann\u00e9e universitaire 2024-25<\/a><\/li>\n<\/ul>\n<hr \/>\n<h4>Formulaires pour\u00a0rapports :<\/h4>\n<p><strong>Veuillez cliquer sur le lien ci-dessous pour acc<\/strong><strong>\u00e9der \u00e0 tous les nouveaux formulaires pour completer votre auto\u00e9valuation, rapport annuel, ou nouveaux tableaux d&#8217;information publique\u00a0:\u00a0\u00a0<\/strong><\/p>\n<ul style=\"font-weight: bolder;\">\n<li><a href=\"\/docs\/File\/Accreditation\/CPA Program User Guide for Online Self Study Applications.pdf\" target=\"_blank\" rel=\"noopener\">CPA Program User Guide for Online Self Study Applications<\/a> (PDF)<\/li>\n<\/ul>\n<p>Pour acc\u00e9der aux fiches d&#8217;information mises \u00e0 jour pour le doctorat et la r\u00e9sidence, veuillez cliquer sur les liens ci-dessous\u00a0:<\/p>\n<ul style=\"font-weight: bolder;\">\n<li><a href=\"\/docs\/File\/Accreditation\/Doc-Contact-FR.pdf\" target=\"_blank\" rel=\"noopener\">Formulaire de contact du programme doctoral<\/a> (PDF)<\/li>\n<li><a href=\"\/docs\/File\/Accreditation\/Int-Contact-FR.pdf\" target=\"_blank\" rel=\"noopener\">Formulaire de contact pour le programme de r\u00e9sidence<\/a> (PDF)<\/li>\n<\/ul>\n<p>Pour acc\u00e9der au formulaire de CV abr\u00e9g\u00e9 du personnel de votre programme, veuillez cliquer sur le lien ci-dessous :<\/p>\n<ul>\n<li><a href=\"\/docs\/File\/Accreditation\/SCP-CV_Abrege-professoral-du-programme-FR.docx\" target=\"_blank\" rel=\"noopener\">SCP-CV_Abrege-professoral-du-programme-FR.docx<\/a><\/li>\n<\/ul>\n<p><strong><i>Notes utiles :<\/i><\/strong><\/p>\n<p><strong><i>*Lorsque vous t\u00e9l\u00e9chargez les fichiers, veuillez assurer que vous utilisez une version r\u00e9cente de votre navigateur Internet. Notez \u00e9galement qu&#8217;il est pr\u00e9f\u00e9rable de t\u00e9l\u00e9charger un dossier entier \u00e0 la fois (vs de fichiers individuels un par un), puis enregistrer le dossier sur votre ordinateur. Sinon, les fichiers peuvent ouvrir seulement dans la fen\u00eatre de votre navigateur, ce qui les emp\u00eachera de fonctionner correctement.<\/i><\/strong><\/p>\n<p><strong><em>*Au moment de remplir les tables, veuillez assurer aussi que vous utilisez une version r\u00e9cente d&#8217;Adobe Reader. Vous pouvez acc\u00e9der \u00e0 la nouvelle version gratuitement sur :\u00a0 <a href=\"http:\/\/get.adobe.com\/reader\/\" target=\"_blank\" rel=\"noopener noreferrer\">http:\/\/get.adobe.com\/reader\/<\/a><\/em><\/strong><\/p>\n<p><strong>*<em>The Accreditation Office is currently in the process of updating our file upload system. Please email completed self-study documents and annual reports to <a href=\"mailto:accreditationoffice@cpa.ca\" target=\"_blank\" rel=\"noopener noreferrer\">accreditationoffice@cpa.ca<\/a>. Alternatively, you are welcome to send the electronic documents on a USB drive to: <\/em><\/strong><!--\n<em><strong>*Vos documents d&ucirc;ment remplis peuvent &ecirc;tre soumis au bureau d'agr&eacute;ment par voie &eacute;lectronique via le <a target=\"_blank\" href=\"http:\/\/web2.cpa.ca\/membersurveys\/index.php?sid=47261&amp;newtest=Y&amp;lang=fr\" rel=\"noopener noreferrer\">syst&egrave;me de t&eacute;l&eacute;chargement de fichiers<\/a> ou par courriel electronique.<\/strong>&nbsp;<\/em>\n\n--><\/p>\n<div style=\"padding-left: 50px;\">CPA Accreditation Panel<br \/>\nCanadian Psychological Association<br \/>\n1101 promenade Prince of Wales, bureau #230<br \/>\nOttawa, ON K2C 3W7<\/div>\n<hr \/>\n<h4>Pr\u00e9sentations d&#8217;int\u00e9r\u00eat<\/h4>\n<ul>\n<li><span class=\"new\">NOUVEAU<\/span> <a href=\"\/docs\/File\/Accreditation\/Accreditation Update and Diversity Presentation.pdf\">Accreditation Update and Diversity Presentation<\/a> &#8211; Presentation held during CPA\u2019s 2025 Annual Convention in St. John\u2019s, NL in June 2025<\/li>\n<li><a href=\"\/docs\/File\/Accreditation\/CCPPP Presentation re 6th Rev Stds Oct 2023.pdf\">6th Revision of CPA Accreditation Standards \u2013 An Overview<\/a> &#8211; CCPPP presentation on 6th Revision of Accreditation Standards, October 2023<\/li>\n<li><!--<span class=\"new\">NOUVEAU<\/span> --><a href=\"\/docs\/File\/Accreditation\/Accred Update - 2023 - Web Version.pdf\">Accreditation Update, June 2023<\/a> &#8211; Presentation held during CPA\u2019s 2023 Annual Convention in Toronto, ON in June 2023<\/li>\n<li><!--<span class=\"new\">NOUVEAU<\/span>  --><a href=\"\/docs\/File\/Accreditation\/Writing Effecitve Annual Reports.pdf\" target=\"_blank\" rel=\"noopener noreferrer\">Writing Effective Annual Reports<\/a> \u2013 Presentation held during CPA\u2019s 80th Annual Convention in Halifax, NS in May 2019<\/li>\n<li><!--<span class=\"new\">NOUVEAU<\/span>  --><a href=\"\/docs\/File\/Accreditation\/SV Reception and Acc Update - May 2019.pdf\" target=\"_blank\" rel=\"noopener noreferrer\">Site Visitor Reception and Accreditation Update<\/a> \u2013 Presentation held during CPA\u2019s 80th Annual Convention in Halifax, NS in May 2019<\/li>\n<li><!--<span class=\"new\" date=\"07\/31\/2018\">NOUVEAU<\/span> --><a href=\"\/docs\/File\/Accreditation\/CCPPP Preconvention 2018 -PE and QI.pdf\" target=\"_blank\" rel=\"noopener noreferrer\">A Deeper Look into Program Evaluation and Quality Improvement: Why Program Evaluation and Quality Improvement Matter to the Vitality and Success of your Programs and Internships<\/a> \u2013 Presentation held during the 29th International Congress of Applied Psychology in Montreal, QC in June 2018.<\/li>\n<li><!--<span class=\"new\" date=\"07\/31\/2018\">NOUVEAU<\/span> --><a href=\"\/docs\/File\/Accreditation\/PanelSVConversationSession-June2018.pdf\" target=\"_blank\" rel=\"noopener noreferrer\">Panel and Site Visitor Conversation Sessions<\/a> &#8211; Presentation held during the 29th International Congress of Applied Psychology in Montreal, QC in June 2018.<\/li>\n<li><!--<span class=\"new\" date=\"10\/5\/2017\">NOUVEAU<\/span> --><a href=\"\/docs\/File\/Accreditation\/PE and QI Presentation - Final.pdf\" target=\"_blank\" rel=\"noopener noreferrer\">Program Evaluation and Quality Improvement: A Shift from How to Why<\/a> \u2013 Presentation held during CPA\u2019s 78th Annual Convention in Toronto, ON in June 2017 \u2013 <a href=\"\/docs\/File\/Accreditation\/PE-QI Question Booklet Summaries.pdf\" target=\"_blank\" rel=\"noopener noreferrer\">PE-QI Question Booklet Summaries.pdf<\/a><\/li>\n<li><!--<span class=\"new\" date=\"10\/5\/2017\">NOUVEAU<\/span> --><a href=\"\/docs\/File\/Accreditation\/SVConversationSession-June2017-keep.pdf\" target=\"_blank\" rel=\"noopener noreferrer\">Site Visitor Conversation Session<\/a> &#8211; Presentation held during CPA\u2019s 78th Annual Convention in Toronto, ON in June 2017<\/li>\n<li><!--<span class=\"new\" date=\"10\/5\/2017\">NOUVEAU<\/span> --><a href=\"\/docs\/File\/Accreditation\/PanelConversationSession-June2017 - keep.pdf\" target=\"_blank\" rel=\"noopener noreferrer\">Accreditation Panel Conversation Session<\/a> &#8211; Presentation held during CPA\u2019s 78th Annual Convention in Toronto, ON in June 2017<\/li>\n<li><!--<span class=\"new\" date=\"9\/5\/2016\">NOUVEAU<\/span>  --><a href=\"\/docs\/File\/Accreditation\/Consortium Workshop_Final_for online post.pdf\" target=\"_blank\" rel=\"noopener noreferrer\">Developing internship consortia \u2013 Tips, Tools, and Tricky Issues<\/a> \u2013 Joint Presentation with CCPPP held during CPA\u2019s 77th Annual Convention in Victoria, BC in June 2016<\/li>\n<li><!--<span class=\"new\" date=\"9\/5\/2016\">NOUVEAU<\/span>  --><a href=\"\/docs\/File\/Accreditation\/SVConversationSession-June2016.pdf\" target=\"_blank\" rel=\"noopener noreferrer\">Site Visitor Conversation Session<\/a> &#8211; Presentation held during CPA\u2019s 77th Annual Convention in Victoria, BC in June 2016<\/li>\n<li><!--<span class=\"new\" date=\"9\/5\/2016\">NOUVEAU<\/span>  --><a href=\"\/docs\/File\/Accreditation\/PanelConversationSession-June2016.pdf\" target=\"_blank\" rel=\"noopener noreferrer\">Accreditation Panel Conversation Session<\/a> &#8211; Presentation held during CPA\u2019s 77th Annual Convention in Victoria, BC in June 2016<\/li>\n<p><!-----\n \t\n\n<li><a href=\"https:\/\/cpa.ca\/docs\/File\/Accreditation\/PanelConversationSession-June2015.pdf\" target=\"_blank\" rel=\"noopener\">Accreditation Panel Conversation Session<\/a>\u00a0\u2013 Presentation held during CPA\u2019s 76th Annual Convention in Ottawa, June<\/li>\n\n\n \t\n\n<li><a href=\"https:\/\/cpa.ca\/docs\/File\/Developmental-Trajectory-CPA-Acc.pdf\" target=\"_blank\" rel=\"noopener\">The Developmental Trajectory of CPA Accreditation<\/a>\u00a0- Timeline presented at the 30th anniversary celebration of CPA\u00a0Accreditation, at CPA's 75th Annual Convention in Vancouver, June 2014<\/li>\n\n\n \t\n\n<li><a href=\"https:\/\/cpa.ca\/docs\/File\/Vancouver2014-SpiritStds-Part2-PEQI.pdf\" target=\"_blank\" rel=\"noopener\">Understanding the Spirit Behind the CPA Accreditation Standards - Part 2 - Program Evaluation &amp;\u00a0Quality Improvement<\/a>\u00a0(&amp;\u00a0<a href=\"https:\/\/cpa.ca\/docs\/File\/KeyProgramEvaluationQs.pdf\" target=\"_blank\" rel=\"noopener\">key questions handout<\/a>) \u2013\u00a0Presentation held during CPA\u2019s 75th Annual Convention in Vancouver, June 2014<\/li>\n\n\n \t\n\n<li><a href=\"https:\/\/cpa.ca\/docs\/File\/Vancouver2014-AccConvSession.pdf\" target=\"_blank\" rel=\"noopener\">Accreditation Panel Conversation Session<\/a>\u00a0- Presentation held during CPA\u2019s 75th Annual Convention in Vancouver, June 2014<\/li>\n\n\n \t\n\n<li><a href=\"https:\/\/cpa.ca\/docs\/File\/Accreditation\/CACUSS_presentation_june_2013.pdf\" target=\"_blank\" rel=\"noopener\">Why and How to Develop a Counselling Psychology Internship Program at your University Counselling Centre<\/a>\u00a0- Presentation held at CACUSS in Montreal, June 2013<\/li>\n\n\n \t\n\n<li><a href=\"https:\/\/cpa.ca\/docs\/File\/Accreditation\/SpiritoftheStandards-Quebec2013.pdf\" target=\"_blank\" rel=\"noopener\">Understanding the Spirit Behind the CPA Accreditation Standards\u00a0<\/a>\u2013 Presentation held during CPA\u2019s 74th Annual Convention in Quebec City, June 2013<\/li>\n\n\n \t\n\n<li><a href=\"https:\/\/cpa.ca\/docs\/File\/Accreditation\/AccConversationSession-Quebec2013.pdf\" target=\"_blank\" rel=\"noopener\">Accreditation Panel Conversation Session<\/a>\u00a0- Presentation held during CPA\u2019s 74th Annual Convention in Quebec City, June 2013<\/li>\n\n\n \t\n\n<li><a href=\"https:\/\/cpa.ca\/cpasite\/UserFiles\/Documents\/Practice_Page\/4thcongcredJuly2010noclips.pdf\" target=\"_blank\" rel=\"noopener\">How Should the World get Smaller? The Case for an International rather than Global Model of Accreditation in Professional Psychology<\/a>. Presentation at the 4th\u00a0International Congress on Licensure, Certification and Credentialing of Psychologists - Sydney, Australia (June 2010)<\/li>\n\n\n------------>\n<\/ul>\n","protected":false},"excerpt":{"rendered":"<p><!--more--><\/p>\n","protected":false},"author":2,"featured_media":0,"parent":1330,"menu_order":0,"comment_status":"closed","ping_status":"closed","template":"","meta":{"_acf_changed":false,"_monsterinsights_skip_tracking":false,"_monsterinsights_sitenote_active":false,"_monsterinsights_sitenote_note":"","_monsterinsights_sitenote_category":0,"footnotes":""},"class_list":["post-1921","page","type-page","status-publish","hentry"],"acf":[],"aioseo_notices":[],"publishpress_future_workflow_manual_trigger":{"enabledWorkflows":[]},"_links":{"self":[{"href":"https:\/\/cpa.ca\/fr\/wp-json\/wp\/v2\/pages\/1921","targetHints":{"allow":["GET"]}}],"collection":[{"href":"https:\/\/cpa.ca\/fr\/wp-json\/wp\/v2\/pages"}],"about":[{"href":"https:\/\/cpa.ca\/fr\/wp-json\/wp\/v2\/types\/page"}],"author":[{"embeddable":true,"href":"https:\/\/cpa.ca\/fr\/wp-json\/wp\/v2\/users\/2"}],"replies":[{"embeddable":true,"href":"https:\/\/cpa.ca\/fr\/wp-json\/wp\/v2\/comments?post=1921"}],"version-history":[{"count":6,"href":"https:\/\/cpa.ca\/fr\/wp-json\/wp\/v2\/pages\/1921\/revisions"}],"predecessor-version":[{"id":43700,"href":"https:\/\/cpa.ca\/fr\/wp-json\/wp\/v2\/pages\/1921\/revisions\/43700"}],"up":[{"embeddable":true,"href":"https:\/\/cpa.ca\/fr\/wp-json\/wp\/v2\/pages\/1330"}],"wp:attachment":[{"href":"https:\/\/cpa.ca\/fr\/wp-json\/wp\/v2\/media?parent=1921"}],"curies":[{"name":"wp","href":"https:\/\/api.w.org\/{rel}","templated":true}]}}