{"id":1930,"date":"2018-08-15T15:17:43","date_gmt":"2018-08-15T19:17:43","guid":{"rendered":"https:\/\/cpa.ca\/agrement\/resources\/annual-report-statistics\/"},"modified":"2020-12-02T10:30:44","modified_gmt":"2020-12-02T15:30:44","slug":"donneesstatistiquesdesrapportsannuels","status":"publish","type":"page","link":"https:\/\/cpa.ca\/fr\/agrement\/ressources\/donneesstatistiquesdesrapportsannuels\/","title":{"rendered":"Donn\u00e9es statistiques des rapports annuels"},"content":{"rendered":"<p>Cette page fournit des donn\u00e9es statistiques confondues tir\u00e9es des rapports annuels des programmes. Les noms de programme et les donn\u00e9es sont confidentiels et ne seront pas divulgu\u00e9s. Les rapports sont offerts en anglais uniquement.<\/p>\n<h4>Programmes de doctorat<\/h4>\n<ul>\n<li><a target=\"_blank\" onclick=\"_gaq.push([\u2018_trackEvent\u2019,\u2019Download\u2019,\u2019PDF\u2019,this.href]);\" href=\"\/docs\/File\/Accreditation\/Doctoral Stats - 2017-18.pdf\" rel=\"noopener noreferrer\">2017-2018<\/a><\/li>\n<li><a target=\"_blank\" onclick=\"_gaq.push([\u2018_trackEvent\u2019,\u2019Download\u2019,\u2019PDF\u2019,this.href]);\" href=\"\/docs\/File\/Accreditation\/Doctoral Stats - 2016-17.pdf\" rel=\"noopener noreferrer\">2016-2017<\/a><\/li>\n<li><a target=\"_blank\" onclick=\"_gaq.push([\u2018_trackEvent\u2019,\u2019Download\u2019,\u2019PDF\u2019,this.href]);\" href=\"\/docs\/File\/Accreditation\/Doctoral Stats 2015-16.pdf\" rel=\"noopener noreferrer\">2015-2016<\/a><\/li>\n<li><a target=\"_blank\" onclick=\"_gaq.push([\u2018_trackEvent\u2019,\u2019Download\u2019,\u2019PDF\u2019,this.href]);\" href=\"\/docs\/File\/Accreditation\/Tables - Doctoral Programme ARs - 2014-15.pdf\" rel=\"noopener noreferrer\">2014-2015<\/a><\/li>\n<li><a target=\"_blank\" onclick=\"_gaq.push([\u2018_trackEvent\u2019,\u2019Download\u2019,\u2019PDF\u2019,this.href]);\" href=\"\/docs\/File\/Accreditation\/Stats-Doc-2013-14.pdf\" rel=\"noopener noreferrer\">2013-2014<\/a> *Avec les nouveaux tableaux d&#8217;information publique<\/li>\n<li><a target=\"_blank\" onclick=\"_gaq.push([\u2018_trackEvent\u2019,\u2019Download\u2019,\u2019PDF\u2019,this.href]);\" href=\"\/docs\/File\/Accreditation\/DoctoralARs-2012-13.pdf\" rel=\"noopener noreferrer\">2012-2013<\/a><\/li>\n<li><a target=\"_blank\" onclick=\"_gaq.push([\u2018_trackEvent\u2019,\u2019Download\u2019,\u2019PDF\u2019,this.href]);\" href=\"\/docs\/File\/Accreditation\/Tables-Doctoral_Programme_ARs-2011-12.pdf\" rel=\"noopener noreferrer\">2011-2012<\/a><\/li>\n<li><a target=\"_blank\" onclick=\"_gaq.push([\u2018_trackEvent\u2019,\u2019Download\u2019,\u2019PDF\u2019,this.href]);\" href=\"\/docs\/File\/Accreditation\/Tables-Doctoral_Programme_ARs-2010-11.pdf\" rel=\"noopener noreferrer\">2010-2011<\/a><\/li>\n<li><a target=\"_blank\" onclick=\"_gaq.push([\u2018_trackEvent\u2019,\u2019Download\u2019,\u2019PDF\u2019,this.href]);\" href=\"\/docs\/File\/Accreditation\/Tables-Doctoral_Programme_ARs-2009-10.pdf\" rel=\"noopener noreferrer\">2009-2010<\/a><\/li>\n<li><a target=\"_blank\" onclick=\"_gaq.push([\u2018_trackEvent\u2019,\u2019Download\u2019,\u2019PDF\u2019,this.href]);\" href=\"\/docs\/File\/Accreditation\/Tables-Doctoral_Programme_ARs-2008-09.pdf\" rel=\"noopener noreferrer\">2008-2009<\/a><\/li>\n<li><a target=\"_blank\" onclick=\"_gaq.push([\u2018_trackEvent\u2019,\u2019Download\u2019,\u2019PDF\u2019,this.href]);\" href=\"\/docs\/File\/Accreditation\/Tables-Doctoral_Programme_ARs-2007-08.pdf\" rel=\"noopener noreferrer\">2007-2008<\/a><\/li>\n<li><a target=\"_blank\" onclick=\"_gaq.push([\u2018_trackEvent\u2019,\u2019Download\u2019,\u2019PDF\u2019,this.href]);\" href=\"\/docs\/File\/Accreditation\/Tables-Doctoral_Programme_ARs-2006-07.pdf\" rel=\"noopener noreferrer\">2006-2007<\/a> <!--<a href=\"http:\/\/www.cpa.ca\/cpasite\/UserFiles\/Documents\/Accreditation\/Table%201%20AnnRepStats.pdf\" onclick=\"_gaq.push([\u2018_trackEvent\u2019,\u2019Download\u2019,\u2019PDF\u2019,this.href]);\">Table 1<\/a> (2004-05; 2005-06; 2006-07)<a href=\"http:\/\/www.cpa.ca\/cpasite\/UserFiles\/Documents\/Accreditation\/Table%202%20AnnRepStats.pdf\" onclick=\"_gaq.push([\u2018_trackEvent\u2019,\u2019Download\u2019,\u2019PDF\u2019,this.href]);\">Table 2<\/a> (2005-06; 2006-07)\n\n<a href=\"http:\/\/www.cpa.ca\/cpasite\/UserFiles\/Documents\/Accreditation\/Table%203%20AnnRepStats.pdf\" onclick=\"_gaq.push([\u2018_trackEvent\u2019,\u2019Download\u2019,\u2019PDF\u2019,this.href]);\">Table 3<\/a> (2004-05; 2005-06; 2006-07)\n\n<a href=\"http:\/\/www.cpa.ca\/cpasite\/UserFiles\/Documents\/Accreditation\/Table%204%20AnnRepStats(1).pdf\" onclick=\"_gaq.push([\u2018_trackEvent\u2019,\u2019Download\u2019,\u2019PDF\u2019,this.href]);\">Table 4<\/a> (2005-06; 2006-07)\n\n--><\/li>\n<\/ul>\n<h4>Programmes d\u2019internat<\/h4>\n<ul>\n<li><a target=\"_blank\" onclick=\"_gaq.push([\u2018_trackEvent\u2019,\u2019Download\u2019,\u2019PDF\u2019,this.href]);\" href=\"\/docs\/File\/Accreditation\/Internship Stats - 2017-18.pdf\" rel=\"noopener noreferrer\">2017-2018<\/a><\/li>\n<li><a target=\"_blank\" onclick=\"_gaq.push([\u2018_trackEvent\u2019,\u2019Download\u2019,\u2019PDF\u2019,this.href]);\" href=\"\/docs\/File\/Accreditation\/Internship Stats - 2016-17.pdf\" rel=\"noopener noreferrer\">2016-2017<\/a><\/li>\n<li><a target=\"_blank\" onclick=\"_gaq.push([\u2018_trackEvent\u2019,\u2019Download\u2019,\u2019PDF\u2019,this.href]);\" href=\"\/docs\/File\/Accreditation\/Internship 2015-16.pdf\" rel=\"noopener noreferrer\">2015-2016<\/a><\/li>\n<li><a target=\"_blank\" onclick=\"_gaq.push([\u2018_trackEvent\u2019,\u2019Download\u2019,\u2019PDF\u2019,this.href]);\" href=\"\/docs\/File\/Accreditation\/Internship 2015-16.pdf\" rel=\"noopener noreferrer\">2014-2015<\/a><\/li>\n<li><a target=\"_blank\" onclick=\"_gaq.push([\u2018_trackEvent\u2019,\u2019Download\u2019,\u2019PDF\u2019,this.href]);\" href=\"\/docs\/File\/Accreditation\/Stats-Int-2013-14.pdf\" rel=\"noopener noreferrer\">2013-2014<\/a> *Avec les nouveaux tableaux d&#8217;information publique<\/li>\n<li><a target=\"_blank\" onclick=\"_gaq.push([\u2018_trackEvent\u2019,\u2019Download\u2019,\u2019PDF\u2019,this.href]);\" href=\"\/docs\/File\/Accreditation\/InternshipARs-2012-13.pdf\" rel=\"noopener noreferrer\">2012-2013<\/a><\/li>\n<li><a target=\"_blank\" onclick=\"_gaq.push([\u2018_trackEvent\u2019,\u2019Download\u2019,\u2019PDF\u2019,this.href]);\" href=\"\/docs\/File\/Accreditation\/Tables-Internship_Programme_ARs-2011-12.pdf\" rel=\"noopener noreferrer\">2011-2012<\/a><\/li>\n<li><a target=\"_blank\" onclick=\"_gaq.push([\u2018_trackEvent\u2019,\u2019Download\u2019,\u2019PDF\u2019,this.href]);\" href=\"\/docs\/File\/Accreditation\/Tables-Internship_Programme_ARs-2010-11.pdf\" rel=\"noopener noreferrer\">2010-2011<\/a> <!--<a href=\"http:\/\/www.cpa.ca\/cpasite\/UserFiles\/Documents\/Accreditation\/Table%201%20AnnRepStatsInternship(1).pdf\" onclick=\"_gaq.push([\u2018_trackEvent\u2019,\u2019Download\u2019,\u2019PDF\u2019,this.href]);\">Table 1<\/a> (2004-05; 2005-06; 2006-07)<a href=\"http:\/\/www.cpa.ca\/cpasite\/UserFiles\/Documents\/Accreditation\/Table%202%20AnnRepStatsInternship.pdf\" onclick=\"_gaq.push([\u2018_trackEvent\u2019,\u2019Download\u2019,\u2019PDF\u2019,this.href]);\">Table 2<\/a> (2004-05; 2005-06; 2006-07)\n\n<a href=\"http:\/\/www.cpa.ca\/cpasite\/UserFiles\/Documents\/Accreditation\/Table%204%20AnnRepStatsInternship.pdf\" onclick=\"_gaq.push([\u2018_trackEvent\u2019,\u2019Download\u2019,\u2019PDF\u2019,this.href]);\">Table 4<\/a> (2004-05; 2005-06; 2006-07)\n\n--><\/li>\n<\/ul>\n<p>&nbsp;<\/p>\n","protected":false},"excerpt":{"rendered":"<p><!--more--><\/p>\n","protected":false},"author":2,"featured_media":0,"parent":1921,"menu_order":0,"comment_status":"closed","ping_status":"closed","template":"","meta":{"_acf_changed":false,"_monsterinsights_skip_tracking":false,"_monsterinsights_sitenote_active":false,"_monsterinsights_sitenote_note":"","_monsterinsights_sitenote_category":0,"footnotes":""},"class_list":["post-1930","page","type-page","status-publish","hentry"],"acf":[],"aioseo_notices":[],"publishpress_future_workflow_manual_trigger":{"enabledWorkflows":[]},"_links":{"self":[{"href":"https:\/\/cpa.ca\/fr\/wp-json\/wp\/v2\/pages\/1930","targetHints":{"allow":["GET"]}}],"collection":[{"href":"https:\/\/cpa.ca\/fr\/wp-json\/wp\/v2\/pages"}],"about":[{"href":"https:\/\/cpa.ca\/fr\/wp-json\/wp\/v2\/types\/page"}],"author":[{"embeddable":true,"href":"https:\/\/cpa.ca\/fr\/wp-json\/wp\/v2\/users\/2"}],"replies":[{"embeddable":true,"href":"https:\/\/cpa.ca\/fr\/wp-json\/wp\/v2\/comments?post=1930"}],"version-history":[{"count":6,"href":"https:\/\/cpa.ca\/fr\/wp-json\/wp\/v2\/pages\/1930\/revisions"}],"predecessor-version":[{"id":17961,"href":"https:\/\/cpa.ca\/fr\/wp-json\/wp\/v2\/pages\/1930\/revisions\/17961"}],"up":[{"embeddable":true,"href":"https:\/\/cpa.ca\/fr\/wp-json\/wp\/v2\/pages\/1921"}],"wp:attachment":[{"href":"https:\/\/cpa.ca\/fr\/wp-json\/wp\/v2\/media?parent=1930"}],"curies":[{"name":"wp","href":"https:\/\/api.w.org\/{rel}","templated":true}]}}