{"id":1937,"date":"2018-08-15T15:34:16","date_gmt":"2018-08-15T19:34:16","guid":{"rendered":"https:\/\/cpa.ca\/agrement\/resources\/newsletters\/"},"modified":"2021-10-05T15:27:04","modified_gmt":"2021-10-05T19:27:04","slug":"newsletters","status":"publish","type":"page","link":"https:\/\/cpa.ca\/fr\/agrement\/ressources\/newsletters\/","title":{"rendered":"Bulletins de l&#8217;agr\u00e9ment"},"content":{"rendered":"<h4><span class=\"new\">NOUVEAU<\/span> Bulletin d&#8217;information \u00abNouvelles de l&#8217;agr\u00e9ment\u00bb <a target=\"_blank\" onclick=\"_gaq.push([\u2018_trackEvent\u2019,\u2019Download\u2019,\u2019PDF\u2019,this.href]);\" href=\"\/docs\/File\/Accreditation\/Bulletin dagrement Ete 2021 FR.pdf\" rel=\"noopener noreferrer\">\u00c9t\u00e9\/Automne 2021<\/a><\/h4>\n<p>&nbsp;<\/p>\n<h4><!--<span class=\"new\">NOUVEAU<\/span> -->Bulletin d&#8217;information \u00abNouvelles de l&#8217;agr\u00e9ment\u00bb <a target=\"_blank\" onclick=\"_gaq.push([\u2018_trackEvent\u2019,\u2019Download\u2019,\u2019PDF\u2019,this.href]);\" href=\"\/docs\/File\/Accreditation\/NouvAgr-Vol1Num4-Printemps2017.pdf\" rel=\"noopener noreferrer\">Volume 1, Num\u00e9ro 4 \u2013 Printemps 2017<\/a><\/h4>\n<p>&nbsp;<\/p>\n<h4>bulletin d&#8217;information \u00abNouvelles de l&#8217;agr\u00e9ment\u00bb <a target=\"_blank\" onclick=\"_gaq.push([\u2018_trackEvent\u2019,\u2019Download\u2019,\u2019PDF\u2019,this.href]);\" href=\"\/docs\/File\/Accreditation\/NouvAgr-Vol1Num3-Printemps2016.pdf\" rel=\"noopener noreferrer\">Volume 1, Num\u00e9ro 3 \u2013 Printemps 2016<\/a><\/h4>\n<p>&nbsp;<\/p>\n<h4>bulletin d&#8217;information \u00abNouvelles de l&#8217;agr\u00e9ment\u00bb <a target=\"_blank\" onclick=\"_gaq.push([\u2018_trackEvent\u2019,\u2019Download\u2019,\u2019PDF\u2019,this.href]);\" href=\"\/docs\/File\/Accreditation\/NouvAgr-Vol1Num2-Hiver2015.pdf\" rel=\"noopener noreferrer\">Volume 1, Num\u00e9ro&nbsp;2 &#8211; Hiver 2015<\/a><\/h4>\n<p><!--Le Jury d'agr&eacute;ment de la SCP vient de terminer le deuxi&egrave;me &eacute;dition du bulletin d'information &laquo;Nouvelles de l'agr&eacute;ment&raquo;. Nous esp&eacute;rons que vous prendrez quelques instants pour lire son contenu. Ce num&eacute;ro souligne les sujets incluant :\n\n\n<ul>\n \t\n\n<li>Recherche de nouveaux membres du Jury<\/li>\n\n\n \t\n\n<li>D&eacute;veloppements du cot&eacute; des visites d&rsquo;&eacute;tablissements<\/li>\n\n\n \t\n\n<li>Liens vers des statistiques tir&eacute;es des rapports annuels des programmes<\/li>\n\n\n \t\n\n<li>Et plus! &nbsp;<\/li>\n\n\n<\/ul>\n\n\n--><\/p>\n<p>&nbsp;<\/p>\n<h4>bulletin d&#8217;information \u00abNouvelles de l&#8217;agr\u00e9ment\u00bb <a target=\"_blank\" onclick=\"_gaq.push([\u2018_trackEvent\u2019,\u2019Download\u2019,\u2019PDF\u2019,this.href]);\" href=\"\/docs\/File\/NouvAgr-Vol1Num1-Ete2014.pdf\" rel=\"noopener noreferrer\">Volume 1, Num\u00e9ro&nbsp;1 &#8211;&nbsp;\u00c9t\u00e9 2014<\/a>&nbsp;<\/h4>\n<p><!--Le Jury d'agr&eacute;ment de la SCP vient de terminer la premi&egrave;re &eacute;dition d'un nouveau bulletin d'information &laquo;Nouvelles de l'agr&eacute;ment&raquo;, qui nous l'esp&eacute;rons, deviendra un m&eacute;canisme d'&eacute;change d'informations entre le Jury et les programmes de formation. Cette premi&egrave;re &eacute;dition, bien que bref, est particuli&egrave;rement sp&eacute;ciale car nous avons pu profiter de l'occasion pour souligner la r&eacute;cente c&eacute;l&eacute;bration du 30e anniversaire de l'agr&eacute;ment.\n\n--><\/p>\n<p>&nbsp;<\/p>\n<p>&nbsp;<\/p>\n","protected":false},"excerpt":{"rendered":"<p><!--more--><\/p>\n","protected":false},"author":2,"featured_media":0,"parent":1921,"menu_order":0,"comment_status":"closed","ping_status":"closed","template":"","meta":{"_acf_changed":false,"_monsterinsights_skip_tracking":false,"_monsterinsights_sitenote_active":false,"_monsterinsights_sitenote_note":"","_monsterinsights_sitenote_category":0,"footnotes":""},"class_list":["post-1937","page","type-page","status-publish","hentry"],"acf":[],"aioseo_notices":[],"publishpress_future_workflow_manual_trigger":{"enabledWorkflows":[]},"_links":{"self":[{"href":"https:\/\/cpa.ca\/fr\/wp-json\/wp\/v2\/pages\/1937","targetHints":{"allow":["GET"]}}],"collection":[{"href":"https:\/\/cpa.ca\/fr\/wp-json\/wp\/v2\/pages"}],"about":[{"href":"https:\/\/cpa.ca\/fr\/wp-json\/wp\/v2\/types\/page"}],"author":[{"embeddable":true,"href":"https:\/\/cpa.ca\/fr\/wp-json\/wp\/v2\/users\/2"}],"replies":[{"embeddable":true,"href":"https:\/\/cpa.ca\/fr\/wp-json\/wp\/v2\/comments?post=1937"}],"version-history":[{"count":6,"href":"https:\/\/cpa.ca\/fr\/wp-json\/wp\/v2\/pages\/1937\/revisions"}],"predecessor-version":[{"id":24834,"href":"https:\/\/cpa.ca\/fr\/wp-json\/wp\/v2\/pages\/1937\/revisions\/24834"}],"up":[{"embeddable":true,"href":"https:\/\/cpa.ca\/fr\/wp-json\/wp\/v2\/pages\/1921"}],"wp:attachment":[{"href":"https:\/\/cpa.ca\/fr\/wp-json\/wp\/v2\/media?parent=1937"}],"curies":[{"name":"wp","href":"https:\/\/api.w.org\/{rel}","templated":true}]}}