{"id":1942,"date":"2018-08-15T15:37:57","date_gmt":"2018-08-15T19:37:57","guid":{"rendered":"https:\/\/cpa.ca\/agrement\/resources\/sitevisitorworkshops\/"},"modified":"2020-12-02T10:30:41","modified_gmt":"2020-12-02T15:30:41","slug":"visitesdinstallations","status":"publish","type":"page","link":"https:\/\/cpa.ca\/fr\/agrement\/ressources\/visitesdinstallations\/","title":{"rendered":"Ateliers pour les visiteurs d&#8217;installation"},"content":{"rendered":"<h4>Pour devenir un visiteur d\u2019installation<\/h4>\n<p>Nous invitons tous ceux et celles int\u00e9ress\u00e9s \u00e0 devenir un visiteur d\u2019installation ou en apprendre davantage sur le processus d\u2019agr\u00e9ment \u00e0 se joindre \u00e0 nous.<\/p>\n<h4>Ateliers pour les visiteurs d\u2019installation<\/h4>\n<p>Le bureau d\u2019agr\u00e9ment de la SCP planifie pr\u00e9sentement un atelier en fran\u00e7ais en automne 2016. Si vous \u00eates int\u00e9ress\u00e9, SVP contacter le bureau d\u2019agr\u00e9ment \u00e0 <a href=\"mailto:agrement@cpa.ca\">agrement@cpa.ca<\/a>!<\/p>\n<p><!--Un atelier en anglais se tiendra pendant le congr&egrave;s annuel de la SCP &agrave; Ottawa, en juin 2015.&nbsp;&nbsp;\n\n--><\/p>\n<p>Veuillez communiquer avec le bureau d&#8217;agrement de la SCP par <a href=\"mailto:agrement@cpa.ca\">agrement@cpa.ca<\/a> pour s&#8217;inscrire \u00e0 un atelier, ou pour organiser un atelier dans votre region.<\/p>\n<p><!--\n\n\n<h4>Merci aux visiteurs!<\/h4>\n\n\nLe jury d'agr&eacute;ment tient &agrave; remercier tous les psychologues qui ont donn&eacute; de leur temps et leur expertise en tant que visiteurs d'installation au cours de l'ann&eacute;e scolaire 2013-2014. Notre sinc&egrave;re gratitude va aux D<sup>rs<\/sup> :\n\n\n<table cellspacing=\"1\" cellpadding=\"0\" width=\"500\" align=\"left\" border=\"1\" style=\"width: 375pt\">\n\n\n<tbody>\n\n\n<tr>\n\n\n<td>\n\n\n<div>Maria Angelopoulos<\/div>\n\n<\/td>\n\n\n\n\n<td>\n\n\n<div>Joan Backman<\/div>\n\n<\/td>\n\n\n\n\n<td>\n\n\n<div>Harvey Brooker<\/div>\n\n<\/td>\n\n\n\n\n<td>\n\n\n<div>Clarissa Bush<\/div>\n\n<\/td>\n\n\n<\/tr>\n\n\n\n\n<tr>\n\n\n<td>\n\n\n<div>Karen Dyck<\/div>\n\n<\/td>\n\n\n\n\n<td>\n\n\n<div>Joel Goldberg<\/div>\n\n<\/td>\n\n\n\n\n<td>\n\n\n<div>Paul Greenman<\/div>\n\n<\/td>\n\n\n\n\n<td>\n\n\n<div>Lori Harper<\/div>\n\n<\/td>\n\n\n<\/tr>\n\n\n\n\n<tr>\n\n\n<td>\n\n\n<div>Charlotte Johnston<\/div>\n\n<\/td>\n\n\n\n\n<td>\n\n\n<div>Catherine Lee<\/div>\n\n<\/td>\n\n\n\n\n<td>\n\n\n<div>Lynn Loutzenhiser<\/div>\n\n<\/td>\n\n\n\n\n<td>\n\n\n<div>Ian Nicholson<\/div>\n\n<\/td>\n\n\n<\/tr>\n\n\n\n\n<tr>\n\n\n<td>\n\n\n<div>Terez Retfalvi<\/div>\n\n<\/td>\n\n\n\n\n<td>\n\n\n<div>Kerri Ritchie<\/div>\n\n<\/td>\n\n\n\n\n<td>\n\n\n<div>Bruce Shore<\/div>\n\n<\/td>\n\n\n\n\n<td>\n\n\n<div>Michael Vallis<\/div>\n\n<\/td>\n\n\n<\/tr>\n\n\n<\/tbody>\n\n\n<\/table>\n\n\n&nbsp;\n\n--><\/p>\n<p>&nbsp;<\/p>\n","protected":false},"excerpt":{"rendered":"<p><!--more--><\/p>\n","protected":false},"author":2,"featured_media":0,"parent":1921,"menu_order":0,"comment_status":"closed","ping_status":"closed","template":"","meta":{"_acf_changed":false,"_monsterinsights_skip_tracking":false,"_monsterinsights_sitenote_active":false,"_monsterinsights_sitenote_note":"","_monsterinsights_sitenote_category":0,"footnotes":""},"class_list":["post-1942","page","type-page","status-publish","hentry"],"acf":[],"aioseo_notices":[],"publishpress_future_workflow_manual_trigger":{"enabledWorkflows":[]},"_links":{"self":[{"href":"https:\/\/cpa.ca\/fr\/wp-json\/wp\/v2\/pages\/1942","targetHints":{"allow":["GET"]}}],"collection":[{"href":"https:\/\/cpa.ca\/fr\/wp-json\/wp\/v2\/pages"}],"about":[{"href":"https:\/\/cpa.ca\/fr\/wp-json\/wp\/v2\/types\/page"}],"author":[{"embeddable":true,"href":"https:\/\/cpa.ca\/fr\/wp-json\/wp\/v2\/users\/2"}],"replies":[{"embeddable":true,"href":"https:\/\/cpa.ca\/fr\/wp-json\/wp\/v2\/comments?post=1942"}],"version-history":[{"count":4,"href":"https:\/\/cpa.ca\/fr\/wp-json\/wp\/v2\/pages\/1942\/revisions"}],"predecessor-version":[{"id":17960,"href":"https:\/\/cpa.ca\/fr\/wp-json\/wp\/v2\/pages\/1942\/revisions\/17960"}],"up":[{"embeddable":true,"href":"https:\/\/cpa.ca\/fr\/wp-json\/wp\/v2\/pages\/1921"}],"wp:attachment":[{"href":"https:\/\/cpa.ca\/fr\/wp-json\/wp\/v2\/media?parent=1942"}],"curies":[{"name":"wp","href":"https:\/\/api.w.org\/{rel}","templated":true}]}}