{"id":1978,"date":"2018-08-15T22:03:11","date_gmt":"2018-08-16T02:03:11","guid":{"rendered":"https:\/\/cpa.ca\/etudiants\/mindpad\/copyright\/"},"modified":"2020-11-30T16:41:50","modified_gmt":"2020-11-30T21:41:50","slug":"copyright","status":"publish","type":"page","link":"https:\/\/cpa.ca\/fr\/etudiants\/mindpad\/copyright\/","title":{"rendered":"Mind Pad Copyright Statement"},"content":{"rendered":"<p>Notes d\u2019id\u00e9es est une revue \u00e9tudiante de la Soci\u00e9t\u00e9 canadienne de psychologie (SCP). La SCP r\u00e9serve les droits d\u2019auteur. Les opinions exprim\u00e9es sont strictement celles des auteurs et ne refl\u00e8tent pas n\u00e9cessairement les opinions de la Soci\u00e9t\u00e9 canadienne de psychologie, ses repr\u00e9sentants, directeurs, ou employ\u00e9s. Notes d\u2019id\u00e9es para\u00eet deux fois par ann\u00e9e et n\u2019est publi\u00e9 qu\u2019en format \u00e9lectronique. Le bulletin est disponible aux membres de la SCP et au public.<\/p>\n","protected":false},"excerpt":{"rendered":"<p><!--more--><\/p>\n","protected":false},"author":2,"featured_media":0,"parent":1555,"menu_order":0,"comment_status":"closed","ping_status":"closed","template":"","meta":{"_acf_changed":false,"_monsterinsights_skip_tracking":false,"_monsterinsights_sitenote_active":false,"_monsterinsights_sitenote_note":"","_monsterinsights_sitenote_category":0,"footnotes":""},"class_list":["post-1978","page","type-page","status-publish","hentry"],"acf":[],"aioseo_notices":[],"publishpress_future_workflow_manual_trigger":{"enabledWorkflows":[]},"_links":{"self":[{"href":"https:\/\/cpa.ca\/fr\/wp-json\/wp\/v2\/pages\/1978","targetHints":{"allow":["GET"]}}],"collection":[{"href":"https:\/\/cpa.ca\/fr\/wp-json\/wp\/v2\/pages"}],"about":[{"href":"https:\/\/cpa.ca\/fr\/wp-json\/wp\/v2\/types\/page"}],"author":[{"embeddable":true,"href":"https:\/\/cpa.ca\/fr\/wp-json\/wp\/v2\/users\/2"}],"replies":[{"embeddable":true,"href":"https:\/\/cpa.ca\/fr\/wp-json\/wp\/v2\/comments?post=1978"}],"version-history":[{"count":2,"href":"https:\/\/cpa.ca\/fr\/wp-json\/wp\/v2\/pages\/1978\/revisions"}],"predecessor-version":[{"id":17605,"href":"https:\/\/cpa.ca\/fr\/wp-json\/wp\/v2\/pages\/1978\/revisions\/17605"}],"up":[{"embeddable":true,"href":"https:\/\/cpa.ca\/fr\/wp-json\/wp\/v2\/pages\/1555"}],"wp:attachment":[{"href":"https:\/\/cpa.ca\/fr\/wp-json\/wp\/v2\/media?parent=1978"}],"curies":[{"name":"wp","href":"https:\/\/api.w.org\/{rel}","templated":true}]}}