{"id":1982,"date":"2018-08-15T22:08:58","date_gmt":"2018-08-16T02:08:58","guid":{"rendered":"https:\/\/cpa.ca\/etudiants\/mindpad\/editorialpolicy\/"},"modified":"2024-09-18T12:15:52","modified_gmt":"2024-09-18T16:15:52","slug":"editorialpolicy","status":"publish","type":"page","link":"https:\/\/cpa.ca\/fr\/etudiants\/mindpad\/editorialpolicy\/","title":{"rendered":"Politique \u00e9ditoriale et soumissions de Mind Pad"},"content":{"rendered":"<p><em>Mind Pad<\/em> vise \u00e0 publier des articles int\u00e9ressants pour tous ceux qui pratiquent et \u00e9tudient la psychologie, mais en mettant l&#8217;accent sur les articles qui int\u00e9ressent les personnes \u00e9tudiantes en psychologie.\u00a0 <em>Mind Pad<\/em> est publi\u00e9 une fois par an, en fonction du volume de soumissions. <em>Mind Pad<\/em> est publi\u00e9 \u00e9lectroniquement en ligne et est disponible sur le site web de la SCP.\u00a0 Un lien vers le dernier num\u00e9ro est envoy\u00e9 par courriel \u00e0 toutes les personnes \u00e9tudiantes affili\u00e9es \u00e0 la SCP.<\/p>\n<p>Nous encourageons les contenus uniques, innovants et susceptibles de catalyser la discussion et le d\u00e9bat entre les membres et les personnes affili\u00e9es de la SCP, ainsi qu&#8217;au sein de la communaut\u00e9 des psychologues.<\/p>\n<p>Mind Pad s&#8217;engage \u00e9galement \u00e0 promouvoir les pratiques de la science ouverte. Des d\u00e9tails sur le nouveau programme d&#8217;insignes de la science ouverte sont inclus ci-dessous.<\/p>\n<p>Si vous souhaitez soumettre un article, lisez les directives de soumission ci-dessous. Si vous avez des commentaires sur un article ou des questions sur le processus de soumission, veuillez contacter la personne r\u00e9dactrice en chef,\u00a0<a href=\"mailto:pastchair.cpastudentsection@gmail.com\">pastchair.cpastudentsection@gmail.com<\/a><\/p>\n<h3>Soumissions<\/h3>\n<p><em>Mind Pad<\/em> peut publier toute une s\u00e9rie de propositions, notamment:<\/p>\n<ul>\n<li>Des r\u00e9sum\u00e9s de recherches originales (cliniques ou fondamentales) ;<\/li>\n<li>R\u00e9sum\u00e9s de revues ;<\/li>\n<li>Articles li\u00e9s \u00e0 la carri\u00e8re en psychologie ;<\/li>\n<li>Commentaires sur les nouvelles tendances de la psychologie ou de la recherche en psychologie ;<\/li>\n<li>Commentaires sur la psychologie dans les m\u00e9dias ;<\/li>\n<li>Rapports sur les conf\u00e9rences ou les ateliers auxquels on a assist\u00e9.<\/li>\n<\/ul>\n<p>\u00c0 la discr\u00e9tion de la personne r\u00e9dactrice en chef, les num\u00e9ros de <em>Mind Pad<\/em> peuvent \u00eatre th\u00e9matiques. <em>Mind Pad<\/em> accepte les soumissions en anglais ou en fran\u00e7ais.<\/p>\n<h4>Directives de soumission<\/h4>\n<ul>\n<li>Tous les articles soumis doivent comporter entre 800 et 2 000 mots. Les exceptions doivent \u00eatre approuv\u00e9es par la personne r\u00e9dactrice en chef. Les r\u00e9ponses et les commentaires aux articles publi\u00e9s dans les num\u00e9ros pr\u00e9c\u00e9dents peuvent \u00eatre plus courts.<\/li>\n<li>Les graphiques et les tableaux accompagnant les articles seront examin\u00e9s au cas par cas. Les personnes souhaitant soumettre des graphiques doivent les joindre \u00e0 la soumission, accompagn\u00e9es d&#8217;une note d\u00e9crivant les graphiques et la mani\u00e8re dont ils soutiennent la soumission.<\/li>\n<li>Les soumissions peuvent inclure des r\u00e9f\u00e9rences si cela est n\u00e9cessaire ou requis. Les r\u00e9f\u00e9rences ne sont pas incluses dans le nombre de mots de l&#8217;article soumis, mais peuvent \u00eatre limit\u00e9es par le r\u00e9dacteur en chef.<\/li>\n<li>Les soumissions doivent respecter les directives de publication de l&#8217;APA.<\/li>\n<li>Les auteurs doivent \u00eatre membres de la SCP. Les articles soumis par les \u00e9tudiants affili\u00e9s seront trait\u00e9s en priorit\u00e9.<\/li>\n<li>Les articles soumis \u00e0 Mind Pad ne doivent pas avoir \u00e9t\u00e9 publi\u00e9s ou accept\u00e9s pour publication dans une autre revue ou un autre livre \u00e0 comit\u00e9 de lecture.<\/li>\n<li>Les soumissions doivent \u00eatre envoy\u00e9es en remplissant le\u00a0<a href=\"https:\/\/cpa.ca\/docs\/File\/Students\/MindPad\/Mind Pad Submission Form Revised Aug 2024-FR.docx\" target=\"_blank\" rel=\"noopener noreferrer\">formulaire de soumission disponible sur ce lien.<\/a>.<\/li>\n<\/ul>\n<p>Badges de science ouverte <span class=\"new\">NOUVEAU badge<\/span><\/p>\n<p>\u00c0 partir du 30 mai 2020, les articles accept\u00e9s par Mind Pad pourront obtenir des badges qui reconnaissent les pratiques scientifiques ouvertes : donn\u00e9es et mat\u00e9riel accessibles au public, ou plans de recherche pr\u00e9enregistr\u00e9s. Les badges de science ouverte (<a href=\"https:\/\/cos.io\/our-services\/open-science-badges\/\">Open Science Framework<\/a>) sont des incitations \u00e0 reconna\u00eetre les efforts des auteurs pour s&#8217;engager dans des pratiques de science ouverte, \u00e0 savoir fournir un acc\u00e8s ouvert aux donn\u00e9es, au mat\u00e9riel et au pr\u00e9enregistrement des m\u00e9thodes. Les badges servent \u00e9galement \u00e0 informer les lecteurs de la disponibilit\u00e9 de mat\u00e9riel suppl\u00e9mentaire et \u00e0 renforcer leur confiance dans l&#8217;article pr\u00e9sent\u00e9.<\/p>\n<table style=\"height: 558px;\" width=\"669\">\n<tbody>\n<tr>\n<td width=\"117\"><strong>Badge<\/strong><\/td>\n<td width=\"556\"><strong>Description et exigences<\/strong><\/td>\n<\/tr>\n<tr>\n<td width=\"117\"><img decoding=\"async\" src=\"\/docs\/File\/Students\/opendata.jpg\" \/><\/td>\n<td width=\"556\"><strong>Donn\u00e9es ouvertes:<\/strong>\u00a0Toutes les donn\u00e9es n\u00e9cessaires \u00e0 la reproduction des r\u00e9sultats rapport\u00e9s qui sont partageables num\u00e9riquement sont mises \u00e0 la disposition du public dans un d\u00e9p\u00f4t permanent (par exemple, OSF). Les informations n\u00e9cessaires \u00e0 la reproduction (par exemple, les livres de code ou les m\u00e9tadonn\u00e9es) doivent \u00eatre incluses.<\/td>\n<\/tr>\n<tr>\n<td width=\"117\"><img decoding=\"async\" src=\"\/docs\/File\/Students\/OpenMaterials.jpg\" \/><\/td>\n<td width=\"556\"><strong>Mat\u00e9riel ouvert:<\/strong>\u00a0Tous les documents n\u00e9cessaires \u00e0 la reproduction des r\u00e9sultats rapport\u00e9s qui sont partageables num\u00e9riquement, ainsi que les descriptions des documents non num\u00e9riques n\u00e9cessaires \u00e0 la reproduction, sont mis \u00e0 la disposition du public dans un d\u00e9p\u00f4t permanent (par exemple, OSF).<\/td>\n<\/tr>\n<tr>\n<td width=\"117\"><img decoding=\"async\" src=\"\/docs\/File\/Students\/PreRegistered.jpg\" \/><\/td>\n<td width=\"556\"><strong>Pr\u00e9enregistr\u00e9:<\/strong>\u00a0La conception d&#8217;au moins une \u00e9tude a \u00e9t\u00e9 pr\u00e9enregistr\u00e9e avec des descriptions (a) de la conception de la recherche et du mat\u00e9riel d&#8217;\u00e9tude, y compris la taille pr\u00e9vue de l&#8217;\u00e9chantillon ; (b) de la question ou de l&#8217;hypoth\u00e8se de recherche ; (c) de la ou des variables de r\u00e9sultats ; et (d) des variables pr\u00e9dictives, y compris les contr\u00f4les, les covariables et les variables ind\u00e9pendantes. Les r\u00e9sultats doivent \u00eatre enti\u00e8rement divulgu\u00e9s. Les r\u00e9sultats des analyses qui n&#8217;ont pas \u00e9t\u00e9 pr\u00e9enregistr\u00e9es peuvent \u00eatre mentionn\u00e9s dans l&#8217;article s&#8217;ils sont qualifi\u00e9s d&#8217;analyses exploratoires, \u00e0 condition qu&#8217;ils soient distingu\u00e9s des autres r\u00e9sultats de l&#8217;article. L&#8217;enregistrement pr\u00e9alable doit \u00eatre rendu public, horodat\u00e9 et document\u00e9 dans un r\u00e9pertoire permanent (par exemple, OSF).<\/td>\n<\/tr>\n<\/tbody>\n<\/table>\n<p>Pour obtenir un badge, vous devez fournir une URL, un doi ou un autre chemin permanent permettant d&#8217;acc\u00e9der aux informations sp\u00e9cifi\u00e9es dans un r\u00e9f\u00e9rentiel public \u00e0 acc\u00e8s libre. Les r\u00e9f\u00e9rentiels publics \u00e0 acc\u00e8s libre qui remplissent les conditions requises s&#8217;engagent \u00e0 pr\u00e9server les donn\u00e9es, le mat\u00e9riel et\/ou les plans d&#8217;analyse pr\u00e9enregistr\u00e9s et \u00e0 les rendre accessibles au public sur le web \u00e0 perp\u00e9tuit\u00e9. L&#8217;Open Science Framework (<a href=\"https:\/\/osf.io\/\" target=\"_blank\" rel=\"noopener noreferrer\">OSF<\/a>) et les diff\u00e9rents r\u00e9seaux Dataverse en sont des exemples. Des centaines d&#8217;autres d\u00e9p\u00f4ts de donn\u00e9es\/mat\u00e9riels sont r\u00e9pertori\u00e9s sur le site <a href=\"http:\/\/www.re3data.org\/\" target=\"_blank\" rel=\"noopener noreferrer\">http:\/\/re3data.org\/<\/a>. Le pr\u00e9enregistrement d&#8217;un plan d&#8217;analyse doit avoir lieu via un syst\u00e8me de registre accessible au public (par exemple,\u00a0<a href=\"https:\/\/cos.io\/prereg\/\" target=\"_blank\" rel=\"noopener noreferrer\">OSF<\/a>, <a href=\"https:\/\/aspredicted.org\/\" target=\"_blank\" rel=\"noopener noreferrer\">AsPredicted.org<\/a>, <a href=\"http:\/\/clinicaltrials.gov\/\" target=\"_blank\" rel=\"noopener noreferrer\">ClinicalTrials.gov<\/a> ou d&#8217;autres registres d&#8217;essais du <a href=\"http:\/\/www.who.int\/ictrp\/network\/en\/\" target=\"_blank\" rel=\"noopener noreferrer\">r\u00e9seau de registres de l&#8217;OMS<\/a>, syst\u00e8mes d&#8217;enregistrement institutionnels). Les sites web personnels et la plupart des sites web d\u00e9partementaux ne sont pas consid\u00e9r\u00e9s comme des d\u00e9p\u00f4ts.<\/p>\n<p>Les auteurs qui souhaitent publier du mat\u00e9riel de tiers dans leur plan de donn\u00e9es, de mat\u00e9riel ou de pr\u00e9enregistrement doivent disposer de l&#8217;autorit\u00e9 comp\u00e9tente ou d&#8217;un accord de permission pour le faire.<\/p>\n<p>Pour demander un ou plusieurs badges reconnaissant les pratiques de science ouverte, veuillez suivre les instructions du formulaire de soumission de l&#8217;auteur. Dans certaines circonstances, il n&#8217;est pas possible ou souhaitable de partager publiquement tout, ou une partie des donn\u00e9es, du mat\u00e9riel ou d&#8217;un plan de recherche. Par exemple, dans certains cas, le partage des donn\u00e9es des participants pourrait constituer une violation de la confidentialit\u00e9. Si vous souhaitez que votre article comprenne une explication de ces circonstances et\/ou fournisse des liens vers les donn\u00e9es ou le mat\u00e9riel que vous avez mis \u00e0 disposition &#8211; m\u00eame si ce n&#8217;est pas dans des conditions permettant d&#8217;obtenir un badge &#8211; vous pouvez r\u00e9diger une note alternative qui sera publi\u00e9e dans votre article.<\/p>\n<p><strong>Remarque:\u00a0<\/strong>La demande de badges OSF est volontaire et facultative pour les auteurs du Mind Pad. La d\u00e9cision \u00e9ditoriale ne sera pas affect\u00e9e par la d\u00e9cision de l&#8217;auteur de postuler pour les badges OSF.<\/p>\n<h4>Proc\u00e9dure de soumission<\/h4>\n<ol>\n<li>La personne \u00e9ditrice en chef informera l&#8217;auteur de la r\u00e9ception de sa soumission dans les deux semaines suivant la r\u00e9ception de celle-ci.<\/li>\n<li>La personne \u00e9ditrice en chef confie la soumission \u00e0 une personne \u00e9ditrice associ\u00e9e, qui est ensuite charg\u00e9e d&#8217;envoyer le manuscrit \u00e0 au moins deux personnes \u00e9valuatrices en vue d&#8217;une \u00e9valuation par les pairs.<\/li>\n<li>Dans un d\u00e9lai d&#8217;un mois \u00e0 compter de la r\u00e9ception de la soumission, une premi\u00e8re \u00e9valuation est effectu\u00e9e.<\/li>\n<li>\u00c0 l&#8217;issue de cette p\u00e9riode d&#8217;examen initial, la personne \u00e9ditrice associ\u00e9e informe l&#8217;auteur de l&#8217;\u00e9tat d&#8217;avancement de sa soumission. Il peut s&#8217;agir d&#8217;une acceptation, d&#8217;une demande de modification r\u00e9dactionnelle, d&#8217;un rejet, etc.<\/li>\n<li>Si l&#8217;article n&#8217;est pas rejet\u00e9, l&#8217;auteur est invit\u00e9 \u00e0 le r\u00e9viser et \u00e0 le soumettre \u00e0 nouveau dans un d\u00e9lai de deux semaines.<\/li>\n<li>Les \u00e9valuateurs examineront la deuxi\u00e8me version de l&#8217;article. La d\u00e9cision finale sera communiqu\u00e9e \u00e0 l&#8217;auteur par la personne \u00e9ditrice en chef.<\/li>\n<li>Les articles accept\u00e9s peuvent figurer sur le CV de l&#8217;auteur comme \u00e9tant <em>sous presse<\/em> jusqu&#8217;\u00e0 leur publication.<\/li>\n<\/ol>\n<p><strong>Veuillez envoyer toutes les soumissions \u00e0 l&#8217;aide du <\/strong><a href=\"https:\/\/cpa.ca\/docs\/File\/Students\/MindPad\/Mind Pad Submission Form Revised Aug 2024-FR.docx\" target=\"_blank\" rel=\"noopener noreferrer\"><strong>formulaire de soumission<\/strong><\/a><strong> \u00e0 la personne \u00e9ditrice en chef (<a href=\"mailto:pastchair.cpastudentsection@gmail.com\">pastchair.cpastudentsection@gmail.com<\/a>)<\/strong><\/p>\n<p>lease send all submissions using the <a href=\"\/docs\/File\/Students\/MindPad\/Mind Pad Submission Form Revised Oct 2021.docx\" target=\"_blank\" rel=\"noopener noreferrer\">submission form<\/a> to the Editor-in-Chief (<a href=\"mailto:pastchair.cpastudentsection@gmail.com\">pastchair.cpastudentsection@gmail.com<\/a>)<\/p>\n","protected":false},"excerpt":{"rendered":"<p><!--more--><\/p>\n","protected":false},"author":2,"featured_media":0,"parent":1555,"menu_order":0,"comment_status":"closed","ping_status":"closed","template":"","meta":{"_acf_changed":false,"_monsterinsights_skip_tracking":false,"_monsterinsights_sitenote_active":false,"_monsterinsights_sitenote_note":"","_monsterinsights_sitenote_category":0,"footnotes":""},"class_list":["post-1982","page","type-page","status-publish","hentry"],"acf":[],"aioseo_notices":[],"publishpress_future_workflow_manual_trigger":{"enabledWorkflows":[]},"_links":{"self":[{"href":"https:\/\/cpa.ca\/fr\/wp-json\/wp\/v2\/pages\/1982","targetHints":{"allow":["GET"]}}],"collection":[{"href":"https:\/\/cpa.ca\/fr\/wp-json\/wp\/v2\/pages"}],"about":[{"href":"https:\/\/cpa.ca\/fr\/wp-json\/wp\/v2\/types\/page"}],"author":[{"embeddable":true,"href":"https:\/\/cpa.ca\/fr\/wp-json\/wp\/v2\/users\/2"}],"replies":[{"embeddable":true,"href":"https:\/\/cpa.ca\/fr\/wp-json\/wp\/v2\/comments?post=1982"}],"version-history":[{"count":6,"href":"https:\/\/cpa.ca\/fr\/wp-json\/wp\/v2\/pages\/1982\/revisions"}],"predecessor-version":[{"id":39703,"href":"https:\/\/cpa.ca\/fr\/wp-json\/wp\/v2\/pages\/1982\/revisions\/39703"}],"up":[{"embeddable":true,"href":"https:\/\/cpa.ca\/fr\/wp-json\/wp\/v2\/pages\/1555"}],"wp:attachment":[{"href":"https:\/\/cpa.ca\/fr\/wp-json\/wp\/v2\/media?parent=1982"}],"curies":[{"name":"wp","href":"https:\/\/api.w.org\/{rel}","templated":true}]}}