{"id":2014,"date":"2018-08-15T22:51:55","date_gmt":"2018-08-16T02:51:55","guid":{"rendered":"https:\/\/cpa.ca\/etudiants\/resources\/canadianuniversities\/"},"modified":"2024-07-04T13:18:15","modified_gmt":"2024-07-04T17:18:15","slug":"universitescanadiennes","status":"publish","type":"page","link":"https:\/\/cpa.ca\/fr\/etudiants\/resources\/universitescanadiennes\/","title":{"rendered":"Universit\u00e9s Canadiennes"},"content":{"rendered":"<h4>Colombie britannique<\/h4>\n<ul>\n<li><a href=\"http:\/\/www.ubc.ca\/\" target=\"_blank\" rel=\"noopener noreferrer\">University of British Columbia<\/a> \/ <a href=\"http:\/\/www.psych.ubc.ca\/\" target=\"_blank\" rel=\"noopener noreferrer\">Department of Psychology<\/a> \/ <a href=\"http:\/\/www.ecps.educ.ubc.ca\/cnps\/\" target=\"_blank\" rel=\"noopener noreferrer\">Counselling Psychology<\/a> \/ <a href=\"http:\/\/ecps.educ.ubc.ca\/\" target=\"_blank\" rel=\"noopener noreferrer\">Educational Psychology<\/a><\/li>\n<li><a href=\"http:\/\/www.ubc.ca\/okanagan\/welcome.html\" target=\"_blank\" rel=\"noopener noreferrer\">University of British Columbia Okanagan<\/a> \/ <a href=\"http:\/\/www.ubc.ca\/okanagan\/psyo\/welcome.html\" target=\"_blank\" rel=\"noopener noreferrer\">Department of Psychology<\/a><\/li>\n<li><a href=\"http:\/\/www.unbc.ca\/\" target=\"_blank\" rel=\"noopener noreferrer\">University of Northern British Columbia<\/a> \/ <a href=\"http:\/\/www.unbc.ca\/psychology\/\" target=\"_blank\" rel=\"noopener noreferrer\">Psychology Department<\/a><\/li>\n<li><a href=\"http:\/\/www.sfu.ca\/\" target=\"_blank\" rel=\"noopener noreferrer\">Simon Fraser University<\/a> \/ <a href=\"https:\/\/www.sfu.ca\/psychology.html\" target=\"_blank\" rel=\"noopener noreferrer\">Psychology Department<\/a><\/li>\n<li><a href=\"http:\/\/www.twu.ca\/\" target=\"_blank\" rel=\"noopener noreferrer\">Trinity Western University<\/a> \/ <a href=\"http:\/\/www.twu.ca\/cpsy\/\" target=\"_blank\" rel=\"noopener noreferrer\">Counselling Psychology<\/a><\/li>\n<li><a href=\"http:\/\/www.uvic.ca\/\" target=\"_blank\" rel=\"noopener noreferrer\">University of Victoria<\/a> \/ <a href=\"http:\/\/web.uvic.ca\/psyc\/\" target=\"_blank\" rel=\"noopener noreferrer\">Psychology Department<\/a> \/ <a href=\"https:\/\/www.uvic.ca\/education\/psychology\/index.php\" target=\"_blank\" rel=\"noopener noreferrer\">Educational Psychology<\/a><\/li>\n<\/ul>\n<hr \/>\n<h4>Alberta<\/h4>\n<ul>\n<li><a href=\"http:\/\/www.ualberta.ca\/\" target=\"_blank\" rel=\"noopener noreferrer\">University of Alberta<\/a> \/ <a href=\"https:\/\/www.ualberta.ca\/psychology\/index.html\" target=\"_blank\" rel=\"noopener noreferrer\">Psychology Department<\/a> \/ <a href=\"https:\/\/www.ualberta.ca\/educational-psychology\/index.html\" target=\"_blank\" rel=\"noopener noreferrer\">Educational Psychology<\/a><\/li>\n<li><a href=\"http:\/\/www.ucalgary.ca\/\" target=\"_blank\" rel=\"noopener noreferrer\">University of Calgary<\/a> \/ <a href=\"https:\/\/psyc.ucalgary.ca\/\" target=\"_blank\" rel=\"noopener noreferrer\">Psychology Department<\/a>\u00a0<!--\/ <a target=\"_blank\" href=\"http:\/\/ksi.cpsc.ucalgary.ca\/KSI\" rel=\"noopener noreferrer\">Knowledge Science&nbsp;Institute<\/a>--><\/li>\n<li><a href=\"http:\/\/www.uleth.ca\/\" target=\"_blank\" rel=\"noopener noreferrer\">University of Lethbridge<\/a><\/li>\n<li><a href=\"http:\/\/www.athabascau.ca\/\" target=\"_blank\" rel=\"noopener noreferrer\">Athabasca University<\/a> \/ <a href=\"http:\/\/calendar.athabascau.ca\/undergrad\/current\/psychology.php\" target=\"_blank\" rel=\"noopener noreferrer\">Psychology Department<\/a><\/li>\n<li><a href=\"http:\/\/www.macewan.ca\/\" target=\"_blank\" rel=\"noopener noreferrer\">Grant MacEwan University<\/a> \/ <a href=\"http:\/\/www.macewan.ca\/wcm\/SchoolsFaculties\/ArtsScience\/Programs\/BachelorofArts\/Disciplines\/Psychology\/index.htm\" target=\"_blank\" rel=\"noopener noreferrer\">Psychology Department<\/a><\/li>\n<li><a href=\"http:\/\/www.mtroyal.ca\/\" target=\"_blank\" rel=\"noopener noreferrer\">Mount Royal University<\/a> \/ <a href=\"http:\/\/www.mtroyal.ca\/ProgramsCourses\/FacultiesSchoolsCentres\/Arts\/Programs\/BachelorofArts\/psychology.htm\" target=\"_blank\" rel=\"noopener noreferrer\">Psychology Department<\/a><\/li>\n<\/ul>\n<hr \/>\n<h4>Saskatchewan<\/h4>\n<ul>\n<li><a href=\"http:\/\/www.uregina.ca\/\" target=\"_blank\" rel=\"noopener noreferrer\">University of Regina<\/a> \/ <a href=\"http:\/\/www.uregina.ca\/arts\/psychology\/\" target=\"_blank\" rel=\"noopener noreferrer\">Department of Psychology<\/a><\/li>\n<li><a href=\"https:\/\/www.usask.ca\/\" target=\"_blank\" rel=\"noopener noreferrer\">University of Saskatchewan<\/a> \/ <a href=\"http:\/\/artsandscience.usask.ca\/psychology\/\" target=\"_blank\" rel=\"noopener noreferrer\">Department of Psychology<\/a><\/li>\n<\/ul>\n<hr \/>\n<h4>Manitoba<\/h4>\n<ul>\n<li><a href=\"http:\/\/www.umanitoba.ca\/\" target=\"_blank\" rel=\"noopener noreferrer\">University of Manitoba<\/a>\/ <a href=\"http:\/\/www.umanitoba.ca\/faculties\/arts\/psychology\" target=\"_blank\" rel=\"noopener noreferrer\">Psychology Department<\/a><\/li>\n<li><a href=\"http:\/\/www.uwinnipeg.ca\/\" target=\"_blank\" rel=\"noopener noreferrer\">University of Winnipeg<\/a> \/ <a href=\"http:\/\/www.uwinnipeg.ca\/index\/psychology-index\" target=\"_blank\" rel=\"noopener noreferrer\">Psychology Department<\/a><\/li>\n<li><a href=\"http:\/\/www.brandonu.ca\/\" target=\"_blank\" rel=\"noopener noreferrer\">Brandon University<\/a> \/ <a href=\"https:\/\/www.brandonu.ca\/psychology\/\" target=\"_blank\" rel=\"noopener noreferrer\">Psychology Department<\/a><\/li>\n<\/ul>\n<hr \/>\n<h4>Ontario<\/h4>\n<ul>\n<li><a href=\"http:\/\/www.brocku.ca\/\" target=\"_blank\" rel=\"noopener noreferrer\">Brock University<\/a> \/ <a href=\"http:\/\/www.psyc.brocku.ca\/\" target=\"_blank\" rel=\"noopener noreferrer\">Department of Psychology<\/a><\/li>\n<li><a href=\"http:\/\/www.carleton.ca\/\" target=\"_blank\" rel=\"noopener noreferrer\">Carleton University<\/a> \/ <a href=\"https:\/\/carleton.ca\/psychology\/\" target=\"_blank\" rel=\"noopener noreferrer\">Psychology Department<\/a><\/li>\n<li><a href=\"http:\/\/www.uoguelph.ca\/\" target=\"_blank\" rel=\"noopener noreferrer\">University of Guelph<\/a> \/ <a href=\"https:\/\/www.uoguelph.ca\/psychology\/\" target=\"_blank\" rel=\"noopener noreferrer\">Psychology Department<\/a><\/li>\n<li><a href=\"http:\/\/www.lakeheadu.ca\/\" target=\"_blank\" rel=\"noopener noreferrer\">Lakehead University<\/a> \/ <a href=\"http:\/\/www.lakeheadu.ca\/~psychwww\" target=\"_blank\" rel=\"noopener noreferrer\">Psychology Department<\/a><\/li>\n<li><a href=\"http:\/\/www.laurentian.ca\/\" target=\"_blank\" rel=\"noopener noreferrer\">Laurentian University<\/a><\/li>\n<li><a href=\"http:\/\/www.mcmaster.ca\/\" target=\"_blank\" rel=\"noopener noreferrer\">McMaster University<\/a> \/ <a href=\"http:\/\/www.science.mcmaster.ca\/psychology\/\" target=\"_blank\" rel=\"noopener noreferrer\">Psychology Department<\/a><\/li>\n<li><a href=\"http:\/\/www.nipissingu.ca\/\" target=\"_blank\" rel=\"noopener noreferrer\">Nipissing University<\/a> \/ <a href=\"http:\/\/www.nipissingu.ca\/psychology\/\" target=\"_blank\" rel=\"noopener noreferrer\">Psychology Department<\/a><\/li>\n<li><a href=\"http:\/\/www.oise.utoronto.ca\/\" target=\"_blank\" rel=\"noopener noreferrer\">Ontario Institute for Studies in Education<\/a><\/li>\n<li><a href=\"http:\/\/www.uoit.ca\">University of Ontario Institute of Technology<\/a> \/ <a href=\"https:\/\/ontariotechu.ca\/programs\/undergraduate\/social-science-and-humanities\/forensic-psychology\/\">Psychology Department<\/a><\/li>\n<li><a href=\"http:\/\/www.uottawa.ca\/\" target=\"_blank\" rel=\"noopener noreferrer\">University of Ottawa\u00a0<\/a>\/ <a href=\"http:\/\/www.socialsciences.uottawa.ca\/psy\/\" target=\"_blank\" rel=\"noopener noreferrer\">School of Psychology<\/a><\/li>\n<li><a href=\"http:\/\/www.queensu.ca\/\" target=\"_blank\" rel=\"noopener noreferrer\">Queen&#8217;s University<\/a> \/ <a href=\"http:\/\/www.queensu.ca\/psychology\/index.html;jsessionid=AD9AD445BAAB96A566B478342A58DF39\" target=\"_blank\" rel=\"noopener noreferrer\">Psychology Department<\/a><\/li>\n<li><a href=\"https:\/\/www.rmc-cmr.ca\/fr\/\" target=\"_blank\" rel=\"noopener noreferrer\">Coll\u00e8ge militaire royal du Canada<\/a> \/ <a href=\"https:\/\/www.rmc-cmr.ca\/fr\/bureau-secretaire-general\/programme-premier-cycle-psychologie\" target=\"_blank\" rel=\"noopener noreferrer\">Programme de premier cycle en psychologie<\/a><\/li>\n<li><a href=\"http:\/\/www.ryerson.ca\/home.html\" target=\"_blank\" rel=\"noopener noreferrer\">Ryerson University<\/a> \/ <a href=\"http:\/\/www.ryerson.ca\/psychology\/\" target=\"_blank\" rel=\"noopener noreferrer\">Psychology Department<\/a><\/li>\n<li><a href=\"http:\/\/www.utoronto.ca\/\" target=\"_blank\" rel=\"noopener noreferrer\">University of Toronto<\/a> \/ <a href=\"http:\/\/www.psych.utoronto.ca\/\" target=\"_blank\" rel=\"noopener noreferrer\">Psychology Department<\/a><\/li>\n<li><a href=\"https:\/\/www.utsc.utoronto.ca\/home\/\" target=\"_blank\" rel=\"noopener noreferrer\">University of Toronto Scarborough<\/a> \/ <a href=\"https:\/\/www.utsc.utoronto.ca\/psych\/clinical-psychology\" target=\"_blank\" rel=\"noopener noreferrer\">Graduate Department of Psychological Clinical Science<\/a><\/li>\n<li><a href=\"http:\/\/www.trentu.ca\/\" target=\"_blank\" rel=\"noopener noreferrer\">Trent University<\/a> \/ <a href=\"http:\/\/www.trentu.ca\/psychology\/\" target=\"_blank\" rel=\"noopener noreferrer\">Department of Psychology<\/a><\/li>\n<li><a href=\"http:\/\/www.uwaterloo.ca\/\" target=\"_blank\" rel=\"noopener noreferrer\">University of Waterloo<\/a> \/ <a href=\"http:\/\/www.psychology.uwaterloo.ca\/\" target=\"_blank\" rel=\"noopener noreferrer\">Psychology Department<\/a><\/li>\n<li><a href=\"http:\/\/www.uwo.ca\/\" target=\"_blank\" rel=\"noopener noreferrer\">University of Western Ontario<\/a> \/ <a href=\"http:\/\/ssc.uwo.ca\/psychology\/\" target=\"_blank\" rel=\"noopener noreferrer\">Psychology Department<\/a><\/li>\n<li><a href=\"http:\/\/www.wlu.ca\/\" target=\"_blank\" rel=\"noopener noreferrer\">Wilfrid Laurier University<\/a> \/ <a href=\"http:\/\/www.wlu.ca\/homepage.php?grp_id=44\" target=\"_blank\" rel=\"noopener noreferrer\">Department of Psychology<\/a><\/li>\n<li><a href=\"http:\/\/www.uwindsor.ca\/\" target=\"_blank\" rel=\"noopener noreferrer\">University of Windsor<\/a> \/ <a href=\"http:\/\/athena.uwindsor.ca\/units\/psychology\/psycNew.nsf\" target=\"_blank\" rel=\"noopener noreferrer\">Psychology Department<\/a><\/li>\n<li><a href=\"http:\/\/www.yorku.ca\/\" target=\"_blank\" rel=\"noopener noreferrer\">York University<\/a> \/ <a href=\"http:\/\/www.yorku.ca\/health\/psyc\/\" target=\"_blank\" rel=\"noopener noreferrer\">Psychology Department<\/a><\/li>\n<\/ul>\n<hr \/>\n<h4>Qu\u00e9bec<\/h4>\n<ul>\n<li><a href=\"http:\/\/www.mcgill.ca\/\" target=\"_blank\" rel=\"noopener noreferrer\">McGill University<\/a> \/ <a href=\"http:\/\/www.psych.mcgill.ca\/\" target=\"_blank\" rel=\"noopener noreferrer\">Psychology Department<\/a><\/li>\n<li><a href=\"http:\/\/www.umontreal.ca\/\" target=\"_blank\" rel=\"noopener noreferrer\">Universit\u00e9 de Montr\u00e9al<\/a> \/ <a href=\"http:\/\/psy.umontreal.ca\/accueil\/\" target=\"_blank\" rel=\"noopener noreferrer\">D\u00e9partement de psychologie<\/a><\/li>\n<li><a href=\"http:\/\/www.ubishops.ca\/ccc\/div\/soc\/psy\" target=\"_blank\" rel=\"noopener noreferrer\">Bishop&#8217;s University<\/a><\/li>\n<li><a href=\"http:\/\/www.concordia.ca\/\" target=\"_blank\" rel=\"noopener noreferrer\">Concordia University<\/a> \/ <a href=\"https:\/\/www.concordia.ca\/artsci\/psychology.html\" target=\"_blank\" rel=\"noopener noreferrer\">Psychology Department<\/a><\/li>\n<li><a href=\"http:\/\/www.uquebec.ca\/\" target=\"_blank\" rel=\"noopener noreferrer\">Universite du Qu\u00e9bec, central \/<\/a><a href=\"http:\/\/www.ucs.inrs.ca\/\" target=\"_blank\" rel=\"noopener noreferrer\">Institut national de la recherche scientifique \/<\/a><a href=\"http:\/\/www.teluq.uquebec.ca\/\" target=\"_blank\" rel=\"noopener noreferrer\">T\u00e9l\u00e9-Universit\u00e9 \/<\/a><a href=\"http:\/\/www.uqat.ca\/\" target=\"_blank\" rel=\"noopener noreferrer\">Universit\u00e9 du Qu\u00e9bec en Abitibi-T\u00e9miscamingue \/<\/a><a href=\"http:\/\/www.uqac.ca\/\" target=\"_blank\" rel=\"noopener noreferrer\">Universit\u00e9 du Qu\u00e9bec \u00e0 Chicoutimi \/<\/a><a href=\"http:\/\/www.uqo.ca\/\" target=\"_blank\" rel=\"noopener noreferrer\">Universit\u00e9 du Qu\u00e9bec en Outaouais \/<\/a><a href=\"http:\/\/www.uqam.ca\/\" target=\"_blank\" rel=\"noopener noreferrer\">Universit\u00e9 du Qu\u00e9bec \u00e0 Montr\u00e9al \/<\/a><a href=\"https:\/\/www.uqar.ca\/\" target=\"_blank\" rel=\"noopener noreferrer\">Universit\u00e9 du Qu\u00e9bec \u00e0 Rimouski \/<\/a><a href=\"https:\/\/www.uqtr.ca\/\" target=\"_blank\" rel=\"noopener noreferrer\">Universit\u00e9 du Qu\u00e9bec \u00e0 Trois-Rivi\u00e8res \/<\/a><\/li>\n<li><a href=\"http:\/\/www.ulaval.ca\/index.html\" target=\"_blank\" rel=\"noopener noreferrer\">Universit\u00e9 Laval \/<\/a><a href=\"http:\/\/www.psy.ulaval.ca\/\" target=\"_blank\" rel=\"noopener noreferrer\">D\u00e9partement de psychologie<\/a><\/li>\n<li><a href=\"http:\/\/www.usherb.ca\/\" target=\"_blank\" rel=\"noopener noreferrer\">Universit\u00e9 de Sherbrooke \/<\/a><a href=\"http:\/\/www.usherbrooke.ca\/psychologie\/\" target=\"_blank\" rel=\"noopener noreferrer\">D\u00e9partement de psychologie<\/a><\/li>\n<\/ul>\n<hr \/>\n<h4>Nouveau-Brunswick<\/h4>\n<ul>\n<li><a href=\"http:\/\/www.umoncton.ca\/\" target=\"_blank\" rel=\"noopener noreferrer\">Universit\u00e9 de Moncton<\/a> \/ <a href=\"http:\/\/www.umoncton.ca\/umcm-fsssc-psychologie\/\" target=\"_blank\" rel=\"noopener noreferrer\">Psychology Department<\/a><\/li>\n<li><a href=\"http:\/\/www.mta.ca\/\" target=\"_blank\" rel=\"noopener noreferrer\">Mount Allison University<\/a> \/ <a href=\"http:\/\/www.mta.ca\/psychology\/\" target=\"_blank\" rel=\"noopener noreferrer\">Psychology Department<\/a><\/li>\n<li><a href=\"http:\/\/www.unb.ca\/\" target=\"_blank\" rel=\"noopener noreferrer\">University of New Brunswick &#8211; Fredericton<\/a> \/ <a href=\"http:\/\/www.unbf.ca\/psychology\/\" target=\"_blank\" rel=\"noopener noreferrer\">Psychology Department<\/a><\/li>\n<li><a href=\"http:\/\/www.unb.ca\/saintjohn\/arts\/depts\/psychology\/index.html\" target=\"_blank\" rel=\"noopener noreferrer\">University of New Brunswick, Saint John<\/a><\/li>\n<li><a href=\"https:\/\/www.stu.ca\/psychology\/\" target=\"_blank\" rel=\"noopener noreferrer\">Saint Thomas University<\/a> \/ <a href=\"https:\/\/www.stthomas.edu\/psychology\/\" target=\"_blank\" rel=\"noopener noreferrer\">Psychology Department<\/a><\/li>\n<\/ul>\n<hr \/>\n<h4>Terre-Neuve et Labrador<\/h4>\n<ul>\n<li><a href=\"http:\/\/www.mun.ca\/\" target=\"_blank\" rel=\"noopener noreferrer\">Memorial University of Newfoundland<\/a> \/ <a href=\"http:\/\/www.mun.ca\/psychology\/\" target=\"_blank\" rel=\"noopener noreferrer\">Psychology Department<\/a><\/li>\n<\/ul>\n<hr \/>\n<h4>Nouvelle-\u00c9cosse<\/h4>\n<ul>\n<li><a href=\"http:\/\/www.acadiau.ca\/\" target=\"_blank\" rel=\"noopener noreferrer\">Acadia University<\/a> \/ <a href=\"http:\/\/psychology.acadiau.ca\/\" target=\"_blank\" rel=\"noopener noreferrer\">Psychology Department<\/a><\/li>\n<li><a href=\"http:\/\/www.dal.ca\/\" target=\"_blank\" rel=\"noopener noreferrer\">Dalhousie University<\/a> \/ <a href=\"http:\/\/psychology.dal.ca\/index.html\" target=\"_blank\" rel=\"noopener noreferrer\">Psychology Department<\/a><\/li>\n<li><a href=\"http:\/\/www.msvu.ca\/\" target=\"_blank\" rel=\"noopener noreferrer\">Mount St. Vincent University<\/a> \/ <a href=\"http:\/\/www.msvu.ca\/psychology\/index.asp\" target=\"_blank\" rel=\"noopener noreferrer\">Psychology Department<\/a><\/li>\n<li><a href=\"http:\/\/www.stfx.ca\/\" target=\"_blank\" rel=\"noopener noreferrer\">St. Francis Xavier University<\/a> \/ <a href=\"http:\/\/www.stfx.ca\/academic\/psychology\" target=\"_blank\" rel=\"noopener noreferrer\">Psychology Department<\/a><\/li>\n<li><a href=\"http:\/\/www.stmarys.ca\/\" target=\"_blank\" rel=\"noopener noreferrer\">St. Mary&#8217;s University<\/a> \/ <a href=\"http:\/\/www.stmarys.ca\/academic\/science\/psych\" target=\"_blank\" rel=\"noopener noreferrer\">Psychology Department<\/a><\/li>\n<\/ul>\n<hr \/>\n<h4>L&#8217;\u00eele du Prince-\u00c9douard<\/h4>\n<ul>\n<li><a href=\"http:\/\/upei.ca\/\" target=\"_blank\" rel=\"noopener noreferrer\">University of Prince Edward Island<\/a> \/ <a href=\"https:\/\/www.upei.ca\/arts\/psychology\" target=\"_blank\" rel=\"noopener noreferrer\">Department of Psychology<\/a><\/li>\n<\/ul>\n","protected":false},"excerpt":{"rendered":"<p> <!--more--><\/p>\n","protected":false},"author":2,"featured_media":0,"parent":2005,"menu_order":0,"comment_status":"closed","ping_status":"closed","template":"","meta":{"_acf_changed":false,"_monsterinsights_skip_tracking":false,"_monsterinsights_sitenote_active":false,"_monsterinsights_sitenote_note":"","_monsterinsights_sitenote_category":0,"footnotes":""},"class_list":["post-2014","page","type-page","status-publish","hentry"],"acf":[],"aioseo_notices":[],"publishpress_future_workflow_manual_trigger":{"enabledWorkflows":[]},"_links":{"self":[{"href":"https:\/\/cpa.ca\/fr\/wp-json\/wp\/v2\/pages\/2014","targetHints":{"allow":["GET"]}}],"collection":[{"href":"https:\/\/cpa.ca\/fr\/wp-json\/wp\/v2\/pages"}],"about":[{"href":"https:\/\/cpa.ca\/fr\/wp-json\/wp\/v2\/types\/page"}],"author":[{"embeddable":true,"href":"https:\/\/cpa.ca\/fr\/wp-json\/wp\/v2\/users\/2"}],"replies":[{"embeddable":true,"href":"https:\/\/cpa.ca\/fr\/wp-json\/wp\/v2\/comments?post=2014"}],"version-history":[{"count":6,"href":"https:\/\/cpa.ca\/fr\/wp-json\/wp\/v2\/pages\/2014\/revisions"}],"predecessor-version":[{"id":38922,"href":"https:\/\/cpa.ca\/fr\/wp-json\/wp\/v2\/pages\/2014\/revisions\/38922"}],"up":[{"embeddable":true,"href":"https:\/\/cpa.ca\/fr\/wp-json\/wp\/v2\/pages\/2005"}],"wp:attachment":[{"href":"https:\/\/cpa.ca\/fr\/wp-json\/wp\/v2\/media?parent=2014"}],"curies":[{"name":"wp","href":"https:\/\/api.w.org\/{rel}","templated":true}]}}